{"id":431,"date":"2023-04-14T10:50:06","date_gmt":"2023-04-14T08:50:06","guid":{"rendered":"https:\/\/semmelweis.hu\/peto-development\/?page_id=431"},"modified":"2025-03-18T17:32:18","modified_gmt":"2025-03-18T16:32:18","slug":"gyermekeknek","status":"publish","type":"page","link":"https:\/\/semmelweis.hu\/peto-development\/hu\/szolgaltatasok\/gyermekeknek\/","title":{"rendered":"Gyermekeknek"},"content":{"rendered":"<h1>Gyermekeknek<\/h1>\n<div class=\"keretes w-100\">\n<h6>Eg\u00e9sz \u00e9vben el\u00e9rhet\u0151ek komplex kondukt\u00edv pedag\u00f3giai programjaink az elt\u00e9r\u0151 fejl\u0151d\u00e9smenet\u0171 illetve, k\u00f6zponti idegrendszeri s\u00e9r\u00fcl\u00e9ssel \u00e9l\u0151 gyermekek sz\u00e1m\u00e1ra.<\/h6>\n<\/div>\n<h4><span style=\"font-size: 18pt\"><strong>Kiknek aj\u00e1nljuk?<\/strong><\/span><\/h4>\n<ul style=\"list-style-type: square\">\n<li>megk\u00e9sett mozg\u00e1sfejl\u0151d\u00e9s\u0171,<\/li>\n<li>feszes vagy hypoton izomt\u00f3nus\u00fa,<\/li>\n<li>aszimmetrikus testtart\u00e1s\u00fa,<\/li>\n<li>diagnosztiz\u00e1lt mozg\u00e1ss\u00e9r\u00fcl\u00e9ssel \u00e9l\u0151 (hemipl\u00e9gia, dipl\u00e9gia, tetrapl\u00e9gia, athetosis, ataxia\u2026stb.) gyermekek sz\u00e1m\u00e1ra.<\/li>\n<\/ul>\n<h4><strong>Csoportos Programok<\/strong><\/h4>\n<table class=\"bottom-border\" style=\"border-collapse: collapse;width: 100%\">\n<tbody>\n<tr>\n<td style=\"width: 60%\">Intenz\u00edv komplex kondukt\u00edv fejleszt\u00e9s\u00a0<\/td>\n<td style=\"width: 40%\">1 &#8211; 3 h\u00e9t<\/td>\n<\/tr>\n<tr>\n<td>Csoportos kondukt\u00edv fejleszt\u00e9s\u00a0<\/td>\n<td>1 \u00f3ra<\/td>\n<\/tr>\n<\/tbody>\n<\/table>\n<p><a href=\"https:\/\/semmelweis.hu\/peto-development\/hu\/szolgaltatasok\/gyermekeknek\/csoportos-fejlesztes\/\" target=\"null\" rel=\"noopener\">B\u0151vebben a csoportos fejleszt\u00e9sr\u0151l \u2192<\/a><\/p>\n<p><a href=\"https:\/\/semmelweis.hu\/peto-development\/hu\/szolgaltatasok\/gyermekeknek\/intenziv-hetek\/\" target=\"null\" rel=\"noopener\">B\u0151vebben az intenz\u00edv fejleszt\u00e9sr\u0151l \u2192<\/a><\/p>\n<h4><span style=\"font-size: 18pt\"><strong>Egy\u00e9ni programok<\/strong><\/span><\/h4>\n<table class=\"bottom-border\" style=\"border-collapse: collapse;width: 100%\">\n<tbody>\n<tr>\n<td style=\"width: 60%\">Tan\u00e1csad\u00e1s\u00a0<\/td>\n<td style=\"width: 40%\">1 \u00f3ra<\/td>\n<\/tr>\n<tr>\n<td>Egy\u00e9ni kondukt\u00edv fejleszt\u00e9s\u00a0<\/td>\n<td>1 \u00f3ra<\/td>\n<\/tr>\n<\/tbody>\n<\/table>\n<p><a href=\"https:\/\/semmelweis.hu\/peto-development\/hu\/szolgaltatasok\/gyermekeknek\/egyeni-fejlesztes\/\" target=\"null\" rel=\"noopener\">B\u0151vebben az egy\u00e9ni fejleszt\u00e9sr\u0151l \u2192<\/a><\/p>\n<h6 style=\"text-align: center\">A programokra jelentkezni a <a href=\"mailto:pak.ce@semmelweis.hu\">pak.ce@semmelweis.hu<\/a> email c\u00edmen vagy az online \u0171rlapon kereszt\u00fcl lehet:<\/h6>\n<p style=\"text-align: center\">\u00a0<a class=\"btn btn-secondary\" href=\"https:\/\/semmelweis.hu\/peto-development\/jelentkezes\/jelentkezesi-lap-gyermek\/\" target=\"null\" rel=\"noopener\">Jelentkezem<\/a><span style=\"font-size: 1rem\">\u00a0<\/span><\/p>\n\r\n        [slb_exclude]\r\n        <div class=\"row galeria-wrapper mx-0 h-auto\">\r\n            <div class=\"col-9 pl-0 pr-2\">\r\n            <span class=\"gallery-item frame\">\r\n\t\t\t\t<div class=\"galeria-left-img\"><a href=\"https:\/\/semmelweis.hu\/peto-development\/files\/2023\/05\/IMG_9603-scaled.jpg\"><img src=https:\/\/semmelweis.hu\/peto-development\/files\/2023\/05\/IMG_9603-scaled.jpg  \r\n                            alt=\"\" \r\n                            class=\"attachment-sote-gallery-big size-sote-gallery-big\" \r\n                            srcset=\"https:\/\/semmelweis.hu\/peto-development\/files\/2023\/05\/IMG_9603-300x400.jpg 300w, https:\/\/semmelweis.hu\/peto-development\/files\/2023\/05\/IMG_9603-768x1024.jpg 768w, https:\/\/semmelweis.hu\/peto-development\/files\/2023\/05\/IMG_9603-1152x1536.jpg 1152w, https:\/\/semmelweis.hu\/peto-development\/files\/2023\/05\/IMG_9603-1536x2048.jpg 1536w, https:\/\/semmelweis.hu\/peto-development\/files\/2023\/05\/IMG_9603-753x1004.jpg 753w, https:\/\/semmelweis.hu\/peto-development\/files\/2023\/05\/IMG_9603-scaled.jpg 1920w\" ><\/a><\/div>\r\n            <\/span>\r\n\r\n            <\/div>\r\n\r\n\t\t\t<div class=\"col-3 pl-0 pr-0\">\r\n\t\t\t\t<div class=\"galeria-right-img d-flex justify-content-between flex-column h-100 w-100 px-0 mx-0 \">\r\n                <div class=\"galeria-box\">\r\n\t\t\t\t\t<h3 class=\"galeria-title\">Gallery<\/h3>\r\n\t\t\t\t\t<div class=\"galeria-subtitle\">\r\n\r\n\t\t\t\t\t\t<div class=\"galeria-page-counter\"><span>6<\/span>images<\/div>\r\n                    <\/div> <\/div>\r\n                    <span class=\"gallery-item frame d-none d-md-flex\">\r\n\t\t\t\t\t<div class=\"galeria-small-img mt-0\"><a href=\"https:\/\/semmelweis.hu\/peto-development\/files\/2023\/05\/IMG_9581-scaled.jpg\"><img src=https:\/\/semmelweis.hu\/peto-development\/files\/2023\/05\/IMG_9581-scaled.jpg \r\n                                alt=\"\"  \r\n                                class=\"attachment-sote-gallery-small size-sote-gallery-small\" \r\n                                srcset=\"https:\/\/semmelweis.hu\/peto-development\/files\/2023\/05\/IMG_9581-300x400.jpg 300w, https:\/\/semmelweis.hu\/peto-development\/files\/2023\/05\/IMG_9581-768x1024.jpg 768w, https:\/\/semmelweis.hu\/peto-development\/files\/2023\/05\/IMG_9581-1152x1536.jpg 1152w, https:\/\/semmelweis.hu\/peto-development\/files\/2023\/05\/IMG_9581-1536x2048.jpg 1536w, https:\/\/semmelweis.hu\/peto-development\/files\/2023\/05\/IMG_9581-753x1004.jpg 753w, https:\/\/semmelweis.hu\/peto-development\/files\/2023\/05\/IMG_9581-scaled.jpg 1920w\" ><\/a><\/div>\r\n                    <\/span>\r\n                    <span class=\"gallery-item frame d-none d-md-flex\">\r\n\t\t\t\t\t<div class=\"galeria-small-img mt-0\"><a href=\"https:\/\/semmelweis.hu\/peto-development\/files\/2023\/05\/IMG_9544-scaled.jpg\"><img src=https:\/\/semmelweis.hu\/peto-development\/files\/2023\/05\/IMG_9544-scaled.jpg \r\n                                alt=\"\" \r\n                                class=\"attachment-sote-gallery-small size-sote-gallery-small\" \r\n                                srcset=\"https:\/\/semmelweis.hu\/peto-development\/files\/2023\/05\/IMG_9544-300x400.jpg 300w, https:\/\/semmelweis.hu\/peto-development\/files\/2023\/05\/IMG_9544-768x1024.jpg 768w, https:\/\/semmelweis.hu\/peto-development\/files\/2023\/05\/IMG_9544-1152x1536.jpg 1152w, https:\/\/semmelweis.hu\/peto-development\/files\/2023\/05\/IMG_9544-1536x2048.jpg 1536w, https:\/\/semmelweis.hu\/peto-development\/files\/2023\/05\/IMG_9544-753x1004.jpg 753w, https:\/\/semmelweis.hu\/peto-development\/files\/2023\/05\/IMG_9544-scaled.jpg 1920w\" ><\/a><\/div>\r\n                    <\/span>\r\n\r\n                <\/div>\r\n\r\n            <\/div>\r\n\r\n            <span class=\"gallery-item\"><div class=\"hidden\"><a href=\"https:\/\/semmelweis.hu\/peto-development\/files\/2023\/05\/IMG_9599-scaled.jpg\">\r\n        <img src=https:\/\/semmelweis.hu\/peto-development\/files\/2023\/05\/IMG_9599-scaled.jpg alt=\"\" class=\"attachment-sote-gallery-big size-sote-gallery-big\" srcset=\"https:\/\/semmelweis.hu\/peto-development\/files\/2023\/05\/IMG_9599-300x400.jpg 300w, https:\/\/semmelweis.hu\/peto-development\/files\/2023\/05\/IMG_9599-768x1024.jpg 768w, https:\/\/semmelweis.hu\/peto-development\/files\/2023\/05\/IMG_9599-1152x1536.jpg 1152w, https:\/\/semmelweis.hu\/peto-development\/files\/2023\/05\/IMG_9599-1536x2048.jpg 1536w, https:\/\/semmelweis.hu\/peto-development\/files\/2023\/05\/IMG_9599-753x1004.jpg 753w, https:\/\/semmelweis.hu\/peto-development\/files\/2023\/05\/IMG_9599-scaled.jpg 1920w\" >\r\n        <\/a><\/div><\/span><span class=\"gallery-item\"><div class=\"hidden\"><a href=\"https:\/\/semmelweis.hu\/peto-development\/files\/2023\/05\/IMG_9620-scaled.jpg\">\r\n        <img src=https:\/\/semmelweis.hu\/peto-development\/files\/2023\/05\/IMG_9620-scaled.jpg alt=\"\" class=\"attachment-sote-gallery-big size-sote-gallery-big\" srcset=\"https:\/\/semmelweis.hu\/peto-development\/files\/2023\/05\/IMG_9620-300x400.jpg 300w, https:\/\/semmelweis.hu\/peto-development\/files\/2023\/05\/IMG_9620-768x1024.jpg 768w, https:\/\/semmelweis.hu\/peto-development\/files\/2023\/05\/IMG_9620-1152x1536.jpg 1152w, https:\/\/semmelweis.hu\/peto-development\/files\/2023\/05\/IMG_9620-1536x2048.jpg 1536w, https:\/\/semmelweis.hu\/peto-development\/files\/2023\/05\/IMG_9620-753x1004.jpg 753w, https:\/\/semmelweis.hu\/peto-development\/files\/2023\/05\/IMG_9620-scaled.jpg 1920w\" >\r\n        <\/a><\/div><\/span><span class=\"gallery-item\"><div class=\"hidden\"><a href=\"https:\/\/semmelweis.hu\/peto-development\/files\/2023\/05\/IMG_9523-scaled.jpg\">\r\n        <img src=https:\/\/semmelweis.hu\/peto-development\/files\/2023\/05\/IMG_9523-scaled.jpg alt=\"\" class=\"attachment-sote-gallery-big size-sote-gallery-big\" srcset=\"https:\/\/semmelweis.hu\/peto-development\/files\/2023\/05\/IMG_9523-300x400.jpg 300w, https:\/\/semmelweis.hu\/peto-development\/files\/2023\/05\/IMG_9523-768x1024.jpg 768w, https:\/\/semmelweis.hu\/peto-development\/files\/2023\/05\/IMG_9523-1152x1536.jpg 1152w, https:\/\/semmelweis.hu\/peto-development\/files\/2023\/05\/IMG_9523-1536x2048.jpg 1536w, https:\/\/semmelweis.hu\/peto-development\/files\/2023\/05\/IMG_9523-753x1004.jpg 753w, https:\/\/semmelweis.hu\/peto-development\/files\/2023\/05\/IMG_9523-scaled.jpg 1920w\" >\r\n        <\/a><\/div><\/span>\r\n            <\/div>\r\n\r\n            [\/slb_exclude]\r\n\t\n","protected":false},"excerpt":{"rendered":"<p>Gyermekeknek Eg\u00e9sz \u00e9vben el\u00e9rhet\u0151ek komplex kondukt\u00edv pedag\u00f3giai programjaink az elt\u00e9r\u0151 fejl\u0151d\u00e9smenet\u0171 illetve, k\u00f6zponti idegrendszeri s\u00e9r\u00fcl\u00e9ssel \u00e9l\u0151 gyermekek sz\u00e1m\u00e1ra. Kiknek aj\u00e1nljuk? megk\u00e9sett mozg\u00e1sfejl\u0151d\u00e9s\u0171, feszes vagy hypoton izomt\u00f3nus\u00fa, aszimmetrikus testtart\u00e1s\u00fa, diagnosztiz\u00e1lt mozg\u00e1ss\u00e9r\u00fcl\u00e9ssel \u00e9l\u0151 (hemipl\u00e9gia, dipl\u00e9gia, tetrapl\u00e9gia, athetosis, ataxia\u2026stb.) gyermekek sz\u00e1m\u00e1ra. Csoportos Programok Intenz\u00edv komplex kondukt\u00edv fejleszt\u00e9s\u00a0 1 &#8211; 3 h\u00e9t Csoportos kondukt\u00edv fejleszt\u00e9s\u00a0 1 \u00f3ra <a href=\"https:\/\/semmelweis.hu\/peto-development\/hu\/szolgaltatasok\/gyermekeknek\/csoportos-fejlesztes\/\" target=\"null\" rel=\"noopener\">B\u0151vebben a csoportos fejleszt\u00e9sr\u0151l \u2192<\/a> <a href=\"https:\/\/semmelweis.hu\/peto-development\/hu\/szolgaltatasok\/gyermekeknek\/intenziv-hetek\/\" target=\"null\" rel=\"noopener\">B\u0151vebben az intenz\u00edv fejleszt\u00e9sr\u0151l \u2192<\/a> Egy\u00e9ni programok &hellip;<\/p>\n","protected":false},"author":102184,"featured_media":0,"parent":80,"menu_order":2,"comment_status":"closed","ping_status":"closed","template":"","meta":{"_acf_changed":false,"footnotes":""},"categories":[],"tags":[],"class_list":["post-431","page","type-page","status-publish","hentry"],"acf":[],"_links":{"self":[{"href":"https:\/\/semmelweis.hu\/peto-development\/wp-json\/wp\/v2\/pages\/431","targetHints":{"allow":["GET"]}}],"collection":[{"href":"https:\/\/semmelweis.hu\/peto-development\/wp-json\/wp\/v2\/pages"}],"about":[{"href":"https:\/\/semmelweis.hu\/peto-development\/wp-json\/wp\/v2\/types\/page"}],"author":[{"embeddable":true,"href":"https:\/\/semmelweis.hu\/peto-development\/wp-json\/wp\/v2\/users\/102184"}],"replies":[{"embeddable":true,"href":"https:\/\/semmelweis.hu\/peto-development\/wp-json\/wp\/v2\/comments?post=431"}],"version-history":[{"count":11,"href":"https:\/\/semmelweis.hu\/peto-development\/wp-json\/wp\/v2\/pages\/431\/revisions"}],"predecessor-version":[{"id":2270,"href":"https:\/\/semmelweis.hu\/peto-development\/wp-json\/wp\/v2\/pages\/431\/revisions\/2270"}],"up":[{"embeddable":true,"href":"https:\/\/semmelweis.hu\/peto-development\/wp-json\/wp\/v2\/pages\/80"}],"wp:attachment":[{"href":"https:\/\/semmelweis.hu\/peto-development\/wp-json\/wp\/v2\/media?parent=431"}],"wp:term":[{"taxonomy":"category","embeddable":true,"href":"https:\/\/semmelweis.hu\/peto-development\/wp-json\/wp\/v2\/categories?post=431"},{"taxonomy":"post_tag","embeddable":true,"href":"https:\/\/semmelweis.hu\/peto-development\/wp-json\/wp\/v2\/tags?post=431"}],"curies":[{"name":"wp","href":"https:\/\/api.w.org\/{rel}","templated":true}]}}