{"id":331,"date":"2023-04-03T11:34:44","date_gmt":"2023-04-03T09:34:44","guid":{"rendered":"https:\/\/semmelweis.hu\/peto-development\/?page_id=331"},"modified":"2023-09-12T10:00:09","modified_gmt":"2023-09-12T08:00:09","slug":"kond-ped-alapjai-ws","status":"publish","type":"page","link":"https:\/\/semmelweis.hu\/peto-development\/hu\/workshop-hu\/kond-ped-alapjai-ws\/","title":{"rendered":"A kondukt\u00edv pedag\u00f3gia alapjai-workshop"},"content":{"rendered":"<h1>A kondukt\u00edv pedag\u00f3gia alapjai-workshop<\/h1>\n<p><span style=\"font-weight: 400;font-size: 14pt\">A kondukt\u00edv nevel\u00e9s alapjai-workshop bemutatja a <strong>kondukt\u00edv nevel\u00e9s t\u00f6rt\u00e9net\u00e9t, rendszer\u00e9t \u00e9s alapelveit<\/strong>. A r\u00e9sztvev\u0151k a v\u00e1lasztott korcsoport programjait n\u00e9zhetik meg \u00e9s az ott l\u00e1tottakat elemezve szereznek \u00e1tfog\u00f3 tud\u00e1st a kondukt\u00edv nevel\u00e9sr\u0151l. Mag\u00e1ba foglalja a szakszolg\u00e1lat, \u00f3voda, iskola, szakiskola \u00e9s feln\u0151tt ambulancia megl\u00e1togat\u00e1s\u00e1t.<\/span><\/p>\n<p><strong>Id\u0151tartam: 20 \u00f3ra 5 nap alatt napi 4 \u00f3r\u00e1ban<\/strong><\/p>\n<div class=\"keretes w-100\">\n<p style=\"text-align: center\">B\u0151vebb inform\u00e1ci\u00f3 \u00e9s jelentkez\u00e9s: <strong><a href=\"mailto:pak.ce@semmelweis.hu\">pak.ce@semmelweis.hu<\/a><\/strong><\/p>\n<\/div>\n<h5>Speci\u00e1lis programok<\/h5>\n<p><span style=\"font-size: 14pt\"><span style=\"font-weight: 400\">Specifikusan csak a v\u00e1lasztott int\u00e9zm\u00e9nyegys\u00e9g l\u00e1togat\u00e1sa:<\/span><\/span><\/p>\n<ul>\n<li style=\"font-weight: 400\"><span style=\"font-weight: 400;font-size: 14pt\">Szakszolg\u00e1lat<\/span><\/li>\n<li style=\"font-weight: 400\"><span style=\"font-weight: 400;font-size: 14pt\">\u00d3voda<\/span><\/li>\n<li style=\"font-weight: 400\"><span style=\"font-weight: 400;font-size: 14pt\">Iskola<\/span><\/li>\n<li style=\"font-weight: 400\"><span style=\"font-weight: 400;font-size: 14pt\">Szakiskola<\/span><\/li>\n<li style=\"font-weight: 400\"><span style=\"font-weight: 400;font-size: 14pt\">Feln\u0151tt ambulancia<\/span><\/li>\n<li style=\"font-weight: 400\"><span style=\"font-weight: 400;font-size: 14pt\">\u00c9letvitel programok (iskola, szakiskola, nemzetk\u00f6zi ter\u00fclet)<\/span><\/li>\n<li style=\"font-weight: 400\"><span style=\"font-weight: 400;font-size: 14pt\">Ny\u00e1ri t\u00e1bor ideje alatt tematikus workshop pl. m\u0171v\u00e9szetter\u00e1pia, sport<\/span><\/li>\n<\/ul>\n<h4><strong>Program:<\/strong><\/h4>\n<p><strong><span style=\"font-size: 14pt\">H\u00e9tf\u0151\u00a0<br \/>\n<\/span><\/strong><span style=\"font-weight: 400;font-size: 14pt\">\u00a08:30-9:30\u00a0 \u00a0 \u00a0 \u00a0 \u00a0 \u00a0 \u00c9rkez\u00e9s a h\u00e9t programj\u00e1nak ismertet\u00e9se, ismerked\u00e9s<br \/>\n<\/span><span style=\"font-weight: 400;font-size: 14pt\">\u00a09:30-10:00\u00a0 \u00a0 \u00a0 \u00a0 \u00a0 Semmelweis egyetem bemutat\u00e1sa <br \/>\n<\/span><span style=\"font-weight: 400;font-size: 14pt\">10.00-10:30\u00a0 \u00a0 \u00a0 \u00a0 \u00a0Sz\u00fcnet\u00a0<br \/>\n<\/span><span style=\"font-weight: 400;font-size: 14pt\">10:30-12:00\u00a0 \u00a0 \u00a0 \u00a0 \u00a0Pet\u0151 Andr\u00e1s \u00e9let\u00e9nek \u00e9s az int\u00e9zet t\u00f6rt\u00e9net\u00e9nek bemutat\u00e1sa<br \/>\n<\/span><span style=\"font-weight: 400;font-size: 14pt\">12:00-13:00\u00a0 \u00a0 \u00a0 \u00a0 \u00a0A kondukt\u00edv nevel\u00e9s rendszer\u00e9nek bemutat\u00e1sa<\/span><\/p>\n<p><span style=\"font-weight: 400;font-size: 14pt\"><strong>Kedd<\/strong><br \/>\n<\/span><span style=\"font-weight: 400;font-size: 14pt\">\u00a08:30-9:30\u00a0 \u00a0 \u00a0 \u00a0 \u00a0 \u00a0 Az int\u00e9zet egys\u00e9geinek bemutat\u00e1sa<br \/>\n<\/span><span style=\"font-weight: 400;font-size: 14pt\">\u00a09:30-10:30\u00a0 \u00a0 \u00a0 \u00a0 \u00a0 Csoportl\u00e1togat\u00e1s<br \/>\n<\/span><span style=\"font-weight: 400;font-size: 14pt\">10:30-11:00\u00a0 \u00a0 \u00a0 \u00a0 \u00a0Sz\u00fcnet<br \/>\n<\/span><span style=\"font-weight: 400;font-size: 14pt\">11:00-11:30\u00a0 \u00a0 \u00a0 \u00a0 \u00a0Csoportl\u00e1togat\u00e1s<br \/>\n<\/span><span style=\"font-weight: 400;font-size: 14pt\">11:30-12:30\u00a0 \u00a0 \u00a0 \u00a0 \u00a0Csoportl\u00e1togat\u00e1s<br \/>\n<\/span><span style=\"font-weight: 400;font-size: 14pt\">12:30-13:00\u00a0 \u00a0 \u00a0 \u00a0 \u00a0Megbesz\u00e9l\u00e9s<\/span><\/p>\n<p><span style=\"font-weight: 400;font-size: 14pt\"><strong>Szerda<\/strong><br \/>\n<\/span><span style=\"font-weight: 400;font-size: 14pt\">\u00a08:30-10:00\u00a0 \u00a0 \u00a0 \u00a0 \u00a0 A kondukt\u00edv nevel\u00e9s elemei el\u0151ad\u00e1s<br \/>\n<\/span><span style=\"font-weight: 400;font-size: 14pt\">\u00a09:30-10:30\u00a0 \u00a0 \u00a0 \u00a0 \u00a0 L\u00e1togat\u00e1s\u00a0<br \/>\n<\/span><span style=\"font-weight: 400;font-size: 14pt\">10:30-11:00\u00a0 \u00a0 \u00a0 \u00a0 \u00a0Sz\u00fcnet<br \/>\n<\/span><span style=\"font-weight: 400;font-size: 14pt\">11:00-11:30\u00a0 \u00a0 \u00a0 \u00a0 \u00a0Csoport l\u00e1togat\u00e1s\u00a0<br \/>\n<\/span><span style=\"font-weight: 400;font-size: 14pt\">11:30-12:00\u00a0 \u00a0 \u00a0 \u00a0 \u00a0Csoport l\u00e1togat\u00e1s<br \/>\n<\/span><span style=\"font-weight: 400;font-size: 14pt\">12:00-13:00\u00a0 \u00a0 \u00a0 \u00a0 \u00a0\u00d6sszefoglal\u00e1s<\/span><\/p>\n<p><span style=\"font-weight: 400;font-size: 14pt\"><strong>Cs\u00fct\u00f6rt\u00f6k<\/strong><br \/>\n<\/span><span style=\"font-weight: 400;font-size: 14pt\">\u00a08:30-9:30\u00a0 \u00a0 \u00a0 \u00a0 \u00a0 \u00a0 L\u00e1togat\u00e1s<br \/>\n<\/span><span style=\"font-weight: 400;font-size: 14pt\">\u00a09:30-10:30\u00a0 \u00a0 \u00a0 \u00a0 \u00a0 L\u00e1tottak megbesz\u00e9l\u00e9se<br \/>\n<\/span><span style=\"font-weight: 400;font-size: 14pt\">10:30-11:00\u00a0 \u00a0 \u00a0 \u00a0 \u00a0Sz\u00fcnet<br \/>\n<\/span><span style=\"font-weight: 400;font-size: 14pt\">11:00-12:00\u00a0 \u00a0 \u00a0 \u00a0 \u00a0L\u00e1togat\u00e1s<br \/>\n<\/span><span style=\"font-weight: 400;font-size: 14pt\">12:00-13:00\u00a0 \u00a0 \u00a0 \u00a0 \u00a0Megbesz\u00e9l\u00e9s<\/span><\/p>\n<p><span style=\"font-weight: 400;font-size: 14pt\"><strong>P\u00e9ntek<br \/>\n<\/strong><\/span><span style=\"font-weight: 400;font-size: 14pt\">\u00a08:30-9:30\u00a0 \u00a0 \u00a0 \u00a0 \u00a0 \u00a0 Csoportl\u00e1togat\u00e1s<br \/>\n<\/span><span style=\"font-weight: 400;font-size: 14pt\">\u00a09:30-10:00\u00a0 \u00a0 \u00a0 \u00a0 \u00a0 Megbesz\u00e9l\u00e9s<br \/>\n<\/span><span style=\"font-weight: 400;font-size: 14pt\">10:00-11:00\u00a0 \u00a0 \u00a0 \u00a0 \u00a0\u00d6sszefoglal\u00f3 el\u0151ad\u00e1s<br \/>\n<\/span><span style=\"font-weight: 400;font-size: 14pt\">11:00-12:00\u00a0 \u00a0 \u00a0 \u00a0 \u00a0\u00d6sszefoglal\u00f3 besz\u00e9lget\u00e9s<\/span><\/p>\n<p><span style=\"font-weight: 400;font-size: 14pt\">A program t\u00e1j\u00e9koztat\u00f3 jelleg\u0171 az aktu\u00e1lis workshop id\u0151beoszt\u00e1sa \u00e9s tartalma elt\u00e9rhet az itt megadottakt\u00f3l.<\/span><\/p>\n<p><img loading=\"lazy\" decoding=\"async\" class=\"wp-image-791 aligncenter\" src=\"https:\/\/semmelweis.hu\/peto-development\/files\/2023\/05\/RS151740_3P1A4204-scr-400x267.jpg\" alt=\"\" width=\"734\" height=\"490\" srcset=\"https:\/\/semmelweis.hu\/peto-development\/files\/2023\/05\/RS151740_3P1A4204-scr-400x267.jpg 400w, https:\/\/semmelweis.hu\/peto-development\/files\/2023\/05\/RS151740_3P1A4204-scr-1024x683.jpg 1024w, https:\/\/semmelweis.hu\/peto-development\/files\/2023\/05\/RS151740_3P1A4204-scr-768x512.jpg 768w, https:\/\/semmelweis.hu\/peto-development\/files\/2023\/05\/RS151740_3P1A4204-scr-753x502.jpg 753w, https:\/\/semmelweis.hu\/peto-development\/files\/2023\/05\/RS151740_3P1A4204-scr-203x135.jpg 203w, https:\/\/semmelweis.hu\/peto-development\/files\/2023\/05\/RS151740_3P1A4204-scr.jpg 1200w\" sizes=\"auto, (max-width: 734px) 100vw, 734px\" \/><\/p>\n<p>&nbsp;<\/p>\n","protected":false},"excerpt":{"rendered":"<p>A kondukt\u00edv pedag\u00f3gia alapjai-workshop A kondukt\u00edv nevel\u00e9s alapjai-workshop bemutatja a kondukt\u00edv nevel\u00e9s t\u00f6rt\u00e9net\u00e9t, rendszer\u00e9t \u00e9s alapelveit. A r\u00e9sztvev\u0151k a v\u00e1lasztott korcsoport programjait n\u00e9zhetik meg \u00e9s az ott l\u00e1tottakat elemezve szereznek \u00e1tfog\u00f3 tud\u00e1st a kondukt\u00edv nevel\u00e9sr\u0151l. Mag\u00e1ba foglalja a szakszolg\u00e1lat, \u00f3voda, iskola, szakiskola \u00e9s feln\u0151tt ambulancia megl\u00e1togat\u00e1s\u00e1t. Id\u0151tartam: 20 \u00f3ra 5 nap alatt napi 4 \u00f3r\u00e1ban &hellip;<\/p>\n","protected":false},"author":102184,"featured_media":0,"parent":84,"menu_order":2,"comment_status":"closed","ping_status":"closed","template":"","meta":{"_acf_changed":false,"footnotes":""},"categories":[],"tags":[],"class_list":["post-331","page","type-page","status-publish","hentry"],"acf":[],"_links":{"self":[{"href":"https:\/\/semmelweis.hu\/peto-development\/wp-json\/wp\/v2\/pages\/331","targetHints":{"allow":["GET"]}}],"collection":[{"href":"https:\/\/semmelweis.hu\/peto-development\/wp-json\/wp\/v2\/pages"}],"about":[{"href":"https:\/\/semmelweis.hu\/peto-development\/wp-json\/wp\/v2\/types\/page"}],"author":[{"embeddable":true,"href":"https:\/\/semmelweis.hu\/peto-development\/wp-json\/wp\/v2\/users\/102184"}],"replies":[{"embeddable":true,"href":"https:\/\/semmelweis.hu\/peto-development\/wp-json\/wp\/v2\/comments?post=331"}],"version-history":[{"count":11,"href":"https:\/\/semmelweis.hu\/peto-development\/wp-json\/wp\/v2\/pages\/331\/revisions"}],"predecessor-version":[{"id":1661,"href":"https:\/\/semmelweis.hu\/peto-development\/wp-json\/wp\/v2\/pages\/331\/revisions\/1661"}],"up":[{"embeddable":true,"href":"https:\/\/semmelweis.hu\/peto-development\/wp-json\/wp\/v2\/pages\/84"}],"wp:attachment":[{"href":"https:\/\/semmelweis.hu\/peto-development\/wp-json\/wp\/v2\/media?parent=331"}],"wp:term":[{"taxonomy":"category","embeddable":true,"href":"https:\/\/semmelweis.hu\/peto-development\/wp-json\/wp\/v2\/categories?post=331"},{"taxonomy":"post_tag","embeddable":true,"href":"https:\/\/semmelweis.hu\/peto-development\/wp-json\/wp\/v2\/tags?post=331"}],"curies":[{"name":"wp","href":"https:\/\/api.w.org\/{rel}","templated":true}]}}