{"id":329,"date":"2023-04-03T11:29:22","date_gmt":"2023-04-03T09:29:22","guid":{"rendered":"https:\/\/semmelweis.hu\/peto-development\/?page_id=329"},"modified":"2023-09-12T09:59:24","modified_gmt":"2023-09-12T07:59:24","slug":"intezmenylatogatas","status":"publish","type":"page","link":"https:\/\/semmelweis.hu\/peto-development\/hu\/workshop-hu\/intezmenylatogatas\/","title":{"rendered":"Int\u00e9zm\u00e9nyl\u00e1togat\u00e1s"},"content":{"rendered":"<h1>Int\u00e9zm\u00e9nyl\u00e1togat\u00e1s<\/h1>\n<p>Az int\u00e9zm\u00e9nyl\u00e1togat\u00e1sunk sor\u00e1n a r\u00e9sztvev\u0151knek egy el\u0151ad\u00e1s keretein bel\u00fcl bemutatjuk a Semmelweis Egyetem Pet\u0151 Andr\u00e1s Kar t\u00f6rt\u00e9net\u00e9t, ezt k\u00f6vet\u0151en k\u00f6rbevezetj\u00fck \u0151ket a v\u00e1lasztott int\u00e9zm\u00e9nyegys\u00e9g ter\u00fclet\u00e9n.<\/p>\n<div class=\"keretes w-100\">\n<p style=\"text-align: center\">B\u0151vebb inform\u00e1ci\u00f3 \u00e9s jelentkez\u00e9s: <strong><a href=\"mailto:pak.ce@semmelweis.hu\">pak.ce@semmelweis.hu<\/a><\/strong><\/p>\n<\/div>\n<h5>V\u00e1laszthat\u00f3 int\u00e9zm\u00e9nyegys\u00e9gek:<\/h5>\n<ul>\n<li style=\"font-weight: 400\"><span style=\"font-weight: 400\">Szakszolg\u00e1lat l\u00e1togat\u00e1sa\u00a0<\/span><\/li>\n<li style=\"font-weight: 400\"><span style=\"font-weight: 400\">\u00d3voda l\u00e1togat\u00e1sa<\/span><\/li>\n<li style=\"font-weight: 400\"><span style=\"font-weight: 400\">Iskola l\u00e1togat\u00e1sa\u00a0<\/span><\/li>\n<li style=\"font-weight: 400\"><span style=\"font-weight: 400\">Szakiskola l\u00e1togat\u00e1sa<\/span><\/li>\n<li style=\"font-weight: 400\"><span style=\"font-weight: 400\">Feln\u0151tt ambulancia l\u00e1togat\u00e1sa<\/span><\/li>\n<\/ul>\n<p><span style=\"font-weight: 400\">Az int\u00e9zm\u00e9nyl\u00e1togat\u00e1s mag\u00e1ba foglalja a v\u00e1lasztott csoportok munk\u00e1j\u00e1ba val\u00f3 bepillant\u00e1st, \u00e9s a l\u00e1tottak k\u00f6z\u00f6s megbesz\u00e9l\u00e9st.<\/span><\/p>\n<p><strong>Id\u0151tartam: max. 5 \u00f3ra<\/strong><\/p>\n\r\n        [slb_exclude]\r\n        <div class=\"row galeria-wrapper mx-0 h-auto\">\r\n            <div class=\"col-9 pl-0 pr-2\">\r\n            <span class=\"gallery-item frame\">\r\n\t\t\t\t<div class=\"galeria-left-img\"><a href=\"https:\/\/semmelweis.hu\/peto-development\/files\/2023\/05\/1eabc690eecd47e294e367e9e88d85d2.jpg\"><img src=https:\/\/semmelweis.hu\/peto-development\/files\/2023\/05\/1eabc690eecd47e294e367e9e88d85d2.jpg  \r\n                            alt=\"\" \r\n                            class=\"attachment-sote-gallery-big size-sote-gallery-big\" \r\n                            srcset=\"https:\/\/semmelweis.hu\/peto-development\/files\/2023\/05\/1eabc690eecd47e294e367e9e88d85d2-400x272.jpg 400w, https:\/\/semmelweis.hu\/peto-development\/files\/2023\/05\/1eabc690eecd47e294e367e9e88d85d2-1024x697.jpg 1024w, https:\/\/semmelweis.hu\/peto-development\/files\/2023\/05\/1eabc690eecd47e294e367e9e88d85d2-768x523.jpg 768w, https:\/\/semmelweis.hu\/peto-development\/files\/2023\/05\/1eabc690eecd47e294e367e9e88d85d2-175x120.jpg 175w, https:\/\/semmelweis.hu\/peto-development\/files\/2023\/05\/1eabc690eecd47e294e367e9e88d85d2-753x513.jpg 753w, https:\/\/semmelweis.hu\/peto-development\/files\/2023\/05\/1eabc690eecd47e294e367e9e88d85d2.jpg 1200w\" ><\/a><\/div>\r\n            <\/span>\r\n\r\n            <\/div>\r\n\r\n\t\t\t<div class=\"col-3 pl-0 pr-0\">\r\n\t\t\t\t<div class=\"galeria-right-img d-flex justify-content-between flex-column h-100 w-100 px-0 mx-0 \">\r\n                <div class=\"galeria-box\">\r\n\t\t\t\t\t<h3 class=\"galeria-title\">Gallery<\/h3>\r\n\t\t\t\t\t<div class=\"galeria-subtitle\">\r\n\r\n\t\t\t\t\t\t<div class=\"galeria-page-counter\"><span>9<\/span>images<\/div>\r\n                    <\/div> <\/div>\r\n                    <span class=\"gallery-item frame d-none d-md-flex\">\r\n\t\t\t\t\t<div class=\"galeria-small-img mt-0\"><a href=\"https:\/\/semmelweis.hu\/peto-development\/files\/2023\/05\/RS64874_KA-20170721-KA__9811-scr.jpg\"><img src=https:\/\/semmelweis.hu\/peto-development\/files\/2023\/05\/RS64874_KA-20170721-KA__9811-scr.jpg \r\n                                alt=\"\"  \r\n                                class=\"attachment-sote-gallery-small size-sote-gallery-small\" \r\n                                srcset=\"https:\/\/semmelweis.hu\/peto-development\/files\/2023\/05\/RS64874_KA-20170721-KA__9811-scr-400x267.jpg 400w, https:\/\/semmelweis.hu\/peto-development\/files\/2023\/05\/RS64874_KA-20170721-KA__9811-scr-768x512.jpg 768w, https:\/\/semmelweis.hu\/peto-development\/files\/2023\/05\/RS64874_KA-20170721-KA__9811-scr-753x502.jpg 753w, https:\/\/semmelweis.hu\/peto-development\/files\/2023\/05\/RS64874_KA-20170721-KA__9811-scr-203x135.jpg 203w, https:\/\/semmelweis.hu\/peto-development\/files\/2023\/05\/RS64874_KA-20170721-KA__9811-scr.jpg 950w\" ><\/a><\/div>\r\n                    <\/span>\r\n                    <span class=\"gallery-item frame d-none d-md-flex\">\r\n\t\t\t\t\t<div class=\"galeria-small-img mt-0\"><a href=\"https:\/\/semmelweis.hu\/peto-development\/files\/2023\/05\/RS64751_KA-20170721-KA__9552-scr.jpg\"><img src=https:\/\/semmelweis.hu\/peto-development\/files\/2023\/05\/RS64751_KA-20170721-KA__9552-scr.jpg \r\n                                alt=\"\" \r\n                                class=\"attachment-sote-gallery-small size-sote-gallery-small\" \r\n                                srcset=\"https:\/\/semmelweis.hu\/peto-development\/files\/2023\/05\/RS64751_KA-20170721-KA__9552-scr-400x265.jpg 400w, https:\/\/semmelweis.hu\/peto-development\/files\/2023\/05\/RS64751_KA-20170721-KA__9552-scr-768x509.jpg 768w, https:\/\/semmelweis.hu\/peto-development\/files\/2023\/05\/RS64751_KA-20170721-KA__9552-scr-753x499.jpg 753w, https:\/\/semmelweis.hu\/peto-development\/files\/2023\/05\/RS64751_KA-20170721-KA__9552-scr-203x135.jpg 203w, https:\/\/semmelweis.hu\/peto-development\/files\/2023\/05\/RS64751_KA-20170721-KA__9552-scr.jpg 950w\" ><\/a><\/div>\r\n                    <\/span>\r\n\r\n                <\/div>\r\n\r\n            <\/div>\r\n\r\n            <span class=\"gallery-item\"><div class=\"hidden\"><a href=\"https:\/\/semmelweis.hu\/peto-development\/files\/2023\/05\/RS147963_C19A2921-scr.jpg\">\r\n        <img src=https:\/\/semmelweis.hu\/peto-development\/files\/2023\/05\/RS147963_C19A2921-scr.jpg alt=\"\" class=\"attachment-sote-gallery-big size-sote-gallery-big\" srcset=\"https:\/\/semmelweis.hu\/peto-development\/files\/2023\/05\/RS147963_C19A2921-scr-400x267.jpg 400w, https:\/\/semmelweis.hu\/peto-development\/files\/2023\/05\/RS147963_C19A2921-scr-1024x683.jpg 1024w, https:\/\/semmelweis.hu\/peto-development\/files\/2023\/05\/RS147963_C19A2921-scr-768x512.jpg 768w, https:\/\/semmelweis.hu\/peto-development\/files\/2023\/05\/RS147963_C19A2921-scr-753x502.jpg 753w, https:\/\/semmelweis.hu\/peto-development\/files\/2023\/05\/RS147963_C19A2921-scr-203x135.jpg 203w, https:\/\/semmelweis.hu\/peto-development\/files\/2023\/05\/RS147963_C19A2921-scr.jpg 1200w\" >\r\n        <\/a><\/div><\/span><span class=\"gallery-item\"><div class=\"hidden\"><a href=\"https:\/\/semmelweis.hu\/peto-development\/files\/2023\/05\/RS64837_KA-20170721-KA__9690-scr.jpg\">\r\n        <img src=https:\/\/semmelweis.hu\/peto-development\/files\/2023\/05\/RS64837_KA-20170721-KA__9690-scr.jpg alt=\"\" class=\"attachment-sote-gallery-big size-sote-gallery-big\" srcset=\"https:\/\/semmelweis.hu\/peto-development\/files\/2023\/05\/RS64837_KA-20170721-KA__9690-scr-400x267.jpg 400w, https:\/\/semmelweis.hu\/peto-development\/files\/2023\/05\/RS64837_KA-20170721-KA__9690-scr-768x512.jpg 768w, https:\/\/semmelweis.hu\/peto-development\/files\/2023\/05\/RS64837_KA-20170721-KA__9690-scr-753x502.jpg 753w, https:\/\/semmelweis.hu\/peto-development\/files\/2023\/05\/RS64837_KA-20170721-KA__9690-scr-203x135.jpg 203w, https:\/\/semmelweis.hu\/peto-development\/files\/2023\/05\/RS64837_KA-20170721-KA__9690-scr.jpg 950w\" >\r\n        <\/a><\/div><\/span><span class=\"gallery-item\"><div class=\"hidden\"><a href=\"https:\/\/semmelweis.hu\/peto-development\/files\/2023\/05\/RS147994_C19A3092-scr.jpg\">\r\n        <img src=https:\/\/semmelweis.hu\/peto-development\/files\/2023\/05\/RS147994_C19A3092-scr.jpg alt=\"\" class=\"attachment-sote-gallery-big size-sote-gallery-big\" srcset=\"https:\/\/semmelweis.hu\/peto-development\/files\/2023\/05\/RS147994_C19A3092-scr-400x253.jpg 400w, https:\/\/semmelweis.hu\/peto-development\/files\/2023\/05\/RS147994_C19A3092-scr-1024x649.jpg 1024w, https:\/\/semmelweis.hu\/peto-development\/files\/2023\/05\/RS147994_C19A3092-scr-768x486.jpg 768w, https:\/\/semmelweis.hu\/peto-development\/files\/2023\/05\/RS147994_C19A3092-scr-753x477.jpg 753w, https:\/\/semmelweis.hu\/peto-development\/files\/2023\/05\/RS147994_C19A3092-scr.jpg 1200w\" >\r\n        <\/a><\/div><\/span><span class=\"gallery-item\"><div class=\"hidden\"><a href=\"https:\/\/semmelweis.hu\/peto-development\/files\/2023\/05\/IMG_1683-scaled.jpg\">\r\n        <img src=https:\/\/semmelweis.hu\/peto-development\/files\/2023\/05\/IMG_1683-scaled.jpg alt=\"\" class=\"attachment-sote-gallery-big size-sote-gallery-big\" srcset=\"https:\/\/semmelweis.hu\/peto-development\/files\/2023\/05\/IMG_1683-300x400.jpg 300w, https:\/\/semmelweis.hu\/peto-development\/files\/2023\/05\/IMG_1683-768x1024.jpg 768w, https:\/\/semmelweis.hu\/peto-development\/files\/2023\/05\/IMG_1683-1152x1536.jpg 1152w, https:\/\/semmelweis.hu\/peto-development\/files\/2023\/05\/IMG_1683-1536x2048.jpg 1536w, https:\/\/semmelweis.hu\/peto-development\/files\/2023\/05\/IMG_1683-753x1004.jpg 753w, https:\/\/semmelweis.hu\/peto-development\/files\/2023\/05\/IMG_1683-scaled.jpg 1920w\" >\r\n        <\/a><\/div><\/span><span class=\"gallery-item\"><div class=\"hidden\"><a href=\"https:\/\/semmelweis.hu\/peto-development\/files\/2023\/04\/Beregszaszi-projekt.jpg\">\r\n        <img src=https:\/\/semmelweis.hu\/peto-development\/files\/2023\/04\/Beregszaszi-projekt.jpg alt=\"Conductive education - Standing programme\" class=\"attachment-sote-gallery-big size-sote-gallery-big\" srcset=\"https:\/\/semmelweis.hu\/peto-development\/files\/2023\/04\/Beregszaszi-projekt-400x267.jpg 400w, https:\/\/semmelweis.hu\/peto-development\/files\/2023\/04\/Beregszaszi-projekt-1024x683.jpg 1024w, https:\/\/semmelweis.hu\/peto-development\/files\/2023\/04\/Beregszaszi-projekt-768x512.jpg 768w, https:\/\/semmelweis.hu\/peto-development\/files\/2023\/04\/Beregszaszi-projekt-753x502.jpg 753w, https:\/\/semmelweis.hu\/peto-development\/files\/2023\/04\/Beregszaszi-projekt-203x135.jpg 203w, https:\/\/semmelweis.hu\/peto-development\/files\/2023\/04\/Beregszaszi-projekt.jpg 1200w\" >\r\n        <\/a><\/div><\/span><span class=\"gallery-item\"><div class=\"hidden\"><a href=\"https:\/\/semmelweis.hu\/peto-development\/files\/2023\/05\/IMG_2269.jpeg\">\r\n        <img src=https:\/\/semmelweis.hu\/peto-development\/files\/2023\/05\/IMG_2269.jpeg alt=\"\" class=\"attachment-sote-gallery-big size-sote-gallery-big\" srcset=\"https:\/\/semmelweis.hu\/peto-development\/files\/2023\/05\/IMG_2269-300x400.jpeg 300w, https:\/\/semmelweis.hu\/peto-development\/files\/2023\/05\/IMG_2269-768x1024.jpeg 768w, https:\/\/semmelweis.hu\/peto-development\/files\/2023\/05\/IMG_2269-1152x1536.jpeg 1152w, https:\/\/semmelweis.hu\/peto-development\/files\/2023\/05\/IMG_2269-753x1004.jpeg 753w, https:\/\/semmelweis.hu\/peto-development\/files\/2023\/05\/IMG_2269.jpeg 1536w\" >\r\n        <\/a><\/div><\/span>\r\n            <\/div>\r\n\r\n            [\/slb_exclude]\r\n\t\n<p>&nbsp;<\/p>\n","protected":false},"excerpt":{"rendered":"<p>Int\u00e9zm\u00e9nyl\u00e1togat\u00e1s Az int\u00e9zm\u00e9nyl\u00e1togat\u00e1sunk sor\u00e1n a r\u00e9sztvev\u0151knek egy el\u0151ad\u00e1s keretein bel\u00fcl bemutatjuk a Semmelweis Egyetem Pet\u0151 Andr\u00e1s Kar t\u00f6rt\u00e9net\u00e9t, ezt k\u00f6vet\u0151en k\u00f6rbevezetj\u00fck \u0151ket a v\u00e1lasztott int\u00e9zm\u00e9nyegys\u00e9g ter\u00fclet\u00e9n. B\u0151vebb inform\u00e1ci\u00f3 \u00e9s jelentkez\u00e9s: <a href=\"mailto:pak.ce@semmelweis.hu\">pak.ce@semmelweis.hu<\/a> V\u00e1laszthat\u00f3 int\u00e9zm\u00e9nyegys\u00e9gek: Szakszolg\u00e1lat l\u00e1togat\u00e1sa\u00a0 \u00d3voda l\u00e1togat\u00e1sa Iskola l\u00e1togat\u00e1sa\u00a0 Szakiskola l\u00e1togat\u00e1sa Feln\u0151tt ambulancia l\u00e1togat\u00e1sa Az int\u00e9zm\u00e9nyl\u00e1togat\u00e1s mag\u00e1ba foglalja a v\u00e1lasztott csoportok munk\u00e1j\u00e1ba val\u00f3 bepillant\u00e1st, \u00e9s a &hellip;<\/p>\n","protected":false},"author":102184,"featured_media":0,"parent":84,"menu_order":1,"comment_status":"closed","ping_status":"closed","template":"","meta":{"_acf_changed":false,"footnotes":""},"categories":[],"tags":[],"class_list":["post-329","page","type-page","status-publish","hentry"],"acf":[],"_links":{"self":[{"href":"https:\/\/semmelweis.hu\/peto-development\/wp-json\/wp\/v2\/pages\/329","targetHints":{"allow":["GET"]}}],"collection":[{"href":"https:\/\/semmelweis.hu\/peto-development\/wp-json\/wp\/v2\/pages"}],"about":[{"href":"https:\/\/semmelweis.hu\/peto-development\/wp-json\/wp\/v2\/types\/page"}],"author":[{"embeddable":true,"href":"https:\/\/semmelweis.hu\/peto-development\/wp-json\/wp\/v2\/users\/102184"}],"replies":[{"embeddable":true,"href":"https:\/\/semmelweis.hu\/peto-development\/wp-json\/wp\/v2\/comments?post=329"}],"version-history":[{"count":10,"href":"https:\/\/semmelweis.hu\/peto-development\/wp-json\/wp\/v2\/pages\/329\/revisions"}],"predecessor-version":[{"id":1660,"href":"https:\/\/semmelweis.hu\/peto-development\/wp-json\/wp\/v2\/pages\/329\/revisions\/1660"}],"up":[{"embeddable":true,"href":"https:\/\/semmelweis.hu\/peto-development\/wp-json\/wp\/v2\/pages\/84"}],"wp:attachment":[{"href":"https:\/\/semmelweis.hu\/peto-development\/wp-json\/wp\/v2\/media?parent=329"}],"wp:term":[{"taxonomy":"category","embeddable":true,"href":"https:\/\/semmelweis.hu\/peto-development\/wp-json\/wp\/v2\/categories?post=329"},{"taxonomy":"post_tag","embeddable":true,"href":"https:\/\/semmelweis.hu\/peto-development\/wp-json\/wp\/v2\/tags?post=329"}],"curies":[{"name":"wp","href":"https:\/\/api.w.org\/{rel}","templated":true}]}}