{"id":2812,"date":"2026-05-05T13:48:59","date_gmt":"2026-05-05T11:48:59","guid":{"rendered":"https:\/\/semmelweis.hu\/peto-development\/?page_id=2812"},"modified":"2026-05-05T13:49:28","modified_gmt":"2026-05-05T11:49:28","slug":"2812-2","status":"publish","type":"page","link":"https:\/\/semmelweis.hu\/peto-development\/hu\/programok\/ovodas-program\/2812-2\/","title":{"rendered":"M\u00e1jus-J\u00fanius Turnus"},"content":{"rendered":"<h1 data-section-id=\"oymwya\" data-start=\"0\" data-end=\"30\"><span role=\"text\">\u00f3vod\u00e1s csoport<\/span><\/h1>\n<h6>D\u00e1tum: 2026. m\u00e1jus 26. \u2013 j\u00fanius\u00a0 19.<\/h6>\n<h6>Id\u0151beoszt\u00e1s: F\u00e9lnapos program (09:00\u201313:00)<\/h6>\n<p><img loading=\"lazy\" decoding=\"async\" class=\"alignright size-medium wp-image-2814\" src=\"https:\/\/semmelweis.hu\/peto-development\/files\/2026\/05\/25-400x286.png\" alt=\"\" width=\"400\" height=\"286\" srcset=\"https:\/\/semmelweis.hu\/peto-development\/files\/2026\/05\/25-400x286.png 400w, https:\/\/semmelweis.hu\/peto-development\/files\/2026\/05\/25-1024x732.png 1024w, https:\/\/semmelweis.hu\/peto-development\/files\/2026\/05\/25-768x549.png 768w, https:\/\/semmelweis.hu\/peto-development\/files\/2026\/05\/25-1536x1097.png 1536w, https:\/\/semmelweis.hu\/peto-development\/files\/2026\/05\/25-753x538.png 753w, https:\/\/semmelweis.hu\/peto-development\/files\/2026\/05\/25.png 2000w\" sizes=\"auto, (max-width: 400px) 100vw, 400px\" \/>Szeretettel v\u00e1rjuk a 4\u20136 \u00e9ves, cerebr\u00e1lis paresisben (CP) vagy egy\u00e9b <strong data-start=\"69\" data-end=\"119\">k\u00f6zponti idegrendszeri k\u00e1rosod\u00e1ssal\/elt\u00e9r\u00e9ssel<\/strong> \u00e9l\u0151 gyermekeket (GMFCS I\u2013III) struktur\u00e1lt, csoportos kondukt\u00edv nevel\u00e9si programunkba a ny\u00e1r eleji id\u0151szakban.<\/p>\n<p data-start=\"337\" data-end=\"619\">A program k\u00f6z\u00e9ppontj\u00e1ban az iskola\u00e9retts\u00e9g t\u00e1mogat\u00e1sa \u00e1ll, \u00e9letkorhoz illeszked\u0151, j\u00e1t\u00e9kos \u00e9s motiv\u00e1l\u00f3 tev\u00e9kenys\u00e9geken kereszt\u00fcl, egy k\u00f6vetkezetes kondukt\u00edv k\u00f6rnyezetben. Kiemelt hangs\u00falyt kap az \u00f6n\u00e1ll\u00f3s\u00e1g, a figyelem, valamint a csoporthelyzetekben val\u00f3 akt\u00edv r\u00e9szv\u00e9tel fejleszt\u00e9se.<\/p>\n<p data-start=\"621\" data-end=\"647\"><strong data-start=\"621\" data-end=\"647\">Fejleszt\u00e9si ter\u00fcletek:<\/strong><\/p>\n<ul data-start=\"648\" data-end=\"1285\">\n<li data-section-id=\"lmjg0f\" data-start=\"648\" data-end=\"780\"><strong data-start=\"650\" data-end=\"671\">Mozg\u00e1sfejleszt\u00e9s:<\/strong> Koordin\u00e1ci\u00f3, izomer\u0151 \u00e9s funkcion\u00e1lis mozg\u00e1s fejleszt\u00e9se j\u00e1t\u00e9kos, feladatk\u00f6zpont\u00fa tev\u00e9kenys\u00e9geken kereszt\u00fcl<\/li>\n<li data-section-id=\"16akg38\" data-start=\"781\" data-end=\"884\"><strong data-start=\"783\" data-end=\"811\">Testtart\u00e1s \u00e9s egyens\u00faly:<\/strong> Stabilit\u00e1s \u00e9s kontroll\u00e1lt mozg\u00e1s fejleszt\u00e9se a mindennapi helyzetekben<\/li>\n<li data-section-id=\"8f0uw9\" data-start=\"885\" data-end=\"990\"><strong data-start=\"887\" data-end=\"905\">Finommotorika:<\/strong> K\u00e9zfunkci\u00f3 fejleszt\u00e9se rajzol\u00e1s, manipul\u00e1ci\u00f3 \u00e9s iskolai el\u0151k\u00e9sz\u00edt\u0151 feladatok sor\u00e1n<\/li>\n<li data-section-id=\"1l6nmdb\" data-start=\"991\" data-end=\"1088\"><strong data-start=\"993\" data-end=\"1028\">Kognit\u00edv \u00e9s tanul\u00e1si k\u00e9szs\u00e9gek:<\/strong> Figyelem, feladatmeg\u00e9rt\u00e9s \u00e9s probl\u00e9mamegold\u00e1s fejleszt\u00e9se<\/li>\n<li data-section-id=\"ta5vp4\" data-start=\"1089\" data-end=\"1183\"><strong data-start=\"1091\" data-end=\"1115\">Szoci\u00e1lis k\u00e9szs\u00e9gek:<\/strong> Egy\u00fcttm\u0171k\u00f6d\u00e9s, v\u00e1ltakoz\u00e1s \u00e9s csoportban val\u00f3 r\u00e9szv\u00e9tel t\u00e1mogat\u00e1sa<\/li>\n<li data-section-id=\"15qwmtw\" data-start=\"1184\" data-end=\"1285\"><strong data-start=\"1186\" data-end=\"1211\">\u00d6nell\u00e1t\u00e1si k\u00e9szs\u00e9gek:<\/strong> \u00d6n\u00e1ll\u00f3s\u00e1g fejleszt\u00e9se a mindennapi rutinokban (pl. \u00f6lt\u00f6zk\u00f6d\u00e9s, higi\u00e9n\u00e9)<\/li>\n<\/ul>\n<p data-start=\"1287\" data-end=\"1432\" data-is-last-node=\"\" data-is-only-node=\"\">A program minden esetben egy\u00e9ni konzult\u00e1ci\u00f3val \u00e9s kondukt\u00edv felm\u00e9r\u00e9ssel indul, melynek c\u00e9lja a szem\u00e9lyre szabott fejleszt\u00e9si c\u00e9lok meghat\u00e1roz\u00e1sa.<\/p>\n<h6 data-start=\"1365\" data-end=\"1426\">Tov\u00e1bbi inform\u00e1ci\u00f3\u00e9rt k\u00e9rj\u00fck, vegye fel vel\u00fcnk a kapcsolatot!<\/h6>\n<div class=\"keretes w-100\">\n<p style=\"text-align: left\">Jelentkez\u00e9s emailben: <a href=\"mailto:pak.ce@semmelweis.hu\"><strong>pak.ce@semmelweis<\/strong><strong>.hu<\/strong><\/a>\u00a0 \u00a0 \u00a0 \u00a0<\/p>\n<p style=\"text-align: left\"><span data-teams=\"true\">Jelentkez\u00e9si lap kit\u00f6lt\u00e9se: <a class=\"button\" href=\"https:\/\/semmelweis.hu\/peto-development\/hu\/jelentkezes\/jelentkezesi-lap-gyermek\/\" target=\"_blank\" rel=\"noopener\">APPLY<\/a><\/span><\/p>\n<\/div>\n","protected":false},"excerpt":{"rendered":"<p>\u00f3vod\u00e1s csoport D\u00e1tum: 2026. m\u00e1jus 26. \u2013 j\u00fanius\u00a0 19. Id\u0151beoszt\u00e1s: F\u00e9lnapos program (09:00\u201313:00) Szeretettel v\u00e1rjuk a 4\u20136 \u00e9ves, cerebr\u00e1lis paresisben (CP) vagy egy\u00e9b k\u00f6zponti idegrendszeri k\u00e1rosod\u00e1ssal\/elt\u00e9r\u00e9ssel \u00e9l\u0151 gyermekeket (GMFCS I\u2013III) struktur\u00e1lt, csoportos kondukt\u00edv nevel\u00e9si programunkba a ny\u00e1r eleji id\u0151szakban. A program k\u00f6z\u00e9ppontj\u00e1ban az iskola\u00e9retts\u00e9g t\u00e1mogat\u00e1sa \u00e1ll, \u00e9letkorhoz illeszked\u0151, j\u00e1t\u00e9kos \u00e9s motiv\u00e1l\u00f3 tev\u00e9kenys\u00e9geken kereszt\u00fcl, egy k\u00f6vetkezetes &hellip;<\/p>\n","protected":false},"author":102594,"featured_media":2814,"parent":2538,"menu_order":0,"comment_status":"closed","ping_status":"closed","template":"","meta":{"_acf_changed":false,"footnotes":""},"categories":[99],"tags":[],"class_list":["post-2812","page","type-page","status-publish","has-post-thumbnail","hentry","category-turnusok"],"acf":[],"_links":{"self":[{"href":"https:\/\/semmelweis.hu\/peto-development\/wp-json\/wp\/v2\/pages\/2812","targetHints":{"allow":["GET"]}}],"collection":[{"href":"https:\/\/semmelweis.hu\/peto-development\/wp-json\/wp\/v2\/pages"}],"about":[{"href":"https:\/\/semmelweis.hu\/peto-development\/wp-json\/wp\/v2\/types\/page"}],"author":[{"embeddable":true,"href":"https:\/\/semmelweis.hu\/peto-development\/wp-json\/wp\/v2\/users\/102594"}],"replies":[{"embeddable":true,"href":"https:\/\/semmelweis.hu\/peto-development\/wp-json\/wp\/v2\/comments?post=2812"}],"version-history":[{"count":3,"href":"https:\/\/semmelweis.hu\/peto-development\/wp-json\/wp\/v2\/pages\/2812\/revisions"}],"predecessor-version":[{"id":2817,"href":"https:\/\/semmelweis.hu\/peto-development\/wp-json\/wp\/v2\/pages\/2812\/revisions\/2817"}],"up":[{"embeddable":true,"href":"https:\/\/semmelweis.hu\/peto-development\/wp-json\/wp\/v2\/pages\/2538"}],"wp:featuredmedia":[{"embeddable":true,"href":"https:\/\/semmelweis.hu\/peto-development\/wp-json\/wp\/v2\/media\/2814"}],"wp:attachment":[{"href":"https:\/\/semmelweis.hu\/peto-development\/wp-json\/wp\/v2\/media?parent=2812"}],"wp:term":[{"taxonomy":"category","embeddable":true,"href":"https:\/\/semmelweis.hu\/peto-development\/wp-json\/wp\/v2\/categories?post=2812"},{"taxonomy":"post_tag","embeddable":true,"href":"https:\/\/semmelweis.hu\/peto-development\/wp-json\/wp\/v2\/tags?post=2812"}],"curies":[{"name":"wp","href":"https:\/\/api.w.org\/{rel}","templated":true}]}}