{"id":2807,"date":"2026-05-05T13:43:02","date_gmt":"2026-05-05T11:43:02","guid":{"rendered":"https:\/\/semmelweis.hu\/peto-development\/?page_id=2807"},"modified":"2026-05-05T13:44:12","modified_gmt":"2026-05-05T11:44:12","slug":"2807-2","status":"publish","type":"page","link":"https:\/\/semmelweis.hu\/peto-development\/hu\/programok\/szulo-kisgyermek-program\/2807-2\/","title":{"rendered":"J\u00fanius-J\u00falius Turnus"},"content":{"rendered":"<h1 data-section-id=\"oymwya\" data-start=\"0\" data-end=\"30\"><span role=\"text\">Sz\u00fcl\u0151\u2013kisgyermek csoport<\/span><\/h1>\n<h6>D\u00e1tum: 2026. j\u00fanius 22. \u2013 j\u00falius 3.<\/h6>\n<h6>Id\u0151beoszt\u00e1s: F\u00e9lnapos program (09:00\u201313:00)<\/h6>\n<p data-start=\"126\" data-end=\"355\"><img loading=\"lazy\" decoding=\"async\" class=\"alignright size-medium wp-image-2808\" src=\"https:\/\/semmelweis.hu\/peto-development\/files\/2026\/05\/26-400x286.png\" alt=\"\" width=\"400\" height=\"286\" srcset=\"https:\/\/semmelweis.hu\/peto-development\/files\/2026\/05\/26-400x286.png 400w, https:\/\/semmelweis.hu\/peto-development\/files\/2026\/05\/26-1024x732.png 1024w, https:\/\/semmelweis.hu\/peto-development\/files\/2026\/05\/26-768x549.png 768w, https:\/\/semmelweis.hu\/peto-development\/files\/2026\/05\/26-1536x1097.png 1536w, https:\/\/semmelweis.hu\/peto-development\/files\/2026\/05\/26-753x538.png 753w, https:\/\/semmelweis.hu\/peto-development\/files\/2026\/05\/26.png 2000w\" sizes=\"auto, (max-width: 400px) 100vw, 400px\" \/>Szeretettel v\u00e1rjuk az 1\u20133 \u00e9ves, mozg\u00e1sfejl\u0151d\u00e9si elmarad\u00e1ssal vagy k\u00f6zponti idegrendszeri \u00e9rintetts\u00e9ggel \u00e9l\u0151 gyermekeket (GMFCS IV\u2013V), sz\u00fcleikkel vagy gondoz\u00f3ikkal egy\u00fctt, korai intervenci\u00f3t \u00e9s fejleszt\u00e9st t\u00e1mogat\u00f3 kondukt\u00edv nevel\u00e9si programunkba.<\/p>\n<p data-start=\"357\" data-end=\"584\">A foglalkoz\u00e1sok struktur\u00e1lt, ugyanakkor j\u00e1t\u00e9kos k\u00f6rnyezetben zajlanak, ahol a gyermekek fejl\u0151d\u00e9s\u00e9t c\u00e9lzott, jelent\u00e9steli tev\u00e9kenys\u00e9gek t\u00e1mogatj\u00e1k, mik\u00f6zben a gondoz\u00f3k akt\u00edvan bevon\u00f3dnak \u00e9s gyakorlati m\u00f3dszereket saj\u00e1t\u00edtanak el.<\/p>\n<p data-start=\"586\" data-end=\"612\"><strong data-start=\"586\" data-end=\"612\">Fejleszt\u00e9si ter\u00fcletek:<\/strong><\/p>\n<ul data-start=\"613\" data-end=\"1130\">\n<li data-section-id=\"137fw2v\" data-start=\"613\" data-end=\"695\"><strong data-start=\"615\" data-end=\"640\">Korai mozg\u00e1sfejl\u0151d\u00e9s:<\/strong> Az akt\u00edv mozg\u00e1skezdem\u00e9nyez\u00e9s \u00e9s r\u00e9szv\u00e9tel t\u00e1mogat\u00e1sa<\/li>\n<li data-section-id=\"ze7o3a\" data-start=\"696\" data-end=\"798\"><strong data-start=\"698\" data-end=\"722\">Testtart\u00e1s-kontroll:<\/strong> A megfelel\u0151 igazod\u00e1s \u00e9s stabilit\u00e1s fejleszt\u00e9se k\u00fcl\u00f6nb\u00f6z\u0151 testhelyzetekben<\/li>\n<li data-section-id=\"2e9yhm\" data-start=\"799\" data-end=\"905\"><strong data-start=\"801\" data-end=\"838\">Szenzomotoros tapasztalatszerz\u00e9s:<\/strong> A k\u00f6rnyezet felfedez\u00e9s\u00e9nek \u00e9s a testtudatoss\u00e1gnak az el\u0151seg\u00edt\u00e9se<\/li>\n<li data-section-id=\"7egxs1\" data-start=\"906\" data-end=\"985\"><strong data-start=\"908\" data-end=\"925\">Kommunik\u00e1ci\u00f3:<\/strong> Interakci\u00f3k t\u00e1mogat\u00e1sa j\u00e1t\u00e9kos \u00e9s mindennapi helyzetekben<\/li>\n<li data-section-id=\"1fcbggn\" data-start=\"986\" data-end=\"1054\"><strong data-start=\"988\" data-end=\"1003\">K\u00e9zfunkci\u00f3:<\/strong> Ny\u00fal\u00e1s, fog\u00e1s \u00e9s c\u00e9lzott manipul\u00e1ci\u00f3 fejleszt\u00e9se<\/li>\n<li data-section-id=\"bpqxaz\" data-start=\"1055\" data-end=\"1130\"><strong data-start=\"1057\" data-end=\"1078\">Sz\u00fcl\u0151i bevon\u00f3d\u00e1s:<\/strong> Kondukt\u00edv elvek otthoni alkalmaz\u00e1s\u00e1nak t\u00e1mogat\u00e1sa<\/li>\n<\/ul>\n<p data-start=\"1132\" data-end=\"1283\">A gondoz\u00f3k a program teljes ideje alatt akt\u00edv r\u00e9sztvev\u0151k, ez\u00e1ltal magabiztoss\u00e1got \u00e9s gyakorlati eszk\u00f6z\u00f6ket kapnak gyermek\u00fck fejl\u0151d\u00e9s\u00e9nek t\u00e1mogat\u00e1s\u00e1hoz.<\/p>\n<p data-start=\"1285\" data-end=\"1363\">A program minden esetben egy\u00e9ni konzult\u00e1ci\u00f3val \u00e9s kondukt\u00edv tan\u00e1csad\u00e1ssal indul.<\/p>\n<h6 data-start=\"1365\" data-end=\"1426\">Tov\u00e1bbi inform\u00e1ci\u00f3\u00e9rt k\u00e9rj\u00fck, vegye fel vel\u00fcnk a kapcsolatot!<\/h6>\n<div class=\"keretes w-100\">\n<p style=\"text-align: left\">Jelentkez\u00e9s emailben: <a href=\"mailto:pak.ce@semmelweis.hu\"><strong>pak.ce@semmelweis<\/strong><strong>.hu<\/strong><\/a>\u00a0 \u00a0 \u00a0 \u00a0<\/p>\n<p style=\"text-align: left\"><span data-teams=\"true\">Jelentkez\u00e9si lap kit\u00f6lt\u00e9se: <a class=\"button\" href=\"https:\/\/semmelweis.hu\/peto-development\/hu\/jelentkezes\/jelentkezesi-lap-gyermek\/\" target=\"_blank\" rel=\"noopener\">APPLY<\/a><\/span><\/p>\n<\/div>\n","protected":false},"excerpt":{"rendered":"<p>Sz\u00fcl\u0151\u2013kisgyermek csoport D\u00e1tum: 2026. j\u00fanius 22. \u2013 j\u00falius 3. Id\u0151beoszt\u00e1s: F\u00e9lnapos program (09:00\u201313:00) Szeretettel v\u00e1rjuk az 1\u20133 \u00e9ves, mozg\u00e1sfejl\u0151d\u00e9si elmarad\u00e1ssal vagy k\u00f6zponti idegrendszeri \u00e9rintetts\u00e9ggel \u00e9l\u0151 gyermekeket (GMFCS IV\u2013V), sz\u00fcleikkel vagy gondoz\u00f3ikkal egy\u00fctt, korai intervenci\u00f3t \u00e9s fejleszt\u00e9st t\u00e1mogat\u00f3 kondukt\u00edv nevel\u00e9si programunkba. A foglalkoz\u00e1sok struktur\u00e1lt, ugyanakkor j\u00e1t\u00e9kos k\u00f6rnyezetben zajlanak, ahol a gyermekek fejl\u0151d\u00e9s\u00e9t c\u00e9lzott, jelent\u00e9steli tev\u00e9kenys\u00e9gek t\u00e1mogatj\u00e1k, &hellip;<\/p>\n","protected":false},"author":102594,"featured_media":2808,"parent":2777,"menu_order":2,"comment_status":"closed","ping_status":"closed","template":"","meta":{"_acf_changed":false,"footnotes":""},"categories":[99],"tags":[],"class_list":["post-2807","page","type-page","status-publish","has-post-thumbnail","hentry","category-turnusok"],"acf":[],"_links":{"self":[{"href":"https:\/\/semmelweis.hu\/peto-development\/wp-json\/wp\/v2\/pages\/2807","targetHints":{"allow":["GET"]}}],"collection":[{"href":"https:\/\/semmelweis.hu\/peto-development\/wp-json\/wp\/v2\/pages"}],"about":[{"href":"https:\/\/semmelweis.hu\/peto-development\/wp-json\/wp\/v2\/types\/page"}],"author":[{"embeddable":true,"href":"https:\/\/semmelweis.hu\/peto-development\/wp-json\/wp\/v2\/users\/102594"}],"replies":[{"embeddable":true,"href":"https:\/\/semmelweis.hu\/peto-development\/wp-json\/wp\/v2\/comments?post=2807"}],"version-history":[{"count":3,"href":"https:\/\/semmelweis.hu\/peto-development\/wp-json\/wp\/v2\/pages\/2807\/revisions"}],"predecessor-version":[{"id":2811,"href":"https:\/\/semmelweis.hu\/peto-development\/wp-json\/wp\/v2\/pages\/2807\/revisions\/2811"}],"up":[{"embeddable":true,"href":"https:\/\/semmelweis.hu\/peto-development\/wp-json\/wp\/v2\/pages\/2777"}],"wp:featuredmedia":[{"embeddable":true,"href":"https:\/\/semmelweis.hu\/peto-development\/wp-json\/wp\/v2\/media\/2808"}],"wp:attachment":[{"href":"https:\/\/semmelweis.hu\/peto-development\/wp-json\/wp\/v2\/media?parent=2807"}],"wp:term":[{"taxonomy":"category","embeddable":true,"href":"https:\/\/semmelweis.hu\/peto-development\/wp-json\/wp\/v2\/categories?post=2807"},{"taxonomy":"post_tag","embeddable":true,"href":"https:\/\/semmelweis.hu\/peto-development\/wp-json\/wp\/v2\/tags?post=2807"}],"curies":[{"name":"wp","href":"https:\/\/api.w.org\/{rel}","templated":true}]}}