{"id":2578,"date":"2026-02-24T22:03:09","date_gmt":"2026-02-24T21:03:09","guid":{"rendered":"https:\/\/semmelweis.hu\/peto-development\/?page_id=2578"},"modified":"2026-02-24T22:05:59","modified_gmt":"2026-02-24T21:05:59","slug":"intenziv-hetek-kisiskolas-eletkor","status":"publish","type":"page","link":"https:\/\/semmelweis.hu\/peto-development\/hu\/intenziv-hetek-kisiskolas-eletkor\/","title":{"rendered":"Intenz\u00edv hetek &#8211; Kisiskol\u00e1s \u00e9letkor"},"content":{"rendered":"<h1>Intenz\u00edv hetek &#8211; kisiskol\u00e1s \u00e9letkor<\/h1>\n<h6>D\u00e1tum: 2026. 03. 30. \u2013 04. 10.<\/h6>\n<h6>Id\u0151tartam:<\/h6>\n<ul>\n<li>\n<h6>egy\u00e9ni fejleszt\u00e9s (napi 1-2x 60 perc)<\/h6>\n<\/li>\n<li>\n<h6>megfelel\u0151 sz\u00e1m\u00fa jelentkez\u0151 eset\u00e9n \u2013 f\u00e9lnapos, csoportos program (9:00\u201313:00)<\/h6>\n<\/li>\n<\/ul>\n<p><img loading=\"lazy\" decoding=\"async\" class=\"alignright size-medium wp-image-2579\" src=\"https:\/\/semmelweis.hu\/peto-development\/files\/2026\/02\/Kisiskolas-400x286.png\" alt=\"\" width=\"400\" height=\"286\" srcset=\"https:\/\/semmelweis.hu\/peto-development\/files\/2026\/02\/Kisiskolas-400x286.png 400w, https:\/\/semmelweis.hu\/peto-development\/files\/2026\/02\/Kisiskolas-1024x732.png 1024w, https:\/\/semmelweis.hu\/peto-development\/files\/2026\/02\/Kisiskolas-768x549.png 768w, https:\/\/semmelweis.hu\/peto-development\/files\/2026\/02\/Kisiskolas-1536x1097.png 1536w, https:\/\/semmelweis.hu\/peto-development\/files\/2026\/02\/Kisiskolas-753x538.png 753w, https:\/\/semmelweis.hu\/peto-development\/files\/2026\/02\/Kisiskolas.png 2000w\" sizes=\"auto, (max-width: 400px) 100vw, 400px\" \/>Szeretettel v\u00e1rjuk a 6\u201312 \u00e9ves, elt\u00e9r\u0151 fejl\u0151d\u00e9smenet\u0171, k\u00f6zponti idegrendszeri s\u00e9r\u00fcl\u00e9ssel \u00e9l\u0151 iskol\u00e1s gyermekeket a tavaszi sz\u00fcnetben megrendez\u00e9sre ker\u00fcl\u0151, magyar nyelv\u0171 intenz\u00edv fejleszt\u0151 heteinkre!<\/p>\n<p>Programunk c\u00e9lja, hogy a gyermekek szem\u00e9lyre szabott, \u00e9lm\u00e9nyk\u00f6zpont\u00fa, komplex kondukt\u00edv nevel\u00e9sben \u00e9s fejleszt\u00e9sben r\u00e9szes\u00fcljenek, amely struktur\u00e1lt pedag\u00f3giai keretben t\u00e1mogatja mozg\u00e1sfunkci\u00f3ik, \u00f6nell\u00e1t\u00e1si k\u00e9szs\u00e9geik \u00e9s \u00f6n\u00e1ll\u00f3s\u00e1guk kibontakoz\u00e1s\u00e1t, biztons\u00e1gos k\u00f6rnyezetben.<\/p>\n<p>A programban val\u00f3 r\u00e9szv\u00e9tel el\u0151zetes \u00e1llapotfelm\u00e9r\u00e9st k\u00f6vet\u0151en lehets\u00e9ges, hogy minden gyermek sz\u00e1m\u00e1ra a legmegfelel\u0151bb fejleszt\u00e9si tervet tudjuk biztos\u00edtani.<\/p>\n<p>Miben ny\u00fajt fejl\u0151d\u00e9si lehet\u0151s\u00e9get?<\/p>\n<ul>\n<li>Motoros k\u00e9szs\u00e9gek \u2013 j\u00e1t\u00e9kos feladatok sor\u00e1n a finom- \u00e9s nagymozg\u00e1sok \u00f6sszehangol\u00e1s\u00e1ban, a mozg\u00e1skoordin\u00e1ci\u00f3 fejleszt\u00e9s\u00e9nek t\u00e1mogat\u00e1s\u00e1ban<\/li>\n<li>Egyens\u00faly \u00e9s testtart\u00e1s \u2013 testhelyzetek tudatos szab\u00e1lyoz\u00e1s\u00e1ban<\/li>\n<li>Kommunik\u00e1ci\u00f3 \u00e9s szoci\u00e1lis kompetenci\u00e1k \u2013 a verb\u00e1lis \u00e9s nonverb\u00e1lis kommunik\u00e1ci\u00f3 haszn\u00e1lat\u00e1ban, az egy\u00fcttm\u0171k\u00f6d\u00e9s \u00e9s a t\u00e1rsas szab\u00e1lyok gyakorl\u00e1s\u00e1ban<\/li>\n<li>\u00d6n\u00e1ll\u00f3s\u00e1g \u00e9s mindennapi k\u00e9szs\u00e9gek \u2013 az \u00f6lt\u00f6zk\u00f6d\u00e9s, \u00e9tkez\u00e9s \u00e9s a higi\u00e9niai szok\u00e1sok elsaj\u00e1t\u00edt\u00e1s\u00e1ban<\/li>\n<\/ul>\n<div>\n<h6 data-start=\"1417\" data-end=\"1465\">\u00a0<\/h6>\n<h6 data-start=\"1417\" data-end=\"1465\">Tov\u00e1bbi k\u00e9rd\u00e9s eset\u00e9n forduljon hozz\u00e1nk bizalommal!<\/h6>\n<\/div>\n<div class=\"keretes w-100\">\n<p style=\"text-align: left\">Jelentkez\u00e9s e-mail-en: <a href=\"mailto:pak.ce@semmelweis.hu\"><strong>pak.ce@semmelweis<\/strong><strong>.hu<\/strong><\/a>\u00a0 \u00a0 \u00a0 \u00a0<\/p>\n<p style=\"text-align: left\"><span data-teams=\"true\">Jelentkez\u00e9si lap kit\u00f6lt\u00e9s\u00e9vel: <a class=\"button\" href=\"https:\/\/semmelweis.hu\/peto-development\/hu\/jelentkezes\/jelentkezesi-lap-gyermek\/\" target=\"_blank\" rel=\"noopener\">APPLY<\/a><\/span><\/p>\n<\/div>\n","protected":false},"excerpt":{"rendered":"<p>Szeretettel v\u00e1rjuk a 6\u201312 \u00e9ves, elt\u00e9r\u0151 fejl\u0151d\u00e9smenet\u0171, k\u00f6zponti idegrendszeri s\u00e9r\u00fcl\u00e9ssel \u00e9l\u0151 iskol\u00e1s gyermekeket a tavaszi sz\u00fcnetben megrendez\u00e9sre ker\u00fcl\u0151, magyar nyelv\u0171 intenz\u00edv fejleszt\u0151 heteinkre!<\/p>\n","protected":false},"author":102594,"featured_media":2579,"parent":0,"menu_order":0,"comment_status":"closed","ping_status":"closed","template":"","meta":{"_acf_changed":false,"footnotes":""},"categories":[85],"tags":[],"class_list":["post-2578","page","type-page","status-publish","has-post-thumbnail","hentry","category-programok"],"acf":[],"_links":{"self":[{"href":"https:\/\/semmelweis.hu\/peto-development\/wp-json\/wp\/v2\/pages\/2578","targetHints":{"allow":["GET"]}}],"collection":[{"href":"https:\/\/semmelweis.hu\/peto-development\/wp-json\/wp\/v2\/pages"}],"about":[{"href":"https:\/\/semmelweis.hu\/peto-development\/wp-json\/wp\/v2\/types\/page"}],"author":[{"embeddable":true,"href":"https:\/\/semmelweis.hu\/peto-development\/wp-json\/wp\/v2\/users\/102594"}],"replies":[{"embeddable":true,"href":"https:\/\/semmelweis.hu\/peto-development\/wp-json\/wp\/v2\/comments?post=2578"}],"version-history":[{"count":2,"href":"https:\/\/semmelweis.hu\/peto-development\/wp-json\/wp\/v2\/pages\/2578\/revisions"}],"predecessor-version":[{"id":2582,"href":"https:\/\/semmelweis.hu\/peto-development\/wp-json\/wp\/v2\/pages\/2578\/revisions\/2582"}],"wp:featuredmedia":[{"embeddable":true,"href":"https:\/\/semmelweis.hu\/peto-development\/wp-json\/wp\/v2\/media\/2579"}],"wp:attachment":[{"href":"https:\/\/semmelweis.hu\/peto-development\/wp-json\/wp\/v2\/media?parent=2578"}],"wp:term":[{"taxonomy":"category","embeddable":true,"href":"https:\/\/semmelweis.hu\/peto-development\/wp-json\/wp\/v2\/categories?post=2578"},{"taxonomy":"post_tag","embeddable":true,"href":"https:\/\/semmelweis.hu\/peto-development\/wp-json\/wp\/v2\/tags?post=2578"}],"curies":[{"name":"wp","href":"https:\/\/api.w.org\/{rel}","templated":true}]}}