{"id":2254,"date":"2025-03-18T16:45:42","date_gmt":"2025-03-18T15:45:42","guid":{"rendered":"https:\/\/semmelweis.hu\/peto-development\/?page_id=2254"},"modified":"2025-03-18T17:36:21","modified_gmt":"2025-03-18T16:36:21","slug":"egyeni-fejlesztes","status":"publish","type":"page","link":"https:\/\/semmelweis.hu\/peto-development\/hu\/szolgaltatasok\/gyermekeknek\/egyeni-fejlesztes\/","title":{"rendered":"Egy\u00e9ni fejleszt\u00e9s"},"content":{"rendered":"<h1>Egy\u00e9ni fejleszt\u00e9s<\/h1>\n<p style=\"text-align: justify\"><img loading=\"lazy\" decoding=\"async\" class=\"alignright wp-image-123 size-medium\" src=\"https:\/\/semmelweis.hu\/peto-development\/files\/2023\/03\/IMG_1307-300x400.png\" alt=\"\" width=\"300\" height=\"400\" srcset=\"https:\/\/semmelweis.hu\/peto-development\/files\/2023\/03\/IMG_1307-300x400.png 300w, https:\/\/semmelweis.hu\/peto-development\/files\/2023\/03\/IMG_1307-768x1024.png 768w, https:\/\/semmelweis.hu\/peto-development\/files\/2023\/03\/IMG_1307-1152x1536.png 1152w, https:\/\/semmelweis.hu\/peto-development\/files\/2023\/03\/IMG_1307-1536x2048.png 1536w, https:\/\/semmelweis.hu\/peto-development\/files\/2023\/03\/IMG_1307-753x1004.png 753w\" sizes=\"auto, (max-width: 300px) 100vw, 300px\" \/>A foglalkoz\u00e1sok el\u0151tt minden jelentkez\u0151 egy\u00e9ni vizsg\u00e1laton \u00e9s tan\u00e1csad\u00e1son vesz r\u00e9szt, amely alapj\u00e1n egy <strong>egy\u00e9nre szabott fejleszt\u00e9si terv<\/strong> k\u00e9sz\u00fcl a sz\u00fcl\u0151kkel egyeztetett c\u00e9lok alapj\u00e1n. V\u00e1rjuk szeretettel az elt\u00e9r\u0151 fejl\u0151d\u00e9smenet\u0171 illetve, k\u00f6zponti idegrendszeri s\u00e9r\u00fcl\u00e9ssel \u00e9l\u0151 <strong>gyermekeket<\/strong><strong>!<\/strong><\/p>\n<p style=\"text-align: justify\">A kondukt\u00edv pedag\u00f3giai m\u00f3dszer alapelvei miatt <strong>m\u00e1r bab\u00e1kn\u00e1l is alkalmazhat\u00f3<\/strong>, s\u0151t akkor \u00e9rhet\u0151 el a legjobb hat\u00e1sfok, ha min\u00e9l hamarabb megkezd\u0151dik a fejleszt\u00e9s.<\/p>\n<p style=\"text-align: justify\">Elengedhetetlennek tartjuk, hogy a gyermekek \u00e9s sz\u00fcleik <strong>motiv\u00e1ltak legyenek<\/strong>, mivel ez a tanul\u00e1s f\u0151 kulcsa. \u00c9ppen ez\u00e9rt fontos szempont a <strong>j\u00e1t\u00e9koss\u00e1g<\/strong>. \u00c9nekekkel, mond\u00f3k\u00e1val k\u00eds\u00e9rt foglalkoz\u00e1sainkon a besz\u00e9dind\u00edt\u00e1s\u00e1ra is hangs\u00falyt fektet\u00fcnk.<\/p>\n<p style=\"text-align: justify\"><strong>A fejleszt\u00e9s id\u0151tartama: megbesz\u00e9l\u00e9s szerint (kb.: 1-1,5 \u00f3ra).<br \/>\nAz egy\u00e9ni fejleszt\u00e9s \u00e1ra: 13.500 Ft\/\u00f3ra<\/strong><\/p>\n<div class=\"keretes w-100\">\n<p style=\"text-align: center\">Jelentkezni a <strong><a href=\"mailto:pak.ce@semmelweis.hu\">pak.ce@semmelweis.hu<\/a><\/strong> email c\u00edmen lehet vagy az online jelentkez\u00e9si \u0171rlap kit\u00f6lt\u00e9s\u00e9vel!<\/p>\n<\/div>\n<p style=\"text-align: center\"><a class=\"btn btn-secondary\" href=\"https:\/\/semmelweis.hu\/peto-development\/jelentkezes\/jelentkezesi-lap-gyermek\/\" target=\"null\" rel=\"noopener\">Jelentkez\u00e9s<\/a><\/p>\n<p>A c\u00e9lok megval\u00f3s\u00edt\u00e1sa \u00e9rdek\u00e9ben nagy gondot ford\u00edtunk az <strong>egy\u00fcttm\u0171k\u00f6d\u00e9sre<\/strong>, a kapcsolattart\u00e1sra a csal\u00e1ddal \u00e9s m\u00e1s szakemberekkel (neurol\u00f3gus, ortop\u00e9d orvos).<\/p>\n<h5>A r\u00e9sztvev\u0151k egy\u00e9ni c\u00e9ljaihoz igazodva kiemelt hangs\u00falyt fektet\u00fcnk:<\/h5>\n<ul>\n<li>elemi nagymozg\u00e1sok \u00e9s finommozg\u00e1sok tanul\u00e1s\u00e1ra,<\/li>\n<li>szenzomotoros fejleszt\u00e9s\u00e9re,<\/li>\n<li>kommunik\u00e1ci\u00f3 fejleszt\u00e9s\u00e9re,<\/li>\n<li>kognit\u00edv k\u00e9pess\u00e9gek (figyelem, eml\u00e9kezet, gondolkod\u00e1s) fejleszt\u00e9s\u00e9re,<\/li>\n<li>\u00f6nkiszolg\u00e1l\u00e1s, \u00e9tkez\u00e9s tanul\u00e1s\u00e1ra.<\/li>\n<\/ul>\n<h6>Ink\u00e1bb csoportos foglalkoz\u00e1st keresne? <a href=\"https:\/\/semmelweis.hu\/peto-development\/hu\/szolgaltatasok\/gyermekeknek\/csoportos-fejlesztes\/\">Olvasson csoportos programjainkr\u00f3l \u2192<\/a><\/h6>\n<h6>Ink\u00e1bb intenz\u00edv h\u00e9t \u00e9rdekeln\u00e9? <a href=\"https:\/\/semmelweis.hu\/peto-development\/hu\/szolgaltatasok\/gyermekeknek\/intenziv-hetek\/\">Olvasson intenz\u00edv programjainkr\u00f3l \u2192<\/a><\/h6>\n","protected":false},"excerpt":{"rendered":"<p>Egy\u00e9ni fejleszt\u00e9s A foglalkoz\u00e1sok el\u0151tt minden jelentkez\u0151 egy\u00e9ni vizsg\u00e1laton \u00e9s tan\u00e1csad\u00e1son vesz r\u00e9szt, amely alapj\u00e1n egy egy\u00e9nre szabott fejleszt\u00e9si terv k\u00e9sz\u00fcl a sz\u00fcl\u0151kkel egyeztetett c\u00e9lok alapj\u00e1n. V\u00e1rjuk szeretettel az elt\u00e9r\u0151 fejl\u0151d\u00e9smenet\u0171 illetve, k\u00f6zponti idegrendszeri s\u00e9r\u00fcl\u00e9ssel \u00e9l\u0151 gyermekeket! A kondukt\u00edv pedag\u00f3giai m\u00f3dszer alapelvei miatt m\u00e1r bab\u00e1kn\u00e1l is alkalmazhat\u00f3, s\u0151t akkor \u00e9rhet\u0151 el a legjobb hat\u00e1sfok, ha &hellip;<\/p>\n","protected":false},"author":102184,"featured_media":0,"parent":431,"menu_order":2,"comment_status":"closed","ping_status":"closed","template":"","meta":{"_acf_changed":false,"footnotes":""},"categories":[],"tags":[],"class_list":["post-2254","page","type-page","status-publish","hentry"],"acf":[],"_links":{"self":[{"href":"https:\/\/semmelweis.hu\/peto-development\/wp-json\/wp\/v2\/pages\/2254","targetHints":{"allow":["GET"]}}],"collection":[{"href":"https:\/\/semmelweis.hu\/peto-development\/wp-json\/wp\/v2\/pages"}],"about":[{"href":"https:\/\/semmelweis.hu\/peto-development\/wp-json\/wp\/v2\/types\/page"}],"author":[{"embeddable":true,"href":"https:\/\/semmelweis.hu\/peto-development\/wp-json\/wp\/v2\/users\/102184"}],"replies":[{"embeddable":true,"href":"https:\/\/semmelweis.hu\/peto-development\/wp-json\/wp\/v2\/comments?post=2254"}],"version-history":[{"count":3,"href":"https:\/\/semmelweis.hu\/peto-development\/wp-json\/wp\/v2\/pages\/2254\/revisions"}],"predecessor-version":[{"id":2273,"href":"https:\/\/semmelweis.hu\/peto-development\/wp-json\/wp\/v2\/pages\/2254\/revisions\/2273"}],"up":[{"embeddable":true,"href":"https:\/\/semmelweis.hu\/peto-development\/wp-json\/wp\/v2\/pages\/431"}],"wp:attachment":[{"href":"https:\/\/semmelweis.hu\/peto-development\/wp-json\/wp\/v2\/media?parent=2254"}],"wp:term":[{"taxonomy":"category","embeddable":true,"href":"https:\/\/semmelweis.hu\/peto-development\/wp-json\/wp\/v2\/categories?post=2254"},{"taxonomy":"post_tag","embeddable":true,"href":"https:\/\/semmelweis.hu\/peto-development\/wp-json\/wp\/v2\/tags?post=2254"}],"curies":[{"name":"wp","href":"https:\/\/api.w.org\/{rel}","templated":true}]}}