{"id":2252,"date":"2025-03-18T16:43:52","date_gmt":"2025-03-18T15:43:52","guid":{"rendered":"https:\/\/semmelweis.hu\/peto-development\/?page_id=2252"},"modified":"2026-01-26T10:04:43","modified_gmt":"2026-01-26T09:04:43","slug":"intenziv-hetek","status":"publish","type":"page","link":"https:\/\/semmelweis.hu\/peto-development\/hu\/szolgaltatasok\/gyermekeknek\/intenziv-hetek\/","title":{"rendered":"Intenz\u00edv hetek"},"content":{"rendered":"<h1 class=\"lead\"><span style=\"font-size: 30px;font-weight: bold;text-transform: uppercase\">Intenz\u00edv hetek<\/span><\/h1>\n<p>&nbsp;<\/p>\n<p>Az intenz\u00edv h\u00e9t lehet\u0151s\u00e9get biztos\u00edt a r\u00e9sztvev\u0151k sz\u00e1m\u00e1ra, hogy napi t\u00f6bb \u00f3r\u00e1ban, egy\u00e9ni ig\u00e9nyekhez m\u00e9rten, komplex kondukt\u00edv tev\u00e9kenys\u00e9geken kereszt\u00fcl ker\u00fclhessen sor k\u00e9pess\u00e9geik kibontakoztat\u00e1s\u00e1ra. A program \u00e1llapotfelm\u00e9r\u00e9st \u00e9s tan\u00e1csad\u00e1st k\u00f6vet\u0151en indul, \u00edgy a fejleszt\u00e9s mindenki sz\u00e1m\u00e1ra a leghat\u00e9konyabban val\u00f3sulhat meg.<\/p>\n<h5>Mit fejleszt\u00fcnk?<\/h5>\n<ul>\n<li><strong>Szoci\u00e1lis k\u00e9szs\u00e9gek:<\/strong> A kondukt\u00edv programok nagy hangs\u00falyt fektetnek a szoci\u00e1lis interakci\u00f3k el\u0151seg\u00edt\u00e9s\u00e9re, seg\u00edtve a gyerekeket abban, hogy megtanuljanak k\u00f6z\u00f6sen dolgozni, kommunik\u00e1lni, \u00e9s egy\u00fcttm\u0171k\u00f6dni m\u00e1sokkal.<\/li>\n<li><strong>Mozg\u00e1sfejleszt\u00e9s:<\/strong> A motorikus k\u00e9szs\u00e9geket fejleszt\u0151 gyakorlatok, mint p\u00e9ld\u00e1ul a finom- \u00e9s nagymozg\u00e1sok, jav\u00edtj\u00e1k a gyerekek fizikai koordin\u00e1ci\u00f3j\u00e1t \u00e9s egyens\u00faly\u00e9rz\u00e9k\u00e9t.<\/li>\n<li><strong>Sz\u00f3kincs- \u00e9s besz\u00e9dfejleszt\u00e9s:<\/strong> Az intenz\u00edv fejleszt\u00e9s az akt\u00edv besz\u00e9det \u00e9s sz\u00f3kincset is el\u0151seg\u00edti, k\u00fcl\u00f6n\u00f6sen a verb\u00e1lis \u00e9s nonverb\u00e1lis kommunik\u00e1ci\u00f3s k\u00e9szs\u00e9gek fejleszt\u00e9s\u00e9n kereszt\u00fcl.<\/li>\n<li><strong>\u00d6n\u00e1ll\u00f3s\u00e1g \u00e9s mindennapi k\u00e9szs\u00e9gek:<\/strong> Az intenz\u00edv fejleszt\u00e9s c\u00e9lja a gyermekek \u00f6n\u00e1ll\u00f3s\u00e1g\u00e1nak n\u00f6vel\u00e9se is, hogy k\u00e9pesek legyenek a mindennapi feladatok, mint p\u00e9ld\u00e1ul \u00f6lt\u00f6zk\u00f6d\u00e9s, \u00e9tkez\u00e9s, szem\u00e9lyes higi\u00e9nia \u00e9s m\u00e1s alapvet\u0151 tev\u00e9kenys\u00e9gek v\u00e9gz\u00e9s\u00e9re.<\/li>\n<\/ul>\n<h5>A fejleszt\u00e9s:<\/h5>\n<ul>\n<li><strong>Szem\u00e9lyre szabott:<\/strong> A r\u00e9sztvev\u0151 sz\u00fcks\u00e9gleteihez igazod\u00f3 fejleszt\u00e9si terv ker\u00fcl kidolgoz\u00e1sra, figyelembe v\u00e9ve az egy\u00e9ni k\u00e9pess\u00e9gek szintj\u00e9t, az aktu\u00e1lis \u00e1llapot\u00e1t \u00e9s ig\u00e9nyeit.<\/li>\n<li><strong>Komplex:<\/strong> A kondukt\u00edv pedag\u00f3gia nemcsak a motorikus fejl\u0151d\u00e9sre koncentr\u00e1l, hanem a kognit\u00edv, \u00e9rzelmi \u00e9s szoci\u00e1lis k\u00e9szs\u00e9gekre is. A c\u00e9l nem csak a fizikai fejl\u0151d\u00e9s, hanem az egy\u00e9n \u00f6n\u00e1ll\u00f3s\u00e1g\u00e1nak n\u00f6vel\u00e9se, a probl\u00e9mamegold\u00f3 k\u00e9szs\u00e9g\u00e9nek fejleszt\u00e9se \u00e9s a t\u00e1rsas kapcsolatok jav\u00edt\u00e1sa is.<\/li>\n<li><strong data-start=\"131\" data-end=\"159\">Rendszeres visszajelz\u00e9sre \u00e9p\u00fcl:<\/strong> A foglalkoz\u00e1sok sor\u00e1n a r\u00e9sztvev\u0151k el\u0151rehalad\u00e1s\u00e1t folyamatosan k\u00f6vethet\u0151, tov\u00e1bb\u00e1 sz\u00fcl\u0151k\u00e9nt rendszeresen \u00e9rtes\u00fclhetnek gyermek\u00fck aktu\u00e1lis fejl\u0151d\u00e9s\u00e9r\u0151l \u00e9s tov\u00e1bbviteli lehet\u0151s\u00e9geir\u0151l.<\/li>\n<\/ul>\n<p><strong>\u00c9rdekl\u0151dni a <a href=\"mailto:pak.ce@semmelweis.hu\">pak.ce@semmelweis.hu<\/a> email c\u00edmen!<\/strong><\/p>\n<h5><strong style=\"color: #1e2326;font-family: 'PT serif', serif;font-size: 1rem\">Helysz\u00edn:<\/strong><span style=\"color: #1e2326;font-family: 'PT serif', serif;font-size: 1rem;font-weight: 400\"> Semmelweis Egyetem Pet\u0151 Andr\u00e1s Kar, 1125 Budapest, K\u00fatv\u00f6lgyi \u00fat 8. (Pet\u0151 Int\u00e9zet)<\/span><\/h5>\n<h6>\u00a0<\/h6>\n<h6>Egy\u00e9ni fejleszt\u00e9st keres? <a href=\"https:\/\/semmelweis.hu\/peto-development\/hu\/szolgaltatasok\/gyermekeknek\/egyeni-fejlesztes\/\">Olvasson az egy\u00e9ni fejleszt\u0151 programunkr\u00f3l \u2192<\/a><\/h6>\n","protected":false},"excerpt":{"rendered":"<p>Intenz\u00edv hetek &nbsp; Az intenz\u00edv h\u00e9t lehet\u0151s\u00e9get biztos\u00edt a r\u00e9sztvev\u0151k sz\u00e1m\u00e1ra, hogy napi t\u00f6bb \u00f3r\u00e1ban, egy\u00e9ni ig\u00e9nyekhez m\u00e9rten, komplex kondukt\u00edv tev\u00e9kenys\u00e9geken kereszt\u00fcl ker\u00fclhessen sor k\u00e9pess\u00e9geik kibontakoztat\u00e1s\u00e1ra. A program \u00e1llapotfelm\u00e9r\u00e9st \u00e9s tan\u00e1csad\u00e1st k\u00f6vet\u0151en indul, \u00edgy a fejleszt\u00e9s mindenki sz\u00e1m\u00e1ra a leghat\u00e9konyabban val\u00f3sulhat meg. Mit fejleszt\u00fcnk? Szoci\u00e1lis k\u00e9szs\u00e9gek: A kondukt\u00edv programok nagy hangs\u00falyt fektetnek a szoci\u00e1lis interakci\u00f3k &hellip;<\/p>\n","protected":false},"author":102184,"featured_media":0,"parent":431,"menu_order":3,"comment_status":"closed","ping_status":"closed","template":"","meta":{"_acf_changed":false,"footnotes":""},"categories":[],"tags":[],"class_list":["post-2252","page","type-page","status-publish","hentry"],"acf":[],"_links":{"self":[{"href":"https:\/\/semmelweis.hu\/peto-development\/wp-json\/wp\/v2\/pages\/2252","targetHints":{"allow":["GET"]}}],"collection":[{"href":"https:\/\/semmelweis.hu\/peto-development\/wp-json\/wp\/v2\/pages"}],"about":[{"href":"https:\/\/semmelweis.hu\/peto-development\/wp-json\/wp\/v2\/types\/page"}],"author":[{"embeddable":true,"href":"https:\/\/semmelweis.hu\/peto-development\/wp-json\/wp\/v2\/users\/102184"}],"replies":[{"embeddable":true,"href":"https:\/\/semmelweis.hu\/peto-development\/wp-json\/wp\/v2\/comments?post=2252"}],"version-history":[{"count":11,"href":"https:\/\/semmelweis.hu\/peto-development\/wp-json\/wp\/v2\/pages\/2252\/revisions"}],"predecessor-version":[{"id":2471,"href":"https:\/\/semmelweis.hu\/peto-development\/wp-json\/wp\/v2\/pages\/2252\/revisions\/2471"}],"up":[{"embeddable":true,"href":"https:\/\/semmelweis.hu\/peto-development\/wp-json\/wp\/v2\/pages\/431"}],"wp:attachment":[{"href":"https:\/\/semmelweis.hu\/peto-development\/wp-json\/wp\/v2\/media?parent=2252"}],"wp:term":[{"taxonomy":"category","embeddable":true,"href":"https:\/\/semmelweis.hu\/peto-development\/wp-json\/wp\/v2\/categories?post=2252"},{"taxonomy":"post_tag","embeddable":true,"href":"https:\/\/semmelweis.hu\/peto-development\/wp-json\/wp\/v2\/tags?post=2252"}],"curies":[{"name":"wp","href":"https:\/\/api.w.org\/{rel}","templated":true}]}}