{"id":2247,"date":"2025-03-18T16:36:14","date_gmt":"2025-03-18T15:36:14","guid":{"rendered":"https:\/\/semmelweis.hu\/peto-development\/?page_id=2247"},"modified":"2026-04-07T12:43:41","modified_gmt":"2026-04-07T10:43:41","slug":"csoportos-fejlesztes","status":"publish","type":"page","link":"https:\/\/semmelweis.hu\/peto-development\/hu\/szolgaltatasok\/gyermekeknek\/csoportos-fejlesztes\/","title":{"rendered":"Csoportos fejleszt\u00e9s"},"content":{"rendered":"<h1>Csoportos Fejleszt\u00e9sek<\/h1>\n<h5>INTENZ\u00cdV KOMPLEX KONDUKT\u00cdV FEJLESZT\u00c9S<\/h5>\n<div class=\"keretes w-100\">\n<p>A fejleszt\u00e9s a gyermek <strong>aktivit\u00e1s\u00e1ra \u00e9p\u00edt<\/strong>, \u00e9s a legt\u00f6bb esetben a <strong>sz\u00fcl\u0151k akt\u00edv r\u00e9szv\u00e9tel\u00e9vel<\/strong> t\u00f6rt\u00e9nik. A program fontos r\u00e9sze a <strong>sz\u00fcl\u0151k tan\u00edt\u00e1sa<\/strong>, hogy a tanultakat az otthoni k\u00f6rnyezetben \u00e9s hat\u00e9konyan tudj\u00e1k alkalmazni.<\/p>\n<\/div>\n<p>Az intenz\u00edv komplex kondukt\u00edv fejleszt\u00e9sre 1 &#8211; 3 hetes turnusra lehet jelentkezni.\u00a0<br \/>\nA program id\u0151tartama: 8.30-12.30 \u00f3r\u00e1ig.<\/p>\n<h5>Az intenz\u00edv komplex fejleszt\u00e9s mag\u00e1ba foglalja:<\/h5>\n<ul>\n<li>nagymozg\u00e1sok \u00e9s finommozg\u00e1sok tanul\u00e1s\u00e1t,<\/li>\n<li>szenzomotoros fejleszt\u00e9st,<\/li>\n<li>kommunik\u00e1ci\u00f3 fejleszt\u00e9st,<\/li>\n<li>kognit\u00edv k\u00e9pess\u00e9gek (figyelem, eml\u00e9kezet, gondolkod\u00e1s) fejleszt\u00e9s\u00e9t,<\/li>\n<li>\u00f6nkiszolg\u00e1l\u00e1s, \u00e9tkez\u00e9s tanul\u00e1s\u00e1t.<\/li>\n<\/ul>\n<p style=\"text-align: center\"><a class=\"btn btn-secondary\" href=\"https:\/\/semmelweis.hu\/peto-development\/jelentkezes\/jelentkezesi-lap-gyermek\/\" target=\"null\" rel=\"noopener\">Jelentkez\u00e9s<\/a><\/p>\n<h6><a href=\"https:\/\/semmelweis.hu\/peto-development\/hu\/szolgaltatasok\/gyermekeknek\/intenziv-hetek\/\">Aktu\u00e1lisan meghirdetett intenz\u00edv heteinket itt tal\u00e1lja \u2192<\/a><\/h6>\n<h6>Egy\u00e9ni fejleszt\u00e9st keres? <a href=\"https:\/\/semmelweis.hu\/peto-development\/hu\/szolgaltatasok\/gyermekeknek\/egyeni-fejlesztes\/\">Olvasson az egy\u00e9ni fejleszt\u0151 programunkr\u00f3l \u2192<\/a><\/h6>\n\r\n        [slb_exclude]\r\n        <div class=\"row galeria-wrapper mx-0 h-auto\">\r\n            <div class=\"col-9 pl-0 pr-2\">\r\n            <span class=\"gallery-item frame\">\r\n\t\t\t\t<div class=\"galeria-left-img\"><a href=\"https:\/\/semmelweis.hu\/peto-development\/files\/2023\/05\/received_1238464647068804-1.jpeg\"><img src=https:\/\/semmelweis.hu\/peto-development\/files\/2023\/05\/received_1238464647068804-1.jpeg  \r\n                            alt=\"\" \r\n                            class=\"attachment-sote-gallery-big size-sote-gallery-big\" \r\n                            srcset=\"https:\/\/semmelweis.hu\/peto-development\/files\/2023\/05\/received_1238464647068804-1-300x400.jpeg 300w, https:\/\/semmelweis.hu\/peto-development\/files\/2023\/05\/received_1238464647068804-1-768x1024.jpeg 768w, https:\/\/semmelweis.hu\/peto-development\/files\/2023\/05\/received_1238464647068804-1-1152x1536.jpeg 1152w, https:\/\/semmelweis.hu\/peto-development\/files\/2023\/05\/received_1238464647068804-1-753x1004.jpeg 753w, https:\/\/semmelweis.hu\/peto-development\/files\/2023\/05\/received_1238464647068804-1.jpeg 1536w\" ><\/a><\/div>\r\n            <\/span>\r\n\r\n            <\/div>\r\n\r\n\t\t\t<div class=\"col-3 pl-0 pr-0\">\r\n\t\t\t\t<div class=\"galeria-right-img d-flex justify-content-between flex-column h-100 w-100 px-0 mx-0 \">\r\n                <div class=\"galeria-box\">\r\n\t\t\t\t\t<h3 class=\"galeria-title\">Gallery<\/h3>\r\n\t\t\t\t\t<div class=\"galeria-subtitle\">\r\n\r\n\t\t\t\t\t\t<div class=\"galeria-page-counter\"><span>4<\/span>images<\/div>\r\n                    <\/div> <\/div>\r\n                    <span class=\"gallery-item frame d-none d-md-flex\">\r\n\t\t\t\t\t<div class=\"galeria-small-img mt-0\"><a href=\"https:\/\/semmelweis.hu\/peto-development\/files\/2023\/05\/IMG_1605-scaled.jpg\"><img src=https:\/\/semmelweis.hu\/peto-development\/files\/2023\/05\/IMG_1605-scaled.jpg \r\n                                alt=\"\"  \r\n                                class=\"attachment-sote-gallery-small size-sote-gallery-small\" \r\n                                srcset=\"https:\/\/semmelweis.hu\/peto-development\/files\/2023\/05\/IMG_1605-300x400.jpg 300w, https:\/\/semmelweis.hu\/peto-development\/files\/2023\/05\/IMG_1605-768x1024.jpg 768w, https:\/\/semmelweis.hu\/peto-development\/files\/2023\/05\/IMG_1605-1152x1536.jpg 1152w, https:\/\/semmelweis.hu\/peto-development\/files\/2023\/05\/IMG_1605-1536x2048.jpg 1536w, https:\/\/semmelweis.hu\/peto-development\/files\/2023\/05\/IMG_1605-753x1004.jpg 753w, https:\/\/semmelweis.hu\/peto-development\/files\/2023\/05\/IMG_1605-scaled.jpg 1920w\" ><\/a><\/div>\r\n                    <\/span>\r\n                    <span class=\"gallery-item frame d-none d-md-flex\">\r\n\t\t\t\t\t<div class=\"galeria-small-img mt-0\"><a href=\"https:\/\/semmelweis.hu\/peto-development\/files\/2023\/04\/International-group.jpg\"><img src=https:\/\/semmelweis.hu\/peto-development\/files\/2023\/04\/International-group.jpg \r\n                                alt=\"\" \r\n                                class=\"attachment-sote-gallery-small size-sote-gallery-small\" \r\n                                srcset=\"https:\/\/semmelweis.hu\/peto-development\/files\/2023\/04\/International-group-400x255.jpg 400w, https:\/\/semmelweis.hu\/peto-development\/files\/2023\/04\/International-group-1024x652.jpg 1024w, https:\/\/semmelweis.hu\/peto-development\/files\/2023\/04\/International-group-768x489.jpg 768w, https:\/\/semmelweis.hu\/peto-development\/files\/2023\/04\/International-group-753x479.jpg 753w, https:\/\/semmelweis.hu\/peto-development\/files\/2023\/04\/International-group.jpg 1200w\" ><\/a><\/div>\r\n                    <\/span>\r\n\r\n                <\/div>\r\n\r\n            <\/div>\r\n\r\n            <span class=\"gallery-item\"><div class=\"hidden\"><a href=\"https:\/\/semmelweis.hu\/peto-development\/files\/2023\/02\/RS64829_KA-20170721-KA__9670-scr.jpg\">\r\n        <img src=https:\/\/semmelweis.hu\/peto-development\/files\/2023\/02\/RS64829_KA-20170721-KA__9670-scr.jpg alt=\"\" class=\"attachment-sote-gallery-big size-sote-gallery-big\" srcset=\"https:\/\/semmelweis.hu\/peto-development\/files\/2023\/02\/RS64829_KA-20170721-KA__9670-scr-400x267.jpg 400w, https:\/\/semmelweis.hu\/peto-development\/files\/2023\/02\/RS64829_KA-20170721-KA__9670-scr-768x512.jpg 768w, https:\/\/semmelweis.hu\/peto-development\/files\/2023\/02\/RS64829_KA-20170721-KA__9670-scr-753x502.jpg 753w, https:\/\/semmelweis.hu\/peto-development\/files\/2023\/02\/RS64829_KA-20170721-KA__9670-scr-203x135.jpg 203w, https:\/\/semmelweis.hu\/peto-development\/files\/2023\/02\/RS64829_KA-20170721-KA__9670-scr.jpg 950w\" >\r\n        <\/a><\/div><\/span>\r\n            <\/div>\r\n\r\n            [\/slb_exclude]\r\n\t\n<h5>\u00a0<\/h5>\n<p style=\"text-align: center\">\u00a0<\/p>\n","protected":false},"excerpt":{"rendered":"<p>Csoportos Fejleszt\u00e9sek INTENZ\u00cdV KOMPLEX KONDUKT\u00cdV FEJLESZT\u00c9S A fejleszt\u00e9s a gyermek aktivit\u00e1s\u00e1ra \u00e9p\u00edt, \u00e9s a legt\u00f6bb esetben a sz\u00fcl\u0151k akt\u00edv r\u00e9szv\u00e9tel\u00e9vel t\u00f6rt\u00e9nik. A program fontos r\u00e9sze a sz\u00fcl\u0151k tan\u00edt\u00e1sa, hogy a tanultakat az otthoni k\u00f6rnyezetben \u00e9s hat\u00e9konyan tudj\u00e1k alkalmazni. Az intenz\u00edv komplex kondukt\u00edv fejleszt\u00e9sre 1 &#8211; 3 hetes turnusra lehet jelentkezni.\u00a0 A program id\u0151tartama: 8.30-12.30 \u00f3r\u00e1ig. &hellip;<\/p>\n","protected":false},"author":102184,"featured_media":0,"parent":431,"menu_order":1,"comment_status":"closed","ping_status":"closed","template":"","meta":{"_acf_changed":false,"footnotes":""},"categories":[],"tags":[],"class_list":["post-2247","page","type-page","status-publish","hentry"],"acf":[],"_links":{"self":[{"href":"https:\/\/semmelweis.hu\/peto-development\/wp-json\/wp\/v2\/pages\/2247","targetHints":{"allow":["GET"]}}],"collection":[{"href":"https:\/\/semmelweis.hu\/peto-development\/wp-json\/wp\/v2\/pages"}],"about":[{"href":"https:\/\/semmelweis.hu\/peto-development\/wp-json\/wp\/v2\/types\/page"}],"author":[{"embeddable":true,"href":"https:\/\/semmelweis.hu\/peto-development\/wp-json\/wp\/v2\/users\/102184"}],"replies":[{"embeddable":true,"href":"https:\/\/semmelweis.hu\/peto-development\/wp-json\/wp\/v2\/comments?post=2247"}],"version-history":[{"count":4,"href":"https:\/\/semmelweis.hu\/peto-development\/wp-json\/wp\/v2\/pages\/2247\/revisions"}],"predecessor-version":[{"id":2620,"href":"https:\/\/semmelweis.hu\/peto-development\/wp-json\/wp\/v2\/pages\/2247\/revisions\/2620"}],"up":[{"embeddable":true,"href":"https:\/\/semmelweis.hu\/peto-development\/wp-json\/wp\/v2\/pages\/431"}],"wp:attachment":[{"href":"https:\/\/semmelweis.hu\/peto-development\/wp-json\/wp\/v2\/media?parent=2247"}],"wp:term":[{"taxonomy":"category","embeddable":true,"href":"https:\/\/semmelweis.hu\/peto-development\/wp-json\/wp\/v2\/categories?post=2247"},{"taxonomy":"post_tag","embeddable":true,"href":"https:\/\/semmelweis.hu\/peto-development\/wp-json\/wp\/v2\/tags?post=2247"}],"curies":[{"name":"wp","href":"https:\/\/api.w.org\/{rel}","templated":true}]}}