{"id":2226,"date":"2025-02-25T07:29:32","date_gmt":"2025-02-25T06:29:32","guid":{"rendered":"https:\/\/semmelweis.hu\/peto-development\/?page_id=2226"},"modified":"2025-04-26T14:25:17","modified_gmt":"2025-04-26T12:25:17","slug":"budapest","status":"publish","type":"page","link":"https:\/\/semmelweis.hu\/peto-development\/hu\/karrier\/budapest\/","title":{"rendered":"Budapest"},"content":{"rendered":"<h5>B\u0151v\u00edtj\u00fck csapatunkat, legy\u00e9l te is a Nemzetk\u00f6zi csoport tagja!<\/h5>\n<p><strong>Konduktor<\/strong> munkat\u00e1rsat keres a Semmelweis Egyetem Pet\u0151 Andr\u00e1s Kar Kiemelt Nemzeti \u00e9s Nemzetk\u00f6zi Szolg\u00e1ltat\u00e1si K\u00f6zpont (Nemzetk\u00f6zi csoport)!<\/p>\n<p>Olyan elk\u00f6telezett konduktort keres\u00fcnk, aki szeretne r\u00e9szt venni hazai \u00e9s k\u00fclf\u00f6ldi gyermekek \u00e9s feln\u0151ttek fejleszt\u00e9s\u00e9ben.<\/p>\n<p>A munkav\u00e9gz\u00e9s helye: <strong>Budapest<\/strong><\/p>\n<p><strong>\u00c1ll\u00e1s t\u00edpusa: Teljes munkaid\u0151<\/strong><\/p>\n<p><strong>Elv\u00e1r\u00e1sok:<\/strong><\/p>\n<ul>\n<li>Konduktori v\u00e9gzetts\u00e9g<\/li>\n<li>Prec\u00edz adminisztr\u00e1ci\u00f3, nyitotts\u00e1g a csapatmunk\u00e1ra<\/li>\n<li>J\u00f3 kommunik\u00e1ci\u00f3s k\u00e9szs\u00e9g<\/li>\n<\/ul>\n<p><strong>Feladatok:<\/strong><\/p>\n<ul>\n<li>Kondukt\u00edv pedag\u00f3giai programok megval\u00f3s\u00edt\u00e1sa gyermek \u00e9s feln\u0151tt csoportokban<\/li>\n<li>R\u00e9szv\u00e9tel nemzetk\u00f6zi programokban<\/li>\n<li>Fejleszt\u00e9si tervek k\u00e9sz\u00edt\u00e9se, dokument\u00e1ci\u00f3 vezet\u00e9se<\/li>\n<li>Kapcsolattart\u00e1s sz\u00fcl\u0151kkel<\/li>\n<\/ul>\n<p><strong>Amit k\u00edn\u00e1lunk:<\/strong><\/p>\n<ul>\n<li>Nemzetk\u00f6zi tapasztalatszerz\u00e9si lehet\u0151s\u00e9g<\/li>\n<li>R\u00e9szv\u00e9tel szakmai k\u00e9pz\u00e9seken, tov\u00e1bbk\u00e9pz\u00e9seken<\/li>\n<li>Stabil egyetemi h\u00e1tt\u00e9r<\/li>\n<li>Cafeteria<\/li>\n<\/ul>\n<p><strong>El\u0151nyt jelent:<\/strong><\/p>\n<ul>\n<li>angol \u00e9s\/vagy a munkav\u00e9gz\u00e9s helysz\u00ednei\u00fcl szolg\u00e1l\u00f3 orsz\u00e1gok nyelv\u00e9nek ismerete,<\/li>\n<li>szakmai tapasztalat kondukt\u00edv nevel\u00e9sben<\/li>\n<\/ul>\n<div class=\"keretes w-100\">\n<p><strong>Jelentkez\u00e9s f\u00e9nyk\u00e9pess \u00f6n\u00e9letrajzzal: <a href=\"mailto:csuka.pal@semmelweis.hu\">csuka.pal@semmelweis.hu<\/a> email c\u00edmen!<\/strong><\/p>\n<\/div>\n<p>&nbsp;<\/p>\n","protected":false},"excerpt":{"rendered":"<p>B\u0151v\u00edtj\u00fck csapatunkat, legy\u00e9l te is a Nemzetk\u00f6zi csoport tagja! Konduktor munkat\u00e1rsat keres a Semmelweis Egyetem Pet\u0151 Andr\u00e1s Kar Kiemelt Nemzeti \u00e9s Nemzetk\u00f6zi Szolg\u00e1ltat\u00e1si K\u00f6zpont (Nemzetk\u00f6zi csoport)! Olyan elk\u00f6telezett konduktort keres\u00fcnk, aki szeretne r\u00e9szt venni hazai \u00e9s k\u00fclf\u00f6ldi gyermekek \u00e9s feln\u0151ttek fejleszt\u00e9s\u00e9ben. A munkav\u00e9gz\u00e9s helye: Budapest \u00c1ll\u00e1s t\u00edpusa: Teljes munkaid\u0151 Elv\u00e1r\u00e1sok: Konduktori v\u00e9gzetts\u00e9g Prec\u00edz adminisztr\u00e1ci\u00f3, nyitotts\u00e1g &hellip;<\/p>\n","protected":false},"author":102184,"featured_media":0,"parent":1815,"menu_order":1,"comment_status":"closed","ping_status":"closed","template":"","meta":{"_acf_changed":false,"footnotes":""},"categories":[],"tags":[],"class_list":["post-2226","page","type-page","status-publish","hentry"],"acf":[],"_links":{"self":[{"href":"https:\/\/semmelweis.hu\/peto-development\/wp-json\/wp\/v2\/pages\/2226","targetHints":{"allow":["GET"]}}],"collection":[{"href":"https:\/\/semmelweis.hu\/peto-development\/wp-json\/wp\/v2\/pages"}],"about":[{"href":"https:\/\/semmelweis.hu\/peto-development\/wp-json\/wp\/v2\/types\/page"}],"author":[{"embeddable":true,"href":"https:\/\/semmelweis.hu\/peto-development\/wp-json\/wp\/v2\/users\/102184"}],"replies":[{"embeddable":true,"href":"https:\/\/semmelweis.hu\/peto-development\/wp-json\/wp\/v2\/comments?post=2226"}],"version-history":[{"count":3,"href":"https:\/\/semmelweis.hu\/peto-development\/wp-json\/wp\/v2\/pages\/2226\/revisions"}],"predecessor-version":[{"id":2286,"href":"https:\/\/semmelweis.hu\/peto-development\/wp-json\/wp\/v2\/pages\/2226\/revisions\/2286"}],"up":[{"embeddable":true,"href":"https:\/\/semmelweis.hu\/peto-development\/wp-json\/wp\/v2\/pages\/1815"}],"wp:attachment":[{"href":"https:\/\/semmelweis.hu\/peto-development\/wp-json\/wp\/v2\/media?parent=2226"}],"wp:term":[{"taxonomy":"category","embeddable":true,"href":"https:\/\/semmelweis.hu\/peto-development\/wp-json\/wp\/v2\/categories?post=2226"},{"taxonomy":"post_tag","embeddable":true,"href":"https:\/\/semmelweis.hu\/peto-development\/wp-json\/wp\/v2\/tags?post=2226"}],"curies":[{"name":"wp","href":"https:\/\/api.w.org\/{rel}","templated":true}]}}