{"id":192,"date":"2023-03-06T10:20:14","date_gmt":"2023-03-06T09:20:14","guid":{"rendered":"https:\/\/semmelweis.hu\/peto-development\/?page_id=192"},"modified":"2026-02-04T09:50:58","modified_gmt":"2026-02-04T08:50:58","slug":"nemzetkozi-teruletrol","status":"publish","type":"page","link":"https:\/\/semmelweis.hu\/peto-development\/hu\/rolunk\/nemzetkozi-teruletrol\/","title":{"rendered":"A nemzetk\u00f6zi ter\u00fcletr\u0151l"},"content":{"rendered":"<h1>A nemzetk\u00f6zi ter\u00fclet<\/h1>\n<p><span style=\"font-size: 14pt\"> A Semmelweis Egyetem Pet\u0151 Andr\u00e1s Kar\u00e1hoz tartoz\u00f3 <strong>Kiemelt Nemzetk\u00f6zi \u00e9s Nemzeti Szolg\u00e1ltat\u00e1si K\u00f6zpont<\/strong> k\u00fcl\u00f6nb\u00f6z\u0151 nemzetk\u00f6zi projektek ell\u00e1t\u00e1sra hivatott a magyar csal\u00e1dok sz\u00e1m\u00e1ra ny\u00fajtott budapesti szolg\u00e1ltat\u00e1sok mellett.<\/span><\/p>\n<p><span style=\"font-size: 14pt\">A Nemzetk\u00f6zi Pet\u0151 Int\u00e9zet a 80-as \u00e9vekt\u0151l fogad k\u00fclf\u00f6ldr\u0151l \u00e9rkez\u0151 p\u00e1cienseket, de a nagy \u00e9rdekl\u0151d\u00e9sre val\u00f3 tekintettel a 1990-es \u00e9vekben megalakult az \u00fagynevezett <strong>nemzetk\u00f6zi csoport<\/strong>. A nemzetk\u00f6zi r\u00e9szleg 4 csoporttal kezdte meg m\u0171k\u00f6d\u00e9s\u00e9t kezdetben angol \u00e9s n\u00e9met nyelven majd k\u00e9s\u0151bb oroszul is. Ezzel egy id\u0151ben indultak el a k\u00fclf\u00f6ldi intervallum projektek el\u0151sz\u00f6r Angli\u00e1ban, majd az eg\u00e9sz vil\u00e1gon sz\u00e1mos orsz\u00e1g\u00e1ban, p<\/span><span style=\"font-size: 14pt\">\u00e9ld\u00e1ul \u00c9szak-Amerik\u00e1ban, Egyiptomban, Izraelben, Sz\u00edri\u00e1ban, Jemenben, Mexik\u00f3ban, Chil\u00e9ben, Katarban, Ausztr\u00e1li\u00e1ban, Sv\u00e1jcban, Oroszorsz\u00e1gban \u00e9s Jap\u00e1nban. Ezek k\u00f6z\u00fcl t\u00f6bb orsz\u00e1gban is l\u00e9trej\u00f6tt \u00f6n\u00e1ll\u00f3 int\u00e9zet, amelyek jelenleg is egy\u00fcttm\u0171k\u00f6dnek a budapesti int\u00e9zettel. P\u00e9ld\u00e1ul \u00daj-Z\u00e9landon, Angli\u00e1ban \u00e9s Izraelben.<\/span><\/p>\n<p><span style=\"font-size: 14pt\">2014-ben indult meg \u00e9s jelenleg is k\u00f6zel 250 r\u00e9sztvev\u0151vel m\u0171k\u00f6dik a <strong>hat\u00e1ron t\u00fali magyarok<\/strong> kondukt\u00edv intervallum fejleszt\u00e9se, jelenleg is tartunk programokat Felvid\u00e9ken (Szlov\u00e1kia), Partium r\u00e9szen \u00e9s Erd\u00e9lyben (Rom\u00e1nia), Vajdas\u00e1gban (Szerbia), D\u00e9l-Barany\u00e1n \u00e9s a Murak\u00f6zben (Horv\u00e1torsz\u00e1g), K\u00e1rp\u00e1talj\u00e1n (Ukrajna) \u00f6sszesen 18 v\u00e1rosban.<\/span><\/p>\n<div class=\"keretes w-100\">\n<p><strong><span style=\"font-size: 14pt\">Budapesti int\u00e9zet\u00fcnk a mai napig szeretettel v\u00e1rja a jelentkezni k\u00edv\u00e1n\u00f3 csal\u00e1dokat!<\/span><\/strong><\/p>\n<p><strong>Szolg\u00e1ltat\u00e1saink Budapesten t\u00e9r\u00edt\u00e9ses form\u00e1ban vehet\u0151k ig\u00e9nybe! <\/strong><\/p>\n<p><strong>B\u0151vebb inform\u00e1ci\u00f3: a <a href=\"mailto:pak.ce@semmelweis.hu\">pak.ce@semmelweis.hu<\/a> e-mail c\u00edmen.<\/strong><\/p>\n<\/div>\n<h1>Munkat\u00e1rsaink:\u00a0<\/h1>\n<h2>Vezet\u0151k<img loading=\"lazy\" decoding=\"async\" class=\"alignright wp-image-2268\" src=\"https:\/\/semmelweis.hu\/peto-development\/files\/2025\/03\/PAK_KNNSZK_Csuka-Pal-320x400.jpg\" alt=\"\" width=\"250\" height=\"313\" srcset=\"https:\/\/semmelweis.hu\/peto-development\/files\/2025\/03\/PAK_KNNSZK_Csuka-Pal-320x400.jpg 320w, https:\/\/semmelweis.hu\/peto-development\/files\/2025\/03\/PAK_KNNSZK_Csuka-Pal-819x1024.jpg 819w, https:\/\/semmelweis.hu\/peto-development\/files\/2025\/03\/PAK_KNNSZK_Csuka-Pal-768x960.jpg 768w, https:\/\/semmelweis.hu\/peto-development\/files\/2025\/03\/PAK_KNNSZK_Csuka-Pal-1229x1536.jpg 1229w, https:\/\/semmelweis.hu\/peto-development\/files\/2025\/03\/PAK_KNNSZK_Csuka-Pal-1638x2048.jpg 1638w, https:\/\/semmelweis.hu\/peto-development\/files\/2025\/03\/PAK_KNNSZK_Csuka-Pal-753x941.jpg 753w, https:\/\/semmelweis.hu\/peto-development\/files\/2025\/03\/PAK_KNNSZK_Csuka-Pal-scaled.jpg 2048w\" sizes=\"auto, (max-width: 250px) 100vw, 250px\" \/><\/h2>\n<h4><strong>Csuka P\u00e1l<\/strong><\/h4>\n<h4>A nemzetk\u00f6zi ter\u00fclet igazgat\u00f3ja\u00a0<br \/>\nKonduktor<\/h4>\n<hr \/>\n<h4><strong>ZINNER JULIJA<img loading=\"lazy\" decoding=\"async\" class=\"alignright wp-image-2263\" src=\"https:\/\/semmelweis.hu\/peto-development\/files\/2025\/03\/PAK_KNNSZK_Zinner-Julia-Nikolajevna-320x400.jpg\" alt=\"\" width=\"250\" height=\"313\" srcset=\"https:\/\/semmelweis.hu\/peto-development\/files\/2025\/03\/PAK_KNNSZK_Zinner-Julia-Nikolajevna-320x400.jpg 320w, https:\/\/semmelweis.hu\/peto-development\/files\/2025\/03\/PAK_KNNSZK_Zinner-Julia-Nikolajevna-819x1024.jpg 819w, https:\/\/semmelweis.hu\/peto-development\/files\/2025\/03\/PAK_KNNSZK_Zinner-Julia-Nikolajevna-768x960.jpg 768w, https:\/\/semmelweis.hu\/peto-development\/files\/2025\/03\/PAK_KNNSZK_Zinner-Julia-Nikolajevna-1229x1536.jpg 1229w, https:\/\/semmelweis.hu\/peto-development\/files\/2025\/03\/PAK_KNNSZK_Zinner-Julia-Nikolajevna-1638x2048.jpg 1638w, https:\/\/semmelweis.hu\/peto-development\/files\/2025\/03\/PAK_KNNSZK_Zinner-Julia-Nikolajevna-753x941.jpg 753w, https:\/\/semmelweis.hu\/peto-development\/files\/2025\/03\/PAK_KNNSZK_Zinner-Julia-Nikolajevna-scaled.jpg 2048w\" sizes=\"auto, (max-width: 250px) 100vw, 250px\" \/><\/strong><\/h4>\n<h4>CSOPORTVEZET\u0150 KONDUKTOR<\/h4>\n<p>&nbsp;<\/p>\n<h2>\u00a0<\/h2>\n<h2>\u00a0<\/h2>\n<h2>\u00a0<\/h2>\n<hr \/>\n<h2>Konduktoraink:\u00a0<\/h2>\n<h4><strong>Csiky-monori fanni<img loading=\"lazy\" decoding=\"async\" class=\" wp-image-2474 alignright\" src=\"https:\/\/semmelweis.hu\/peto-development\/files\/2026\/02\/PAK-feb-portre-w-01-320x400.jpg\" alt=\"\" width=\"250\" height=\"313\" srcset=\"https:\/\/semmelweis.hu\/peto-development\/files\/2026\/02\/PAK-feb-portre-w-01-320x400.jpg 320w, https:\/\/semmelweis.hu\/peto-development\/files\/2026\/02\/PAK-feb-portre-w-01-819x1024.jpg 819w, https:\/\/semmelweis.hu\/peto-development\/files\/2026\/02\/PAK-feb-portre-w-01-768x960.jpg 768w, https:\/\/semmelweis.hu\/peto-development\/files\/2026\/02\/PAK-feb-portre-w-01-753x941.jpg 753w, https:\/\/semmelweis.hu\/peto-development\/files\/2026\/02\/PAK-feb-portre-w-01.jpg 1200w\" sizes=\"auto, (max-width: 250px) 100vw, 250px\" \/><\/strong><\/h4>\n<h4>Konduktor<\/h4>\n<p>&nbsp;<\/p>\n<p>&nbsp;<\/p>\n<p>&nbsp;<\/p>\n<p>&nbsp;<\/p>\n<hr \/>\n<h4><strong><img loading=\"lazy\" decoding=\"async\" class=\"alignright wp-image-2345\" src=\"https:\/\/semmelweis.hu\/peto-development\/files\/2025\/11\/PAK-25-szept-portre_nagy-1-320x400.jpg\" alt=\"\" width=\"250\" height=\"313\" srcset=\"https:\/\/semmelweis.hu\/peto-development\/files\/2025\/11\/PAK-25-szept-portre_nagy-1-320x400.jpg 320w, https:\/\/semmelweis.hu\/peto-development\/files\/2025\/11\/PAK-25-szept-portre_nagy-1-819x1024.jpg 819w, https:\/\/semmelweis.hu\/peto-development\/files\/2025\/11\/PAK-25-szept-portre_nagy-1-768x960.jpg 768w, https:\/\/semmelweis.hu\/peto-development\/files\/2025\/11\/PAK-25-szept-portre_nagy-1-1229x1536.jpg 1229w, https:\/\/semmelweis.hu\/peto-development\/files\/2025\/11\/PAK-25-szept-portre_nagy-1-1638x2048.jpg 1638w, https:\/\/semmelweis.hu\/peto-development\/files\/2025\/11\/PAK-25-szept-portre_nagy-1-753x941.jpg 753w, https:\/\/semmelweis.hu\/peto-development\/files\/2025\/11\/PAK-25-szept-portre_nagy-1-scaled.jpg 2048w\" sizes=\"auto, (max-width: 250px) 100vw, 250px\" \/><\/strong><\/h4>\n<h4><strong>Fazekas Anna Zs\u00f3fia<\/strong><\/h4>\n<h4>Konduktor<\/h4>\n<hr \/>\n<h4><strong>Ill\u00e9s Dorottya<img loading=\"lazy\" decoding=\"async\" class=\"alignright wp-image-2267\" src=\"https:\/\/semmelweis.hu\/peto-development\/files\/2025\/03\/PAK_KNNSZK_Illes-Dora-320x400.jpg\" alt=\"\" width=\"250\" height=\"313\" srcset=\"https:\/\/semmelweis.hu\/peto-development\/files\/2025\/03\/PAK_KNNSZK_Illes-Dora-320x400.jpg 320w, https:\/\/semmelweis.hu\/peto-development\/files\/2025\/03\/PAK_KNNSZK_Illes-Dora-819x1024.jpg 819w, https:\/\/semmelweis.hu\/peto-development\/files\/2025\/03\/PAK_KNNSZK_Illes-Dora-768x960.jpg 768w, https:\/\/semmelweis.hu\/peto-development\/files\/2025\/03\/PAK_KNNSZK_Illes-Dora-1229x1536.jpg 1229w, https:\/\/semmelweis.hu\/peto-development\/files\/2025\/03\/PAK_KNNSZK_Illes-Dora-1638x2048.jpg 1638w, https:\/\/semmelweis.hu\/peto-development\/files\/2025\/03\/PAK_KNNSZK_Illes-Dora-753x941.jpg 753w, https:\/\/semmelweis.hu\/peto-development\/files\/2025\/03\/PAK_KNNSZK_Illes-Dora-scaled.jpg 2048w\" sizes=\"auto, (max-width: 250px) 100vw, 250px\" \/><\/strong><\/h4>\n<h4>Konduktor<\/h4>\n<h4 style=\"text-align: left\">\u00a0<\/h4>\n<hr \/>\n<h4><strong>L\u00c9VAI ELEON\u00d3RA<br \/>\n<img loading=\"lazy\" decoding=\"async\" class=\"wp-image-2475  alignright\" src=\"https:\/\/semmelweis.hu\/peto-development\/files\/2026\/02\/PAK-feb-portre-N-02-320x400.jpg\" alt=\"\" width=\"253\" height=\"317\" srcset=\"https:\/\/semmelweis.hu\/peto-development\/files\/2026\/02\/PAK-feb-portre-N-02-320x400.jpg 320w, https:\/\/semmelweis.hu\/peto-development\/files\/2026\/02\/PAK-feb-portre-N-02-819x1024.jpg 819w, https:\/\/semmelweis.hu\/peto-development\/files\/2026\/02\/PAK-feb-portre-N-02-768x960.jpg 768w, https:\/\/semmelweis.hu\/peto-development\/files\/2026\/02\/PAK-feb-portre-N-02-1229x1536.jpg 1229w, https:\/\/semmelweis.hu\/peto-development\/files\/2026\/02\/PAK-feb-portre-N-02-1638x2048.jpg 1638w, https:\/\/semmelweis.hu\/peto-development\/files\/2026\/02\/PAK-feb-portre-N-02-753x941.jpg 753w, https:\/\/semmelweis.hu\/peto-development\/files\/2026\/02\/PAK-feb-portre-N-02-scaled.jpg 2048w\" sizes=\"auto, (max-width: 253px) 100vw, 253px\" \/><\/strong><\/h4>\n<h4>Konduktor<\/h4>\n<h4 style=\"text-align: left\">\u00a0<\/h4>\n<hr \/>\n<h4 style=\"text-align: left\"><img loading=\"lazy\" decoding=\"async\" class=\"alignright wp-image-2349\" src=\"https:\/\/semmelweis.hu\/peto-development\/files\/2025\/11\/PAK-25-szept-portre_nagy-2-320x400.jpg\" alt=\"\" width=\"250\" height=\"313\" srcset=\"https:\/\/semmelweis.hu\/peto-development\/files\/2025\/11\/PAK-25-szept-portre_nagy-2-320x400.jpg 320w, https:\/\/semmelweis.hu\/peto-development\/files\/2025\/11\/PAK-25-szept-portre_nagy-2-819x1024.jpg 819w, https:\/\/semmelweis.hu\/peto-development\/files\/2025\/11\/PAK-25-szept-portre_nagy-2-768x960.jpg 768w, https:\/\/semmelweis.hu\/peto-development\/files\/2025\/11\/PAK-25-szept-portre_nagy-2-1229x1536.jpg 1229w, https:\/\/semmelweis.hu\/peto-development\/files\/2025\/11\/PAK-25-szept-portre_nagy-2-1638x2048.jpg 1638w, https:\/\/semmelweis.hu\/peto-development\/files\/2025\/11\/PAK-25-szept-portre_nagy-2-753x941.jpg 753w, https:\/\/semmelweis.hu\/peto-development\/files\/2025\/11\/PAK-25-szept-portre_nagy-2-scaled.jpg 2048w\" sizes=\"auto, (max-width: 250px) 100vw, 250px\" \/><strong>Mag Bettina <\/strong><\/h4>\n<h4 style=\"text-align: left\">Konduktor<\/h4>\n<hr \/>\n<h4 style=\"text-align: left\"><strong>Magyar Zs\u00f3fia<img loading=\"lazy\" decoding=\"async\" class=\"alignright wp-image-2266\" src=\"https:\/\/semmelweis.hu\/peto-development\/files\/2025\/03\/PAK_KNNSZK_Magyar-Zsofia-320x400.jpg\" alt=\"\" width=\"250\" height=\"313\" srcset=\"https:\/\/semmelweis.hu\/peto-development\/files\/2025\/03\/PAK_KNNSZK_Magyar-Zsofia-320x400.jpg 320w, https:\/\/semmelweis.hu\/peto-development\/files\/2025\/03\/PAK_KNNSZK_Magyar-Zsofia-819x1024.jpg 819w, https:\/\/semmelweis.hu\/peto-development\/files\/2025\/03\/PAK_KNNSZK_Magyar-Zsofia-768x960.jpg 768w, https:\/\/semmelweis.hu\/peto-development\/files\/2025\/03\/PAK_KNNSZK_Magyar-Zsofia-1229x1536.jpg 1229w, https:\/\/semmelweis.hu\/peto-development\/files\/2025\/03\/PAK_KNNSZK_Magyar-Zsofia-1638x2048.jpg 1638w, https:\/\/semmelweis.hu\/peto-development\/files\/2025\/03\/PAK_KNNSZK_Magyar-Zsofia-753x941.jpg 753w, https:\/\/semmelweis.hu\/peto-development\/files\/2025\/03\/PAK_KNNSZK_Magyar-Zsofia-scaled.jpg 2048w\" sizes=\"auto, (max-width: 250px) 100vw, 250px\" \/><\/strong><\/h4>\n<h4 style=\"text-align: left\">Konduktor<\/h4>\n<hr \/>\n<h4><strong><img loading=\"lazy\" decoding=\"async\" class=\"alignright wp-image-2344\" src=\"https:\/\/semmelweis.hu\/peto-development\/files\/2025\/11\/PAK-25-szept-portre_nagy-4-320x400.jpg\" alt=\"\" width=\"250\" height=\"313\" srcset=\"https:\/\/semmelweis.hu\/peto-development\/files\/2025\/11\/PAK-25-szept-portre_nagy-4-320x400.jpg 320w, https:\/\/semmelweis.hu\/peto-development\/files\/2025\/11\/PAK-25-szept-portre_nagy-4-819x1024.jpg 819w, https:\/\/semmelweis.hu\/peto-development\/files\/2025\/11\/PAK-25-szept-portre_nagy-4-768x960.jpg 768w, https:\/\/semmelweis.hu\/peto-development\/files\/2025\/11\/PAK-25-szept-portre_nagy-4-1229x1536.jpg 1229w, https:\/\/semmelweis.hu\/peto-development\/files\/2025\/11\/PAK-25-szept-portre_nagy-4-1638x2048.jpg 1638w, https:\/\/semmelweis.hu\/peto-development\/files\/2025\/11\/PAK-25-szept-portre_nagy-4-753x941.jpg 753w, https:\/\/semmelweis.hu\/peto-development\/files\/2025\/11\/PAK-25-szept-portre_nagy-4-scaled.jpg 2048w\" sizes=\"auto, (max-width: 250px) 100vw, 250px\" \/>Megyesi Vill\u0151<\/strong><\/h4>\n<h4>KONDUKTOR<\/h4>\n<p>&nbsp;<\/p>\n<p>&nbsp;<\/p>\n<p>&nbsp;<\/p>\n<p>&nbsp;<\/p>\n<h4 style=\"text-align: left\">\u00a0<\/h4>\n<hr \/>\n<h4 style=\"text-align: left\"><strong>Orsoly\u00e1k Anna<img loading=\"lazy\" decoding=\"async\" class=\"alignright wp-image-2265\" src=\"https:\/\/semmelweis.hu\/peto-development\/files\/2025\/03\/PAK_KNNSZK_Orsolyak-Anna-320x400.jpg\" alt=\"\" width=\"250\" height=\"313\" srcset=\"https:\/\/semmelweis.hu\/peto-development\/files\/2025\/03\/PAK_KNNSZK_Orsolyak-Anna-320x400.jpg 320w, https:\/\/semmelweis.hu\/peto-development\/files\/2025\/03\/PAK_KNNSZK_Orsolyak-Anna-819x1024.jpg 819w, https:\/\/semmelweis.hu\/peto-development\/files\/2025\/03\/PAK_KNNSZK_Orsolyak-Anna-768x960.jpg 768w, https:\/\/semmelweis.hu\/peto-development\/files\/2025\/03\/PAK_KNNSZK_Orsolyak-Anna-1229x1536.jpg 1229w, https:\/\/semmelweis.hu\/peto-development\/files\/2025\/03\/PAK_KNNSZK_Orsolyak-Anna-1638x2048.jpg 1638w, https:\/\/semmelweis.hu\/peto-development\/files\/2025\/03\/PAK_KNNSZK_Orsolyak-Anna-753x941.jpg 753w, https:\/\/semmelweis.hu\/peto-development\/files\/2025\/03\/PAK_KNNSZK_Orsolyak-Anna-scaled.jpg 2048w\" sizes=\"auto, (max-width: 250px) 100vw, 250px\" \/><\/strong><\/h4>\n<h4 style=\"text-align: left\">Konduktor<\/h4>\n<hr \/>\n<h4 style=\"text-align: left\"><strong>Sz\u00e1sz Lili<img loading=\"lazy\" decoding=\"async\" class=\"alignright wp-image-2264\" src=\"https:\/\/semmelweis.hu\/peto-development\/files\/2025\/03\/PAK_KNNSZK_Szasz-Lili-320x400.jpg\" alt=\"\" width=\"250\" height=\"313\" srcset=\"https:\/\/semmelweis.hu\/peto-development\/files\/2025\/03\/PAK_KNNSZK_Szasz-Lili-320x400.jpg 320w, https:\/\/semmelweis.hu\/peto-development\/files\/2025\/03\/PAK_KNNSZK_Szasz-Lili-819x1024.jpg 819w, https:\/\/semmelweis.hu\/peto-development\/files\/2025\/03\/PAK_KNNSZK_Szasz-Lili-768x960.jpg 768w, https:\/\/semmelweis.hu\/peto-development\/files\/2025\/03\/PAK_KNNSZK_Szasz-Lili-1229x1536.jpg 1229w, https:\/\/semmelweis.hu\/peto-development\/files\/2025\/03\/PAK_KNNSZK_Szasz-Lili-1638x2048.jpg 1638w, https:\/\/semmelweis.hu\/peto-development\/files\/2025\/03\/PAK_KNNSZK_Szasz-Lili-753x941.jpg 753w, https:\/\/semmelweis.hu\/peto-development\/files\/2025\/03\/PAK_KNNSZK_Szasz-Lili-scaled.jpg 2048w\" sizes=\"auto, (max-width: 250px) 100vw, 250px\" \/><\/strong><\/h4>\n<h4>Konduktor<\/h4>\n<hr \/>\n<h4><strong>SiMon Bor\u00f3ka<img loading=\"lazy\" decoding=\"async\" class=\"alignright wp-image-2343\" src=\"https:\/\/semmelweis.hu\/peto-development\/files\/2025\/11\/PAK-25-szept-portre_nagy-3-320x400.jpg\" alt=\"\" width=\"250\" height=\"313\" srcset=\"https:\/\/semmelweis.hu\/peto-development\/files\/2025\/11\/PAK-25-szept-portre_nagy-3-320x400.jpg 320w, https:\/\/semmelweis.hu\/peto-development\/files\/2025\/11\/PAK-25-szept-portre_nagy-3-819x1024.jpg 819w, https:\/\/semmelweis.hu\/peto-development\/files\/2025\/11\/PAK-25-szept-portre_nagy-3-768x960.jpg 768w, https:\/\/semmelweis.hu\/peto-development\/files\/2025\/11\/PAK-25-szept-portre_nagy-3-1229x1536.jpg 1229w, https:\/\/semmelweis.hu\/peto-development\/files\/2025\/11\/PAK-25-szept-portre_nagy-3-1638x2048.jpg 1638w, https:\/\/semmelweis.hu\/peto-development\/files\/2025\/11\/PAK-25-szept-portre_nagy-3-753x941.jpg 753w, https:\/\/semmelweis.hu\/peto-development\/files\/2025\/11\/PAK-25-szept-portre_nagy-3-scaled.jpg 2048w\" sizes=\"auto, (max-width: 250px) 100vw, 250px\" \/><\/strong><\/h4>\n<h4>Konduktor<\/h4>\n","protected":false},"excerpt":{"rendered":"<p>A Nemzetk\u00f6zi Pet\u0151 Int\u00e9zet a 80-as \u00e9vekt\u0151l fogad k\u00fclf\u00f6ldr\u0151l \u00e9rkez\u0151 p\u00e1cienseket, de a nagy \u00e9rdekl\u0151d\u00e9sre val\u00f3 tekintettel a 1990-es \u00e9vekben megalakult az \u00fagynevezett nemzetk\u00f6zi csoport. A nemzetk\u00f6zi r\u00e9szleg 4 csoporttal kezdte meg m\u0171k\u00f6d\u00e9s\u00e9t kezdetben angol \u00e9s n\u00e9met nyelven majd k\u00e9s\u0151bb oroszul is. Ezzel egy id\u0151ben indultak el a k\u00fclf\u00f6ldi intervallum projektek el\u0151sz\u00f6r Angli\u00e1ban, majd az eg\u00e9sz vil\u00e1gon sz\u00e1mos orsz\u00e1g\u00e1ban, p\u00e9ld\u00e1ul \u00c9szak-Amerik\u00e1ban, Egyiptomban, Izraelben, Sz\u00edri\u00e1ban, Jemenben, Mexik\u00f3ban, Chil\u00e9ben, Katarban, Ausztr\u00e1li\u00e1ban, Sv\u00e1jcban, Oroszorsz\u00e1gban \u00e9s Jap\u00e1nban. Ezek k\u00f6z\u00fcl t\u00f6bb orsz\u00e1gban is l\u00e9trej\u00f6tt \u00f6n\u00e1ll\u00f3 int\u00e9zet, amelyek jelenleg is egy\u00fcttm\u0171k\u00f6dnek a budapesti int\u00e9zettel. P\u00e9ld\u00e1ul \u00daj-Z\u00e9landon, Angli\u00e1ban \u00e9s Izraelben.<\/p>\n","protected":false},"author":102184,"featured_media":151,"parent":196,"menu_order":2,"comment_status":"closed","ping_status":"closed","template":"","meta":{"_acf_changed":false,"footnotes":""},"categories":[],"tags":[],"class_list":["post-192","page","type-page","status-publish","has-post-thumbnail","hentry"],"acf":[],"_links":{"self":[{"href":"https:\/\/semmelweis.hu\/peto-development\/wp-json\/wp\/v2\/pages\/192","targetHints":{"allow":["GET"]}}],"collection":[{"href":"https:\/\/semmelweis.hu\/peto-development\/wp-json\/wp\/v2\/pages"}],"about":[{"href":"https:\/\/semmelweis.hu\/peto-development\/wp-json\/wp\/v2\/types\/page"}],"author":[{"embeddable":true,"href":"https:\/\/semmelweis.hu\/peto-development\/wp-json\/wp\/v2\/users\/102184"}],"replies":[{"embeddable":true,"href":"https:\/\/semmelweis.hu\/peto-development\/wp-json\/wp\/v2\/comments?post=192"}],"version-history":[{"count":12,"href":"https:\/\/semmelweis.hu\/peto-development\/wp-json\/wp\/v2\/pages\/192\/revisions"}],"predecessor-version":[{"id":2477,"href":"https:\/\/semmelweis.hu\/peto-development\/wp-json\/wp\/v2\/pages\/192\/revisions\/2477"}],"up":[{"embeddable":true,"href":"https:\/\/semmelweis.hu\/peto-development\/wp-json\/wp\/v2\/pages\/196"}],"wp:featuredmedia":[{"embeddable":true,"href":"https:\/\/semmelweis.hu\/peto-development\/wp-json\/wp\/v2\/media\/151"}],"wp:attachment":[{"href":"https:\/\/semmelweis.hu\/peto-development\/wp-json\/wp\/v2\/media?parent=192"}],"wp:term":[{"taxonomy":"category","embeddable":true,"href":"https:\/\/semmelweis.hu\/peto-development\/wp-json\/wp\/v2\/categories?post=192"},{"taxonomy":"post_tag","embeddable":true,"href":"https:\/\/semmelweis.hu\/peto-development\/wp-json\/wp\/v2\/tags?post=192"}],"curies":[{"name":"wp","href":"https:\/\/api.w.org\/{rel}","templated":true}]}}