{"id":1737,"date":"2024-03-04T12:40:21","date_gmt":"2024-03-04T11:40:21","guid":{"rendered":"https:\/\/semmelweis.hu\/peto-development\/?page_id=1737"},"modified":"2024-03-05T11:22:20","modified_gmt":"2024-03-05T10:22:20","slug":"%d0%ba%d0%be%d0%bd%d1%82%d0%b0%d0%ba%d1%82%d1%8b","status":"publish","type":"page","link":"https:\/\/semmelweis.hu\/peto-development\/ru\/%d0%ba%d0%be%d0%bd%d1%82%d0%b0%d0%ba%d1%82%d1%8b\/","title":{"rendered":"\u041a\u043e\u043d\u0442\u0430\u043a\u0442\u044b"},"content":{"rendered":"<div class=\"keretes w-100\">\n<h6><strong>\u0410\u0434\u0440\u0435\u0441:<\/strong>\u00a0H-1125 Budapest, K\u00fatv\u00f6lgyi \u00fat 8. HUNGARY<\/h6>\n<h6><strong>\u0422\u0435\u043b\u0435\u0444\u043e\u043d:<\/strong>\u00a0<a href=\"tel:+36 1 224 1529\">+36 1 224-1529<\/a><\/h6>\n<h6><strong>E-mail:<\/strong>\u00a0<a href=\"mailto:pak.ce@semmelweis.hu\">pak.ce@semmelweis.hu<\/a><\/h6>\n<\/div>\n\n<!-- iframe plugin v.4.9 wordpress.org\/plugins\/iframe\/ -->\n<iframe src=\"https:\/\/www.google.com\/maps\/embed?pb=!1m18!1m12!1m3!1d2694.8919003411747!2d19.00076361586918!3d47.51149640253574!2m3!1f0!2f0!3f0!3m2!1i1024!2i768!4f13.1!3m3!1m2!1s0x4741debf39fc5241%3A0xd9bc957a0d341a3a!2sSemmelweis%20Egyetem%20Pet%C5%91%20Andr%C3%A1s%20Kar!5e0!3m2!1shu!2shu!4v1678111846476!5m2!1shu!2shu\" width=\"100%\" height=\"400\" style=\"border:0;\" allowfullscreen loading=\"lazy\" referrerpolicy=\"no-referrer-when-downgrade\" scrolling=\"yes\" class=\"iframe-class\" frameborder=\"0\"><\/iframe>\n\n<p>&nbsp;<\/p>\n","protected":false},"excerpt":{"rendered":"<p>\u0410\u0434\u0440\u0435\u0441:\u00a0H-1125 Budapest, K\u00fatv\u00f6lgyi \u00fat 8. HUNGARY<br \/>\n\u0422\u0435\u043b\u0435\u0444\u043e\u043d:\u00a0<a href=\"tel:+36 1 224 1529\">+36 1 224-1529<\/a><br \/>\nE-mail:\u00a0<a href=\"mailto:pak.ce@semmelweis.hu\">pak.ce@semmelweis.hu<\/a><\/p>\n<p>&nbsp;<\/p>\n","protected":false},"author":102184,"featured_media":0,"parent":0,"menu_order":0,"comment_status":"closed","ping_status":"closed","template":"","meta":{"_acf_changed":false,"footnotes":""},"categories":[],"tags":[],"class_list":["post-1737","page","type-page","status-publish","hentry"],"acf":[],"_links":{"self":[{"href":"https:\/\/semmelweis.hu\/peto-development\/wp-json\/wp\/v2\/pages\/1737","targetHints":{"allow":["GET"]}}],"collection":[{"href":"https:\/\/semmelweis.hu\/peto-development\/wp-json\/wp\/v2\/pages"}],"about":[{"href":"https:\/\/semmelweis.hu\/peto-development\/wp-json\/wp\/v2\/types\/page"}],"author":[{"embeddable":true,"href":"https:\/\/semmelweis.hu\/peto-development\/wp-json\/wp\/v2\/users\/102184"}],"replies":[{"embeddable":true,"href":"https:\/\/semmelweis.hu\/peto-development\/wp-json\/wp\/v2\/comments?post=1737"}],"version-history":[{"count":6,"href":"https:\/\/semmelweis.hu\/peto-development\/wp-json\/wp\/v2\/pages\/1737\/revisions"}],"predecessor-version":[{"id":1836,"href":"https:\/\/semmelweis.hu\/peto-development\/wp-json\/wp\/v2\/pages\/1737\/revisions\/1836"}],"wp:attachment":[{"href":"https:\/\/semmelweis.hu\/peto-development\/wp-json\/wp\/v2\/media?parent=1737"}],"wp:term":[{"taxonomy":"category","embeddable":true,"href":"https:\/\/semmelweis.hu\/peto-development\/wp-json\/wp\/v2\/categories?post=1737"},{"taxonomy":"post_tag","embeddable":true,"href":"https:\/\/semmelweis.hu\/peto-development\/wp-json\/wp\/v2\/tags?post=1737"}],"curies":[{"name":"wp","href":"https:\/\/api.w.org\/{rel}","templated":true}]}}