{"id":1508,"date":"2023-08-29T11:28:07","date_gmt":"2023-08-29T09:28:07","guid":{"rendered":"https:\/\/semmelweis.hu\/peto-development\/?page_id=1508"},"modified":"2023-09-12T10:47:46","modified_gmt":"2023-09-12T08:47:46","slug":"contacto","status":"publish","type":"page","link":"https:\/\/semmelweis.hu\/peto-development\/es\/contacto\/","title":{"rendered":"Contacto"},"content":{"rendered":"<div class=\"keretes w-100\">\n<h6><strong>Direcci\u00f3n:<\/strong> H-1125 Budapest, K\u00fatv\u00f6lgyi \u00fat 8. HUNGARY<br \/>\n<strong>Tel\u00e9fono:<\/strong> +36 1 224-1529<br \/>\n<strong>Correo electr\u00f3nico:<\/strong> <a href=\"mailto:pak.ce@semmelweis.hu\">pak.ce@semmelweis.hu<\/a><\/h6>\n<\/div>\n\n<!-- iframe plugin v.4.9 wordpress.org\/plugins\/iframe\/ -->\n<iframe src=\"https:\/\/www.google.com\/maps\/embed?pb=!1m18!1m12!1m3!1d2694.8919003411747!2d19.00076361586918!3d47.51149640253574!2m3!1f0!2f0!3f0!3m2!1i1024!2i768!4f13.1!3m3!1m2!1s0x4741debf39fc5241%3A0xd9bc957a0d341a3a!2sSemmelweis%20Egyetem%20Pet%C5%91%20Andr%C3%A1s%20Kar!5e0!3m2!1shu!2shu!4v1678111846476!5m2!1shu!2shu\" width=\"100%\" height=\"400\" style=\"border:0;\" allowfullscreen loading=\"lazy\" referrerpolicy=\"no-referrer-when-downgrade\" scrolling=\"yes\" class=\"iframe-class\" frameborder=\"0\"><\/iframe>\n\n","protected":false},"excerpt":{"rendered":"<p>Direcci\u00f3n: H-1125 Budapest, K\u00fatv\u00f6lgyi \u00fat 8. HUNGARY<br \/>\nTel\u00e9fono: +36 1 224-1529<br \/>\nCorreo electr\u00f3nico: <a href=\"mailto:pak.ce@semmelweis.hu\">pak.ce@semmelweis.hu<\/a><\/p>\n","protected":false},"author":102184,"featured_media":0,"parent":0,"menu_order":0,"comment_status":"closed","ping_status":"closed","template":"","meta":{"_acf_changed":false,"footnotes":""},"categories":[],"tags":[],"class_list":["post-1508","page","type-page","status-publish","hentry"],"acf":[],"_links":{"self":[{"href":"https:\/\/semmelweis.hu\/peto-development\/wp-json\/wp\/v2\/pages\/1508","targetHints":{"allow":["GET"]}}],"collection":[{"href":"https:\/\/semmelweis.hu\/peto-development\/wp-json\/wp\/v2\/pages"}],"about":[{"href":"https:\/\/semmelweis.hu\/peto-development\/wp-json\/wp\/v2\/types\/page"}],"author":[{"embeddable":true,"href":"https:\/\/semmelweis.hu\/peto-development\/wp-json\/wp\/v2\/users\/102184"}],"replies":[{"embeddable":true,"href":"https:\/\/semmelweis.hu\/peto-development\/wp-json\/wp\/v2\/comments?post=1508"}],"version-history":[{"count":5,"href":"https:\/\/semmelweis.hu\/peto-development\/wp-json\/wp\/v2\/pages\/1508\/revisions"}],"predecessor-version":[{"id":1671,"href":"https:\/\/semmelweis.hu\/peto-development\/wp-json\/wp\/v2\/pages\/1508\/revisions\/1671"}],"wp:attachment":[{"href":"https:\/\/semmelweis.hu\/peto-development\/wp-json\/wp\/v2\/media?parent=1508"}],"wp:term":[{"taxonomy":"category","embeddable":true,"href":"https:\/\/semmelweis.hu\/peto-development\/wp-json\/wp\/v2\/categories?post=1508"},{"taxonomy":"post_tag","embeddable":true,"href":"https:\/\/semmelweis.hu\/peto-development\/wp-json\/wp\/v2\/tags?post=1508"}],"curies":[{"name":"wp","href":"https:\/\/api.w.org\/{rel}","templated":true}]}}