{"id":1502,"date":"2023-08-29T11:26:05","date_gmt":"2023-08-29T09:26:05","guid":{"rendered":"https:\/\/semmelweis.hu\/peto-development\/?page_id=1502"},"modified":"2023-09-12T10:46:01","modified_gmt":"2023-09-12T08:46:01","slug":"fundamentos-de-pedagogia-conductiva","status":"publish","type":"page","link":"https:\/\/semmelweis.hu\/peto-development\/es\/talleres\/fundamentos-de-pedagogia-conductiva\/","title":{"rendered":"Fundamentos de pedagog\u00eda conductiva"},"content":{"rendered":"<h1>FUNDAMENTOS DE PEDAGOG\u00cdA CONDUCTIVA<\/h1>\n<p><strong>Duraci\u00f3n: 20 horas en 5 d\u00edas, 4 horas al d\u00eda<\/strong><\/p>\n<p>El taller de fundamentos de la educaci\u00f3n conductiva presenta la historia, el sistema y los principios de la educaci\u00f3n conductiva. Los participantes pueden ver los programas del grupo de edad elegido y a trav\u00e9s del an\u00e1lisis de lo observado obtener un conocimiento integral sobre la educaci\u00f3n conductiva.<br \/>\nEl taller incluye visita al servicio especializado, al jard\u00edn infantil, al colegio, al centro de formaci\u00f3n t\u00e9cnica y al \u00e1rea de atenci\u00f3n de pacientes adultos ambulatorios.<\/p>\n<p><strong>Programas especiales (visitas a unidades institucionales elegidas)<\/strong><\/p>\n<p>La agenda es referencial, los contenidos y horarios del taller pueden variar.<\/p>\n<p>\u25cf el servicio especializado<br \/>\n\u25cf el jard\u00edn infantil<br \/>\n\u25cf el colegio<br \/>\n\u25cf el centro de formaci\u00f3n t\u00e9cnica<br \/>\n\u25cf el \u00e1rea atenci\u00f3n de pacientes adultos ambulatorios<br \/>\n\u25cf los programas de vida independiente (colegio, centro de formaci\u00f3n t\u00e9cnica, \u00e1rea internacional)<br \/>\n\u25cf los talleres tem\u00e1ticos en los campamentos de verano, como arteterapia o deporte.<\/p>\n<div class=\"keretes w-100\">\n<p><strong>Mayor informaci\u00f3n y solicitudes:<\/strong> <a href=\"mailto:pak.ce@semmelweis.hu\">pak.ce@semmelweis.hu<\/a><\/p>\n<\/div>\n<p><strong>Lunes<\/strong><br \/>\n8:30-9:30 Llegada, presentaci\u00f3n de la agenda de la semana, socializaci\u00f3n<br \/>\n9:30-10:00 Presentaci\u00f3n de la Universidad Semmelweis<br \/>\n10.00-10.30 Receso<br \/>\n10:30-12:00 Presentaci\u00f3n sobre la vida de Andr\u00e1s Pet\u0151 y de la historia del instituto<br \/>\n12:00-13:00 Presentaci\u00f3n del sistema de educaci\u00f3n conductiva<\/p>\n<p><strong>Martes<\/strong><br \/>\n8:30-9:30 Presentaci\u00f3n de las unidades del instituto<br \/>\n9:30-10:30 Observaci\u00f3n de sesiones grupales<br \/>\n10:30-11:00 Receso<br \/>\n11:00-11:30 Observaci\u00f3n de sesiones grupales<br \/>\n11:30-12:30 Observaci\u00f3n de sesiones grupales<br \/>\n12:30-13:00 Discusi\u00f3n<\/p>\n<p><strong>Mi\u00e9rcoles<\/strong><br \/>\n8:30-10:00 Conferencia sobre los elementos de la educaci\u00f3n conductiva<br \/>\n9:30-10:30 Visita<br \/>\n10:30-11:00 Receso<br \/>\n11:00-11:30 Observaci\u00f3n de sesiones grupales<br \/>\n11:30-12:00 Observaci\u00f3n de sesiones grupales <br \/>\n12:00-13:00 Resumen<\/p>\n<p><strong>Jueves<\/strong><br \/>\n8:30-9:30 Visita<br \/>\n9:30-10:30 Discusi\u00f3n de lo observado<br \/>\n10:30-11:00 Receso<br \/>\n11:00-12:00 Visita<br \/>\n12:00-13:00 Discusi\u00f3n<\/p>\n<p><strong>Viernes<\/strong><br \/>\n8:30-9:30 Observaci\u00f3n de sesiones grupales<br \/>\n9:30-10:00 Discusi\u00f3n<br \/>\n10:00-11:00 Presentaci\u00f3n de cierre<br \/>\n11:00-12:00 Discusi\u00f3n de cierre<\/p>\n\r\n        [slb_exclude]\r\n        <div class=\"row galeria-wrapper mx-0 h-auto\">\r\n            <div class=\"col-9 pl-0 pr-2\">\r\n            <span class=\"gallery-item frame\">\r\n\t\t\t\t<div class=\"galeria-left-img\"><a href=\"https:\/\/semmelweis.hu\/peto-development\/files\/2023\/05\/RS64874_KA-20170721-KA__9811-scr.jpg\"><img src=https:\/\/semmelweis.hu\/peto-development\/files\/2023\/05\/RS64874_KA-20170721-KA__9811-scr.jpg  \r\n                            alt=\"\" \r\n                            class=\"attachment-sote-gallery-big size-sote-gallery-big\" \r\n                            srcset=\"https:\/\/semmelweis.hu\/peto-development\/files\/2023\/05\/RS64874_KA-20170721-KA__9811-scr-400x267.jpg 400w, https:\/\/semmelweis.hu\/peto-development\/files\/2023\/05\/RS64874_KA-20170721-KA__9811-scr-768x512.jpg 768w, https:\/\/semmelweis.hu\/peto-development\/files\/2023\/05\/RS64874_KA-20170721-KA__9811-scr-753x502.jpg 753w, https:\/\/semmelweis.hu\/peto-development\/files\/2023\/05\/RS64874_KA-20170721-KA__9811-scr-203x135.jpg 203w, https:\/\/semmelweis.hu\/peto-development\/files\/2023\/05\/RS64874_KA-20170721-KA__9811-scr.jpg 950w\" ><\/a><\/div>\r\n            <\/span>\r\n\r\n            <\/div>\r\n\r\n\t\t\t<div class=\"col-3 pl-0 pr-0\">\r\n\t\t\t\t<div class=\"galeria-right-img d-flex justify-content-between flex-column h-100 w-100 px-0 mx-0 \">\r\n                <div class=\"galeria-box\">\r\n\t\t\t\t\t<h3 class=\"galeria-title\">Gallery<\/h3>\r\n\t\t\t\t\t<div class=\"galeria-subtitle\">\r\n\r\n\t\t\t\t\t\t<div class=\"galeria-page-counter\"><span>3<\/span>images<\/div>\r\n                    <\/div> <\/div>\r\n                    <span class=\"gallery-item frame d-none d-md-flex\">\r\n\t\t\t\t\t<div class=\"galeria-small-img mt-0\"><a href=\"https:\/\/semmelweis.hu\/peto-development\/files\/2023\/05\/RS147963_C19A2921-scr.jpg\"><img src=https:\/\/semmelweis.hu\/peto-development\/files\/2023\/05\/RS147963_C19A2921-scr.jpg \r\n                                alt=\"\"  \r\n                                class=\"attachment-sote-gallery-small size-sote-gallery-small\" \r\n                                srcset=\"https:\/\/semmelweis.hu\/peto-development\/files\/2023\/05\/RS147963_C19A2921-scr-400x267.jpg 400w, https:\/\/semmelweis.hu\/peto-development\/files\/2023\/05\/RS147963_C19A2921-scr-1024x683.jpg 1024w, https:\/\/semmelweis.hu\/peto-development\/files\/2023\/05\/RS147963_C19A2921-scr-768x512.jpg 768w, https:\/\/semmelweis.hu\/peto-development\/files\/2023\/05\/RS147963_C19A2921-scr-753x502.jpg 753w, https:\/\/semmelweis.hu\/peto-development\/files\/2023\/05\/RS147963_C19A2921-scr-203x135.jpg 203w, https:\/\/semmelweis.hu\/peto-development\/files\/2023\/05\/RS147963_C19A2921-scr.jpg 1200w\" ><\/a><\/div>\r\n                    <\/span>\r\n                    <span class=\"gallery-item frame d-none d-md-flex\">\r\n\t\t\t\t\t<div class=\"galeria-small-img mt-0\"><a href=\"https:\/\/semmelweis.hu\/peto-development\/files\/2023\/05\/RS64751_KA-20170721-KA__9552-scr.jpg\"><img src=https:\/\/semmelweis.hu\/peto-development\/files\/2023\/05\/RS64751_KA-20170721-KA__9552-scr.jpg \r\n                                alt=\"\" \r\n                                class=\"attachment-sote-gallery-small size-sote-gallery-small\" \r\n                                srcset=\"https:\/\/semmelweis.hu\/peto-development\/files\/2023\/05\/RS64751_KA-20170721-KA__9552-scr-400x265.jpg 400w, https:\/\/semmelweis.hu\/peto-development\/files\/2023\/05\/RS64751_KA-20170721-KA__9552-scr-768x509.jpg 768w, https:\/\/semmelweis.hu\/peto-development\/files\/2023\/05\/RS64751_KA-20170721-KA__9552-scr-753x499.jpg 753w, https:\/\/semmelweis.hu\/peto-development\/files\/2023\/05\/RS64751_KA-20170721-KA__9552-scr-203x135.jpg 203w, https:\/\/semmelweis.hu\/peto-development\/files\/2023\/05\/RS64751_KA-20170721-KA__9552-scr.jpg 950w\" ><\/a><\/div>\r\n                    <\/span>\r\n\r\n                <\/div>\r\n\r\n            <\/div>\r\n\r\n            \r\n            <\/div>\r\n\r\n            [\/slb_exclude]\r\n\t\n","protected":false},"excerpt":{"rendered":"<p>FUNDAMENTOS DE PEDAGOG\u00cdA CONDUCTIVA Duraci\u00f3n: 20 horas en 5 d\u00edas, 4 horas al d\u00eda El taller de fundamentos de la educaci\u00f3n conductiva presenta la historia, el sistema y los principios de la educaci\u00f3n conductiva. Los participantes pueden ver los programas del grupo de edad elegido y a trav\u00e9s del an\u00e1lisis de lo observado obtener un &hellip;<\/p>\n","protected":false},"author":102184,"featured_media":0,"parent":1498,"menu_order":1,"comment_status":"closed","ping_status":"closed","template":"","meta":{"_acf_changed":false,"footnotes":""},"categories":[],"tags":[],"class_list":["post-1502","page","type-page","status-publish","hentry"],"acf":[],"_links":{"self":[{"href":"https:\/\/semmelweis.hu\/peto-development\/wp-json\/wp\/v2\/pages\/1502","targetHints":{"allow":["GET"]}}],"collection":[{"href":"https:\/\/semmelweis.hu\/peto-development\/wp-json\/wp\/v2\/pages"}],"about":[{"href":"https:\/\/semmelweis.hu\/peto-development\/wp-json\/wp\/v2\/types\/page"}],"author":[{"embeddable":true,"href":"https:\/\/semmelweis.hu\/peto-development\/wp-json\/wp\/v2\/users\/102184"}],"replies":[{"embeddable":true,"href":"https:\/\/semmelweis.hu\/peto-development\/wp-json\/wp\/v2\/comments?post=1502"}],"version-history":[{"count":7,"href":"https:\/\/semmelweis.hu\/peto-development\/wp-json\/wp\/v2\/pages\/1502\/revisions"}],"predecessor-version":[{"id":1668,"href":"https:\/\/semmelweis.hu\/peto-development\/wp-json\/wp\/v2\/pages\/1502\/revisions\/1668"}],"up":[{"embeddable":true,"href":"https:\/\/semmelweis.hu\/peto-development\/wp-json\/wp\/v2\/pages\/1498"}],"wp:attachment":[{"href":"https:\/\/semmelweis.hu\/peto-development\/wp-json\/wp\/v2\/media?parent=1502"}],"wp:term":[{"taxonomy":"category","embeddable":true,"href":"https:\/\/semmelweis.hu\/peto-development\/wp-json\/wp\/v2\/categories?post=1502"},{"taxonomy":"post_tag","embeddable":true,"href":"https:\/\/semmelweis.hu\/peto-development\/wp-json\/wp\/v2\/tags?post=1502"}],"curies":[{"name":"wp","href":"https:\/\/api.w.org\/{rel}","templated":true}]}}