{"id":1500,"date":"2023-08-29T11:25:10","date_gmt":"2023-08-29T09:25:10","guid":{"rendered":"https:\/\/semmelweis.hu\/peto-development\/?page_id=1500"},"modified":"2023-09-12T10:46:34","modified_gmt":"2023-09-12T08:46:34","slug":"visita-a-nuestra-institucion","status":"publish","type":"page","link":"https:\/\/semmelweis.hu\/peto-development\/es\/talleres\/visita-a-nuestra-institucion\/","title":{"rendered":"Visita a nuestra instituci\u00f3n"},"content":{"rendered":"<h1>VISITA A NUESTRA INSTITUCI\u00d3N<\/h1>\n<p>Las visitas a nuestra instituci\u00f3n contemplan una presentaci\u00f3n sobre la historia de la Facultad Andr\u00e1s Pet\u0151 de la Universidad Semmelweis y una visita guiada por la unidad institucional elegida.<\/p>\n<p><strong>Las unidades institucionales elegibles para visitas son:<\/strong><br \/>\n\u25cf el servicio especializado<br \/>\n\u25cf el jard\u00edn infantil<br \/>\n\u25cf el colegio<br \/>\n\u25cf el centro de formaci\u00f3n t\u00e9cnica<br \/>\n\u25cf el \u00e1rea atenci\u00f3n de pacientes adultos ambulatorios<\/p>\n<p>La actividad entrega una mirada del trabajo con los grupos seleccionados y ofrece un espacio de discusi\u00f3n conjunta sobre lo observado.<\/p>\n<p><strong>Duraci\u00f3n: m\u00e1ximo 5 horas<\/strong><\/p>\n<div class=\"keretes w-100\">\n<p>Mayor informaci\u00f3n y solicitudes: <strong><a href=\"mailto:pak.ce@semmelweis.hu\">pak.ce@semmelweis.hu<\/a><\/strong><\/p>\n<\/div>\n<p>&nbsp;<\/p>\n<p><img loading=\"lazy\" decoding=\"async\" class=\" wp-image-791 aligncenter\" src=\"https:\/\/semmelweis.hu\/peto-development\/files\/2023\/05\/RS151740_3P1A4204-scr-400x267.jpg\" alt=\"\" width=\"650\" height=\"434\" srcset=\"https:\/\/semmelweis.hu\/peto-development\/files\/2023\/05\/RS151740_3P1A4204-scr-400x267.jpg 400w, https:\/\/semmelweis.hu\/peto-development\/files\/2023\/05\/RS151740_3P1A4204-scr-1024x683.jpg 1024w, https:\/\/semmelweis.hu\/peto-development\/files\/2023\/05\/RS151740_3P1A4204-scr-768x512.jpg 768w, https:\/\/semmelweis.hu\/peto-development\/files\/2023\/05\/RS151740_3P1A4204-scr-753x502.jpg 753w, https:\/\/semmelweis.hu\/peto-development\/files\/2023\/05\/RS151740_3P1A4204-scr-203x135.jpg 203w, https:\/\/semmelweis.hu\/peto-development\/files\/2023\/05\/RS151740_3P1A4204-scr.jpg 1200w\" sizes=\"auto, (max-width: 650px) 100vw, 650px\" \/><\/p>\n","protected":false},"excerpt":{"rendered":"<p>VISITA A NUESTRA INSTITUCI\u00d3N Las visitas a nuestra instituci\u00f3n contemplan una presentaci\u00f3n sobre la historia de la Facultad Andr\u00e1s Pet\u0151 de la Universidad Semmelweis y una visita guiada por la unidad institucional elegida. Las unidades institucionales elegibles para visitas son: \u25cf el servicio especializado \u25cf el jard\u00edn infantil \u25cf el colegio \u25cf el centro de &hellip;<\/p>\n","protected":false},"author":102184,"featured_media":0,"parent":1498,"menu_order":2,"comment_status":"closed","ping_status":"closed","template":"","meta":{"_acf_changed":false,"footnotes":""},"categories":[],"tags":[],"class_list":["post-1500","page","type-page","status-publish","hentry"],"acf":[],"_links":{"self":[{"href":"https:\/\/semmelweis.hu\/peto-development\/wp-json\/wp\/v2\/pages\/1500","targetHints":{"allow":["GET"]}}],"collection":[{"href":"https:\/\/semmelweis.hu\/peto-development\/wp-json\/wp\/v2\/pages"}],"about":[{"href":"https:\/\/semmelweis.hu\/peto-development\/wp-json\/wp\/v2\/types\/page"}],"author":[{"embeddable":true,"href":"https:\/\/semmelweis.hu\/peto-development\/wp-json\/wp\/v2\/users\/102184"}],"replies":[{"embeddable":true,"href":"https:\/\/semmelweis.hu\/peto-development\/wp-json\/wp\/v2\/comments?post=1500"}],"version-history":[{"count":8,"href":"https:\/\/semmelweis.hu\/peto-development\/wp-json\/wp\/v2\/pages\/1500\/revisions"}],"predecessor-version":[{"id":1669,"href":"https:\/\/semmelweis.hu\/peto-development\/wp-json\/wp\/v2\/pages\/1500\/revisions\/1669"}],"up":[{"embeddable":true,"href":"https:\/\/semmelweis.hu\/peto-development\/wp-json\/wp\/v2\/pages\/1498"}],"wp:attachment":[{"href":"https:\/\/semmelweis.hu\/peto-development\/wp-json\/wp\/v2\/media?parent=1500"}],"wp:term":[{"taxonomy":"category","embeddable":true,"href":"https:\/\/semmelweis.hu\/peto-development\/wp-json\/wp\/v2\/categories?post=1500"},{"taxonomy":"post_tag","embeddable":true,"href":"https:\/\/semmelweis.hu\/peto-development\/wp-json\/wp\/v2\/tags?post=1500"}],"curies":[{"name":"wp","href":"https:\/\/api.w.org\/{rel}","templated":true}]}}