{"id":1486,"date":"2023-08-29T11:20:14","date_gmt":"2023-08-29T09:20:14","guid":{"rendered":"https:\/\/semmelweis.hu\/peto-development\/?page_id=1486"},"modified":"2025-11-10T11:02:56","modified_gmt":"2025-11-10T10:02:56","slug":"servicios-individuales-2","status":"publish","type":"page","link":"https:\/\/semmelweis.hu\/peto-development\/es\/servicios-2\/servicios-individuales-2\/","title":{"rendered":"Servicios individuales"},"content":{"rendered":"<h1>SERVICIOS INDIVIDUALES<\/h1>\n<p>Como primer paso, todos los postulantes participan en una evaluaci\u00f3n y orientaci\u00f3n individual, a partir del cual se elabora un plan de trabajo individualizado basado en los objetivos acordados con los padres.<\/p>\n<p><strong>Duraci\u00f3n de las sesiones: a definir (aproximadamente 1-1,5 horas).<\/strong><\/p>\n<figure id=\"attachment_312\" aria-describedby=\"caption-attachment-312\" style=\"width: 400px\" class=\"wp-caption alignright\"><img loading=\"lazy\" decoding=\"async\" class=\"size-medium wp-image-312\" src=\"https:\/\/semmelweis.hu\/peto-development\/files\/2023\/04\/Beregszaszi-projekt-2-400x257.jpg\" alt=\"\" width=\"400\" height=\"257\" srcset=\"https:\/\/semmelweis.hu\/peto-development\/files\/2023\/04\/Beregszaszi-projekt-2-400x257.jpg 400w, https:\/\/semmelweis.hu\/peto-development\/files\/2023\/04\/Beregszaszi-projekt-2-1024x657.jpg 1024w, https:\/\/semmelweis.hu\/peto-development\/files\/2023\/04\/Beregszaszi-projekt-2-768x493.jpg 768w, https:\/\/semmelweis.hu\/peto-development\/files\/2023\/04\/Beregszaszi-projekt-2-753x483.jpg 753w, https:\/\/semmelweis.hu\/peto-development\/files\/2023\/04\/Beregszaszi-projekt-2.jpg 1200w\" sizes=\"auto, (max-width: 400px) 100vw, 400px\" \/><figcaption id=\"caption-attachment-312\" class=\"wp-caption-text\">Conductive education &#8211; Individual programme<\/figcaption><\/figure>\n<p>Gracias a sus principios fundamentales, el m\u00e9todo pedag\u00f3gico conductivo se puede usar desde la m\u00e1s temprana edad. De hecho, cuanto antes se aplica, mayor es su eficiencia.<\/p>\n<p>La motivaci\u00f3n de los ni\u00f1os y sus padres es la clave para el aprendizaje, por lo que el aspecto <strong>l\u00fadico<\/strong> es esencial. En nuestras sesiones fomentamos la iniciaci\u00f3n del habla y el desarrollo de la comunicaci\u00f3n acompa\u00f1ados de canciones y rimas.<\/p>\n<p>Para lograr los objetivos, prestamos mucha atenci\u00f3n a la colaboraci\u00f3n y el contacto con la familia y otros especialistas (neur\u00f3logo, m\u00e9dico ortopedista).<\/p>\n<div class=\"keretes w-100\">\n<p>Aplicar: <a href=\"mailto:pak.ce@semmelweis.hu\">pak.ce@semmelweis.hu<\/a><\/p>\n<\/div>\n<p><strong>Adapt\u00e1ndonos a los objetivos individuales del ni\u00f1o, hacemos especial hincapi\u00e9 en:<\/strong><br \/>\n\u25cf el aprendizaje de movimientos de motricidad gruesa b\u00e1sica y motricidad fina,<br \/>\n\u25cf el desarrollo sensoriomotor,<br \/>\n\u25cf desarrollar la comunicaci\u00f3n,<br \/>\n\u25cf desarrollar habilidades cognitivas (atenci\u00f3n, memoria, pensamiento),<br \/>\n\u25cf el aprendizaje de autoatenci\u00f3n, comer.<\/p>\n","protected":false},"excerpt":{"rendered":"<p>SERVICIOS INDIVIDUALES Como primer paso, todos los postulantes participan en una evaluaci\u00f3n y orientaci\u00f3n individual, a partir del cual se elabora un plan de trabajo individualizado basado en los objetivos acordados con los padres. Duraci\u00f3n de las sesiones: a definir (aproximadamente 1-1,5 horas). Gracias a sus principios fundamentales, el m\u00e9todo pedag\u00f3gico conductivo se puede usar &hellip;<\/p>\n","protected":false},"author":102184,"featured_media":0,"parent":1440,"menu_order":4,"comment_status":"closed","ping_status":"closed","template":"","meta":{"_acf_changed":false,"footnotes":""},"categories":[],"tags":[],"class_list":["post-1486","page","type-page","status-publish","hentry"],"acf":[],"_links":{"self":[{"href":"https:\/\/semmelweis.hu\/peto-development\/wp-json\/wp\/v2\/pages\/1486","targetHints":{"allow":["GET"]}}],"collection":[{"href":"https:\/\/semmelweis.hu\/peto-development\/wp-json\/wp\/v2\/pages"}],"about":[{"href":"https:\/\/semmelweis.hu\/peto-development\/wp-json\/wp\/v2\/types\/page"}],"author":[{"embeddable":true,"href":"https:\/\/semmelweis.hu\/peto-development\/wp-json\/wp\/v2\/users\/102184"}],"replies":[{"embeddable":true,"href":"https:\/\/semmelweis.hu\/peto-development\/wp-json\/wp\/v2\/comments?post=1486"}],"version-history":[{"count":7,"href":"https:\/\/semmelweis.hu\/peto-development\/wp-json\/wp\/v2\/pages\/1486\/revisions"}],"predecessor-version":[{"id":2332,"href":"https:\/\/semmelweis.hu\/peto-development\/wp-json\/wp\/v2\/pages\/1486\/revisions\/2332"}],"up":[{"embeddable":true,"href":"https:\/\/semmelweis.hu\/peto-development\/wp-json\/wp\/v2\/pages\/1440"}],"wp:attachment":[{"href":"https:\/\/semmelweis.hu\/peto-development\/wp-json\/wp\/v2\/media?parent=1486"}],"wp:term":[{"taxonomy":"category","embeddable":true,"href":"https:\/\/semmelweis.hu\/peto-development\/wp-json\/wp\/v2\/categories?post=1486"},{"taxonomy":"post_tag","embeddable":true,"href":"https:\/\/semmelweis.hu\/peto-development\/wp-json\/wp\/v2\/tags?post=1486"}],"curies":[{"name":"wp","href":"https:\/\/api.w.org\/{rel}","templated":true}]}}