{"id":1480,"date":"2023-08-29T11:17:31","date_gmt":"2023-08-29T09:17:31","guid":{"rendered":"https:\/\/semmelweis.hu\/peto-development\/?page_id=1480"},"modified":"2025-11-10T11:15:53","modified_gmt":"2025-11-10T10:15:53","slug":"esclerosis-multiple-em","status":"publish","type":"page","link":"https:\/\/semmelweis.hu\/peto-development\/es\/servicios-2\/servicios-para-grupos-de-adultos-2\/esclerosis-multiple-em\/","title":{"rendered":"Esclerosis M\u00faltiple (EM)"},"content":{"rendered":"<h1>ESCLEROSIS M\u00daLTIPLE (EM)<\/h1>\n<p>La esclerosis m\u00faltiple es una enfermedad autoinmune incurable y progresiva, resultando en deterioro constante del estado del paciente. Las fibras nerviosas en el cerebro y la m\u00e9dula espinal est\u00e1n cubiertas por una vaina de mielina, que asegura la correcta conexi\u00f3n entre las c\u00e9lulas nerviosas y el flujo de informaci\u00f3n.<\/p>\n<div class=\"keretes w-100\">\n<p>Aplicar: <a href=\"mailto:pak.ce@semmelweis.hu\">pak.ce@semmelweis.hu<\/a><\/p>\n<\/div>\n<p><strong>Cuando \u00e9sta se da\u00f1a, la transmisi\u00f3n de impulsos se ralentiza o se bloquea, provocando s\u00edntomas sumamente diversos, entre ellos:<\/strong><br \/>\n\u25cf fuerza muscular debilitada, entumecimiento, dolor en una o m\u00e1s extremidades,<br \/>\n\u25cf trastorno del equilibrio y de la coordinaci\u00f3n motora,<br \/>\n\u25cf mareos,<br \/>\n\u25cf discapacidad visual,<br \/>\n\u25cf trastorno del habla,<br \/>\n\u25cf fatiga,<br \/>\n\u25cf deterioro cognitivo.<\/p>\n<p>La educaci\u00f3n conductiva apoya y gu\u00eda al paciente en aprender a moverse de una manera m\u00e1s \u00f3ptima, corrigiendo sus movimientos y proporcionando soluciones individuales para trabajar movimientos desafiantes.<\/p>\n<p>&nbsp;<\/p>\n\r\n        [slb_exclude]\r\n        <div class=\"row galeria-wrapper mx-0 h-auto\">\r\n            <div class=\"col-9 pl-0 pr-2\">\r\n            <span class=\"gallery-item frame\">\r\n\t\t\t\t<div class=\"galeria-left-img\"><a href=\"https:\/\/semmelweis.hu\/peto-development\/files\/2023\/05\/IMG_1698-scaled.jpg\"><img src=https:\/\/semmelweis.hu\/peto-development\/files\/2023\/05\/IMG_1698-scaled.jpg  \r\n                            alt=\"\" \r\n                            class=\"attachment-sote-gallery-big size-sote-gallery-big\" \r\n                            srcset=\"https:\/\/semmelweis.hu\/peto-development\/files\/2023\/05\/IMG_1698-300x400.jpg 300w, https:\/\/semmelweis.hu\/peto-development\/files\/2023\/05\/IMG_1698-768x1024.jpg 768w, https:\/\/semmelweis.hu\/peto-development\/files\/2023\/05\/IMG_1698-1152x1536.jpg 1152w, https:\/\/semmelweis.hu\/peto-development\/files\/2023\/05\/IMG_1698-1536x2048.jpg 1536w, https:\/\/semmelweis.hu\/peto-development\/files\/2023\/05\/IMG_1698-753x1004.jpg 753w, https:\/\/semmelweis.hu\/peto-development\/files\/2023\/05\/IMG_1698-scaled.jpg 1920w\" ><\/a><\/div>\r\n            <\/span>\r\n\r\n            <\/div>\r\n\r\n\t\t\t<div class=\"col-3 pl-0 pr-0\">\r\n\t\t\t\t<div class=\"galeria-right-img d-flex justify-content-between flex-column h-100 w-100 px-0 mx-0 \">\r\n                <div class=\"galeria-box\">\r\n\t\t\t\t\t<h3 class=\"galeria-title\">Gallery<\/h3>\r\n\t\t\t\t\t<div class=\"galeria-subtitle\">\r\n\r\n\t\t\t\t\t\t<div class=\"galeria-page-counter\"><span>4<\/span>images<\/div>\r\n                    <\/div> <\/div>\r\n                    <span class=\"gallery-item frame d-none d-md-flex\">\r\n\t\t\t\t\t<div class=\"galeria-small-img mt-0\"><a href=\"https:\/\/semmelweis.hu\/peto-development\/files\/2023\/05\/IMG_1690-scaled.jpg\"><img src=https:\/\/semmelweis.hu\/peto-development\/files\/2023\/05\/IMG_1690-scaled.jpg \r\n                                alt=\"\"  \r\n                                class=\"attachment-sote-gallery-small size-sote-gallery-small\" \r\n                                srcset=\"https:\/\/semmelweis.hu\/peto-development\/files\/2023\/05\/IMG_1690-300x400.jpg 300w, https:\/\/semmelweis.hu\/peto-development\/files\/2023\/05\/IMG_1690-768x1024.jpg 768w, https:\/\/semmelweis.hu\/peto-development\/files\/2023\/05\/IMG_1690-1152x1536.jpg 1152w, https:\/\/semmelweis.hu\/peto-development\/files\/2023\/05\/IMG_1690-1536x2048.jpg 1536w, https:\/\/semmelweis.hu\/peto-development\/files\/2023\/05\/IMG_1690-753x1004.jpg 753w, https:\/\/semmelweis.hu\/peto-development\/files\/2023\/05\/IMG_1690-scaled.jpg 1920w\" ><\/a><\/div>\r\n                    <\/span>\r\n                    <span class=\"gallery-item frame d-none d-md-flex\">\r\n\t\t\t\t\t<div class=\"galeria-small-img mt-0\"><a href=\"https:\/\/semmelweis.hu\/peto-development\/files\/2023\/05\/IMG_1683-scaled.jpg\"><img src=https:\/\/semmelweis.hu\/peto-development\/files\/2023\/05\/IMG_1683-scaled.jpg \r\n                                alt=\"\" \r\n                                class=\"attachment-sote-gallery-small size-sote-gallery-small\" \r\n                                srcset=\"https:\/\/semmelweis.hu\/peto-development\/files\/2023\/05\/IMG_1683-300x400.jpg 300w, https:\/\/semmelweis.hu\/peto-development\/files\/2023\/05\/IMG_1683-768x1024.jpg 768w, https:\/\/semmelweis.hu\/peto-development\/files\/2023\/05\/IMG_1683-1152x1536.jpg 1152w, https:\/\/semmelweis.hu\/peto-development\/files\/2023\/05\/IMG_1683-1536x2048.jpg 1536w, https:\/\/semmelweis.hu\/peto-development\/files\/2023\/05\/IMG_1683-753x1004.jpg 753w, https:\/\/semmelweis.hu\/peto-development\/files\/2023\/05\/IMG_1683-scaled.jpg 1920w\" ><\/a><\/div>\r\n                    <\/span>\r\n\r\n                <\/div>\r\n\r\n            <\/div>\r\n\r\n            <span class=\"gallery-item\"><div class=\"hidden\"><a href=\"https:\/\/semmelweis.hu\/peto-development\/files\/2023\/05\/IMG_1693-scaled.jpg\">\r\n        <img src=https:\/\/semmelweis.hu\/peto-development\/files\/2023\/05\/IMG_1693-scaled.jpg alt=\"\" class=\"attachment-sote-gallery-big size-sote-gallery-big\" srcset=\"https:\/\/semmelweis.hu\/peto-development\/files\/2023\/05\/IMG_1693-300x400.jpg 300w, https:\/\/semmelweis.hu\/peto-development\/files\/2023\/05\/IMG_1693-768x1024.jpg 768w, https:\/\/semmelweis.hu\/peto-development\/files\/2023\/05\/IMG_1693-1152x1536.jpg 1152w, https:\/\/semmelweis.hu\/peto-development\/files\/2023\/05\/IMG_1693-1536x2048.jpg 1536w, https:\/\/semmelweis.hu\/peto-development\/files\/2023\/05\/IMG_1693-753x1004.jpg 753w, https:\/\/semmelweis.hu\/peto-development\/files\/2023\/05\/IMG_1693-scaled.jpg 1920w\" >\r\n        <\/a><\/div><\/span>\r\n            <\/div>\r\n\r\n            [\/slb_exclude]\r\n\t\n","protected":false},"excerpt":{"rendered":"<p>ESCLEROSIS M\u00daLTIPLE (EM) La esclerosis m\u00faltiple es una enfermedad autoinmune incurable y progresiva, resultando en deterioro constante del estado del paciente. Las fibras nerviosas en el cerebro y la m\u00e9dula espinal est\u00e1n cubiertas por una vaina de mielina, que asegura la correcta conexi\u00f3n entre las c\u00e9lulas nerviosas y el flujo de informaci\u00f3n. Aplicar: <a href=\"mailto:pak.ce@semmelweis.hu\">pak.ce@semmelweis.hu<\/a> Cuando \u00e9sta &hellip;<\/p>\n","protected":false},"author":102184,"featured_media":0,"parent":1474,"menu_order":3,"comment_status":"closed","ping_status":"closed","template":"","meta":{"_acf_changed":false,"footnotes":""},"categories":[],"tags":[],"class_list":["post-1480","page","type-page","status-publish","hentry"],"acf":[],"_links":{"self":[{"href":"https:\/\/semmelweis.hu\/peto-development\/wp-json\/wp\/v2\/pages\/1480","targetHints":{"allow":["GET"]}}],"collection":[{"href":"https:\/\/semmelweis.hu\/peto-development\/wp-json\/wp\/v2\/pages"}],"about":[{"href":"https:\/\/semmelweis.hu\/peto-development\/wp-json\/wp\/v2\/types\/page"}],"author":[{"embeddable":true,"href":"https:\/\/semmelweis.hu\/peto-development\/wp-json\/wp\/v2\/users\/102184"}],"replies":[{"embeddable":true,"href":"https:\/\/semmelweis.hu\/peto-development\/wp-json\/wp\/v2\/comments?post=1480"}],"version-history":[{"count":6,"href":"https:\/\/semmelweis.hu\/peto-development\/wp-json\/wp\/v2\/pages\/1480\/revisions"}],"predecessor-version":[{"id":2340,"href":"https:\/\/semmelweis.hu\/peto-development\/wp-json\/wp\/v2\/pages\/1480\/revisions\/2340"}],"up":[{"embeddable":true,"href":"https:\/\/semmelweis.hu\/peto-development\/wp-json\/wp\/v2\/pages\/1474"}],"wp:attachment":[{"href":"https:\/\/semmelweis.hu\/peto-development\/wp-json\/wp\/v2\/media?parent=1480"}],"wp:term":[{"taxonomy":"category","embeddable":true,"href":"https:\/\/semmelweis.hu\/peto-development\/wp-json\/wp\/v2\/categories?post=1480"},{"taxonomy":"post_tag","embeddable":true,"href":"https:\/\/semmelweis.hu\/peto-development\/wp-json\/wp\/v2\/tags?post=1480"}],"curies":[{"name":"wp","href":"https:\/\/api.w.org\/{rel}","templated":true}]}}