{"id":1478,"date":"2023-08-29T11:16:59","date_gmt":"2023-08-29T09:16:59","guid":{"rendered":"https:\/\/semmelweis.hu\/peto-development\/?page_id=1478"},"modified":"2025-11-10T11:15:12","modified_gmt":"2025-11-10T10:15:12","slug":"accidente-cerebrovascular-acv","status":"publish","type":"page","link":"https:\/\/semmelweis.hu\/peto-development\/es\/servicios-2\/servicios-para-grupos-de-adultos-2\/accidente-cerebrovascular-acv\/","title":{"rendered":"Accidente cerebrovascular (ACV)"},"content":{"rendered":"<h1>ACCIDENTE CEREBROVASCULAR (ACV)<\/h1>\n<p>Como resultado de un accidente cerebrovascular, la sangre rica en ox\u00edgeno no llega a la parte espec\u00edfica del cerebro, afectando el suministro de ox\u00edgeno.<\/p>\n<div class=\"keretes w-100\">\n<p>Aplicar: <a href=\"mailto:pak.ce@semmelweis.hu\">pak.ce@semmelweis.hu<\/a><\/p>\n<\/div>\n<p><img loading=\"lazy\" decoding=\"async\" class=\"size-medium wp-image-616 alignright\" style=\"font-weight: bold\" src=\"https:\/\/semmelweis.hu\/peto-development\/files\/2023\/05\/IMG_1687-300x400.jpg\" alt=\"\" width=\"300\" height=\"400\" srcset=\"https:\/\/semmelweis.hu\/peto-development\/files\/2023\/05\/IMG_1687-300x400.jpg 300w, https:\/\/semmelweis.hu\/peto-development\/files\/2023\/05\/IMG_1687-768x1024.jpg 768w, https:\/\/semmelweis.hu\/peto-development\/files\/2023\/05\/IMG_1687-1152x1536.jpg 1152w, https:\/\/semmelweis.hu\/peto-development\/files\/2023\/05\/IMG_1687-1536x2048.jpg 1536w, https:\/\/semmelweis.hu\/peto-development\/files\/2023\/05\/IMG_1687-753x1004.jpg 753w, https:\/\/semmelweis.hu\/peto-development\/files\/2023\/05\/IMG_1687-scaled.jpg 1920w\" sizes=\"auto, (max-width: 300px) 100vw, 300px\" \/><\/p>\n<p><b>\u00a0<\/b><\/p>\n<p><strong>Sus consecuencias a largo plazo, seg\u00fan el \u00e1rea del cerebro afectada, pueden ser:<\/strong><br \/>\n\u25cf hemiplejia, control motriz d\u00e9bil (hemiplejia, hemiparesia), trastorno del tono muscular<br \/>\n\u25cf no uso aprendido (ignorar la parte del cuerpo afectada),<br \/>\n\u25cf problemas de equilibrio y de coordinaci\u00f3n,<br \/>\n\u25cf trastorno del habla (afasia),<br \/>\n\u25cf demencia post ACV,<br \/>\n\u25cf incontinencia.<\/p>\n<p>Estos afectan negativamente la correcta ejecuci\u00f3n de los movimientos, el traslado, la autosuficiencia y la comunicaci\u00f3n, por ende, toda la vida cotidiana. La depresi\u00f3n tambi\u00e9n es frecuente.<\/p>\n<p>Sin embargo, aprovechando la capacidad del cerebro, su neuroplasticidad, podemos lograr diferentes niveles de mejora. Gracias a la plasticidad cerebral, el papel de los nervios muertos o da\u00f1ados es asumido por otros, por lo que un brazo paralizado puede aprender a moverse nuevamente. Iniciar la rehabilitaci\u00f3n lo antes posible es la clave para mejorar el movimiento, el habla y las capacidades cognitivas.<\/p>\n","protected":false},"excerpt":{"rendered":"<p>ACCIDENTE CEREBROVASCULAR (ACV) Como resultado de un accidente cerebrovascular, la sangre rica en ox\u00edgeno no llega a la parte espec\u00edfica del cerebro, afectando el suministro de ox\u00edgeno. Aplicar: <a href=\"mailto:pak.ce@semmelweis.hu\">pak.ce@semmelweis.hu<\/a> \u00a0 Sus consecuencias a largo plazo, seg\u00fan el \u00e1rea del cerebro afectada, pueden ser: \u25cf hemiplejia, control motriz d\u00e9bil (hemiplejia, hemiparesia), trastorno del tono muscular \u25cf no &hellip;<\/p>\n","protected":false},"author":102184,"featured_media":0,"parent":1474,"menu_order":2,"comment_status":"closed","ping_status":"closed","template":"","meta":{"_acf_changed":false,"footnotes":""},"categories":[],"tags":[],"class_list":["post-1478","page","type-page","status-publish","hentry"],"acf":[],"_links":{"self":[{"href":"https:\/\/semmelweis.hu\/peto-development\/wp-json\/wp\/v2\/pages\/1478","targetHints":{"allow":["GET"]}}],"collection":[{"href":"https:\/\/semmelweis.hu\/peto-development\/wp-json\/wp\/v2\/pages"}],"about":[{"href":"https:\/\/semmelweis.hu\/peto-development\/wp-json\/wp\/v2\/types\/page"}],"author":[{"embeddable":true,"href":"https:\/\/semmelweis.hu\/peto-development\/wp-json\/wp\/v2\/users\/102184"}],"replies":[{"embeddable":true,"href":"https:\/\/semmelweis.hu\/peto-development\/wp-json\/wp\/v2\/comments?post=1478"}],"version-history":[{"count":5,"href":"https:\/\/semmelweis.hu\/peto-development\/wp-json\/wp\/v2\/pages\/1478\/revisions"}],"predecessor-version":[{"id":2339,"href":"https:\/\/semmelweis.hu\/peto-development\/wp-json\/wp\/v2\/pages\/1478\/revisions\/2339"}],"up":[{"embeddable":true,"href":"https:\/\/semmelweis.hu\/peto-development\/wp-json\/wp\/v2\/pages\/1474"}],"wp:attachment":[{"href":"https:\/\/semmelweis.hu\/peto-development\/wp-json\/wp\/v2\/media?parent=1478"}],"wp:term":[{"taxonomy":"category","embeddable":true,"href":"https:\/\/semmelweis.hu\/peto-development\/wp-json\/wp\/v2\/categories?post=1478"},{"taxonomy":"post_tag","embeddable":true,"href":"https:\/\/semmelweis.hu\/peto-development\/wp-json\/wp\/v2\/tags?post=1478"}],"curies":[{"name":"wp","href":"https:\/\/api.w.org\/{rel}","templated":true}]}}