{"id":1476,"date":"2023-08-29T11:16:27","date_gmt":"2023-08-29T09:16:27","guid":{"rendered":"https:\/\/semmelweis.hu\/peto-development\/?page_id=1476"},"modified":"2025-11-10T11:14:13","modified_gmt":"2025-11-10T10:14:13","slug":"paralisis-cerebral-pc","status":"publish","type":"page","link":"https:\/\/semmelweis.hu\/peto-development\/es\/servicios-2\/servicios-para-grupos-de-adultos-2\/paralisis-cerebral-pc\/","title":{"rendered":"Par\u00e1lisis Cerebral (PC)"},"content":{"rendered":"<h1>PAR\u00c1LISIS CEREBRAL (PC)<\/h1>\n<p>El objetivo general del programa \u201cPC\u201d para adultos es <strong>mejorar la calidad de vida<\/strong>, la rehabilitaci\u00f3n compleja de habilidades y destrezas perdidas a trav\u00e9s del aprendizaje, junto con el desarrollo y mantenimiento de habilidades existentes durante el mayor tiempo posible. Dominar movimientos y formas de movimiento aprendidos, fijarlos a trav\u00e9s de la pr\u00e1ctica y aplicaci\u00f3n, y automatizarlos durante actividades cotidianas.<\/p>\n<div class=\"keretes w-100\">\n<p>Aplicar: <a href=\"mailto:pak.ce@semmelweis.hu\">pak.ce@semmelweis.hu<\/a><\/p>\n<\/div>\n<p>Consideramos esencial fortalecer <strong>la confianza en uno mismo<\/strong>, involucrar activamente a la familia y al entorno inmediato en <strong>el proceso de desarrollo<\/strong>.<\/p>\n<p><img loading=\"lazy\" decoding=\"async\" class=\" wp-image-579 aligncenter\" src=\"https:\/\/semmelweis.hu\/peto-development\/files\/2023\/05\/IMG_1304_1-400x300.jpg\" alt=\"\" width=\"713\" height=\"535\" srcset=\"https:\/\/semmelweis.hu\/peto-development\/files\/2023\/05\/IMG_1304_1-400x300.jpg 400w, https:\/\/semmelweis.hu\/peto-development\/files\/2023\/05\/IMG_1304_1-1024x768.jpg 1024w, https:\/\/semmelweis.hu\/peto-development\/files\/2023\/05\/IMG_1304_1-768x576.jpg 768w, https:\/\/semmelweis.hu\/peto-development\/files\/2023\/05\/IMG_1304_1-1536x1152.jpg 1536w, https:\/\/semmelweis.hu\/peto-development\/files\/2023\/05\/IMG_1304_1-2048x1536.jpg 2048w, https:\/\/semmelweis.hu\/peto-development\/files\/2023\/05\/IMG_1304_1-753x565.jpg 753w\" sizes=\"auto, (max-width: 713px) 100vw, 713px\" \/><\/p>\n<p>&nbsp;<\/p>\n","protected":false},"excerpt":{"rendered":"<p>PAR\u00c1LISIS CEREBRAL (PC) El objetivo general del programa \u201cPC\u201d para adultos es mejorar la calidad de vida, la rehabilitaci\u00f3n compleja de habilidades y destrezas perdidas a trav\u00e9s del aprendizaje, junto con el desarrollo y mantenimiento de habilidades existentes durante el mayor tiempo posible. Dominar movimientos y formas de movimiento aprendidos, fijarlos a trav\u00e9s de la &hellip;<\/p>\n","protected":false},"author":102184,"featured_media":0,"parent":1474,"menu_order":1,"comment_status":"closed","ping_status":"closed","template":"","meta":{"_acf_changed":false,"footnotes":""},"categories":[],"tags":[],"class_list":["post-1476","page","type-page","status-publish","hentry"],"acf":[],"_links":{"self":[{"href":"https:\/\/semmelweis.hu\/peto-development\/wp-json\/wp\/v2\/pages\/1476","targetHints":{"allow":["GET"]}}],"collection":[{"href":"https:\/\/semmelweis.hu\/peto-development\/wp-json\/wp\/v2\/pages"}],"about":[{"href":"https:\/\/semmelweis.hu\/peto-development\/wp-json\/wp\/v2\/types\/page"}],"author":[{"embeddable":true,"href":"https:\/\/semmelweis.hu\/peto-development\/wp-json\/wp\/v2\/users\/102184"}],"replies":[{"embeddable":true,"href":"https:\/\/semmelweis.hu\/peto-development\/wp-json\/wp\/v2\/comments?post=1476"}],"version-history":[{"count":8,"href":"https:\/\/semmelweis.hu\/peto-development\/wp-json\/wp\/v2\/pages\/1476\/revisions"}],"predecessor-version":[{"id":2338,"href":"https:\/\/semmelweis.hu\/peto-development\/wp-json\/wp\/v2\/pages\/1476\/revisions\/2338"}],"up":[{"embeddable":true,"href":"https:\/\/semmelweis.hu\/peto-development\/wp-json\/wp\/v2\/pages\/1474"}],"wp:attachment":[{"href":"https:\/\/semmelweis.hu\/peto-development\/wp-json\/wp\/v2\/media?parent=1476"}],"wp:term":[{"taxonomy":"category","embeddable":true,"href":"https:\/\/semmelweis.hu\/peto-development\/wp-json\/wp\/v2\/categories?post=1476"},{"taxonomy":"post_tag","embeddable":true,"href":"https:\/\/semmelweis.hu\/peto-development\/wp-json\/wp\/v2\/tags?post=1476"}],"curies":[{"name":"wp","href":"https:\/\/api.w.org\/{rel}","templated":true}]}}