{"id":1464,"date":"2023-08-29T11:09:51","date_gmt":"2023-08-29T09:09:51","guid":{"rendered":"https:\/\/semmelweis.hu\/peto-development\/?page_id=1464"},"modified":"2025-11-10T11:10:03","modified_gmt":"2025-11-10T10:10:03","slug":"desarrollo-infantil-temprano-2","status":"publish","type":"page","link":"https:\/\/semmelweis.hu\/peto-development\/es\/servicios-2\/servicios-para-grupos-de-ninos\/desarrollo-infantil-temprano-2\/","title":{"rendered":"Desarrollo Infantil Temprano"},"content":{"rendered":"<h1>GRUPO DE BEB\u00c9S Y PADRES<\/h1>\n<p>Los padres\/cuidadores trabajan en estrecha colaboraci\u00f3n con el menor, el conductor y el resto del grupo, a fin de comprender las necesidades individuales del ni\u00f1o y encontrar formas de alentarlo a desarrollar habilidades apropiadas para su edad.<\/p>\n<div class=\"fontos_div\">\n<p>Solicar: <a href=\"mailto:pak.ce@semmelweis.hu\">pak.ce@semmelweis.hu<\/a><\/p>\n<\/div>\n<p><strong>Durante el programa:<\/strong><br \/>\n\u25cf Ni\u00f1os y padres adquieren nuevos conocimientos en un ambiente distendido y agradable.<br \/>\n\u25cf Todo se realiza de una manera <strong>l\u00fadica<\/strong>, independientemente de lo que sea.<br \/>\n\u25cf El profesional a cargo del programa genera <strong>condiciones para el juego y el movimiento<\/strong>.<br \/>\n\u25cf Los padres y los menores est\u00e1n motivados para resolver juntos tareas l\u00fadicas.<br \/>\n\u25cf Asistimos en las adaptaciones en el hogar y en la <strong>creaci\u00f3n de una rutina diaria<\/strong>.<br \/>\n\u25cf Se ofrece consultaci\u00f3n personal constante para facilitar una comprensi\u00f3n m\u00e1s precisa y<br \/>\n\u25cf La discusi\u00f3n de problemas individuales.<\/p>\n<p>Adem\u00e1s de obtener consejos y una mejor comprensi\u00f3n de la condici\u00f3n del menor, es tambi\u00e9n una gran oportunidad para que los padres conozcan a otras familias de ni\u00f1os con dificultades similares.<\/p>\n<p><strong>\u00bfBusca otro grupo de edad?<\/strong><\/p>\n<ul style=\"list-style-type: square\">\n<li><a href=\"https:\/\/semmelweis.hu\/peto-development\/es\/parvulos\/\">P\u00e1rvulos<\/a><\/li>\n<li><a href=\"https:\/\/semmelweis.hu\/peto-development\/es\/escolares-7-14-anos\/\">Escolares<\/a><\/li>\n<li><a href=\"https:\/\/semmelweis.hu\/peto-development\/es\/adolescentes-14-18-anos\/\">Adolescentes<\/a><\/li>\n<\/ul>\n\r\n        [slb_exclude]\r\n        <div class=\"row galeria-wrapper mx-0 h-auto\">\r\n            <div class=\"col-9 pl-0 pr-2\">\r\n            <span class=\"gallery-item frame\">\r\n\t\t\t\t<div class=\"galeria-left-img\"><a href=\"https:\/\/semmelweis.hu\/peto-development\/files\/2023\/08\/IMG_6245-scaled.jpg\"><img src=https:\/\/semmelweis.hu\/peto-development\/files\/2023\/08\/IMG_6245-scaled.jpg  \r\n                            alt=\"\" \r\n                            class=\"attachment-sote-gallery-big size-sote-gallery-big\" \r\n                            srcset=\"https:\/\/semmelweis.hu\/peto-development\/files\/2023\/08\/IMG_6245-300x400.jpg 300w, https:\/\/semmelweis.hu\/peto-development\/files\/2023\/08\/IMG_6245-768x1024.jpg 768w, https:\/\/semmelweis.hu\/peto-development\/files\/2023\/08\/IMG_6245-1152x1536.jpg 1152w, https:\/\/semmelweis.hu\/peto-development\/files\/2023\/08\/IMG_6245-1536x2048.jpg 1536w, https:\/\/semmelweis.hu\/peto-development\/files\/2023\/08\/IMG_6245-753x1004.jpg 753w, https:\/\/semmelweis.hu\/peto-development\/files\/2023\/08\/IMG_6245-scaled.jpg 1920w\" ><\/a><\/div>\r\n            <\/span>\r\n\r\n            <\/div>\r\n\r\n\t\t\t<div class=\"col-3 pl-0 pr-0\">\r\n\t\t\t\t<div class=\"galeria-right-img d-flex justify-content-between flex-column h-100 w-100 px-0 mx-0 \">\r\n                <div class=\"galeria-box\">\r\n\t\t\t\t\t<h3 class=\"galeria-title\">Gallery<\/h3>\r\n\t\t\t\t\t<div class=\"galeria-subtitle\">\r\n\r\n\t\t\t\t\t\t<div class=\"galeria-page-counter\"><span>6<\/span>images<\/div>\r\n                    <\/div> <\/div>\r\n                    <span class=\"gallery-item frame d-none d-md-flex\">\r\n\t\t\t\t\t<div class=\"galeria-small-img mt-0\"><a href=\"https:\/\/semmelweis.hu\/peto-development\/files\/2023\/08\/IMG_9721-768x1024-1.jpg\"><img src=https:\/\/semmelweis.hu\/peto-development\/files\/2023\/08\/IMG_9721-768x1024-1.jpg \r\n                                alt=\"\"  \r\n                                class=\"attachment-sote-gallery-small size-sote-gallery-small\" \r\n                                srcset=\"https:\/\/semmelweis.hu\/peto-development\/files\/2023\/08\/IMG_9721-768x1024-1-394x400.jpg 394w, https:\/\/semmelweis.hu\/peto-development\/files\/2023\/08\/IMG_9721-768x1024-1-753x764.jpg 753w, https:\/\/semmelweis.hu\/peto-development\/files\/2023\/08\/IMG_9721-768x1024-1.jpg 768w\" ><\/a><\/div>\r\n                    <\/span>\r\n                    <span class=\"gallery-item frame d-none d-md-flex\">\r\n\t\t\t\t\t<div class=\"galeria-small-img mt-0\"><a href=\"https:\/\/semmelweis.hu\/peto-development\/files\/2023\/05\/IMG_9603-scaled.jpg\"><img src=https:\/\/semmelweis.hu\/peto-development\/files\/2023\/05\/IMG_9603-scaled.jpg \r\n                                alt=\"\" \r\n                                class=\"attachment-sote-gallery-small size-sote-gallery-small\" \r\n                                srcset=\"https:\/\/semmelweis.hu\/peto-development\/files\/2023\/05\/IMG_9603-300x400.jpg 300w, https:\/\/semmelweis.hu\/peto-development\/files\/2023\/05\/IMG_9603-768x1024.jpg 768w, https:\/\/semmelweis.hu\/peto-development\/files\/2023\/05\/IMG_9603-1152x1536.jpg 1152w, https:\/\/semmelweis.hu\/peto-development\/files\/2023\/05\/IMG_9603-1536x2048.jpg 1536w, https:\/\/semmelweis.hu\/peto-development\/files\/2023\/05\/IMG_9603-753x1004.jpg 753w, https:\/\/semmelweis.hu\/peto-development\/files\/2023\/05\/IMG_9603-scaled.jpg 1920w\" ><\/a><\/div>\r\n                    <\/span>\r\n\r\n                <\/div>\r\n\r\n            <\/div>\r\n\r\n            <span class=\"gallery-item\"><div class=\"hidden\"><a href=\"https:\/\/semmelweis.hu\/peto-development\/files\/2023\/03\/received_853366515728214.jpeg\">\r\n        <img src=https:\/\/semmelweis.hu\/peto-development\/files\/2023\/03\/received_853366515728214.jpeg alt=\"\" class=\"attachment-sote-gallery-big size-sote-gallery-big\" srcset=\"https:\/\/semmelweis.hu\/peto-development\/files\/2023\/03\/received_853366515728214-300x400.jpeg 300w, https:\/\/semmelweis.hu\/peto-development\/files\/2023\/03\/received_853366515728214-768x1024.jpeg 768w, https:\/\/semmelweis.hu\/peto-development\/files\/2023\/03\/received_853366515728214-1152x1536.jpeg 1152w, https:\/\/semmelweis.hu\/peto-development\/files\/2023\/03\/received_853366515728214-753x1004.jpeg 753w, https:\/\/semmelweis.hu\/peto-development\/files\/2023\/03\/received_853366515728214.jpeg 1536w\" >\r\n        <\/a><\/div><\/span><span class=\"gallery-item\"><div class=\"hidden\"><a href=\"https:\/\/semmelweis.hu\/peto-development\/files\/2023\/05\/IMG_9620-scaled.jpg\">\r\n        <img src=https:\/\/semmelweis.hu\/peto-development\/files\/2023\/05\/IMG_9620-scaled.jpg alt=\"\" class=\"attachment-sote-gallery-big size-sote-gallery-big\" srcset=\"https:\/\/semmelweis.hu\/peto-development\/files\/2023\/05\/IMG_9620-300x400.jpg 300w, https:\/\/semmelweis.hu\/peto-development\/files\/2023\/05\/IMG_9620-768x1024.jpg 768w, https:\/\/semmelweis.hu\/peto-development\/files\/2023\/05\/IMG_9620-1152x1536.jpg 1152w, https:\/\/semmelweis.hu\/peto-development\/files\/2023\/05\/IMG_9620-1536x2048.jpg 1536w, https:\/\/semmelweis.hu\/peto-development\/files\/2023\/05\/IMG_9620-753x1004.jpg 753w, https:\/\/semmelweis.hu\/peto-development\/files\/2023\/05\/IMG_9620-scaled.jpg 1920w\" >\r\n        <\/a><\/div><\/span><span class=\"gallery-item\"><div class=\"hidden\"><a href=\"https:\/\/semmelweis.hu\/peto-development\/files\/2023\/05\/IMG_9720-scaled.jpg\">\r\n        <img src=https:\/\/semmelweis.hu\/peto-development\/files\/2023\/05\/IMG_9720-scaled.jpg alt=\"\" class=\"attachment-sote-gallery-big size-sote-gallery-big\" srcset=\"https:\/\/semmelweis.hu\/peto-development\/files\/2023\/05\/IMG_9720-300x400.jpg 300w, https:\/\/semmelweis.hu\/peto-development\/files\/2023\/05\/IMG_9720-768x1024.jpg 768w, https:\/\/semmelweis.hu\/peto-development\/files\/2023\/05\/IMG_9720-1152x1536.jpg 1152w, https:\/\/semmelweis.hu\/peto-development\/files\/2023\/05\/IMG_9720-1536x2048.jpg 1536w, https:\/\/semmelweis.hu\/peto-development\/files\/2023\/05\/IMG_9720-753x1004.jpg 753w, https:\/\/semmelweis.hu\/peto-development\/files\/2023\/05\/IMG_9720-scaled.jpg 1920w\" >\r\n        <\/a><\/div><\/span>\r\n            <\/div>\r\n\r\n            [\/slb_exclude]\r\n\t\n<p>&nbsp;<\/p>\n","protected":false},"excerpt":{"rendered":"<p>GRUPO DE BEB\u00c9S Y PADRES Los padres\/cuidadores trabajan en estrecha colaboraci\u00f3n con el menor, el conductor y el resto del grupo, a fin de comprender las necesidades individuales del ni\u00f1o y encontrar formas de alentarlo a desarrollar habilidades apropiadas para su edad. Solicar: <a href=\"mailto:pak.ce@semmelweis.hu\">pak.ce@semmelweis.hu<\/a> Durante el programa: \u25cf Ni\u00f1os y padres adquieren nuevos conocimientos en un &hellip;<\/p>\n","protected":false},"author":102184,"featured_media":0,"parent":1447,"menu_order":1,"comment_status":"closed","ping_status":"closed","template":"","meta":{"_acf_changed":false,"footnotes":""},"categories":[],"tags":[],"class_list":["post-1464","page","type-page","status-publish","hentry"],"acf":[],"_links":{"self":[{"href":"https:\/\/semmelweis.hu\/peto-development\/wp-json\/wp\/v2\/pages\/1464","targetHints":{"allow":["GET"]}}],"collection":[{"href":"https:\/\/semmelweis.hu\/peto-development\/wp-json\/wp\/v2\/pages"}],"about":[{"href":"https:\/\/semmelweis.hu\/peto-development\/wp-json\/wp\/v2\/types\/page"}],"author":[{"embeddable":true,"href":"https:\/\/semmelweis.hu\/peto-development\/wp-json\/wp\/v2\/users\/102184"}],"replies":[{"embeddable":true,"href":"https:\/\/semmelweis.hu\/peto-development\/wp-json\/wp\/v2\/comments?post=1464"}],"version-history":[{"count":7,"href":"https:\/\/semmelweis.hu\/peto-development\/wp-json\/wp\/v2\/pages\/1464\/revisions"}],"predecessor-version":[{"id":2334,"href":"https:\/\/semmelweis.hu\/peto-development\/wp-json\/wp\/v2\/pages\/1464\/revisions\/2334"}],"up":[{"embeddable":true,"href":"https:\/\/semmelweis.hu\/peto-development\/wp-json\/wp\/v2\/pages\/1447"}],"wp:attachment":[{"href":"https:\/\/semmelweis.hu\/peto-development\/wp-json\/wp\/v2\/media?parent=1464"}],"wp:term":[{"taxonomy":"category","embeddable":true,"href":"https:\/\/semmelweis.hu\/peto-development\/wp-json\/wp\/v2\/categories?post=1464"},{"taxonomy":"post_tag","embeddable":true,"href":"https:\/\/semmelweis.hu\/peto-development\/wp-json\/wp\/v2\/tags?post=1464"}],"curies":[{"name":"wp","href":"https:\/\/api.w.org\/{rel}","templated":true}]}}