{"id":1456,"date":"2023-08-29T11:07:19","date_gmt":"2023-08-29T09:07:19","guid":{"rendered":"https:\/\/semmelweis.hu\/peto-development\/?page_id=1456"},"modified":"2025-11-10T11:10:57","modified_gmt":"2025-11-10T10:10:57","slug":"parvulos","status":"publish","type":"page","link":"https:\/\/semmelweis.hu\/peto-development\/es\/servicios-2\/servicios-para-grupos-de-ninos\/parvulos\/","title":{"rendered":"P\u00e1rvulos"},"content":{"rendered":"<h1>P\u00c1RVULOS (3-8 A\u00d1OS)<\/h1>\n<p>Ofrece una oportunidad para que los ni\u00f1os trabajen dentro de <strong>un grupo<\/strong>. El enfoque principal del programa es mejorar las habilidades motoras de los ni\u00f1os, as\u00ed como sus <strong>habilidades para la vida diaria<\/strong>, como comunicarse, vestirse, ir al ba\u00f1o, comer, beber y jugar. El programa es muy <strong>complejo<\/strong> y se hace lo m\u00e1s <strong>colorido<\/strong> posible. Se priorizan los sentidos, la vista, el o\u00eddo y la mejora de la concentraci\u00f3n. Las sesiones son l\u00fadicas e inspiradoras para ayudar a los ni\u00f1os a adquirir informaci\u00f3n con facilidad.<\/p>\n<div class=\"fontos_div\">\n<p>Solicar: <a href=\"mailto:pak.ce@semmelweis.hu\">pak.ce@semmelweis.hu<\/a><\/p>\n<\/div>\n<p>El movimiento coordinado, la educaci\u00f3n del movimiento dirigida a crear la necesidad de un comportamiento activo, la ense\u00f1anza de estilos <strong>de vida independientes<\/strong>, la educaci\u00f3n y el desarrollo intelectual, el desarrollo de la comunicaci\u00f3n y el habla, la formaci\u00f3n de cualidades emocionales y volitivas y la educaci\u00f3n preescolar est\u00e1n inseparablemente presentes en el programa. Los ni\u00f1os <strong>participan en las sesiones con o sin sus padres<\/strong>, en funci\u00f3n de las observaciones de los conductores. El objetivo del grupo preescolar es ense\u00f1ar a los padres c\u00f3mo apoyar a sus hijos en su progreso f\u00edsico, social y emocional.<\/p>\n<p><strong>\u00bfBusca otro grupo de edad?<\/strong><\/p>\n<ul style=\"list-style-type: square\">\n<li><a href=\"https:\/\/semmelweis.hu\/peto-development\/es\/desarrollo-infantil-temprano-2\/\">Desarrollo Infantil Temprano<\/a><\/li>\n<li><a href=\"https:\/\/semmelweis.hu\/peto-development\/es\/escolares\/\">Escolares<\/a><\/li>\n<li><a href=\"https:\/\/semmelweis.hu\/peto-development\/es\/adolescentes\/\">Adolescentes<\/a><\/li>\n<\/ul>\n\r\n        [slb_exclude]\r\n        <div class=\"row galeria-wrapper mx-0 h-auto\">\r\n            <div class=\"col-9 pl-0 pr-2\">\r\n            <span class=\"gallery-item frame\">\r\n\t\t\t\t<div class=\"galeria-left-img\"><a href=\"https:\/\/semmelweis.hu\/peto-development\/files\/2023\/06\/allas.jpg\"><img src=https:\/\/semmelweis.hu\/peto-development\/files\/2023\/06\/allas.jpg  \r\n                            alt=\"\" \r\n                            class=\"attachment-sote-gallery-big size-sote-gallery-big\" \r\n                            srcset=\"https:\/\/semmelweis.hu\/peto-development\/files\/2023\/06\/allas-400x267.jpg 400w, https:\/\/semmelweis.hu\/peto-development\/files\/2023\/06\/allas-1024x683.jpg 1024w, https:\/\/semmelweis.hu\/peto-development\/files\/2023\/06\/allas-768x512.jpg 768w, https:\/\/semmelweis.hu\/peto-development\/files\/2023\/06\/allas-753x502.jpg 753w, https:\/\/semmelweis.hu\/peto-development\/files\/2023\/06\/allas-203x135.jpg 203w, https:\/\/semmelweis.hu\/peto-development\/files\/2023\/06\/allas.jpg 1200w\" ><\/a><\/div>\r\n            <\/span>\r\n\r\n            <\/div>\r\n\r\n\t\t\t<div class=\"col-3 pl-0 pr-0\">\r\n\t\t\t\t<div class=\"galeria-right-img d-flex justify-content-between flex-column h-100 w-100 px-0 mx-0 \">\r\n                <div class=\"galeria-box\">\r\n\t\t\t\t\t<h3 class=\"galeria-title\">Gallery<\/h3>\r\n\t\t\t\t\t<div class=\"galeria-subtitle\">\r\n\r\n\t\t\t\t\t\t<div class=\"galeria-page-counter\"><span>5<\/span>images<\/div>\r\n                    <\/div> <\/div>\r\n                    <span class=\"gallery-item frame d-none d-md-flex\">\r\n\t\t\t\t\t<div class=\"galeria-small-img mt-0\"><a href=\"https:\/\/semmelweis.hu\/peto-development\/files\/2023\/03\/IMG_9161.jpg\"><img src=https:\/\/semmelweis.hu\/peto-development\/files\/2023\/03\/IMG_9161.jpg \r\n                                alt=\"\"  \r\n                                class=\"attachment-sote-gallery-small size-sote-gallery-small\" \r\n                                srcset=\"https:\/\/semmelweis.hu\/peto-development\/files\/2023\/03\/IMG_9161-400x379.jpg 400w, https:\/\/semmelweis.hu\/peto-development\/files\/2023\/03\/IMG_9161.jpg 750w\" ><\/a><\/div>\r\n                    <\/span>\r\n                    <span class=\"gallery-item frame d-none d-md-flex\">\r\n\t\t\t\t\t<div class=\"galeria-small-img mt-0\"><a href=\"https:\/\/semmelweis.hu\/peto-development\/files\/2023\/03\/IMG_9162.jpg\"><img src=https:\/\/semmelweis.hu\/peto-development\/files\/2023\/03\/IMG_9162.jpg \r\n                                alt=\"\" \r\n                                class=\"attachment-sote-gallery-small size-sote-gallery-small\" \r\n                                srcset=\"https:\/\/semmelweis.hu\/peto-development\/files\/2023\/03\/IMG_9162-304x400.jpg 304w, https:\/\/semmelweis.hu\/peto-development\/files\/2023\/03\/IMG_9162.jpg 750w\" ><\/a><\/div>\r\n                    <\/span>\r\n\r\n                <\/div>\r\n\r\n            <\/div>\r\n\r\n            <span class=\"gallery-item\"><div class=\"hidden\"><a href=\"https:\/\/semmelweis.hu\/peto-development\/files\/2023\/03\/IMG_1307.png\">\r\n        <img src=https:\/\/semmelweis.hu\/peto-development\/files\/2023\/03\/IMG_1307.png alt=\"\" class=\"attachment-sote-gallery-big size-sote-gallery-big\" srcset=\"https:\/\/semmelweis.hu\/peto-development\/files\/2023\/03\/IMG_1307-300x400.png 300w, https:\/\/semmelweis.hu\/peto-development\/files\/2023\/03\/IMG_1307-768x1024.png 768w, https:\/\/semmelweis.hu\/peto-development\/files\/2023\/03\/IMG_1307-1152x1536.png 1152w, https:\/\/semmelweis.hu\/peto-development\/files\/2023\/03\/IMG_1307-1536x2048.png 1536w, https:\/\/semmelweis.hu\/peto-development\/files\/2023\/03\/IMG_1307-753x1004.png 753w\" >\r\n        <\/a><\/div><\/span><span class=\"gallery-item\"><div class=\"hidden\"><a href=\"https:\/\/semmelweis.hu\/peto-development\/files\/2023\/05\/received_1962492417423290-1.jpeg\">\r\n        <img src=https:\/\/semmelweis.hu\/peto-development\/files\/2023\/05\/received_1962492417423290-1.jpeg alt=\"\" class=\"attachment-sote-gallery-big size-sote-gallery-big\" srcset=\"https:\/\/semmelweis.hu\/peto-development\/files\/2023\/05\/received_1962492417423290-1-300x400.jpeg 300w, https:\/\/semmelweis.hu\/peto-development\/files\/2023\/05\/received_1962492417423290-1-768x1024.jpeg 768w, https:\/\/semmelweis.hu\/peto-development\/files\/2023\/05\/received_1962492417423290-1-1152x1536.jpeg 1152w, https:\/\/semmelweis.hu\/peto-development\/files\/2023\/05\/received_1962492417423290-1-753x1004.jpeg 753w, https:\/\/semmelweis.hu\/peto-development\/files\/2023\/05\/received_1962492417423290-1.jpeg 1536w\" >\r\n        <\/a><\/div><\/span>\r\n            <\/div>\r\n\r\n            [\/slb_exclude]\r\n\t\n","protected":false},"excerpt":{"rendered":"<p>P\u00c1RVULOS (3-8 A\u00d1OS) Ofrece una oportunidad para que los ni\u00f1os trabajen dentro de un grupo. El enfoque principal del programa es mejorar las habilidades motoras de los ni\u00f1os, as\u00ed como sus habilidades para la vida diaria, como comunicarse, vestirse, ir al ba\u00f1o, comer, beber y jugar. El programa es muy complejo y se hace lo &hellip;<\/p>\n","protected":false},"author":102184,"featured_media":0,"parent":1447,"menu_order":2,"comment_status":"closed","ping_status":"closed","template":"","meta":{"_acf_changed":false,"footnotes":""},"categories":[],"tags":[],"class_list":["post-1456","page","type-page","status-publish","hentry"],"acf":[],"_links":{"self":[{"href":"https:\/\/semmelweis.hu\/peto-development\/wp-json\/wp\/v2\/pages\/1456","targetHints":{"allow":["GET"]}}],"collection":[{"href":"https:\/\/semmelweis.hu\/peto-development\/wp-json\/wp\/v2\/pages"}],"about":[{"href":"https:\/\/semmelweis.hu\/peto-development\/wp-json\/wp\/v2\/types\/page"}],"author":[{"embeddable":true,"href":"https:\/\/semmelweis.hu\/peto-development\/wp-json\/wp\/v2\/users\/102184"}],"replies":[{"embeddable":true,"href":"https:\/\/semmelweis.hu\/peto-development\/wp-json\/wp\/v2\/comments?post=1456"}],"version-history":[{"count":7,"href":"https:\/\/semmelweis.hu\/peto-development\/wp-json\/wp\/v2\/pages\/1456\/revisions"}],"predecessor-version":[{"id":2335,"href":"https:\/\/semmelweis.hu\/peto-development\/wp-json\/wp\/v2\/pages\/1456\/revisions\/2335"}],"up":[{"embeddable":true,"href":"https:\/\/semmelweis.hu\/peto-development\/wp-json\/wp\/v2\/pages\/1447"}],"wp:attachment":[{"href":"https:\/\/semmelweis.hu\/peto-development\/wp-json\/wp\/v2\/media?parent=1456"}],"wp:term":[{"taxonomy":"category","embeddable":true,"href":"https:\/\/semmelweis.hu\/peto-development\/wp-json\/wp\/v2\/categories?post=1456"},{"taxonomy":"post_tag","embeddable":true,"href":"https:\/\/semmelweis.hu\/peto-development\/wp-json\/wp\/v2\/tags?post=1456"}],"curies":[{"name":"wp","href":"https:\/\/api.w.org\/{rel}","templated":true}]}}