{"id":1436,"date":"2023-08-29T10:54:51","date_gmt":"2023-08-29T08:54:51","guid":{"rendered":"https:\/\/semmelweis.hu\/peto-development\/?page_id=1436"},"modified":"2026-02-04T18:45:55","modified_gmt":"2026-02-04T17:45:55","slug":"del-area-internacional","status":"publish","type":"page","link":"https:\/\/semmelweis.hu\/peto-development\/es\/sobre-nosotros-2\/del-area-internacional\/","title":{"rendered":"Del \u00e1rea internacional"},"content":{"rendered":"<h1>dEL \u00c1REA INTERNACIONAL<\/h1>\n<p>Junto con proveer servicios a las familias h\u00fangaras en su sede en Budapest, la Facultad Andr\u00e1s Pet\u0151 de la Universidad Semmelweis tambi\u00e9n atiende diversos <strong>proyectos internacionales<\/strong> a trav\u00e9s de su Centro de Servicios Nacionales e Internacionales Especiales.<\/p>\n<p>El Instituto Internacional Pet\u0151 ha estado recibiendo <strong>pacientes del extranjero<\/strong> desde los a\u00f1os 80. El creciente inter\u00e9s llev\u00f3 a la creaci\u00f3n del llamado <strong>grupo internacional<\/strong> en los a\u00f1os 90. El departamento internacional comenz\u00f3 su funcionamiento con 4 grupos, inicialmente en ingl\u00e9s y alem\u00e1n y posteriormente en ruso. Al mismo tiempo, se lanzaron proyectos temporales en el extranjero, primero en Inglaterra, luego extendi\u00e9ndose alrededor del mundo.<br \/>\nPor ejemplo, en Norteam\u00e9rica, Egipto, Israel, Siria, Yemen, M\u00e9xico, Chile, Qatar, Australia, Suiza, Rusia y Jap\u00f3n. Varios se han convertido en institutos independientes, que hasta la fecha trabajan en conjunto con el instituto de Budapest. Por ejemplo, en Nueva Zelanda, Inglaterra e Israel.<\/p>\n<p>Desde 2014 se realizan atenciones conductivas temporales en las di\u00e1sporas h\u00fangaras cercanas con casi 250 participantes. Actualmente estamos realizando programas en 18 ciudades en Eslovaquia, Rumania, Serbia, Croacia y Ucrania.<\/p>\n<div class=\"w-100 keretes\">Nuestro instituto en Budapest espera con sus puertas abiertas a todas las familias interesadas.<\/div>\n<h1>Our staff:<\/h1>\n<h2>Leaders:\u00a0<\/h2>\n<h4><strong><img loading=\"lazy\" decoding=\"async\" class=\"alignright wp-image-2268\" src=\"https:\/\/semmelweis.hu\/peto-development\/files\/2025\/03\/PAK_KNNSZK_Csuka-Pal-320x400.jpg\" alt=\"\" width=\"250\" height=\"313\" srcset=\"https:\/\/semmelweis.hu\/peto-development\/files\/2025\/03\/PAK_KNNSZK_Csuka-Pal-320x400.jpg 320w, https:\/\/semmelweis.hu\/peto-development\/files\/2025\/03\/PAK_KNNSZK_Csuka-Pal-819x1024.jpg 819w, https:\/\/semmelweis.hu\/peto-development\/files\/2025\/03\/PAK_KNNSZK_Csuka-Pal-768x960.jpg 768w, https:\/\/semmelweis.hu\/peto-development\/files\/2025\/03\/PAK_KNNSZK_Csuka-Pal-1229x1536.jpg 1229w, https:\/\/semmelweis.hu\/peto-development\/files\/2025\/03\/PAK_KNNSZK_Csuka-Pal-1638x2048.jpg 1638w, https:\/\/semmelweis.hu\/peto-development\/files\/2025\/03\/PAK_KNNSZK_Csuka-Pal-753x941.jpg 753w, https:\/\/semmelweis.hu\/peto-development\/files\/2025\/03\/PAK_KNNSZK_Csuka-Pal-scaled.jpg 2048w\" sizes=\"auto, (max-width: 250px) 100vw, 250px\" \/>PAl Csuka<\/strong><\/h4>\n<h4>Director del \u00e1rea internacional<br \/>\nConductor<\/h4>\n<hr \/>\n<p>&nbsp;<\/p>\n<h4 style=\"text-align: left\"><strong>JULIJA ZINNER<img loading=\"lazy\" decoding=\"async\" class=\"alignright wp-image-2263\" src=\"https:\/\/semmelweis.hu\/peto-development\/files\/2025\/03\/PAK_KNNSZK_Zinner-Julia-Nikolajevna-320x400.jpg\" alt=\"\" width=\"244\" height=\"305\" srcset=\"https:\/\/semmelweis.hu\/peto-development\/files\/2025\/03\/PAK_KNNSZK_Zinner-Julia-Nikolajevna-320x400.jpg 320w, https:\/\/semmelweis.hu\/peto-development\/files\/2025\/03\/PAK_KNNSZK_Zinner-Julia-Nikolajevna-819x1024.jpg 819w, https:\/\/semmelweis.hu\/peto-development\/files\/2025\/03\/PAK_KNNSZK_Zinner-Julia-Nikolajevna-768x960.jpg 768w, https:\/\/semmelweis.hu\/peto-development\/files\/2025\/03\/PAK_KNNSZK_Zinner-Julia-Nikolajevna-1229x1536.jpg 1229w, https:\/\/semmelweis.hu\/peto-development\/files\/2025\/03\/PAK_KNNSZK_Zinner-Julia-Nikolajevna-1638x2048.jpg 1638w, https:\/\/semmelweis.hu\/peto-development\/files\/2025\/03\/PAK_KNNSZK_Zinner-Julia-Nikolajevna-753x941.jpg 753w, https:\/\/semmelweis.hu\/peto-development\/files\/2025\/03\/PAK_KNNSZK_Zinner-Julia-Nikolajevna-scaled.jpg 2048w\" sizes=\"auto, (max-width: 244px) 100vw, 244px\" \/><\/strong><\/h4>\n<h4 style=\"text-align: left\">Supervisora neurorehabilitadora<\/h4>\n<h4 style=\"text-align: left\">conductor<\/h4>\n<hr \/>\n<h2>Conductors:\u00a0<\/h2>\n<p>&nbsp;<\/p>\n<h4><span style=\"font-weight: bolder\">Fanni csiky-<\/span><strong>Monori<img loading=\"lazy\" decoding=\"async\" class=\" wp-image-2474 alignright\" src=\"https:\/\/semmelweis.hu\/peto-development\/files\/2026\/02\/PAK-feb-portre-w-01-320x400.jpg\" alt=\"\" width=\"245\" height=\"306\" srcset=\"https:\/\/semmelweis.hu\/peto-development\/files\/2026\/02\/PAK-feb-portre-w-01-320x400.jpg 320w, https:\/\/semmelweis.hu\/peto-development\/files\/2026\/02\/PAK-feb-portre-w-01-819x1024.jpg 819w, https:\/\/semmelweis.hu\/peto-development\/files\/2026\/02\/PAK-feb-portre-w-01-768x960.jpg 768w, https:\/\/semmelweis.hu\/peto-development\/files\/2026\/02\/PAK-feb-portre-w-01-753x941.jpg 753w, https:\/\/semmelweis.hu\/peto-development\/files\/2026\/02\/PAK-feb-portre-w-01.jpg 1200w\" sizes=\"auto, (max-width: 245px) 100vw, 245px\" \/><\/strong><\/h4>\n<h4>Conductor<\/h4>\n<hr \/>\n<h4><strong><img loading=\"lazy\" decoding=\"async\" class=\"alignright wp-image-2345\" src=\"https:\/\/semmelweis.hu\/peto-development\/files\/2025\/11\/PAK-25-szept-portre_nagy-1-320x400.jpg\" alt=\"\" width=\"250\" height=\"313\" srcset=\"https:\/\/semmelweis.hu\/peto-development\/files\/2025\/11\/PAK-25-szept-portre_nagy-1-320x400.jpg 320w, https:\/\/semmelweis.hu\/peto-development\/files\/2025\/11\/PAK-25-szept-portre_nagy-1-819x1024.jpg 819w, https:\/\/semmelweis.hu\/peto-development\/files\/2025\/11\/PAK-25-szept-portre_nagy-1-768x960.jpg 768w, https:\/\/semmelweis.hu\/peto-development\/files\/2025\/11\/PAK-25-szept-portre_nagy-1-1229x1536.jpg 1229w, https:\/\/semmelweis.hu\/peto-development\/files\/2025\/11\/PAK-25-szept-portre_nagy-1-1638x2048.jpg 1638w, https:\/\/semmelweis.hu\/peto-development\/files\/2025\/11\/PAK-25-szept-portre_nagy-1-753x941.jpg 753w, https:\/\/semmelweis.hu\/peto-development\/files\/2025\/11\/PAK-25-szept-portre_nagy-1-scaled.jpg 2048w\" sizes=\"auto, (max-width: 250px) 100vw, 250px\" \/>Anna Zs\u00f3fIA Fazekas<\/strong><\/h4>\n<h4>CONDUCTOR<\/h4>\n<hr \/>\n<h4><span style=\"font-weight: bolder\">Dorottya <\/span><strong>Ill\u00e9s <img loading=\"lazy\" decoding=\"async\" class=\"alignright wp-image-2267\" src=\"https:\/\/semmelweis.hu\/peto-development\/files\/2025\/03\/PAK_KNNSZK_Illes-Dora-320x400.jpg\" alt=\"\" width=\"250\" height=\"313\" srcset=\"https:\/\/semmelweis.hu\/peto-development\/files\/2025\/03\/PAK_KNNSZK_Illes-Dora-320x400.jpg 320w, https:\/\/semmelweis.hu\/peto-development\/files\/2025\/03\/PAK_KNNSZK_Illes-Dora-819x1024.jpg 819w, https:\/\/semmelweis.hu\/peto-development\/files\/2025\/03\/PAK_KNNSZK_Illes-Dora-768x960.jpg 768w, https:\/\/semmelweis.hu\/peto-development\/files\/2025\/03\/PAK_KNNSZK_Illes-Dora-1229x1536.jpg 1229w, https:\/\/semmelweis.hu\/peto-development\/files\/2025\/03\/PAK_KNNSZK_Illes-Dora-1638x2048.jpg 1638w, https:\/\/semmelweis.hu\/peto-development\/files\/2025\/03\/PAK_KNNSZK_Illes-Dora-753x941.jpg 753w, https:\/\/semmelweis.hu\/peto-development\/files\/2025\/03\/PAK_KNNSZK_Illes-Dora-scaled.jpg 2048w\" sizes=\"auto, (max-width: 250px) 100vw, 250px\" \/><\/strong><\/h4>\n<h4>CONDUCTOR<\/h4>\n<h4>\u00a0<\/h4>\n<p>&nbsp;<\/p>\n<p>&nbsp;<\/p>\n<p>&nbsp;<\/p>\n<hr \/>\n<h4 style=\"text-align: left\"><span style=\"font-weight: bolder\">eleon\u00f3ra l\u00e9vai<img loading=\"lazy\" decoding=\"async\" class=\" wp-image-2475 alignright\" src=\"https:\/\/semmelweis.hu\/peto-development\/files\/2026\/02\/PAK-feb-portre-N-02-320x400.jpg\" alt=\"\" width=\"248\" height=\"310\" srcset=\"https:\/\/semmelweis.hu\/peto-development\/files\/2026\/02\/PAK-feb-portre-N-02-320x400.jpg 320w, https:\/\/semmelweis.hu\/peto-development\/files\/2026\/02\/PAK-feb-portre-N-02-819x1024.jpg 819w, https:\/\/semmelweis.hu\/peto-development\/files\/2026\/02\/PAK-feb-portre-N-02-768x960.jpg 768w, https:\/\/semmelweis.hu\/peto-development\/files\/2026\/02\/PAK-feb-portre-N-02-1229x1536.jpg 1229w, https:\/\/semmelweis.hu\/peto-development\/files\/2026\/02\/PAK-feb-portre-N-02-1638x2048.jpg 1638w, https:\/\/semmelweis.hu\/peto-development\/files\/2026\/02\/PAK-feb-portre-N-02-753x941.jpg 753w, https:\/\/semmelweis.hu\/peto-development\/files\/2026\/02\/PAK-feb-portre-N-02-scaled.jpg 2048w\" sizes=\"auto, (max-width: 248px) 100vw, 248px\" \/><\/span><\/h4>\n<h4>CONDUCTOR<\/h4>\n<hr \/>\n<h4 style=\"text-align: left\"><img loading=\"lazy\" decoding=\"async\" class=\"alignright wp-image-2349\" src=\"https:\/\/semmelweis.hu\/peto-development\/files\/2025\/11\/PAK-25-szept-portre_nagy-2-320x400.jpg\" alt=\"\" width=\"250\" height=\"313\" srcset=\"https:\/\/semmelweis.hu\/peto-development\/files\/2025\/11\/PAK-25-szept-portre_nagy-2-320x400.jpg 320w, https:\/\/semmelweis.hu\/peto-development\/files\/2025\/11\/PAK-25-szept-portre_nagy-2-819x1024.jpg 819w, https:\/\/semmelweis.hu\/peto-development\/files\/2025\/11\/PAK-25-szept-portre_nagy-2-768x960.jpg 768w, https:\/\/semmelweis.hu\/peto-development\/files\/2025\/11\/PAK-25-szept-portre_nagy-2-1229x1536.jpg 1229w, https:\/\/semmelweis.hu\/peto-development\/files\/2025\/11\/PAK-25-szept-portre_nagy-2-1638x2048.jpg 1638w, https:\/\/semmelweis.hu\/peto-development\/files\/2025\/11\/PAK-25-szept-portre_nagy-2-753x941.jpg 753w, https:\/\/semmelweis.hu\/peto-development\/files\/2025\/11\/PAK-25-szept-portre_nagy-2-scaled.jpg 2048w\" sizes=\"auto, (max-width: 250px) 100vw, 250px\" \/><strong>Bettina <\/strong><span style=\"font-weight: bolder\">Mag<\/span><span style=\"font-weight: bolder\">\u00a0<\/span><\/h4>\n<h4>CONDUCTOR<\/h4>\n<hr \/>\n<h4 style=\"text-align: left\"><span style=\"font-weight: bolder\">Zs\u00f3fia <\/span><strong>Magyar <img loading=\"lazy\" decoding=\"async\" class=\"alignright wp-image-2266\" src=\"https:\/\/semmelweis.hu\/peto-development\/files\/2025\/03\/PAK_KNNSZK_Magyar-Zsofia-320x400.jpg\" alt=\"\" width=\"250\" height=\"313\" srcset=\"https:\/\/semmelweis.hu\/peto-development\/files\/2025\/03\/PAK_KNNSZK_Magyar-Zsofia-320x400.jpg 320w, https:\/\/semmelweis.hu\/peto-development\/files\/2025\/03\/PAK_KNNSZK_Magyar-Zsofia-819x1024.jpg 819w, https:\/\/semmelweis.hu\/peto-development\/files\/2025\/03\/PAK_KNNSZK_Magyar-Zsofia-768x960.jpg 768w, https:\/\/semmelweis.hu\/peto-development\/files\/2025\/03\/PAK_KNNSZK_Magyar-Zsofia-1229x1536.jpg 1229w, https:\/\/semmelweis.hu\/peto-development\/files\/2025\/03\/PAK_KNNSZK_Magyar-Zsofia-1638x2048.jpg 1638w, https:\/\/semmelweis.hu\/peto-development\/files\/2025\/03\/PAK_KNNSZK_Magyar-Zsofia-753x941.jpg 753w, https:\/\/semmelweis.hu\/peto-development\/files\/2025\/03\/PAK_KNNSZK_Magyar-Zsofia-scaled.jpg 2048w\" sizes=\"auto, (max-width: 250px) 100vw, 250px\" \/><\/strong><\/h4>\n<h4>CONDUCTOR<\/h4>\n<hr \/>\n<h4><strong><img loading=\"lazy\" decoding=\"async\" class=\"alignright wp-image-2344\" src=\"https:\/\/semmelweis.hu\/peto-development\/files\/2025\/11\/PAK-25-szept-portre_nagy-4-320x400.jpg\" alt=\"\" width=\"250\" height=\"313\" srcset=\"https:\/\/semmelweis.hu\/peto-development\/files\/2025\/11\/PAK-25-szept-portre_nagy-4-320x400.jpg 320w, https:\/\/semmelweis.hu\/peto-development\/files\/2025\/11\/PAK-25-szept-portre_nagy-4-819x1024.jpg 819w, https:\/\/semmelweis.hu\/peto-development\/files\/2025\/11\/PAK-25-szept-portre_nagy-4-768x960.jpg 768w, https:\/\/semmelweis.hu\/peto-development\/files\/2025\/11\/PAK-25-szept-portre_nagy-4-1229x1536.jpg 1229w, https:\/\/semmelweis.hu\/peto-development\/files\/2025\/11\/PAK-25-szept-portre_nagy-4-1638x2048.jpg 1638w, https:\/\/semmelweis.hu\/peto-development\/files\/2025\/11\/PAK-25-szept-portre_nagy-4-753x941.jpg 753w, https:\/\/semmelweis.hu\/peto-development\/files\/2025\/11\/PAK-25-szept-portre_nagy-4-scaled.jpg 2048w\" sizes=\"auto, (max-width: 250px) 100vw, 250px\" \/><\/strong><\/h4>\n<h4><span style=\"font-weight: bolder\">Vill\u0151 <\/span><strong>Megyesi\u00a0<\/strong><\/h4>\n<h4>CONDUCTOR<\/h4>\n<p>&nbsp;<\/p>\n<p>&nbsp;<\/p>\n<p>&nbsp;<\/p>\n<p>&nbsp;<\/p>\n<p>&nbsp;<\/p>\n<hr \/>\n<h4><span style=\"font-weight: bolder\"><img loading=\"lazy\" decoding=\"async\" class=\"alignright wp-image-2265\" src=\"https:\/\/semmelweis.hu\/peto-development\/files\/2025\/03\/PAK_KNNSZK_Orsolyak-Anna-320x400.jpg\" alt=\"\" width=\"250\" height=\"313\" srcset=\"https:\/\/semmelweis.hu\/peto-development\/files\/2025\/03\/PAK_KNNSZK_Orsolyak-Anna-320x400.jpg 320w, https:\/\/semmelweis.hu\/peto-development\/files\/2025\/03\/PAK_KNNSZK_Orsolyak-Anna-819x1024.jpg 819w, https:\/\/semmelweis.hu\/peto-development\/files\/2025\/03\/PAK_KNNSZK_Orsolyak-Anna-768x960.jpg 768w, https:\/\/semmelweis.hu\/peto-development\/files\/2025\/03\/PAK_KNNSZK_Orsolyak-Anna-1229x1536.jpg 1229w, https:\/\/semmelweis.hu\/peto-development\/files\/2025\/03\/PAK_KNNSZK_Orsolyak-Anna-1638x2048.jpg 1638w, https:\/\/semmelweis.hu\/peto-development\/files\/2025\/03\/PAK_KNNSZK_Orsolyak-Anna-753x941.jpg 753w, https:\/\/semmelweis.hu\/peto-development\/files\/2025\/03\/PAK_KNNSZK_Orsolyak-Anna-scaled.jpg 2048w\" sizes=\"auto, (max-width: 250px) 100vw, 250px\" \/><\/span><\/h4>\n<h4 style=\"text-align: left\"><strong>Anna <\/strong><span style=\"font-weight: bolder\">Orsoly\u00e1k<\/span><span style=\"font-weight: bolder\">\u00a0<\/span><\/h4>\n<h4>CONDUCTOR<\/h4>\n<hr \/>\n<h4 style=\"text-align: left\"><span style=\"font-weight: bolder\">Lili <\/span><strong>Sz\u00e1sz <img loading=\"lazy\" decoding=\"async\" class=\"alignright wp-image-2264\" src=\"https:\/\/semmelweis.hu\/peto-development\/files\/2025\/03\/PAK_KNNSZK_Szasz-Lili-320x400.jpg\" alt=\"\" width=\"250\" height=\"313\" srcset=\"https:\/\/semmelweis.hu\/peto-development\/files\/2025\/03\/PAK_KNNSZK_Szasz-Lili-320x400.jpg 320w, https:\/\/semmelweis.hu\/peto-development\/files\/2025\/03\/PAK_KNNSZK_Szasz-Lili-819x1024.jpg 819w, https:\/\/semmelweis.hu\/peto-development\/files\/2025\/03\/PAK_KNNSZK_Szasz-Lili-768x960.jpg 768w, https:\/\/semmelweis.hu\/peto-development\/files\/2025\/03\/PAK_KNNSZK_Szasz-Lili-1229x1536.jpg 1229w, https:\/\/semmelweis.hu\/peto-development\/files\/2025\/03\/PAK_KNNSZK_Szasz-Lili-1638x2048.jpg 1638w, https:\/\/semmelweis.hu\/peto-development\/files\/2025\/03\/PAK_KNNSZK_Szasz-Lili-753x941.jpg 753w, https:\/\/semmelweis.hu\/peto-development\/files\/2025\/03\/PAK_KNNSZK_Szasz-Lili-scaled.jpg 2048w\" sizes=\"auto, (max-width: 250px) 100vw, 250px\" \/><\/strong><\/h4>\n<h4>CONDUCTOR<\/h4>\n<hr \/>\n<h4><span style=\"font-weight: bolder\">Bor\u00f3ka <\/span><strong>SiMon <img loading=\"lazy\" decoding=\"async\" class=\"alignright wp-image-2343\" src=\"https:\/\/semmelweis.hu\/peto-development\/files\/2025\/11\/PAK-25-szept-portre_nagy-3-320x400.jpg\" alt=\"\" width=\"250\" height=\"313\" srcset=\"https:\/\/semmelweis.hu\/peto-development\/files\/2025\/11\/PAK-25-szept-portre_nagy-3-320x400.jpg 320w, https:\/\/semmelweis.hu\/peto-development\/files\/2025\/11\/PAK-25-szept-portre_nagy-3-819x1024.jpg 819w, https:\/\/semmelweis.hu\/peto-development\/files\/2025\/11\/PAK-25-szept-portre_nagy-3-768x960.jpg 768w, https:\/\/semmelweis.hu\/peto-development\/files\/2025\/11\/PAK-25-szept-portre_nagy-3-1229x1536.jpg 1229w, https:\/\/semmelweis.hu\/peto-development\/files\/2025\/11\/PAK-25-szept-portre_nagy-3-1638x2048.jpg 1638w, https:\/\/semmelweis.hu\/peto-development\/files\/2025\/11\/PAK-25-szept-portre_nagy-3-753x941.jpg 753w, https:\/\/semmelweis.hu\/peto-development\/files\/2025\/11\/PAK-25-szept-portre_nagy-3-scaled.jpg 2048w\" sizes=\"auto, (max-width: 250px) 100vw, 250px\" \/><\/strong><\/h4>\n<h4>CONDUCTOR<\/h4>\n<h4>\u00a0<\/h4>\n","protected":false},"excerpt":{"rendered":"<p>dEL \u00c1REA INTERNACIONAL Junto con proveer servicios a las familias h\u00fangaras en su sede en Budapest, la Facultad Andr\u00e1s Pet\u0151 de la Universidad Semmelweis tambi\u00e9n atiende diversos proyectos internacionales a trav\u00e9s de su Centro de Servicios Nacionales e Internacionales Especiales. El Instituto Internacional Pet\u0151 ha estado recibiendo pacientes del extranjero desde los a\u00f1os 80. El &hellip;<\/p>\n","protected":false},"author":102184,"featured_media":0,"parent":1430,"menu_order":2,"comment_status":"closed","ping_status":"closed","template":"","meta":{"_acf_changed":false,"footnotes":""},"categories":[],"tags":[],"class_list":["post-1436","page","type-page","status-publish","hentry"],"acf":[],"_links":{"self":[{"href":"https:\/\/semmelweis.hu\/peto-development\/wp-json\/wp\/v2\/pages\/1436","targetHints":{"allow":["GET"]}}],"collection":[{"href":"https:\/\/semmelweis.hu\/peto-development\/wp-json\/wp\/v2\/pages"}],"about":[{"href":"https:\/\/semmelweis.hu\/peto-development\/wp-json\/wp\/v2\/types\/page"}],"author":[{"embeddable":true,"href":"https:\/\/semmelweis.hu\/peto-development\/wp-json\/wp\/v2\/users\/102184"}],"replies":[{"embeddable":true,"href":"https:\/\/semmelweis.hu\/peto-development\/wp-json\/wp\/v2\/comments?post=1436"}],"version-history":[{"count":10,"href":"https:\/\/semmelweis.hu\/peto-development\/wp-json\/wp\/v2\/pages\/1436\/revisions"}],"predecessor-version":[{"id":2481,"href":"https:\/\/semmelweis.hu\/peto-development\/wp-json\/wp\/v2\/pages\/1436\/revisions\/2481"}],"up":[{"embeddable":true,"href":"https:\/\/semmelweis.hu\/peto-development\/wp-json\/wp\/v2\/pages\/1430"}],"wp:attachment":[{"href":"https:\/\/semmelweis.hu\/peto-development\/wp-json\/wp\/v2\/media?parent=1436"}],"wp:term":[{"taxonomy":"category","embeddable":true,"href":"https:\/\/semmelweis.hu\/peto-development\/wp-json\/wp\/v2\/categories?post=1436"},{"taxonomy":"post_tag","embeddable":true,"href":"https:\/\/semmelweis.hu\/peto-development\/wp-json\/wp\/v2\/tags?post=1436"}],"curies":[{"name":"wp","href":"https:\/\/api.w.org\/{rel}","templated":true}]}}