{"id":11,"date":"2023-02-14T08:55:38","date_gmt":"2023-02-14T07:55:38","guid":{"rendered":"https:\/\/semmelweis.hu\/peto-szolgaltatas\/?page_id=11"},"modified":"2024-10-07T11:09:15","modified_gmt":"2024-10-07T09:09:15","slug":"elerhetosegek","status":"publish","type":"page","link":"https:\/\/semmelweis.hu\/peto-development\/hu\/elerhetosegek\/","title":{"rendered":"El\u00e9rhet\u0151s\u00e9gek"},"content":{"rendered":"<div class=\"keretes w-100\">\n<h6><strong>C\u00edm:<\/strong> 1125 Budapest, K\u00fatv\u00f6lgyi \u00fat 8.<\/h6>\n<h6><strong>Telefon:<\/strong> <a href=\"tel:+3612241500\">+36 1 224 1500<\/a> ; <a href=\"tel:+3614591500\">+36 1 459 1500<\/a>\u00a0 \u00a0 <strong>Mell\u00e9k:<\/strong> 62529<\/h6>\n<h6><strong>E-mail c\u00edm:<\/strong> <a href=\"mailto:pak.ce@semmelweis.hu\">pak.ce@semmelweis.hu<\/a><\/h6>\n<\/div>\n\n<!-- iframe plugin v.4.9 wordpress.org\/plugins\/iframe\/ -->\n<iframe src=\"https:\/\/www.google.com\/maps\/embed?pb=!1m18!1m12!1m3!1d2694.8919003411747!2d19.00076361586918!3d47.51149640253574!2m3!1f0!2f0!3f0!3m2!1i1024!2i768!4f13.1!3m3!1m2!1s0x4741debf39fc5241%3A0xd9bc957a0d341a3a!2sSemmelweis%20Egyetem%20Pet%C5%91%20Andr%C3%A1s%20Kar!5e0!3m2!1shu!2shu!4v1678111846476!5m2!1shu!2shu\" width=\"100%\" height=\"450\" style=\"border:0;\" allowfullscreen loading=\"lazy\" referrerpolicy=\"no-referrer-when-downgrade\" scrolling=\"yes\" class=\"iframe-class\" frameborder=\"0\"><\/iframe>\n\n<p>&nbsp;<\/p>\n","protected":false},"excerpt":{"rendered":"<p>C\u00edm: 1125 Budapest, K\u00fatv\u00f6lgyi \u00fat 8.<br \/>\nTelefon: <a href=\"tel:+3612241500\">+36 1 224 1500<\/a> ; <a href=\"tel:+3614591500\">+36 1 459 1500<\/a>\u00a0 \u00a0 Mell\u00e9k: 62529<br \/>\nE-mail c\u00edm: <a href=\"mailto:pak.ce@semmelweis.hu\">pak.ce@semmelweis.hu<\/a><\/p>\n<p>&nbsp;<\/p>\n","protected":false},"author":12,"featured_media":0,"parent":0,"menu_order":8,"comment_status":"closed","ping_status":"closed","template":"","meta":{"_acf_changed":false,"footnotes":""},"categories":[],"tags":[],"class_list":["post-11","page","type-page","status-publish","hentry"],"acf":[],"_links":{"self":[{"href":"https:\/\/semmelweis.hu\/peto-development\/wp-json\/wp\/v2\/pages\/11","targetHints":{"allow":["GET"]}}],"collection":[{"href":"https:\/\/semmelweis.hu\/peto-development\/wp-json\/wp\/v2\/pages"}],"about":[{"href":"https:\/\/semmelweis.hu\/peto-development\/wp-json\/wp\/v2\/types\/page"}],"author":[{"embeddable":true,"href":"https:\/\/semmelweis.hu\/peto-development\/wp-json\/wp\/v2\/users\/12"}],"replies":[{"embeddable":true,"href":"https:\/\/semmelweis.hu\/peto-development\/wp-json\/wp\/v2\/comments?post=11"}],"version-history":[{"count":10,"href":"https:\/\/semmelweis.hu\/peto-development\/wp-json\/wp\/v2\/pages\/11\/revisions"}],"predecessor-version":[{"id":2127,"href":"https:\/\/semmelweis.hu\/peto-development\/wp-json\/wp\/v2\/pages\/11\/revisions\/2127"}],"wp:attachment":[{"href":"https:\/\/semmelweis.hu\/peto-development\/wp-json\/wp\/v2\/media?parent=11"}],"wp:term":[{"taxonomy":"category","embeddable":true,"href":"https:\/\/semmelweis.hu\/peto-development\/wp-json\/wp\/v2\/categories?post=11"},{"taxonomy":"post_tag","embeddable":true,"href":"https:\/\/semmelweis.hu\/peto-development\/wp-json\/wp\/v2\/tags?post=11"}],"curies":[{"name":"wp","href":"https:\/\/api.w.org\/{rel}","templated":true}]}}