{"id":5,"date":"2012-01-29T15:13:17","date_gmt":"2012-01-29T15:13:17","guid":{"rendered":"http:\/\/semmelweis-egyetem.hu\/penzugy\/?page_id=5"},"modified":"2024-10-15T16:07:55","modified_gmt":"2024-10-15T14:07:55","slug":"altalanos-informaciok","status":"publish","type":"page","link":"https:\/\/semmelweis.hu\/penzugy\/altalanos-informaciok\/","title":{"rendered":"\u00c1ltal\u00e1nos inform\u00e1ci\u00f3k"},"content":{"rendered":"<p><strong><u>A P\u00e9nz\u00fcgyi Igazgat\u00f3s\u00e1g feladatai<\/u><\/strong><\/p>\n<ul>\n<li>A p\u00e9nz\u00fcgyi \u00e9s sz\u00e1mviteli rend kialak\u00edt\u00e1sa \u00e9s betartat\u00e1sa. \u00a0<\/li>\n<li>El\u0151k\u00e9sz\u00edti az Igazgat\u00f3s\u00e1g feladatk\u00f6r\u00e9hez tartoz\u00f3 szab\u00e1lyzatokat, elj\u00e1r\u00e1si rendeket (sz\u00e1mviteli politika, sz\u00e1mlarend, sz\u00e1mlat\u00fck\u00f6r, k\u00f6vetel\u00e9skezel\u00e9si szab\u00e1lyzat, sz\u00e1mviteli bizonylat rend), valamint az ehhez kapcsol\u00f3d\u00f3 m\u00f3dos\u00edt\u00e1sokat.<\/li>\n<li>Iktatja az egyetemre be\u00e9rkez\u0151 sz\u00e1ll\u00edt\u00f3i sz\u00e1ml\u00e1kat.<\/li>\n<li>Ellen\u0151rzi az Egyetem szervezeti egys\u00e9gei \u00e1ltal ig\u00e9nybevett szolg\u00e1ltat\u00e1sok \u00e9s term\u00e9kbeszerz\u00e9sek sz\u00e1ll\u00edt\u00f3i sz\u00e1ml\u00e1ival kapcsolatos sz\u00e1mviteli bizonylatokat.<\/li>\n<li>Gondoskodik a sz\u00e1ml\u00e1k, valamint az egy\u00e9b kifizet\u00e9sek hat\u00e1rid\u0151n bel\u00fcli kifizet\u00e9s\u00e9r\u0151l.<\/li>\n<li>Egyeztet\u00e9st folytat a sz\u00e1ll\u00edt\u00f3i foly\u00f3sz\u00e1ml\u00e1kkal kapcsolatban.<\/li>\n<li>Gondoskodik a bev\u00e9telek sz\u00e1mviteli nyilv\u00e1ntart\u00e1s\u00e1r\u00f3l.<\/li>\n<li>R\u00f6gz\u00edti a hallgat\u00f3i befizet\u00e9sekkel kapcsolatos tranzakci\u00f3kat az SAP rendszerben.<\/li>\n<li>Figyelemmel k\u00eds\u00e9ri a t\u00e1mogat\u00e1sok t\u00e1mogat\u00f3 \u00e1ltali foly\u00f3s\u00edt\u00e1s\u00e1nak, a szervezeti egys\u00e9gek \u00e1ltal kibocs\u00e1tott sz\u00e1ml\u00e1k p\u00e9nz\u00fcgyi teljes\u00edt\u00e9s\u00e9t. A t\u00e1mogat\u00e1sokkal, p\u00e1ly\u00e1zatokkal \u00e9s c\u00e9lelsz\u00e1mol\u00e1sokkal kapcsolatos ellen\u0151rz\u00e9seket, egyeztet\u00e9seket folytat.<\/li>\n<li>Elk\u00e9sz\u00edti a hat\u00e1sk\u00f6r\u00e9be utalt ad\u00f3fizet\u00e9si k\u00f6telezetts\u00e9g k\u00f6r\u00e9ben a bevall\u00e1sokat, tov\u00e1bb\u00e1 teljes\u00edti az ad\u00f3fizet\u00e9si k\u00f6telezetts\u00e9geket.\u00a0<\/li>\n<li>Gondoskodik a kintl\u00e9v\u0151s\u00e9gek behajt\u00e1s\u00e1r\u00f3l.<\/li>\n<li>Biztos\u00edtja az Egyetem likvidit\u00e1s\u00e1t, a p\u00e9nzforgalmi sz\u00e1ml\u00e1k kezel\u00e9s\u00e9t, a szervezeti egys\u00e9gek k\u00e9szp\u00e9nzell\u00e1t\u00e1s\u00e1t.<\/li>\n<li>Biztos\u00edtja a hat\u00e1lyos sz\u00e1mviteli jogszab\u00e1lyok betart\u00e1sa mellett az elfogadott sz\u00e1mlarendnek megfelel\u0151en a gazdas\u00e1gi esem\u00e9nyek k\u00f6nyvel\u00e9s\u00e9t.<\/li>\n<li>Ell\u00e1tja a havi \u00e9s \u00e9ves z\u00e1r\u00e1ssal kapcsolatos sz\u00e1mviteli feladatokat.<\/li>\n<\/ul>\n<ul>\n<li>Biztos\u00edtja a sz\u00e1mviteli bizonylatok jogszab\u00e1lyban meghat\u00e1rozott id\u0151tartam\u00fa \u0151rz\u00e9s\u00e9t.<\/li>\n<li>Nyilv\u00e1ntartja az egyetemi \u00e9s az idegen tulajdonban l\u00e9v\u0151 vagyonban be\u00e1ll\u00f3 v\u00e1ltoz\u00e1sokat.<\/li>\n<li>Lelt\u00e1rellen\u0151rz\u00e9si \u00fctemtervet k\u00e9sz\u00edt, amely alapj\u00e1n a Lelt\u00e1rk\u00e9sz\u00edt\u00e9si \u00e9s lelt\u00e1roz\u00e1si szab\u00e1lyzatban foglaltak szerint ell\u00e1tja a lelt\u00e1rellen\u0151rz\u00e9si feladatokat.<\/li>\n<li>Elk\u00e9sz\u00edti az egyetem \u00e9ves besz\u00e1mol\u00f3j\u00e1t, \u00fczleti jelent\u00e9s\u00e9t \u00e9s k\u00f6zhaszn\u00fas\u00e1gi mell\u00e9klet\u00e9t, tov\u00e1bb\u00e1 m\u00e1s, feladatk\u00f6r\u00e9be utalt adatszolg\u00e1ltat\u00e1sokat.<\/li>\n<\/ul>\n","protected":false},"excerpt":{"rendered":"<p>A P\u00e9nz\u00fcgyi Igazgat\u00f3s\u00e1g feladatai A p\u00e9nz\u00fcgyi \u00e9s sz\u00e1mviteli rend kialak\u00edt\u00e1sa \u00e9s betartat\u00e1sa. \u00a0 El\u0151k\u00e9sz\u00edti az Igazgat\u00f3s\u00e1g feladatk\u00f6r\u00e9hez tartoz\u00f3 szab\u00e1lyzatokat, elj\u00e1r\u00e1si rendeket (sz\u00e1mviteli politika, sz\u00e1mlarend, sz\u00e1mlat\u00fck\u00f6r, k\u00f6vetel\u00e9skezel\u00e9si szab\u00e1lyzat, sz\u00e1mviteli bizonylat rend), valamint az ehhez kapcsol\u00f3d\u00f3 m\u00f3dos\u00edt\u00e1sokat. Iktatja az egyetemre be\u00e9rkez\u0151 sz\u00e1ll\u00edt\u00f3i sz\u00e1ml\u00e1kat. Ellen\u0151rzi az Egyetem szervezeti egys\u00e9gei \u00e1ltal ig\u00e9nybevett szolg\u00e1ltat\u00e1sok \u00e9s term\u00e9kbeszerz\u00e9sek sz\u00e1ll\u00edt\u00f3i sz\u00e1ml\u00e1ival kapcsolatos sz\u00e1mviteli &hellip;<\/p>\n","protected":false},"author":8,"featured_media":1429,"parent":0,"menu_order":0,"comment_status":"open","ping_status":"open","template":"","meta":{"_acf_changed":false,"footnotes":""},"categories":[],"tags":[],"class_list":["post-5","page","type-page","status-publish","has-post-thumbnail","hentry"],"acf":[],"_links":{"self":[{"href":"https:\/\/semmelweis.hu\/penzugy\/wp-json\/wp\/v2\/pages\/5","targetHints":{"allow":["GET"]}}],"collection":[{"href":"https:\/\/semmelweis.hu\/penzugy\/wp-json\/wp\/v2\/pages"}],"about":[{"href":"https:\/\/semmelweis.hu\/penzugy\/wp-json\/wp\/v2\/types\/page"}],"author":[{"embeddable":true,"href":"https:\/\/semmelweis.hu\/penzugy\/wp-json\/wp\/v2\/users\/8"}],"replies":[{"embeddable":true,"href":"https:\/\/semmelweis.hu\/penzugy\/wp-json\/wp\/v2\/comments?post=5"}],"version-history":[{"count":11,"href":"https:\/\/semmelweis.hu\/penzugy\/wp-json\/wp\/v2\/pages\/5\/revisions"}],"predecessor-version":[{"id":1987,"href":"https:\/\/semmelweis.hu\/penzugy\/wp-json\/wp\/v2\/pages\/5\/revisions\/1987"}],"wp:featuredmedia":[{"embeddable":true,"href":"https:\/\/semmelweis.hu\/penzugy\/wp-json\/wp\/v2\/media\/1429"}],"wp:attachment":[{"href":"https:\/\/semmelweis.hu\/penzugy\/wp-json\/wp\/v2\/media?parent=5"}],"wp:term":[{"taxonomy":"category","embeddable":true,"href":"https:\/\/semmelweis.hu\/penzugy\/wp-json\/wp\/v2\/categories?post=5"},{"taxonomy":"post_tag","embeddable":true,"href":"https:\/\/semmelweis.hu\/penzugy\/wp-json\/wp\/v2\/tags?post=5"}],"curies":[{"name":"wp","href":"https:\/\/api.w.org\/{rel}","templated":true}]}}