{"id":1460,"date":"2023-10-04T14:08:41","date_gmt":"2023-10-04T12:08:41","guid":{"rendered":"https:\/\/semmelweis.hu\/penzugy\/?page_id=1460"},"modified":"2024-10-16T08:06:23","modified_gmt":"2024-10-16T06:06:23","slug":"bevetelkezelesi-osztaly","status":"publish","type":"page","link":"https:\/\/semmelweis.hu\/penzugy\/osztalyok\/bevetelkezelesi-osztaly\/","title":{"rendered":"Bev\u00e9telkezel\u00e9si Oszt\u00e1ly"},"content":{"rendered":"<div class=\"keretes w-100\">\n<p><strong>Bev\u00e9telkezel\u00e9si oszt\u00e1lyvezet\u0151: Pajger Gabriella<\/strong><\/p>\n<\/div>\n<h4><strong>A Bev\u00e9telkezel\u00e9si Oszt\u00e1lyhoz tartoz\u00f3 csoportok feladatai<\/strong><\/h4>\n<h5>Bev\u00e9teli Csoport<\/h5>\n<ul>\n<li>SD sz\u00e1mla ki\u00e1ll\u00edt\u00e1sa,<\/li>\n<li>t\u00e1mogat\u00e1sok k\u00f6nyvel\u00e9se, egyeztet\u00e9se a t\u00e1mogat\u00f3i okirat \u00e9s egy\u00e9b dokumentumoknak megfelel\u0151en (KIM, NEAK \u2013 finansz\u00edroz\u00e1s, patika \u00e1rt\u00e1mogat\u00e1s)<\/li>\n<li>a forintos banksz\u00e1ml\u00e1kra be\u00e9rkez\u0151 j\u00f3v\u00e1\u00edr\u00e1sok k\u00f6nyvel\u00e9se,<\/li>\n<li>az egyetemi patik\u00e1k napi forgalm\u00e1nak k\u00f6nyvel\u00e9se,<\/li>\n<li>jegyzetbolt \/ k\u00f6nyvt\u00e1r bev\u00e9telek k\u00f6nyvel\u00e9se,<\/li>\n<li>KKT parkol\u00e1s bev\u00e9tel k\u00f6nyvel\u00e9se,<\/li>\n<li>kauci\u00f3, kamat, \u00fcd\u00fcl\u00e9s el\u0151leg k\u00f6nyvel\u00e9se,<\/li>\n<li>munkab\u00e9rtartoz\u00e1s k\u00f6nyvel\u00e9se a b\u00e9rsz\u00e1mfejt\u00e9s bet\u00f6lt\u0151 t\u00e1bl\u00e1ja alapj\u00e1n,<\/li>\n<li>a szervezeti egys\u00e9gek \u00e1ltal ki\u00e1ll\u00edtott sz\u00e1ml\u00e1k ellen\u0151rz\u00e9se,<\/li>\n<li>bev\u00e9tel elhat\u00e1rol\u00e1sok gy\u0171jt\u00e9se, rendez\u00e9se \u00e9s k\u00f6nyvel\u00e9se, \u00e1t\u00e9rt\u00e9kel\u00e9s k\u00f6nyvel\u00e9se,<\/li>\n<li>SAP-ban deviz\u00e1ban ki\u00e1ll\u00edtott sz\u00e1ml\u00e1k \u00e9v v\u00e9gi \u00e1t\u00e9rt\u00e9kel\u00e9se, az \u00e1t\u00e9rt\u00e9kel\u00e9si k\u00fcl\u00f6nb\u00f6zet k\u00f6nyvel\u00e9se,<\/li>\n<li>vev\u0151min\u0151s\u00edt\u00e9sek elv\u00e9gz\u00e9se,<\/li>\n<li>vev\u0151min\u0151s\u00edt\u00e9sek alapj\u00e1n \u00e9rt\u00e9kveszt\u00e9s k\u00f6nyvel\u00e9se,<\/li>\n<li>f\u0151k\u00f6nyvi egyez\u0151s\u00e9g biztos\u00edt\u00e1sa,<\/li>\n<li>lelt\u00e1rk\u00e9sz\u00edt\u00e9si feladatok lelt\u00e1roz\u00e1si \u00fctemterv szerint,<\/li>\n<li>k\u00f6nyvvizsg\u00e1lattal kapcsolatos adatszolg\u00e1ltat\u00e1s dokumentumainak el\u0151k\u00e9sz\u00edt\u00e9se,<\/li>\n<li>adatszolg\u00e1ltat\u00e1sokhoz vev\u0151 analitika biztos\u00edt\u00e1sa,<\/li>\n<li>adatszolg\u00e1ltat\u00e1s az Egyetem \u00e9ves besz\u00e1mol\u00f3j\u00e1hoz, adatszolg\u00e1ltat\u00e1saihoz a k\u00e9rt form\u00e1ban \u00e9s tartalommal, az hat\u00e1rid\u0151re teljes\u00edthet\u0151 legyen.<\/li>\n<\/ul>\n<h5>NEPTUN P\u00e9nz\u00fcgyi Csoport<\/h5>\n<ul>\n<li>Neptun sz\u00e1mla ki\u00e1ll\u00edt\u00e1sa \u00e1tv\u00e1llalt tand\u00edj eset\u00e9n,<\/li>\n<li>NEPTUN rendszerben storn\u00f3 j\u00f3v\u00e1\u00edr\u00f3 sz\u00e1ml\u00e1k elk\u00e9sz\u00edt\u00e9se,<\/li>\n<li>gy\u0171jt\u0151sz\u00e1ml\u00e1k kezel\u00e9se,<\/li>\n<li>a hallgat\u00f3k \u00e1ltal fizetett tand\u00edj bev\u00e9telek k\u00f6nyvel\u00e9se a deviza \u00e9s forint sz\u00e1ml\u00e1kon,<\/li>\n<li>visszautas\u00edtott \u00f6szt\u00f6nd\u00edjak banki k\u00f6nyvel\u00e9se,<\/li>\n<li>tand\u00edjkedvezm\u00e9nyek, t\u00f6bblettbefizet\u00e9sek visszautal\u00e1sa,<\/li>\n<li>valutap\u00e9nzt\u00e1ri forgalom k\u00f6nyvel\u00e9se,<\/li>\n<li>di\u00e1khitel SAP kezel\u00e9se,<\/li>\n<li>egyetemen bel\u00fcli saj\u00e1t dolgoz\u00f3 tand\u00edj\u00e1tv\u00e1llal\u00e1s k\u00f6nyvel\u00e9s,<\/li>\n<li>NEPTUN \u00e9s SAP rendszer egyez\u0151s\u00e9g\u00e9nek ellen\u0151rz\u00e9se,<\/li>\n<li>f\u00fcgg\u0151 t\u00e9telek rendez\u00e9se,<\/li>\n<li>hallgat\u00f3i akt\u00edv lista elk\u00e9sz\u00edt\u00e9se \u00e9s kik\u00fcld\u00e9se a szervezeti egys\u00e9gek r\u00e9sz\u00e9re,<\/li>\n<li>hallgat\u00f3i vev\u0151i k\u00f6vetel\u00e9s min\u0151s\u00edt\u00e9s elv\u00e9gz\u00e9se,<\/li>\n<li>min\u0151s\u00edt\u00e9s k\u00f6nyvel\u00e9se,<\/li>\n<li>hallgat\u00f3i tand\u00edjak \u00e9s \u00f6szt\u00f6nd\u00edjak elhat\u00e1rol\u00e1s\u00e1nak gy\u0171jt\u00e9se, rendez\u00e9se \u00e9s k\u00f6nyvel\u00e9se, \u00e1t\u00e9rt\u00e9kel\u00e9s k\u00f6nyvel\u00e9se,<\/li>\n<li>NEPTUN rendszerben deviz\u00e1ban ki\u00e1ll\u00edtott sz\u00e1ml\u00e1k \u00e9v v\u00e9gi \u00e1t\u00e9rt\u00e9kel\u00e9se, az \u00e1t\u00e9rt\u00e9kel\u00e9si k\u00fcl\u00f6nb\u00f6zet k\u00f6nyvel\u00e9se,<\/li>\n<li>f\u0151k\u00f6nyvi egyez\u0151s\u00e9g biztos\u00edt\u00e1sa,<\/li>\n<li>lelt\u00e1rk\u00e9sz\u00edt\u00e9si feladatok lelt\u00e1roz\u00e1si \u00fctemterv szerint,<\/li>\n<li>k\u00f6nyvvizsg\u00e1lattal kapcsolatos adatszolg\u00e1ltat\u00e1s dokumentumainak el\u0151k\u00e9sz\u00edt\u00e9se,<\/li>\n<li>adatszolg\u00e1ltat\u00e1s az Egyetem \u00e9ves besz\u00e1mol\u00f3j\u00e1hoz, adatszolg\u00e1ltat\u00e1saihoz a k\u00e9rt form\u00e1ban \u00e9s tartalommal, az hat\u00e1rid\u0151re teljes\u00edthet\u0151 legyen.<\/li>\n<\/ul>\n<h5>K\u00f6vetel\u00e9skezel\u00e9si Csoport<\/h5>\n<ul>\n<li>vev\u0151i t\u00f6rzsadat l\u00e9trehoz\u00e1sa, karbantart\u00e1sa,<\/li>\n<li>vev\u0151i foly\u00f3sz\u00e1ml\u00e1k nyomon k\u00f6vet\u00e9se, monitoroz\u00e1sa,<\/li>\n<li>a lej\u00e1rt vev\u0151i k\u00f6vetel\u00e9s\u00e1llom\u00e1ny kimutat\u00e1sa,<\/li>\n<li>nyitott vev\u0151 t\u00e9telek megk\u00fcld\u00e9se a szervezeti egys\u00e9g r\u00e9sz\u00e9re,<\/li>\n<li>visszaigazolt k\u00f6vetel\u00e9sek feldolgoz\u00e1sa,<\/li>\n<li>befizetett tartoz\u00e1sok egyeztet\u00e9se,<\/li>\n<li>jogi igazgat\u00f3s\u00e1g fel\u00e9 adatszolg\u00e1ltat\u00e1s,<\/li>\n<li>vev\u0151i egyenlegk\u00f6zl\u0151 levelek ellen\u0151rz\u00e9se, egyeztet\u00e9se,<\/li>\n<li>vev\u0151 egyenlegk\u00f6zl\u0151k megk\u00fcld\u00e9se (december 31-i \u00e1llapot),<\/li>\n<li>p\u00e9nz\u00fcgyi kompenz\u00e1l\u00e1si meg\u00e1llapod\u00e1sok megk\u00f6t\u00e9se,<\/li>\n<li>k\u00e9sedelmi kamatk\u00f6zl\u0151 elk\u00e9sz\u00edt\u00e9se, kik\u00fcld\u00e9se, nyilv\u00e1ntart\u00e1sa,<\/li>\n<li>kimen\u0151 e-sz\u00e1ml\u00e1hoz kapcsol\u00f3d\u00f3 nyilatkozatok kezel\u00e9se,<\/li>\n<li>\u00e9rt\u00e9kveszt\u00e9ssel kapcsolatos egy\u00e9b feladatok,<\/li>\n<li>kiegyenl\u00edtett t\u00e9telek \u00e9rt\u00e9kveszt\u00e9s\u00e9nek vissza\u00edr\u00e1sa,<\/li>\n<li>behajthatatlan k\u00f6vetel\u00e9sek kezel\u00e9se, felterjeszt\u00e9se le\u00edr\u00e1sra, k\u00f6nyvel\u00e9se,<\/li>\n<li>f\u0151k\u00f6nyvi egyez\u0151s\u00e9g biztos\u00edt\u00e1sa,<\/li>\n<li>lelt\u00e1rk\u00e9sz\u00edt\u00e9si feladatok lelt\u00e1roz\u00e1si \u00fctemterv szerint,<\/li>\n<li>k\u00f6nyvvizsg\u00e1lattal kapcsolatos adatszolg\u00e1ltat\u00e1s dokumentumainak el\u0151k\u00e9sz\u00edt\u00e9se,<\/li>\n<li>ellen\u0151rz\u00f6tt adatot ad az Egyetem besz\u00e1mol\u00f3j\u00e1hoz,<\/li>\n<li>adatszolg\u00e1ltat\u00e1saihoz a k\u00e9rt form\u00e1ban \u00e9s tartalommal, hogy az hat\u00e1rid\u0151re teljes\u00edthet\u0151 legyen.<\/li>\n<\/ul>\n","protected":false},"excerpt":{"rendered":"<p>Bev\u00e9telkezel\u00e9si oszt\u00e1lyvezet\u0151: Pajger Gabriella A Bev\u00e9telkezel\u00e9si Oszt\u00e1lyhoz tartoz\u00f3 csoportok feladatai Bev\u00e9teli Csoport SD sz\u00e1mla ki\u00e1ll\u00edt\u00e1sa, t\u00e1mogat\u00e1sok k\u00f6nyvel\u00e9se, egyeztet\u00e9se a t\u00e1mogat\u00f3i okirat \u00e9s egy\u00e9b dokumentumoknak megfelel\u0151en (KIM, NEAK \u2013 finansz\u00edroz\u00e1s, patika \u00e1rt\u00e1mogat\u00e1s) a forintos banksz\u00e1ml\u00e1kra be\u00e9rkez\u0151 j\u00f3v\u00e1\u00edr\u00e1sok k\u00f6nyvel\u00e9se, az egyetemi patik\u00e1k napi forgalm\u00e1nak k\u00f6nyvel\u00e9se, jegyzetbolt \/ k\u00f6nyvt\u00e1r bev\u00e9telek k\u00f6nyvel\u00e9se, KKT parkol\u00e1s bev\u00e9tel k\u00f6nyvel\u00e9se, kauci\u00f3, kamat, \u00fcd\u00fcl\u00e9s &hellip;<\/p>\n","protected":false},"author":101540,"featured_media":0,"parent":7,"menu_order":2,"comment_status":"closed","ping_status":"closed","template":"","meta":{"_acf_changed":false,"footnotes":""},"categories":[],"tags":[],"class_list":["post-1460","page","type-page","status-publish","hentry"],"acf":[],"_links":{"self":[{"href":"https:\/\/semmelweis.hu\/penzugy\/wp-json\/wp\/v2\/pages\/1460","targetHints":{"allow":["GET"]}}],"collection":[{"href":"https:\/\/semmelweis.hu\/penzugy\/wp-json\/wp\/v2\/pages"}],"about":[{"href":"https:\/\/semmelweis.hu\/penzugy\/wp-json\/wp\/v2\/types\/page"}],"author":[{"embeddable":true,"href":"https:\/\/semmelweis.hu\/penzugy\/wp-json\/wp\/v2\/users\/101540"}],"replies":[{"embeddable":true,"href":"https:\/\/semmelweis.hu\/penzugy\/wp-json\/wp\/v2\/comments?post=1460"}],"version-history":[{"count":7,"href":"https:\/\/semmelweis.hu\/penzugy\/wp-json\/wp\/v2\/pages\/1460\/revisions"}],"predecessor-version":[{"id":1945,"href":"https:\/\/semmelweis.hu\/penzugy\/wp-json\/wp\/v2\/pages\/1460\/revisions\/1945"}],"up":[{"embeddable":true,"href":"https:\/\/semmelweis.hu\/penzugy\/wp-json\/wp\/v2\/pages\/7"}],"wp:attachment":[{"href":"https:\/\/semmelweis.hu\/penzugy\/wp-json\/wp\/v2\/media?parent=1460"}],"wp:term":[{"taxonomy":"category","embeddable":true,"href":"https:\/\/semmelweis.hu\/penzugy\/wp-json\/wp\/v2\/categories?post=1460"},{"taxonomy":"post_tag","embeddable":true,"href":"https:\/\/semmelweis.hu\/penzugy\/wp-json\/wp\/v2\/tags?post=1460"}],"curies":[{"name":"wp","href":"https:\/\/api.w.org\/{rel}","templated":true}]}}