{"id":1411,"date":"2022-08-29T13:03:31","date_gmt":"2022-08-29T11:03:31","guid":{"rendered":"https:\/\/semmelweis.hu\/penzugy\/?page_id=1411"},"modified":"2024-10-16T08:20:14","modified_gmt":"2024-10-16T06:20:14","slug":"neptun","status":"publish","type":"page","link":"https:\/\/semmelweis.hu\/penzugy\/neptun\/","title":{"rendered":"NEPTUN"},"content":{"rendered":"<p>T\u00e1j\u00e9koztat\u00f3k<\/p>\n<p>DIAKHITEL TAJEKOZTATO KOLLEGAKNAK<\/p>\n<p>\u00d6nk\u00f6lts\u00e9g ki\u00edr\u00e1s<\/p>\n","protected":false},"excerpt":{"rendered":"<p>T\u00e1j\u00e9koztat\u00f3k<br \/>\nDIAKHITEL TAJEKOZTATO KOLLEGAKNAK<br \/>\n\u00d6nk\u00f6lts\u00e9g ki\u00edr\u00e1s<\/p>\n","protected":false},"author":101540,"featured_media":0,"parent":0,"menu_order":7,"comment_status":"closed","ping_status":"closed","template":"","meta":{"_acf_changed":false,"footnotes":""},"categories":[],"tags":[],"class_list":["post-1411","page","type-page","status-publish","hentry"],"acf":[],"_links":{"self":[{"href":"https:\/\/semmelweis.hu\/penzugy\/wp-json\/wp\/v2\/pages\/1411","targetHints":{"allow":["GET"]}}],"collection":[{"href":"https:\/\/semmelweis.hu\/penzugy\/wp-json\/wp\/v2\/pages"}],"about":[{"href":"https:\/\/semmelweis.hu\/penzugy\/wp-json\/wp\/v2\/types\/page"}],"author":[{"embeddable":true,"href":"https:\/\/semmelweis.hu\/penzugy\/wp-json\/wp\/v2\/users\/101540"}],"replies":[{"embeddable":true,"href":"https:\/\/semmelweis.hu\/penzugy\/wp-json\/wp\/v2\/comments?post=1411"}],"version-history":[{"count":9,"href":"https:\/\/semmelweis.hu\/penzugy\/wp-json\/wp\/v2\/pages\/1411\/revisions"}],"predecessor-version":[{"id":1923,"href":"https:\/\/semmelweis.hu\/penzugy\/wp-json\/wp\/v2\/pages\/1411\/revisions\/1923"}],"wp:attachment":[{"href":"https:\/\/semmelweis.hu\/penzugy\/wp-json\/wp\/v2\/media?parent=1411"}],"wp:term":[{"taxonomy":"category","embeddable":true,"href":"https:\/\/semmelweis.hu\/penzugy\/wp-json\/wp\/v2\/categories?post=1411"},{"taxonomy":"post_tag","embeddable":true,"href":"https:\/\/semmelweis.hu\/penzugy\/wp-json\/wp\/v2\/tags?post=1411"}],"curies":[{"name":"wp","href":"https:\/\/api.w.org\/{rel}","templated":true}]}}