{"id":1359,"date":"2021-04-06T15:04:31","date_gmt":"2021-04-06T13:04:31","guid":{"rendered":"https:\/\/semmelweis.hu\/penzugy\/?page_id=1359"},"modified":"2025-01-06T14:26:00","modified_gmt":"2025-01-06T13:26:00","slug":"cash-amount","status":"publish","type":"page","link":"https:\/\/semmelweis.hu\/penzugy\/cash-amount\/","title":{"rendered":"Cash Payment\u00a0"},"content":{"rendered":"<h5>Thank you for your booking.<\/h5>\n<div class=\"keretes w-100\">\n<p>We have sent you the date and time of your appointment via Email.<\/p>\n<p><strong>LOCATION: <\/strong><strong>Main Cashier\u2019s of Semmelweis University<\/strong><br \/>\n1085 Budapest, \u00dcll\u0151i \u00fat 26.<\/p>\n<p>Please\u00a0<em><strong>download, print<\/strong>\u00a0<\/em>and take the filled out\u00a0<strong><a href=\"https:\/\/semmelweis.hu\/english\/files\/2021\/03\/banknote_register.xlsx\" target=\"_blank\" rel=\"noopener noreferrer\">banknote register<\/a><\/strong>\u00a0with you for cash payment. (xls)<\/p>\n<\/div>\n","protected":false},"excerpt":{"rendered":"<p>Thank you for your booking.<\/p>\n<p>We have sent you the date and time of your appointment via Email.<br \/>\nLOCATION: Main Cashier\u2019s of Semmelweis University<br \/>\n1085 Budapest, \u00dcll\u0151i \u00fat 26.<br \/>\nPlease\u00a0download, print\u00a0and take the filled out\u00a0<a href=\"https:\/\/semmelweis.hu\/english\/files\/2021\/03\/banknote_register.xlsx\" target=\"_blank\" rel=\"noopener noreferrer\">banknote register<\/a>\u00a0with you for cash payment. (xls)<\/p>\n","protected":false},"author":101737,"featured_media":0,"parent":0,"menu_order":7,"comment_status":"closed","ping_status":"closed","template":"","meta":{"_acf_changed":false,"footnotes":""},"categories":[],"tags":[],"class_list":["post-1359","page","type-page","status-publish","hentry"],"acf":[],"_links":{"self":[{"href":"https:\/\/semmelweis.hu\/penzugy\/wp-json\/wp\/v2\/pages\/1359","targetHints":{"allow":["GET"]}}],"collection":[{"href":"https:\/\/semmelweis.hu\/penzugy\/wp-json\/wp\/v2\/pages"}],"about":[{"href":"https:\/\/semmelweis.hu\/penzugy\/wp-json\/wp\/v2\/types\/page"}],"author":[{"embeddable":true,"href":"https:\/\/semmelweis.hu\/penzugy\/wp-json\/wp\/v2\/users\/101737"}],"replies":[{"embeddable":true,"href":"https:\/\/semmelweis.hu\/penzugy\/wp-json\/wp\/v2\/comments?post=1359"}],"version-history":[{"count":4,"href":"https:\/\/semmelweis.hu\/penzugy\/wp-json\/wp\/v2\/pages\/1359\/revisions"}],"predecessor-version":[{"id":2050,"href":"https:\/\/semmelweis.hu\/penzugy\/wp-json\/wp\/v2\/pages\/1359\/revisions\/2050"}],"wp:attachment":[{"href":"https:\/\/semmelweis.hu\/penzugy\/wp-json\/wp\/v2\/media?parent=1359"}],"wp:term":[{"taxonomy":"category","embeddable":true,"href":"https:\/\/semmelweis.hu\/penzugy\/wp-json\/wp\/v2\/categories?post=1359"},{"taxonomy":"post_tag","embeddable":true,"href":"https:\/\/semmelweis.hu\/penzugy\/wp-json\/wp\/v2\/tags?post=1359"}],"curies":[{"name":"wp","href":"https:\/\/api.w.org\/{rel}","templated":true}]}}