{"id":8,"date":"2023-02-06T10:59:57","date_gmt":"2023-02-06T09:59:57","guid":{"rendered":"https:\/\/semmelweis.hu\/pbi\/?page_id=8"},"modified":"2023-10-30T13:34:10","modified_gmt":"2023-10-30T12:34:10","slug":"kapcsolat","status":"publish","type":"page","link":"https:\/\/semmelweis.hu\/pbi\/kapcsolat\/","title":{"rendered":"Kapcsolat"},"content":{"rendered":"<p>&nbsp;<\/p>\n<p><span style=\"background-color: #add8e6\"><strong>Betegrefer\u00e1l\u00e1s telefonsz\u00e1ma \u00a0\u00a0\u00a0\u00a0\u00a0\u00a0\u00a0\u00a0\u00a0\u00a0\u00a0\u00a0\u00a0\u00a0\u00a0\u00a0\u00a0\u00a0\u00a0\u00a0\u00a0\u00a0\u00a0\u00a0\u00a0\u00a0\u00a0\u00a0\u00a0\u00a0\u00a0\u00a0\u00a0\u00a0\u00a0\u00a0\u00a0\u00a0\u00a0\u00a0\u00a0\u00a0\u00a0\u00a0\u00a0\u00a0\u00a0\u00a0\u00a0\u00a0\u00a0\u00a0\u00a0\u00a0\u00a0\u00a0\u00a0\u00a0\u00a0\u00a0\u00a0\u00a0\u00a0\u00a0\u00a0\u00a0\u00a0\u00a0\u00a0 \u00a0\u00a0\u00a0\u00a0\u00a0\u00a0\u00a0\u00a0\u00a0\u00a0\u00a0\u00a0\u00a0 0630\/016-4414<\/strong><\/span><\/p>\n<ul>\n<li>Akut pankreatitisz eset refer\u00e1l\u00e1s est\u00e9n h\u00edvhat\u00f3, kiz\u00e1r\u00f3lag orvos \u00e1ltal.<\/li>\n<li>Onkol\u00f3giai beteg refer\u00e1l\u00e1sa is h\u00edvhat\u00f3, de ambul\u00e1ns id\u0151pont nem k\u00e9rhet\u0151 ezen a sz\u00e1mon.<\/li>\n<li>A h\u00e9t minden napj\u00e1n 0-24 \u00f3r\u00e1ban h\u00edvhat\u00f3, \u00e9s mindig orvosn\u00e1l van.<\/li>\n<\/ul>\n<p><span style=\"background-color: #add8e6\"><strong>Gasztroenterol\u00f3gia ambulancia telefonsz\u00e1ma\u00a0 \u00a0 \u00a0 \u00a0 \u00a0 \u00a0 \u00a0 \u00a0 \u00a0 \u00a0 \u00a0 \u00a0 \u00a0 \u00a0 \u00a0 \u00a0 \u00a0 \u00a0 \u00a0 \u00a0 \u00a0 \u00a0 \u00a0 \u00a0 \u00a0 \u00a0 \u00a0 0630\/016-4748<\/strong><\/span><\/p>\n<ul>\n<li>Munkanapokon 09:00 \u2013 15:00 \u00f3ra k\u00f6z\u00f6tt h\u00edvhat\u00f3.<\/li>\n<li>Gasztroenterol\u00f3gia szakrendel\u00e9sre foglalhat\u00f3 id\u0151pont.<\/li>\n<\/ul>\n<p><span style=\"background-color: #add8e6\"><strong>Onkol\u00f3gia r\u00e9szleg k\u00f6zponti telefonsz\u00e1ma \u00a0\u00a0\u00a0\u00a0\u00a0\u00a0\u00a0\u00a0\u00a0\u00a0\u00a0\u00a0\u00a0\u00a0\u00a0\u00a0\u00a0\u00a0\u00a0\u00a0\u00a0\u00a0\u00a0\u00a0\u00a0\u00a0\u00a0\u00a0\u00a0\u00a0\u00a0\u00a0\u00a0\u00a0\u00a0\u00a0\u00a0\u00a0\u00a0\u00a0\u00a0\u00a0\u00a0\u00a0\u00a0 \u00a0\u00a0\u00a0\u00a0\u00a0\u00a0\u00a0\u00a0\u00a0\u00a0\u00a0\u00a0\u00a0 0630\/016-4415<\/strong><\/span><\/p>\n<ul>\n<li>Munkanapokon 08:30 \u2013 14:00 \u00f3ra k\u00f6z\u00f6tt h\u00edvhat\u00f3.<\/li>\n<li>Onkol\u00f3giai szakrendel\u00e9sre foglalhat\u00f3 id\u0151pont<\/li>\n<li>Onkol\u00f3giai kivizsg\u00e1l\u00e1sra jelentkez\u00e9sre alkalmas (orvos, beteg vagy hozz\u00e1tartoz\u00f3 \u00e1ltal)<\/li>\n<\/ul>\n<p>&nbsp;<\/p>\n<p>&nbsp;<\/p>\n<p>&nbsp;<\/p>\n","protected":false},"excerpt":{"rendered":"<p>&nbsp; Betegrefer\u00e1l\u00e1s telefonsz\u00e1ma \u00a0\u00a0\u00a0\u00a0\u00a0\u00a0\u00a0\u00a0\u00a0\u00a0\u00a0\u00a0\u00a0\u00a0\u00a0\u00a0\u00a0\u00a0\u00a0\u00a0\u00a0\u00a0\u00a0\u00a0\u00a0\u00a0\u00a0\u00a0\u00a0\u00a0\u00a0\u00a0\u00a0\u00a0\u00a0\u00a0\u00a0\u00a0\u00a0\u00a0\u00a0\u00a0\u00a0\u00a0\u00a0\u00a0\u00a0\u00a0\u00a0\u00a0\u00a0\u00a0\u00a0\u00a0\u00a0\u00a0\u00a0\u00a0\u00a0\u00a0\u00a0\u00a0\u00a0\u00a0\u00a0\u00a0\u00a0\u00a0\u00a0 \u00a0\u00a0\u00a0\u00a0\u00a0\u00a0\u00a0\u00a0\u00a0\u00a0\u00a0\u00a0\u00a0 0630\/016-4414 Akut pankreatitisz eset refer\u00e1l\u00e1s est\u00e9n h\u00edvhat\u00f3, kiz\u00e1r\u00f3lag orvos \u00e1ltal. Onkol\u00f3giai beteg refer\u00e1l\u00e1sa is h\u00edvhat\u00f3, de ambul\u00e1ns id\u0151pont nem k\u00e9rhet\u0151 ezen a sz\u00e1mon. A h\u00e9t minden napj\u00e1n 0-24 \u00f3r\u00e1ban h\u00edvhat\u00f3, \u00e9s mindig orvosn\u00e1l van. Gasztroenterol\u00f3gia ambulancia telefonsz\u00e1ma\u00a0 \u00a0 \u00a0 \u00a0 \u00a0 \u00a0 \u00a0 \u00a0 \u00a0 \u00a0 \u00a0 \u00a0 \u00a0 \u00a0 &hellip;<\/p>\n","protected":false},"author":12,"featured_media":0,"parent":0,"menu_order":8,"comment_status":"closed","ping_status":"closed","template":"","meta":{"_acf_changed":false,"footnotes":""},"categories":[],"tags":[],"class_list":["post-8","page","type-page","status-publish","hentry"],"acf":[],"_links":{"self":[{"href":"https:\/\/semmelweis.hu\/pbi\/wp-json\/wp\/v2\/pages\/8","targetHints":{"allow":["GET"]}}],"collection":[{"href":"https:\/\/semmelweis.hu\/pbi\/wp-json\/wp\/v2\/pages"}],"about":[{"href":"https:\/\/semmelweis.hu\/pbi\/wp-json\/wp\/v2\/types\/page"}],"author":[{"embeddable":true,"href":"https:\/\/semmelweis.hu\/pbi\/wp-json\/wp\/v2\/users\/12"}],"replies":[{"embeddable":true,"href":"https:\/\/semmelweis.hu\/pbi\/wp-json\/wp\/v2\/comments?post=8"}],"version-history":[{"count":10,"href":"https:\/\/semmelweis.hu\/pbi\/wp-json\/wp\/v2\/pages\/8\/revisions"}],"predecessor-version":[{"id":104,"href":"https:\/\/semmelweis.hu\/pbi\/wp-json\/wp\/v2\/pages\/8\/revisions\/104"}],"wp:attachment":[{"href":"https:\/\/semmelweis.hu\/pbi\/wp-json\/wp\/v2\/media?parent=8"}],"wp:term":[{"taxonomy":"category","embeddable":true,"href":"https:\/\/semmelweis.hu\/pbi\/wp-json\/wp\/v2\/categories?post=8"},{"taxonomy":"post_tag","embeddable":true,"href":"https:\/\/semmelweis.hu\/pbi\/wp-json\/wp\/v2\/tags?post=8"}],"curies":[{"name":"wp","href":"https:\/\/api.w.org\/{rel}","templated":true}]}}