{"id":208,"date":"2025-11-24T10:54:32","date_gmt":"2025-11-24T09:54:32","guid":{"rendered":"https:\/\/semmelweis.hu\/pbi\/?page_id=208"},"modified":"2025-11-24T10:54:32","modified_gmt":"2025-11-24T09:54:32","slug":"nyari-gyakorlatok","status":"publish","type":"page","link":"https:\/\/semmelweis.hu\/pbi\/oktatas\/nyari-gyakorlatok\/","title":{"rendered":"Ny\u00e1ri gyakorlatok"},"content":{"rendered":"<p>Int\u00e9zet\u00fcnkben lehet\u0151s\u00e9g van \u00c1pol\u00e1stani \u00e9s Belgy\u00f3gy\u00e1szati ny\u00e1ri gyakorlatok teljes\u00edt\u00e9s\u00e9re. Tov\u00e1bbi inform\u00e1ci\u00f3k\u00e9rt a kedves hallgat\u00f3k az egyetem weboldal\u00e1n t\u00e1j\u00e9koz\u00f3dhatnak.<\/p>\n<blockquote class=\"wp-embedded-content\" data-secret=\"jUfYFC7DKE\"><p><a href=\"https:\/\/semmelweis.hu\/aok\/oktatas\/szakmai-gyakorlatok\/\">Szakmai gyakorlatok<\/a><\/p><\/blockquote>\n<p><iframe loading=\"lazy\" class=\"wp-embedded-content\" sandbox=\"allow-scripts\" security=\"restricted\" style=\"position: absolute; visibility: hidden;\" title=\"&#8220;Szakmai gyakorlatok&#8221; &#8212; \u00c1ltal\u00e1nos Orvostudom\u00e1nyi Kar\" src=\"https:\/\/semmelweis.hu\/aok\/oktatas\/szakmai-gyakorlatok\/embed\/#?secret=qABc5VgBk5#?secret=jUfYFC7DKE\" data-secret=\"jUfYFC7DKE\" width=\"600\" height=\"338\" frameborder=\"0\" marginwidth=\"0\" marginheight=\"0\" scrolling=\"no\"><\/iframe><\/p>\n","protected":false},"excerpt":{"rendered":"<p>Int\u00e9zet\u00fcnkben lehet\u0151s\u00e9g van \u00c1pol\u00e1stani \u00e9s Belgy\u00f3gy\u00e1szati ny\u00e1ri gyakorlatok teljes\u00edt\u00e9s\u00e9re. Tov\u00e1bbi inform\u00e1ci\u00f3k\u00e9rt a kedves hallgat\u00f3k az egyetem weboldal\u00e1n t\u00e1j\u00e9koz\u00f3dhatnak.<br \/>\n<a href=\"https:\/\/semmelweis.hu\/aok\/oktatas\/szakmai-gyakorlatok\/\">Szakmai gyakorlatok<\/a><\/p>\n","protected":false},"author":102359,"featured_media":0,"parent":190,"menu_order":3,"comment_status":"closed","ping_status":"closed","template":"","meta":{"_acf_changed":false,"footnotes":""},"categories":[],"tags":[],"class_list":["post-208","page","type-page","status-publish","hentry"],"acf":[],"_links":{"self":[{"href":"https:\/\/semmelweis.hu\/pbi\/wp-json\/wp\/v2\/pages\/208","targetHints":{"allow":["GET"]}}],"collection":[{"href":"https:\/\/semmelweis.hu\/pbi\/wp-json\/wp\/v2\/pages"}],"about":[{"href":"https:\/\/semmelweis.hu\/pbi\/wp-json\/wp\/v2\/types\/page"}],"author":[{"embeddable":true,"href":"https:\/\/semmelweis.hu\/pbi\/wp-json\/wp\/v2\/users\/102359"}],"replies":[{"embeddable":true,"href":"https:\/\/semmelweis.hu\/pbi\/wp-json\/wp\/v2\/comments?post=208"}],"version-history":[{"count":1,"href":"https:\/\/semmelweis.hu\/pbi\/wp-json\/wp\/v2\/pages\/208\/revisions"}],"predecessor-version":[{"id":209,"href":"https:\/\/semmelweis.hu\/pbi\/wp-json\/wp\/v2\/pages\/208\/revisions\/209"}],"up":[{"embeddable":true,"href":"https:\/\/semmelweis.hu\/pbi\/wp-json\/wp\/v2\/pages\/190"}],"wp:attachment":[{"href":"https:\/\/semmelweis.hu\/pbi\/wp-json\/wp\/v2\/media?parent=208"}],"wp:term":[{"taxonomy":"category","embeddable":true,"href":"https:\/\/semmelweis.hu\/pbi\/wp-json\/wp\/v2\/categories?post=208"},{"taxonomy":"post_tag","embeddable":true,"href":"https:\/\/semmelweis.hu\/pbi\/wp-json\/wp\/v2\/tags?post=208"}],"curies":[{"name":"wp","href":"https:\/\/api.w.org\/{rel}","templated":true}]}}