{"id":194,"date":"2025-11-24T10:26:20","date_gmt":"2025-11-24T09:26:20","guid":{"rendered":"https:\/\/semmelweis.hu\/pbi\/?page_id=194"},"modified":"2025-11-24T10:26:40","modified_gmt":"2025-11-24T09:26:40","slug":"oktatasi-felelosok","status":"publish","type":"page","link":"https:\/\/semmelweis.hu\/pbi\/oktatas\/oktatasi-felelosok\/","title":{"rendered":"Oktat\u00e1si felel\u0151s\u00f6k"},"content":{"rendered":"<p><strong>A Klinika oktat\u00e1s\u00e1\u00e9rt felel\u0151s: Dr. Er\u0151ss B\u00e1lint PhD egyetemi adjunktus, klinikai igazgat\u00f3helyettes<\/strong><\/p>\n<p>M<strong>agyar tanulm\u00e1nyi \u00fcgyek\u00e9rt felel\u0151s orvos:<\/strong><br \/>\n<em><strong>Dr. Er\u0151ss B\u00e1lint PhD egyetemi adjunktus, klinikai igazgat\u00f3helyettes<\/strong><\/em><\/p>\n<p>e-mail: pankreasz.titkarsag@semmelweis.hu<\/p>\n<p><strong>Tanulm\u00e1nyi \u00fcgyint\u00e9z\u0151:<\/strong><br \/>\n<strong><em>Horv\u00e1th Csaba<\/em><\/strong><\/p>\n<p>e-mail: horvath.csaba.gyula@semmelweis.hu<\/p>\n","protected":false},"excerpt":{"rendered":"<p>A Klinika oktat\u00e1s\u00e1\u00e9rt felel\u0151s: Dr. Er\u0151ss B\u00e1lint PhD egyetemi adjunktus, klinikai igazgat\u00f3helyettes<br \/>\nMagyar tanulm\u00e1nyi \u00fcgyek\u00e9rt felel\u0151s orvos:<br \/>\nDr. Er\u0151ss B\u00e1lint PhD egyetemi adjunktus, klinikai igazgat\u00f3helyettes<br \/>\ne-mail: pankreasz.titkarsag@semmelweis.hu<br \/>\nTanulm\u00e1nyi \u00fcgyint\u00e9z\u0151:<br \/>\nHorv\u00e1th Csaba<br \/>\ne-mail: horvath.csaba.gyula@semmelweis.hu<\/p>\n","protected":false},"author":102359,"featured_media":0,"parent":190,"menu_order":0,"comment_status":"closed","ping_status":"closed","template":"","meta":{"_acf_changed":false,"footnotes":""},"categories":[],"tags":[],"class_list":["post-194","page","type-page","status-publish","hentry"],"acf":[],"_links":{"self":[{"href":"https:\/\/semmelweis.hu\/pbi\/wp-json\/wp\/v2\/pages\/194","targetHints":{"allow":["GET"]}}],"collection":[{"href":"https:\/\/semmelweis.hu\/pbi\/wp-json\/wp\/v2\/pages"}],"about":[{"href":"https:\/\/semmelweis.hu\/pbi\/wp-json\/wp\/v2\/types\/page"}],"author":[{"embeddable":true,"href":"https:\/\/semmelweis.hu\/pbi\/wp-json\/wp\/v2\/users\/102359"}],"replies":[{"embeddable":true,"href":"https:\/\/semmelweis.hu\/pbi\/wp-json\/wp\/v2\/comments?post=194"}],"version-history":[{"count":3,"href":"https:\/\/semmelweis.hu\/pbi\/wp-json\/wp\/v2\/pages\/194\/revisions"}],"predecessor-version":[{"id":197,"href":"https:\/\/semmelweis.hu\/pbi\/wp-json\/wp\/v2\/pages\/194\/revisions\/197"}],"up":[{"embeddable":true,"href":"https:\/\/semmelweis.hu\/pbi\/wp-json\/wp\/v2\/pages\/190"}],"wp:attachment":[{"href":"https:\/\/semmelweis.hu\/pbi\/wp-json\/wp\/v2\/media?parent=194"}],"wp:term":[{"taxonomy":"category","embeddable":true,"href":"https:\/\/semmelweis.hu\/pbi\/wp-json\/wp\/v2\/categories?post=194"},{"taxonomy":"post_tag","embeddable":true,"href":"https:\/\/semmelweis.hu\/pbi\/wp-json\/wp\/v2\/tags?post=194"}],"curies":[{"name":"wp","href":"https:\/\/api.w.org\/{rel}","templated":true}]}}