{"id":144,"date":"2025-05-21T11:36:23","date_gmt":"2025-05-21T09:36:23","guid":{"rendered":"https:\/\/semmelweis.hu\/pbi\/?page_id=144"},"modified":"2025-05-21T11:41:19","modified_gmt":"2025-05-21T09:41:19","slug":"oktato-videok","status":"publish","type":"page","link":"https:\/\/semmelweis.hu\/pbi\/betegellatas\/oktato-videok\/","title":{"rendered":"Oktat\u00f3 vide\u00f3k"},"content":{"rendered":"<h1 style=\"text-align: center;margin-bottom: 1rem\">Vide\u00f3k a hasny\u00e1lmirigyr\u0151l<\/h1>\n<div style=\"flex-wrap: wrap;justify-content: center;gap: 2rem;max-width: 1200px;margin: 0 auto\">\n<p><!-- Video 1 --><\/p>\n<div style=\"flex: 1 1 300px;max-width: 500px;text-align: center\"><iframe loading=\"lazy\" src=\"https:\/\/www.youtube.com\/embed\/v1QlM4Us_-I\" width=\"100%\" height=\"280\"><\/iframe><\/p>\n<h3 style=\"margin-top: 0.5rem\">A hasny\u00e1lmirigy m\u0171k\u00f6d\u00e9se<\/h3>\n<\/div>\n<p><!-- Video 2 --><\/p>\n<div style=\"flex: 1 1 300px;max-width: 500px;text-align: center\"><iframe loading=\"lazy\" src=\"https:\/\/www.youtube.com\/embed\/r3VSBz5v6aw\" width=\"100%\" height=\"280\"><\/iframe><\/p>\n<h3 style=\"margin-top: 0.5rem\">Az akut pancreatitis<\/h3>\n<\/div>\n<p><!-- Video 3 --><\/p>\n<div style=\"flex: 1 1 300px;max-width: 500px;text-align: center\"><iframe loading=\"lazy\" src=\"https:\/\/www.youtube.com\/embed\/CSThzVXdAMY\" width=\"100%\" height=\"280\"><\/iframe><\/p>\n<h3 style=\"margin-top: 0.5rem\">A kr\u00f3nikus pancreatitis<\/h3>\n<\/div>\n<p><!-- Video 4 --><\/p>\n<div style=\"flex: 1 1 300px;max-width: 500px;text-align: center\"><iframe loading=\"lazy\" src=\"https:\/\/www.youtube.com\/embed\/mJZyFw1sHtI\" width=\"100%\" height=\"280\"><\/iframe><\/p>\n<h3 style=\"margin-top: 0.5rem\">Hogyan alakul ki a hasny\u00e1lmirigy-gyullad\u00e1s? \u2013 besz\u00e9lget\u00e9s dr. Hegyi P\u00e9terrel<\/h3>\n<\/div>\n<\/div>\n","protected":false},"excerpt":{"rendered":"<p>Vide\u00f3k a hasny\u00e1lmirigyr\u0151l<\/p>\n<p>A hasny\u00e1lmirigy m\u0171k\u00f6d\u00e9se<\/p>\n<p>Az akut pancreatitis<\/p>\n<p>A kr\u00f3nikus pancreatitis<\/p>\n<p>Hogyan alakul ki a hasny\u00e1lmirigy-gyullad\u00e1s? \u2013 besz\u00e9lget\u00e9s dr. Hegyi P\u00e9terrel<\/p>\n","protected":false},"author":101929,"featured_media":0,"parent":128,"menu_order":0,"comment_status":"closed","ping_status":"closed","template":"","meta":{"_acf_changed":false,"footnotes":""},"categories":[],"tags":[],"class_list":["post-144","page","type-page","status-publish","hentry"],"acf":[],"_links":{"self":[{"href":"https:\/\/semmelweis.hu\/pbi\/wp-json\/wp\/v2\/pages\/144","targetHints":{"allow":["GET"]}}],"collection":[{"href":"https:\/\/semmelweis.hu\/pbi\/wp-json\/wp\/v2\/pages"}],"about":[{"href":"https:\/\/semmelweis.hu\/pbi\/wp-json\/wp\/v2\/types\/page"}],"author":[{"embeddable":true,"href":"https:\/\/semmelweis.hu\/pbi\/wp-json\/wp\/v2\/users\/101929"}],"replies":[{"embeddable":true,"href":"https:\/\/semmelweis.hu\/pbi\/wp-json\/wp\/v2\/comments?post=144"}],"version-history":[{"count":4,"href":"https:\/\/semmelweis.hu\/pbi\/wp-json\/wp\/v2\/pages\/144\/revisions"}],"predecessor-version":[{"id":148,"href":"https:\/\/semmelweis.hu\/pbi\/wp-json\/wp\/v2\/pages\/144\/revisions\/148"}],"up":[{"embeddable":true,"href":"https:\/\/semmelweis.hu\/pbi\/wp-json\/wp\/v2\/pages\/128"}],"wp:attachment":[{"href":"https:\/\/semmelweis.hu\/pbi\/wp-json\/wp\/v2\/media?parent=144"}],"wp:term":[{"taxonomy":"category","embeddable":true,"href":"https:\/\/semmelweis.hu\/pbi\/wp-json\/wp\/v2\/categories?post=144"},{"taxonomy":"post_tag","embeddable":true,"href":"https:\/\/semmelweis.hu\/pbi\/wp-json\/wp\/v2\/tags?post=144"}],"curies":[{"name":"wp","href":"https:\/\/api.w.org\/{rel}","templated":true}]}}