{"id":134,"date":"2025-05-21T11:28:08","date_gmt":"2025-05-21T09:28:08","guid":{"rendered":"https:\/\/semmelweis.hu\/pbi\/?page_id=134"},"modified":"2025-10-09T10:10:22","modified_gmt":"2025-10-09T08:10:22","slug":"betegeknek-szolo-kiadvanyok","status":"publish","type":"page","link":"https:\/\/semmelweis.hu\/pbi\/betegellatas\/betegeknek-szolo-kiadvanyok\/","title":{"rendered":"Betegeknek sz\u00f3l\u00f3 kiadv\u00e1nyok"},"content":{"rendered":"<h1>Betegt\u00e1j\u00e9koztat\u00f3 f\u00fczeteink<\/h1>\n<section><a href=\"https:\/\/semmelweis.hu\/pbi\/files\/2025\/05\/coliakia.pdf\" target=\"_blank\" rel=\"noopener\"><img loading=\"lazy\" decoding=\"async\" class=\"alignright\" style=\"width: 250px; height: auto; margin-bottom: 1em;\" src=\"https:\/\/semmelweis.hu\/pbi\/files\/2025\/05\/coliakia_1.jpg\" alt=\"C\u00f6li\u00e1kia t\u00e1j\u00e9koztat\u00f3 bor\u00edt\u00f3\" width=\"873\" height=\"1241\" \/><\/a><\/p>\n<h2>C\u00f6li\u00e1kia \u2013 T\u00e1j\u00e9koztat\u00f3f\u00fczet<\/h2>\n<p>Ez a kiadv\u00e1ny seg\u00edt meg\u00e9rteni a c\u00f6li\u00e1kia jellemz\u0151it, t\u00fcneteit, diagnosztik\u00e1j\u00e1t \u00e9s kezel\u00e9s\u00e9t, valamint hasznos \u00e9trendi tan\u00e1csokat ny\u00fajt a mindennapokhoz.<\/p>\n<p><a class=\"btn btn-secondary\" href=\"https:\/\/semmelweis.hu\/pbi\/files\/2025\/05\/coliakia.pdf\" target=\"_blank\" rel=\"noopener\">Let\u00f6lt\u00e9s PDF form\u00e1tumban<\/a><\/p>\n<\/section>\n<section>\n<hr \/>\n<p><a href=\"https:\/\/semmelweis.hu\/pbi\/files\/2025\/05\/eletmodbeli-javaslatok-hasnyalmirigy-gyulladast-koveto-idoszakra.pdf\" target=\"_blank\" rel=\"noopener\"><img loading=\"lazy\" decoding=\"async\" class=\"alignright\" style=\"width: 250px; height: auto; margin-bottom: 1em;\" src=\"https:\/\/semmelweis.hu\/pbi\/files\/2025\/05\/letmodbeli-javaslatok-hasnyalmirigy-gyulladast-koveto-idoszakra_1.jpg\" alt=\"Hasny\u00e1lmirigy-gyullad\u00e1s t\u00e1j\u00e9koztat\u00f3 bor\u00edt\u00f3\" width=\"1747\" height=\"2481\" \/><\/a><\/p>\n<h2>\u00c9letm\u00f3dbeli aj\u00e1nl\u00e1sok hasny\u00e1lmirigy-gyullad\u00e1st k\u00f6vet\u0151en<\/h2>\n<p>A kiadv\u00e1ny \u00e1ttekint\u00e9st ad a hasny\u00e1lmirigy m\u0171k\u00f6d\u00e9s\u00e9r\u0151l, az akut \u00e9s kr\u00f3nikus gyullad\u00e1s jellemz\u0151ir\u0151l, valamint hasznos \u00e9letm\u00f3dbeli \u00e9s t\u00e1pl\u00e1lkoz\u00e1si tan\u00e1csokat ny\u00fajt a fel\u00e9p\u00fcl\u00e9st k\u00f6vet\u0151 id\u0151szakra.<\/p>\n<p><a class=\"btn btn-secondary\" href=\"https:\/\/semmelweis.hu\/pbi\/files\/2025\/05\/eletmodbeli-javaslatok-hasnyalmirigy-gyulladast-koveto-idoszakra.pdf\" target=\"_blank\" rel=\"noopener\">Let\u00f6lt\u00e9s PDF form\u00e1tumban<\/a><\/p>\n<\/section>\n<section>\n<hr \/>\n<h2>K\u00f6z\u00f6ss\u00e9gi t\u00e1j\u00e9koztat\u00f3 a Transzl\u00e1ci\u00f3s Medicina K\u00f6zpont kutat\u00e1si eredm\u00e9nyeir\u0151l<\/h2>\n<p>A f\u00fczet k\u00f6z\u00e9rthet\u0151 nyelven mutatja be a PTE Transzl\u00e1ci\u00f3s Medicina K\u00f6zpont legjelent\u0151sebb kutat\u00e1si eredm\u00e9nyeit 2016\u20132018 k\u00f6z\u00f6tt, k\u00fcl\u00f6n\u00f6s figyelmet ford\u00edtva a betegek t\u00e1j\u00e9koztat\u00e1s\u00e1ra \u00e9s a tudom\u00e1nyos eredm\u00e9nyek hasznos\u00edt\u00e1s\u00e1ra. Ezeket a Semmelweis Egyetem Pankre\u00e1sz Betegs\u00e9gek Int\u00e9zet\u00e9ben is alkalmazzuk.<\/p>\n<p><a class=\"btn btn-secondary\" href=\"https:\/\/semmelweis.hu\/pbi\/files\/2025\/05\/kozossegi-tajekoztato-a-transzlacios-medicina-kozpont-kutatasi-eredmenyeirol.pdf\" target=\"_blank\" rel=\"noopener\">Let\u00f6lt\u00e9s PDF form\u00e1tumban<\/a><\/p>\n<\/section>\n","protected":false},"excerpt":{"rendered":"<p>Betegt\u00e1j\u00e9koztat\u00f3 f\u00fczeteink <a href=\"https:\/\/semmelweis.hu\/pbi\/files\/2025\/05\/coliakia.pdf\" target=\"_blank\" rel=\"noopener\"><\/a> C\u00f6li\u00e1kia \u2013 T\u00e1j\u00e9koztat\u00f3f\u00fczet Ez a kiadv\u00e1ny seg\u00edt meg\u00e9rteni a c\u00f6li\u00e1kia jellemz\u0151it, t\u00fcneteit, diagnosztik\u00e1j\u00e1t \u00e9s kezel\u00e9s\u00e9t, valamint hasznos \u00e9trendi tan\u00e1csokat ny\u00fajt a mindennapokhoz. <a class=\"btn btn-secondary\" href=\"https:\/\/semmelweis.hu\/pbi\/files\/2025\/05\/coliakia.pdf\" target=\"_blank\" rel=\"noopener\">Let\u00f6lt\u00e9s PDF form\u00e1tumban<\/a> <a href=\"https:\/\/semmelweis.hu\/pbi\/files\/2025\/05\/eletmodbeli-javaslatok-hasnyalmirigy-gyulladast-koveto-idoszakra.pdf\" target=\"_blank\" rel=\"noopener\"><\/a> \u00c9letm\u00f3dbeli aj\u00e1nl\u00e1sok hasny\u00e1lmirigy-gyullad\u00e1st k\u00f6vet\u0151en A kiadv\u00e1ny \u00e1ttekint\u00e9st ad a hasny\u00e1lmirigy m\u0171k\u00f6d\u00e9s\u00e9r\u0151l, az akut \u00e9s kr\u00f3nikus gyullad\u00e1s jellemz\u0151ir\u0151l, valamint hasznos \u00e9letm\u00f3dbeli \u00e9s t\u00e1pl\u00e1lkoz\u00e1si tan\u00e1csokat ny\u00fajt a fel\u00e9p\u00fcl\u00e9st k\u00f6vet\u0151 id\u0151szakra. <a class=\"btn btn-secondary\" href=\"https:\/\/semmelweis.hu\/pbi\/files\/2025\/05\/eletmodbeli-javaslatok-hasnyalmirigy-gyulladast-koveto-idoszakra.pdf\" target=\"_blank\" rel=\"noopener\">Let\u00f6lt\u00e9s PDF form\u00e1tumban<\/a> K\u00f6z\u00f6ss\u00e9gi t\u00e1j\u00e9koztat\u00f3 a &hellip;<\/p>\n","protected":false},"author":101929,"featured_media":0,"parent":128,"menu_order":0,"comment_status":"closed","ping_status":"closed","template":"","meta":{"_acf_changed":false,"footnotes":""},"categories":[],"tags":[],"class_list":["post-134","page","type-page","status-publish","hentry"],"acf":[],"_links":{"self":[{"href":"https:\/\/semmelweis.hu\/pbi\/wp-json\/wp\/v2\/pages\/134","targetHints":{"allow":["GET"]}}],"collection":[{"href":"https:\/\/semmelweis.hu\/pbi\/wp-json\/wp\/v2\/pages"}],"about":[{"href":"https:\/\/semmelweis.hu\/pbi\/wp-json\/wp\/v2\/types\/page"}],"author":[{"embeddable":true,"href":"https:\/\/semmelweis.hu\/pbi\/wp-json\/wp\/v2\/users\/101929"}],"replies":[{"embeddable":true,"href":"https:\/\/semmelweis.hu\/pbi\/wp-json\/wp\/v2\/comments?post=134"}],"version-history":[{"count":5,"href":"https:\/\/semmelweis.hu\/pbi\/wp-json\/wp\/v2\/pages\/134\/revisions"}],"predecessor-version":[{"id":182,"href":"https:\/\/semmelweis.hu\/pbi\/wp-json\/wp\/v2\/pages\/134\/revisions\/182"}],"up":[{"embeddable":true,"href":"https:\/\/semmelweis.hu\/pbi\/wp-json\/wp\/v2\/pages\/128"}],"wp:attachment":[{"href":"https:\/\/semmelweis.hu\/pbi\/wp-json\/wp\/v2\/media?parent=134"}],"wp:term":[{"taxonomy":"category","embeddable":true,"href":"https:\/\/semmelweis.hu\/pbi\/wp-json\/wp\/v2\/categories?post=134"},{"taxonomy":"post_tag","embeddable":true,"href":"https:\/\/semmelweis.hu\/pbi\/wp-json\/wp\/v2\/tags?post=134"}],"curies":[{"name":"wp","href":"https:\/\/api.w.org\/{rel}","templated":true}]}}