{"id":4988,"date":"2023-06-23T17:38:57","date_gmt":"2023-06-23T15:38:57","guid":{"rendered":"https:\/\/semmelweis.hu\/patologia2\/?page_id=4988"},"modified":"2026-01-07T14:46:49","modified_gmt":"2026-01-07T13:46:49","slug":"kegyeleti-ugyintezes","status":"publish","type":"page","link":"https:\/\/semmelweis.hu\/patologia2\/kegyeleti-ugyintezes\/","title":{"rendered":"Kegyeleti \u00fcgyint\u00e9z\u00e9s"},"content":{"rendered":"<blockquote>\n<p><span style=\"font-size: 18pt\">\u0150szinte r\u00e9szv\u00e9t\u00fcnk, f\u00e1jdalm\u00e1val egy\u00fctt \u00e9rz\u00fcnk!<\/span><\/p>\n<\/blockquote>\n<div>\u00a0<\/div>\n<h4><span style=\"font-size: 18pt\"><strong>T\u00e1j\u00e9koztat\u00f3 hozz\u00e1tartoz\u00f3k r\u00e9sz\u00e9re a sz\u00fcks\u00e9ges kegyeleti teend\u0151kr\u0151l<\/strong><\/span><\/h4>\n<p>Hal\u00e1lesethez kapcsol\u00f3d\u00f3 hivatalos teend\u0151it szeretn\u00e9nk egyszer\u0171s\u00edteni jelen t\u00e1j\u00e9koztat\u00e1ssal. Egy\u00fattal javasoljuk, hogy miel\u0151bb forduljon temetkez\u00e9si v\u00e1llalkoz\u00f3hoz, akire a kegyeleti teend\u0151k sor\u00e1n <strong>k\u00f6telez\u0151en sz\u00fcks\u00e9ge lesz<\/strong> \u00e9s az \u00fcgyek int\u00e9z\u00e9s\u00e9ben seg\u00edts\u00e9g\u00e9re kell legyen.<\/p>\n<p>Semmelweis Egyetem Patol\u00f3giai, Igazs\u00e1g\u00fcgyi \u00e9s Biztos\u00edt\u00e1si Orvostani Int\u00e9zet kegyeleti szolg\u00e1ltat\u00e1si \u00fcgyf\u00e9lfogad\u00e1sa az al\u00e1bbi helysz\u00ednen \u00e9s id\u0151ben zajlik:<\/p>\n<div class=\"keretes w-100\">\n<h4><strong>\u00dcgyf\u00e9lfogad\u00e1s:<\/strong><\/h4>\n<p><strong>El\u0151zetes telefonos egyeztet\u00e9s sz\u00fcks\u00e9ges:<\/strong><strong><br \/>\n<\/strong><strong>tel.: <\/strong>+36 20 211 4012<\/p>\n<p><strong>c\u00edm:<\/strong> Budapest IX. ker\u00fclet Lenhoss\u00e9k utca 42.<\/p>\n<p>h\u00e9tf\u0151t\u0151l-cs\u00fct\u00f6rt\u00f6kig: 09.00 \u2013 13.00 \u00f3ra k\u00f6z\u00f6tt<br \/>\np\u00e9nteken: 09.00 \u2013 12.00 \u00f3ra k\u00f6z\u00f6tt<\/p>\n<\/div>\n<h6><strong>Halottvizsg\u00e1lati bizony\u00edtv\u00e1ny \u00e1tv\u00e9tel\u00e9hez sz\u00fcks\u00e9ges iratok:<\/strong><\/h6>\n<ul>\n<li>a k\u00f6zeli hozz\u00e1tartoz\u00f3 saj\u00e1t szem\u00e9lyi igazolv\u00e1nya \u00e9s lakc\u00edmk\u00e1rty\u00e1ja,<\/li>\n<li>ha temetkez\u00e9si v\u00e1llalkoz\u00f3 v\u00e9gzi az \u00fcgyint\u00e9z\u00e9st: eredeti meghatalmaz\u00e1s az elhunyt hozz\u00e1tartoz\u00f3j\u00e1t\u00f3l, rokons\u00e1gi fok igazol\u00e1s\u00e1val, 2 tan\u00fa al\u00e1\u00edr\u00e1s\u00e1val, szem\u00e9lyes adatok k\u00f6zl\u00e9s\u00e9vel.<\/li>\n<li>nem k\u00f6zeli hozz\u00e1tartoz\u00f3 (v\u00e9grendelet, eltart\u00e1si szerz\u0151d\u00e9s m\u00e1solat, stb.)\u00a0\u00a0\u00a0\u00a0\u00a0\u00a0\u00a0\u00a0\u00a0\u00a0\u00a0\u00a0\u00a0<\/li>\n<\/ul>\n<h6><strong>Hamvaszt\u00e1s eset\u00e9n:<\/strong><\/h6>\n<p>A Patol\u00f3giai oszt\u00e1ly kegyeleti irod\u00e1j\u00e1ba be kell hoznia 1 db leped\u0151t az elhunyt r\u00e9sz\u00e9re, amiben a boncmester a hamvaszt\u00e1sra el\u0151k\u00e9sz\u00edti.\u00a0<\/p>\n<h6><strong>Kopors\u00f3s temet\u00e9s eset\u00e9n:<\/strong><\/h6>\n<p>A Patol\u00f3giai oszt\u00e1ly kegyeleti irod\u00e1j\u00e1ba be kell hoznia a ruh\u00e1zatot, amiben szeretn\u00e9, hogy az elhunytat a boncmester a temet\u00e9sre el\u0151k\u00e9sz\u00edtse.<\/p>\n<h6><strong>Megtekint\u00e9s:<\/strong><\/h6>\n<p>Az elhunyt megtekint\u00e9s\u00e9re el\u0151re egyeztetett id\u0151pontban, <strong>keddi \u00e9s cs\u00fct\u00f6rt\u00f6ki napokon 12:30-13:30 \u00f3ra<\/strong> k\u00f6z\u00f6tt a Semmelweis Egyetem Patol\u00f3giai, Igazs\u00e1g\u00fcgyi \u00e9s Biztos\u00edt\u00e1si Orvostani Int\u00e9zet megtekint\u0151 helyis\u00e9g\u00e9ben van lehet\u0151s\u00e9g.\u00a0<\/p>\n<p>\u00a0Az eg\u00e9szs\u00e9g\u00fcgyi biztons\u00e1g miatt a hozz\u00e1tartoz\u00f3 csak \u00fcvegablakon kereszt\u00fcl b\u00facs\u00fazhat el az elhunytt\u00f3l.<\/p>\n<h6><strong>Anyak\u00f6nyvez\u00e9s:<\/strong><\/h6>\n<p>Az anyak\u00f6nyveztet\u00e9s minden esetben a hal\u00e1l be\u00e1llt\u00e1nak helye szerint illet\u00e9kes ker\u00fcleti Anyak\u00f6nyvi Hivatalban t\u00f6rt\u00e9nik.<\/p>\n<p><strong>C\u00edm:<\/strong> 1082 Budapest, Baross utca 66-68.<strong>\u00a0<br \/>\n<\/strong><strong>\u00dcgyf\u00e9lfogad\u00e1si id\u0151: <\/strong>h\u00e9tf\u0151t\u0151l &#8211; cs\u00fct\u00f6rt\u00f6kig: 08:15-10:00\u00a0<br \/>\n<strong>El\u00e9rhet\u0151s\u00e9g:<\/strong> \u00a0+361\/459-21-76<\/p>\n<h6><strong>Az elhunytak halotti anyak\u00f6nyvez\u00e9s\u00e9hez sz\u00fcks\u00e9ges iratok:<\/strong><\/h6>\n<ul>\n<li><strong>A halottvizsg\u00e1lati bizony\u00edtv\u00e1ny (az EESZT rendszerben is r\u00f6gz\u00edtve)<\/strong><\/li>\n<li><strong>az elhunyt okm\u00e1nyai:<\/strong> szem\u00e9lyazonoss\u00e1g igazol\u00e1s\u00e1ra alkalmas okm\u00e1ny (szem\u00e9lyazonos\u00edt\u00f3 igazolv\u00e1ny, \u00fatlev\u00e9l, vezet\u0151i enged\u00e9ly), lakc\u00edmk\u00e1rtya, k\u00fclf\u00f6ldi \u00e1llampolg\u00e1r eset\u00e9n a fentieken t\u00fal, amennyiben rendelkezett vele az elhunyt: tart\u00f3zkod\u00e1si enged\u00e9ly, regisztr\u00e1ci\u00f3s k\u00e1rtya),<\/li>\n<li><strong>szem\u00e9lyazonos\u00edt\u00e1sra alkalmas okm\u00e1ny hi\u00e1ny\u00e1ban<\/strong> a hal\u00e1lesetet meg\u00e1llap\u00edt\u00f3 orvos nyilatkozata arr\u00f3l, hogy mi alapj\u00e1n \u00e1llap\u00edtotta meg az elhunyt szem\u00e9lyazonoss\u00e1g\u00e1t, vagy rend\u0151rhat\u00f3s\u00e1gi jelent\u00e9s az elhunyt szem\u00e9lyazonoss\u00e1g\u00e1nak meg\u00e1llap\u00edt\u00e1s\u00e1ra tett int\u00e9zked\u00e9sr\u0151l,<\/li>\n<li><strong>okiratok:<\/strong> sz\u00fclet\u00e9si anyak\u00f6nyvi kivonat, h\u00e1zas, \u00f6zvegy, elv\u00e1lt csal\u00e1di \u00e1llapot igazol\u00e1s\u00e1ra h\u00e1zass\u00e1gi-, halotti- anyak\u00f6nyvi kivonat. Az okiratok csatol\u00e1sa nem sz\u00fcks\u00e9ges, amennyiben azok adatai az Elektronikus Anyak\u00f6nyvi Rendszerben r\u00f6gz\u00edt\u00e9sre ker\u00fcltek. A r\u00f6gz\u00edt\u00e9st az esem\u00e9ny (sz\u00fclet\u00e9s, h\u00e1zass\u00e1gk\u00f6t\u00e9s, hal\u00e1leset) helye szerinti anyak\u00f6nyvvezet\u0151 k\u00e9relemre r\u00f6gz\u00edti. Amennyiben az anyak\u00f6nyvvezet\u0151nek kell az okiratot az esem\u00e9ny helye szerinti hat\u00f3s\u00e1gt\u00f3l beszerezni, az \u00fcgyint\u00e9z\u00e9si id\u0151 ezzel meghosszabbodik.<\/li>\n<\/ul>\n<h6><strong>K\u00f6ztemet\u00e9si elj\u00e1r\u00e1s:<\/strong><\/h6>\n<p>T\u00e1j\u00e9koztatjuk tov\u00e1bb\u00e1, hogy amennyiben a teljesen kit\u00f6lt\u00f6tt halottvizsg\u00e1lati bizony\u00edtv\u00e1nyt 5 napt\u00e1ri napon bel\u00fcl nem veszik \u00e1t, illet\u0151leg \u00e1tv\u00e9tele ut\u00e1n 8 napt\u00e1ri napig az elhunyt temet\u00e9sre val\u00f3 elsz\u00e1ll\u00edt\u00e1s\u00e1r\u00f3l nem gondoskodnak, jogszab\u00e1ly alapj\u00e1n k\u00f6ztemet\u00e9si elj\u00e1r\u00e1st kell kezdem\u00e9nyezn\u00fcnk.<\/p>\n<h4>\u00a0<\/h4>\n<h4><strong>T\u00c1ROL\u00c1SI, H\u0170T\u00c9SI D\u00cdJAK:<\/strong><\/h4>\n<h5>Feln\u0151ttek eset\u00e9n<\/h5>\n<table class=\"bottom-border\" style=\"width: 100%;border-collapse: collapse;border-style: none\">\n<tbody>\n<tr>\n<td style=\"width: 50%\"><strong>T\u00e1rol\u00e1si id\u0151\u00a0<\/strong><\/td>\n<td style=\"width: 50%\"><strong>Fizetend\u0151<\/strong><\/td>\n<\/tr>\n<tr>\n<td style=\"width: 50%\">1-5\u00a0 nap<\/td>\n<td style=\"width: 50%\">51.000 Ft<\/td>\n<\/tr>\n<tr>\n<td style=\"width: 50%\">6-10\u00a0 nap\u00a0<\/td>\n<td style=\"width: 50%\">19.000 Ft<\/td>\n<\/tr>\n<tr>\n<td style=\"width: 50%;text-align: left\">\n<p>11. napt\u00f3l<br \/>\n(a fenti \u00f6sszegen fel\u00fcl)<\/p>\n<\/td>\n<td style=\"width: 50%\">\n<p>7.500 Ft\/ megkezdett h\u0171t\u00e9si nap<\/p>\n<\/td>\n<\/tr>\n<\/tbody>\n<\/table>\n<h5>Gyermekek eset\u00e9n<\/h5>\n<table class=\"bottom-border\" style=\"border-collapse: collapse;width: 100%\">\n<tbody>\n<tr>\n<td style=\"width: 50%\"><strong>T\u00e1rol\u00e1si id\u0151\u00a0<\/strong><\/td>\n<td style=\"width: 50%\"><strong>Fizetend\u0151<\/strong><\/td>\n<\/tr>\n<tr>\n<td style=\"width: 50%\">12 \u00e9ves kor alatt<\/td>\n<td style=\"width: 50%\">d\u00edjmentes<\/td>\n<\/tr>\n<tr>\n<td style=\"width: 50%\">12 -18 \u00e9ves kor k\u00f6z\u00f6tt<\/td>\n<td style=\"width: 50%\">\u00a0<\/td>\n<\/tr>\n<tr>\n<td style=\"width: 50%;padding-left: 40px\">1-10 nap<\/td>\n<td style=\"width: 50%\">25.000 Ft<\/td>\n<\/tr>\n<tr>\n<td style=\"width: 50%;padding-left: 40px\">\n<p>11. napt\u00f3l<br \/>\n(a fenti \u00f6sszegen fel\u00fcl)<\/p>\n<\/td>\n<td style=\"width: 50%\">\n<p>5000 Ft\/ megkezdett h\u0171t\u00e9si nap<\/p>\n<\/td>\n<\/tr>\n<\/tbody>\n<\/table>\n<h4>\u00a0<\/h4>\n<h4><strong>Halottkezel\u00e9si d\u00edjak:<\/strong><\/h4>\n<table class=\"bottom-border alignleft\" style=\"height: 167px;width: 99.564%;border-collapse: collapse\">\n<tbody>\n<tr style=\"height: 33px\">\n<td style=\"width: 687px;height: 33px\"><strong>D\u00edjak megnevez\u00e9se<\/strong><\/td>\n<td style=\"width: 687px;height: 33px\"><strong>Fizetend\u0151<\/strong><\/td>\n<\/tr>\n<tr style=\"height: 33px\">\n<td style=\"width: 687px;height: 33px\">Elhunyt el\u0151k\u00e9sz\u00edt\u00e9se hamvaszt\u00e1sra &#8211; temet\u00e9sre<\/td>\n<td style=\"width: 687px;height: 33px\">19.000 Ft<\/td>\n<\/tr>\n<tr style=\"height: 33px\">\n<td style=\"width: 687px;height: 33px\">Elhunyt \u00f6lt\u00f6ztet\u00e9se &#8211; kopors\u00f3s temet\u00e9sre vagy hamvaszt\u00e1sra<\/td>\n<td style=\"width: 687px;height: 33px\">32.000 Ft<\/td>\n<\/tr>\n<tr>\n<td style=\"width: 687px\">Elhunyt borotv\u00e1l\u00e1sa<\/td>\n<td style=\"width: 687px\">7.500 Ft<\/td>\n<\/tr>\n<tr>\n<td style=\"width: 687px\">Elhunyt \u00f6lt\u00f6ztet\u00e9se &#8211; soron k\u00edv\u00fcl (fel\u00e1r)<\/td>\n<td style=\"width: 687px\">13.000 Ft<\/td>\n<\/tr>\n<\/tbody>\n<\/table>\n<p>&nbsp;<\/p>\n<p>&nbsp;<\/p>\n<p>&nbsp;<\/p>\n<p><strong style=\"font-size: 1rem\">A fenti d\u00edjak 27% \u00c1fa-t tartalmaznak.<\/strong><\/p>\n<p>&nbsp;<\/p>\n","protected":false},"excerpt":{"rendered":"<p>\u0150szinte r\u00e9szv\u00e9t\u00fcnk, f\u00e1jdalm\u00e1val egy\u00fctt \u00e9rz\u00fcnk! \u00a0 T\u00e1j\u00e9koztat\u00f3 hozz\u00e1tartoz\u00f3k r\u00e9sz\u00e9re a sz\u00fcks\u00e9ges kegyeleti teend\u0151kr\u0151l Hal\u00e1lesethez kapcsol\u00f3d\u00f3 hivatalos teend\u0151it szeretn\u00e9nk egyszer\u0171s\u00edteni jelen t\u00e1j\u00e9koztat\u00e1ssal. Egy\u00fattal javasoljuk, hogy miel\u0151bb forduljon temetkez\u00e9si v\u00e1llalkoz\u00f3hoz, akire a kegyeleti teend\u0151k sor\u00e1n k\u00f6telez\u0151en sz\u00fcks\u00e9ge lesz \u00e9s az \u00fcgyek int\u00e9z\u00e9s\u00e9ben seg\u00edts\u00e9g\u00e9re kell legyen. Semmelweis Egyetem Patol\u00f3giai, Igazs\u00e1g\u00fcgyi \u00e9s Biztos\u00edt\u00e1si Orvostani Int\u00e9zet kegyeleti szolg\u00e1ltat\u00e1si \u00fcgyf\u00e9lfogad\u00e1sa az &hellip;<\/p>\n","protected":false},"author":102007,"featured_media":0,"parent":0,"menu_order":0,"comment_status":"closed","ping_status":"closed","template":"","meta":{"_acf_changed":false,"footnotes":""},"categories":[],"tags":[],"class_list":["post-4988","page","type-page","status-publish","hentry"],"acf":[],"_links":{"self":[{"href":"https:\/\/semmelweis.hu\/patologia2\/wp-json\/wp\/v2\/pages\/4988","targetHints":{"allow":["GET"]}}],"collection":[{"href":"https:\/\/semmelweis.hu\/patologia2\/wp-json\/wp\/v2\/pages"}],"about":[{"href":"https:\/\/semmelweis.hu\/patologia2\/wp-json\/wp\/v2\/types\/page"}],"author":[{"embeddable":true,"href":"https:\/\/semmelweis.hu\/patologia2\/wp-json\/wp\/v2\/users\/102007"}],"replies":[{"embeddable":true,"href":"https:\/\/semmelweis.hu\/patologia2\/wp-json\/wp\/v2\/comments?post=4988"}],"version-history":[{"count":11,"href":"https:\/\/semmelweis.hu\/patologia2\/wp-json\/wp\/v2\/pages\/4988\/revisions"}],"predecessor-version":[{"id":5346,"href":"https:\/\/semmelweis.hu\/patologia2\/wp-json\/wp\/v2\/pages\/4988\/revisions\/5346"}],"wp:attachment":[{"href":"https:\/\/semmelweis.hu\/patologia2\/wp-json\/wp\/v2\/media?parent=4988"}],"wp:term":[{"taxonomy":"category","embeddable":true,"href":"https:\/\/semmelweis.hu\/patologia2\/wp-json\/wp\/v2\/categories?post=4988"},{"taxonomy":"post_tag","embeddable":true,"href":"https:\/\/semmelweis.hu\/patologia2\/wp-json\/wp\/v2\/tags?post=4988"}],"curies":[{"name":"wp","href":"https:\/\/api.w.org\/{rel}","templated":true}]}}