{"id":480,"date":"2014-09-01T14:19:08","date_gmt":"2014-09-01T12:19:08","guid":{"rendered":"http:\/\/semmelweis.hu\/patologia2\/?page_id=480"},"modified":"2023-09-14T13:47:33","modified_gmt":"2023-09-14T11:47:33","slug":"oktatasi-segedanyagok","status":"publish","type":"page","link":"https:\/\/semmelweis.hu\/patologia2\/oktatas\/oktatasi-segedanyagok\/","title":{"rendered":"Oktat\u00e1si seg\u00e9danyagok"},"content":{"rendered":"<h4><span style=\"color: #000000\">\u00c1ltal\u00e1nos tudnival\u00f3k:<\/span><\/h4>\n<ul style=\"list-style-type: square\">\n<li><a href=\"https:\/\/semmelweis.hu\/patologia2\/files\/2023\/09\/SZERVLEIRAS_2023.pdf\">Szervle\u00edr\u00e1s &#8211; pdf<\/a> <span style=\"color: #ff0000\">FRISS\u00cdTETT!<\/span><\/li>\n<li><a href=\"https:\/\/semmelweis.hu\/patologia2\/files\/2014\/12\/szm1-.pdf\" target=\"_blank\" rel=\"noopener noreferrer\">Sz\u00f6vettani metszetek I &#8211; pdf<\/a><\/li>\n<li><a href=\"https:\/\/semmelweis.hu\/patologia2\/files\/2015\/05\/szm2-.pdf\" target=\"_blank\" rel=\"noopener noreferrer\">Sz\u00f6vettani metszetek II &#8211; pdf<\/a><\/li>\n<\/ul>\n<h4><span style=\"color: #000000\">A k\u00f6vetkez\u0151 prezent\u00e1ci\u00f3k a sz\u00f6vettani gyakorlatokhoz ny\u00fajtanak r\u00f6vid elm\u00e9leti \u00e1ttekint\u00e9st:<\/span><\/h4>\n<ul style=\"list-style-type: square\">\n<li><span style=\"color: #000000\"><a href=\"https:\/\/drive.google.com\/open?id=1gI-WeovJkubxzZs3HrK5HvxDsbPgG9PJ\" target=\"_blank\" rel=\"noopener noreferrer\">Sejtpatol\u00f3gia &#8211; pdf<\/a><\/span><\/li>\n<li><a href=\"https:\/\/drive.google.com\/open?id=107xockAChdhO0niwv32qbcoEjfndStBk\" target=\"_blank\" rel=\"noopener noreferrer\">Kering\u00e9szavarok &#8211; pdf<\/a><\/li>\n<li><a href=\"https:\/\/drive.google.com\/file\/d\/1pJdikeNE615DlxQ_pbuuHtPYloSv8BW9\/view?usp=sharing\">Kering\u00e9szavarok II &#8211; pdf<\/a><\/li>\n<li><span style=\"color: #000000\"><a href=\"https:\/\/drive.google.com\/open?id=1_jiGoOOXCi4CuHjoH1BXGunhKyqMkQ91\" target=\"_blank\" rel=\"noopener noreferrer\">Gyullad\u00e1s &#8211; pdf<\/a><\/span><\/li>\n<li><span style=\"color: #000000\"><a href=\"https:\/\/drive.google.com\/open?id=1y5t1U3DuDRChQWeR3Qr6Z41Idws0ob9Q\" target=\"_blank\" rel=\"noopener noreferrer\">Daganat I &#8211; pdf<\/a><\/span><\/li>\n<li><span style=\"color: #000000\"><a href=\"https:\/\/drive.google.com\/open?id=1v2QDf4iCDf6zZtft7Pgm_mY-3Jz46M8d\" target=\"_blank\" rel=\"noopener noreferrer\">Daganat II &#8211; pdf<\/a><\/span><\/li>\n<li><span style=\"color: #000000\"><a href=\"https:\/\/semmelweis.hu\/patologia2\/files\/2020\/04\/8_lagyresz_gyerekkori_tum.pdf\" target=\"_blank\" rel=\"noopener noreferrer\">Daganat III (l\u00e1gyr\u00e9sz- \u00e9s gyerekkori tumorok) &#8211; pdf<\/a><\/span><\/li>\n<li><a href=\"https:\/\/semmelweis.hu\/patologia2\/files\/2017\/11\/9_gyak_metodika.pdf\" target=\"_blank\" rel=\"noopener noreferrer\">Metodika &#8211; pdf<\/a><\/li>\n<li><a href=\"https:\/\/drive.google.com\/open?id=1WCUeOMlfEZ5CbluAgi9qIo-rFxMv1yir\" target=\"_blank\" rel=\"noopener noreferrer\">Kardiovaszkul\u00e1ris patol\u00f3gia &#8211; pdf<\/a><\/li>\n<li><a href=\"https:\/\/drive.google.com\/open?id=1KckYaoDdX68vHEw4PGnUKibPhvVzqmmc\" target=\"_blank\" rel=\"noopener noreferrer\">T\u00fcd\u0151patol\u00f3gia I- pdf<\/a><\/li>\n<li><a href=\"https:\/\/drive.google.com\/open?id=1b1d5dv_b-6wltSlo-95yVyiCQnfDqUFb\" target=\"_blank\" rel=\"noopener noreferrer\">T\u00fcd\u0151patol\u00f3gia II-pdf<\/a><\/li>\n<li><a href=\"https:\/\/drive.google.com\/open?id=1oKpGQc-DVldw5e-jpARai2-Y5QHEhTOR\" target=\"_blank\" rel=\"noopener noreferrer\">B\u0151rpatol\u00f3gia &#8211; pdf<\/a><\/li>\n<li><a href=\"https:\/\/drive.google.com\/open?id=1QL-eEu9P1kYXnd1C-KFoeY3mmxoNETnk\" target=\"_blank\" rel=\"noopener noreferrer\">Gastrointestinalis patol\u00f3gia I &#8211; pdf<\/a><\/li>\n<li><a href=\"https:\/\/drive.google.com\/open?id=16vH7Ffd9dLnIT8pqBomW0hCrBH8yPGAG\" target=\"_blank\" rel=\"noopener noreferrer\">Gastrointestinalis patol\u00f3gia II &#8211; pdf<\/a><\/li>\n<li><a href=\"https:\/\/drive.google.com\/open?id=1MO0R0Klvlh6InHtOAOw2msrepx0G_Mgx\" target=\"_blank\" rel=\"noopener noreferrer\">Hepatopatol\u00f3gia &#8211; pdf<\/a><\/li>\n<li><a href=\"https:\/\/drive.google.com\/open?id=1k8OxE71RNvLxNpyq2KvjKkANoJkLMCed\" target=\"_blank\" rel=\"noopener noreferrer\">Pancreas patol\u00f3gia &#8211; pdf<\/a><\/li>\n<li><a href=\"https:\/\/drive.google.com\/open?id=1Y36C6_aenPOt8QcE_b0rsINEqXSBG86U\" target=\"_blank\" rel=\"noopener noreferrer\">Endokrin patol\u00f3gia &#8211; pdf<\/a><\/li>\n<li><a href=\"https:\/\/drive.google.com\/open?id=1_AupGJjKQLHf0QorARPMYy503vj-p0Nd\" target=\"_blank\" rel=\"noopener noreferrer\">Vesepatol\u00f3gia &#8211; pdf<\/a><\/li>\n<li><a href=\"https:\/\/semmelweis.hu\/patologia2\/files\/2020\/04\/uropathologia_hu.pdf\" target=\"_blank\" rel=\"noopener noreferrer\">Uropatol\u00f3gia &#8211; pdf<\/a><\/li>\n<li><a href=\"https:\/\/drive.google.com\/open?id=13BIeas1cc67q8RyPGGCbzceF9iPzSmnO\" target=\"_blank\" rel=\"noopener noreferrer\">N\u0151gy\u00f3gy\u00e1szati patol\u00f3gia &#8211; pdf<\/a><\/li>\n<li><a href=\"https:\/\/drive.google.com\/open?id=1AoqF1zDKOFlMh5TdRfD533r_dqNLV9j1\" target=\"_blank\" rel=\"noopener noreferrer\">Eml\u0151patol\u00f3gia &#8211; pdf<\/a><\/li>\n<li><a href=\"https:\/\/drive.google.com\/open?id=1cjIXvUXX_gJmQtjTd3O3PopwHCigmEFF\" target=\"_blank\" rel=\"noopener noreferrer\">Hematopatol\u00f3gia &#8211; pdf<\/a><\/li>\n<li><a href=\"https:\/\/drive.google.com\/file\/d\/1IHevp-jXqAroSECl7WOiVRw7NhqyH67i\/view?usp=sharing\" target=\"_blank\" rel=\"noopener noreferrer\">Neuropatol\u00f3gia &#8211; pdf<\/a><\/li>\n<\/ul>\n<p>&nbsp;<\/p>\n","protected":false},"excerpt":{"rendered":"<p>\u00c1ltal\u00e1nos tudnival\u00f3k:<\/p>\n<p><a href=\"https:\/\/semmelweis.hu\/patologia2\/files\/2023\/09\/SZERVLEIRAS_2023.pdf\">Szervle\u00edr\u00e1s &#8211; pdf<\/a> FRISS\u00cdTETT!<br \/>\n<a href=\"https:\/\/semmelweis.hu\/patologia2\/files\/2014\/12\/szm1-.pdf\" target=\"_blank\" rel=\"noopener noreferrer\">Sz\u00f6vettani metszetek I &#8211; pdf<\/a><br \/>\n<a href=\"https:\/\/semmelweis.hu\/patologia2\/files\/2015\/05\/szm2-.pdf\" target=\"_blank\" rel=\"noopener noreferrer\">Sz\u00f6vettani metszetek II &#8211; pdf<\/a><\/p>\n<p>A k\u00f6vetkez\u0151 prezent\u00e1ci\u00f3k a sz\u00f6vettani gyakorlatokhoz ny\u00fajtanak r\u00f6vid elm\u00e9leti \u00e1ttekint\u00e9st:<\/p>\n<p><a href=\"https:\/\/drive.google.com\/open?id=1gI-WeovJkubxzZs3HrK5HvxDsbPgG9PJ\" target=\"_blank\" rel=\"noopener noreferrer\">Sejtpatol\u00f3gia &#8211; pdf<\/a><br \/>\n<a href=\"https:\/\/drive.google.com\/open?id=107xockAChdhO0niwv32qbcoEjfndStBk\" target=\"_blank\" rel=\"noopener noreferrer\">Kering\u00e9szavarok &#8211; pdf<\/a><br \/>\n<a href=\"https:\/\/drive.google.com\/file\/d\/1pJdikeNE615DlxQ_pbuuHtPYloSv8BW9\/view?usp=sharing\">Kering\u00e9szavarok II &#8211; pdf<\/a><br \/>\n<a href=\"https:\/\/drive.google.com\/open?id=1_jiGoOOXCi4CuHjoH1BXGunhKyqMkQ91\" target=\"_blank\" rel=\"noopener noreferrer\">Gyullad\u00e1s &#8211; pdf<\/a><br \/>\n<a href=\"https:\/\/drive.google.com\/open?id=1y5t1U3DuDRChQWeR3Qr6Z41Idws0ob9Q\" target=\"_blank\" rel=\"noopener noreferrer\">Daganat I &#8211; pdf<\/a><br \/>\n<a href=\"https:\/\/drive.google.com\/open?id=1v2QDf4iCDf6zZtft7Pgm_mY-3Jz46M8d\" target=\"_blank\" rel=\"noopener noreferrer\">Daganat II &#8211; pdf<\/a><br \/>\n<a href=\"https:\/\/semmelweis.hu\/patologia2\/files\/2020\/04\/8_lagyresz_gyerekkori_tum.pdf\" target=\"_blank\" rel=\"noopener noreferrer\">Daganat III (l\u00e1gyr\u00e9sz- \u00e9s gyerekkori tumorok) &#8211; pdf<\/a><br \/>\n<a href=\"https:\/\/semmelweis.hu\/patologia2\/files\/2017\/11\/9_gyak_metodika.pdf\" target=\"_blank\" rel=\"noopener noreferrer\">Metodika &#8211; pdf<\/a><br \/>\n<a href=\"https:\/\/drive.google.com\/open?id=1WCUeOMlfEZ5CbluAgi9qIo-rFxMv1yir\" target=\"_blank\" rel=\"noopener noreferrer\">Kardiovaszkul\u00e1ris patol\u00f3gia &#8211; pdf<\/a><br \/>\n<a href=\"https:\/\/drive.google.com\/open?id=1KckYaoDdX68vHEw4PGnUKibPhvVzqmmc\" target=\"_blank\" rel=\"noopener noreferrer\">T\u00fcd\u0151patol\u00f3gia I- pdf<\/a><br \/>\n<a href=\"https:\/\/drive.google.com\/open?id=1b1d5dv_b-6wltSlo-95yVyiCQnfDqUFb\" target=\"_blank\" rel=\"noopener noreferrer\">T\u00fcd\u0151patol\u00f3gia II-pdf<\/a><br \/>\n<a href=\"https:\/\/drive.google.com\/open?id=1oKpGQc-DVldw5e-jpARai2-Y5QHEhTOR\" target=\"_blank\" rel=\"noopener noreferrer\">B\u0151rpatol\u00f3gia &#8211; pdf<\/a><br \/>\n<a href=\"https:\/\/drive.google.com\/open?id=1QL-eEu9P1kYXnd1C-KFoeY3mmxoNETnk\" target=\"_blank\" rel=\"noopener noreferrer\">Gastrointestinalis patol\u00f3gia I &#8211; pdf<\/a><br \/>\n<a href=\"https:\/\/drive.google.com\/open?id=16vH7Ffd9dLnIT8pqBomW0hCrBH8yPGAG\" target=\"_blank\" rel=\"noopener noreferrer\">Gastrointestinalis patol\u00f3gia II &#8211; pdf<\/a><br \/>\n<a href=\"https:\/\/drive.google.com\/open?id=1MO0R0Klvlh6InHtOAOw2msrepx0G_Mgx\" target=\"_blank\" rel=\"noopener noreferrer\">Hepatopatol\u00f3gia &#8211; pdf<\/a><br \/>\n<a href=\"https:\/\/drive.google.com\/open?id=1k8OxE71RNvLxNpyq2KvjKkANoJkLMCed\" target=\"_blank\" rel=\"noopener noreferrer\">Pancreas patol\u00f3gia &#8211; pdf<\/a><br \/>\n<a href=\"https:\/\/drive.google.com\/open?id=1Y36C6_aenPOt8QcE_b0rsINEqXSBG86U\" target=\"_blank\" rel=\"noopener noreferrer\">Endokrin patol\u00f3gia &#8211; pdf<\/a><br \/>\n<a href=\"https:\/\/drive.google.com\/open?id=1_AupGJjKQLHf0QorARPMYy503vj-p0Nd\" target=\"_blank\" rel=\"noopener noreferrer\">Vesepatol\u00f3gia &#8211; pdf<\/a><br \/>\n<a href=\"https:\/\/semmelweis.hu\/patologia2\/files\/2020\/04\/uropathologia_hu.pdf\" target=\"_blank\" rel=\"noopener noreferrer\">Uropatol\u00f3gia &#8211; pdf<\/a><br \/>\n<a href=\"https:\/\/drive.google.com\/open?id=13BIeas1cc67q8RyPGGCbzceF9iPzSmnO\" target=\"_blank\" rel=\"noopener noreferrer\">N\u0151gy\u00f3gy\u00e1szati patol\u00f3gia &#8211; pdf<\/a><br \/>\n<a href=\"https:\/\/drive.google.com\/open?id=1AoqF1zDKOFlMh5TdRfD533r_dqNLV9j1\" target=\"_blank\" rel=\"noopener noreferrer\">Eml\u0151patol\u00f3gia &#8211; pdf<\/a><br \/>\n<a href=\"https:\/\/drive.google.com\/open?id=1cjIXvUXX_gJmQtjTd3O3PopwHCigmEFF\" target=\"_blank\" rel=\"noopener noreferrer\">Hematopatol\u00f3gia &#8211; pdf<\/a><br \/>\n<a href=\"https:\/\/drive.google.com\/file\/d\/1IHevp-jXqAroSECl7WOiVRw7NhqyH67i\/view?usp=sharing\" target=\"_blank\" rel=\"noopener noreferrer\">Neuropatol\u00f3gia &#8211; pdf<\/a><\/p>\n<p>&nbsp;<\/p>\n","protected":false},"author":294,"featured_media":0,"parent":12,"menu_order":3,"comment_status":"closed","ping_status":"closed","template":"","meta":{"_acf_changed":false,"footnotes":""},"categories":[],"tags":[],"class_list":["post-480","page","type-page","status-publish","hentry"],"acf":[],"_links":{"self":[{"href":"https:\/\/semmelweis.hu\/patologia2\/wp-json\/wp\/v2\/pages\/480","targetHints":{"allow":["GET"]}}],"collection":[{"href":"https:\/\/semmelweis.hu\/patologia2\/wp-json\/wp\/v2\/pages"}],"about":[{"href":"https:\/\/semmelweis.hu\/patologia2\/wp-json\/wp\/v2\/types\/page"}],"author":[{"embeddable":true,"href":"https:\/\/semmelweis.hu\/patologia2\/wp-json\/wp\/v2\/users\/294"}],"replies":[{"embeddable":true,"href":"https:\/\/semmelweis.hu\/patologia2\/wp-json\/wp\/v2\/comments?post=480"}],"version-history":[{"count":14,"href":"https:\/\/semmelweis.hu\/patologia2\/wp-json\/wp\/v2\/pages\/480\/revisions"}],"predecessor-version":[{"id":5063,"href":"https:\/\/semmelweis.hu\/patologia2\/wp-json\/wp\/v2\/pages\/480\/revisions\/5063"}],"up":[{"embeddable":true,"href":"https:\/\/semmelweis.hu\/patologia2\/wp-json\/wp\/v2\/pages\/12"}],"wp:attachment":[{"href":"https:\/\/semmelweis.hu\/patologia2\/wp-json\/wp\/v2\/media?parent=480"}],"wp:term":[{"taxonomy":"category","embeddable":true,"href":"https:\/\/semmelweis.hu\/patologia2\/wp-json\/wp\/v2\/categories?post=480"},{"taxonomy":"post_tag","embeddable":true,"href":"https:\/\/semmelweis.hu\/patologia2\/wp-json\/wp\/v2\/tags?post=480"}],"curies":[{"name":"wp","href":"https:\/\/api.w.org\/{rel}","templated":true}]}}