{"id":454,"date":"2014-09-01T13:12:16","date_gmt":"2014-09-01T11:12:16","guid":{"rendered":"http:\/\/semmelweis.hu\/patologia2\/?page_id=454"},"modified":"2026-03-26T06:23:38","modified_gmt":"2026-03-26T05:23:38","slug":"oktatas-vizsga","status":"publish","type":"page","link":"https:\/\/semmelweis.hu\/patologia2\/oktatas\/oktatas-vizsga\/","title":{"rendered":"\u00c1ltal\u00e1nos inform\u00e1ci\u00f3k"},"content":{"rendered":"<p><strong>Az aktu\u00e1lis tananyagok az<a href=\"https:\/\/itc.semmelweis.hu\/moodle\/\"> egyetemi E-learning rendszerben<\/a> \u00e9rhet\u0151ek el.<\/strong><\/p>\n<ul>\n<li><a href=\"https:\/\/unisemmelweis-my.sharepoint.com\/:x:\/g\/personal\/zsisko_andrea_magdolna_semmelweis_hu\/EXGDs-PtQRxGqPJyKbgN_Y0BoPTQQ-Xud5LDZ-8yT39-ug?e=A9C0W2\">El\u0151ad\u00e1stematika \u00e9s gyakorlati beoszt\u00e1s &#8211; k\u00fcl\u00f6n f\u00fcleken<\/a> (A hozz\u00e1f\u00e9r\u00e9shez egyetemi e-mail c\u00edm sz\u00fcks\u00e9ges.)<\/li>\n<li><a href=\"https:\/\/semmelweis.hu\/patologia2\/files\/2025\/09\/pat1magyar.pdf\">K\u00f6vetelm\u00e9nyrendszer: 1. f\u00e9l\u00e9v, \u0151szi szemeszter <\/a>(Tartalmazza az \u00e9vk\u00f6zi \u00e9s a f\u00e9l\u00e9v v\u00e9gi sz\u00e1monk\u00e9r\u00e9s szab\u00e1lyait.)<\/li>\n<li><a href=\"https:\/\/semmelweis.hu\/patologia2\/files\/2025\/09\/pat2-magyar.pdf\">K\u00f6vetelm\u00e9nyrendszer: 2. f\u00e9l\u00e9v, tavaszi szemeszter <\/a>(R\u00e9szletesen tartalmazza a szigorlat szab\u00e1lyait.)\u00a0<\/li>\n<\/ul>\n<p><strong>El\u00e9rhet\u0151s\u00e9g<\/strong>:\u00a0<\/p>\n<ul>\n<li>Tanulm\u00e1nyi felel\u0151s: Dr. Pencz Bianka (<a href=\"mailto:pencz.bianka@semmelweis.hu\">pencz.bianka@semmelweis.hu<\/a>)<\/li>\n<li>Tanulm\u00e1nyi \u00fcgyint\u00e9z\u0151: Zsisk\u00f3 Andrea (<a href=\"mailto:zsisko.andrea.magdolna@semmelweis.hu\">zsisko.andrea.magdolna@semmelweis.hu<\/a>)<\/li>\n<\/ul>\n<p><strong>\u00c1ltal\u00e1nos seg\u00e9dletek:<\/strong><\/p>\n<ul>\n<li style=\"list-style-type: none\">\n<ul>\n<li><span style=\"font-size: 14pt\"><a href=\"https:\/\/semmelweis.hu\/patologia2\/files\/2025\/11\/definiciok2025.docx\">Defin\u00edci\u00f3k<\/a><\/span><\/li>\n<li><a href=\"https:\/\/semmelweis.hu\/patologia2\/files\/2024\/09\/SZERVLEIRAS_2023.pdf\">Szervle\u00edr\u00e1s<\/a><\/li>\n<li><a href=\"https:\/\/semmelweis.hu\/patologia2\/files\/2019\/09\/t\u00e9telsor_harmonia_final.pdf\" target=\"_blank\" rel=\"noopener noreferrer\">Szigorlati t\u00e9telek<\/a><\/li>\n<li>Online metszett\u00e1r: <a href=\"https:\/\/slidecenter.semmelweis.hu\">https:\/\/slidecenter.semmelweis.hu (felhaszn\u00e1l\u00f3n\u00e9v \u00e9s jelsz\u00f3: student)<\/a><\/li>\n<\/ul>\n<\/li>\n<\/ul>\n<p><span style=\"font-size: 18pt\"><strong>HARMAD\u00c9V UT\u00c1N &#8230;.\u00a0<\/strong><\/span><\/p>\n<ul>\n<li><strong>Hatod\u00e9ves 6 hetes, v\u00e1laszthat\u00f3 gyakorlat<\/strong><\/li>\n<li><strong>Klinikopatol\u00f3gia kurzus<\/strong> (k\u00f6telez\u0151en v\u00e1laszthat\u00f3 t\u00e1rgy IV-V. \u00e9v): 2026 tavasz\u00e1n v\u00e1rhat\u00f3\u00a0<\/li>\n<li><strong>Demonstr\u00e1tori munka:<\/strong> a jelentkez\u00e9s a tavaszi szemeszter v\u00e9g\u00e9n, k\u00f6zpontilag t\u00f6rt\u00e9nik<\/li>\n<li><strong>Klinikai munka a sz\u00f6vettani laborunkban:<\/strong> a jelentkez\u00e9s k\u00f6zpontilag t\u00f6rt\u00e9nik\u00a0<\/li>\n<li><strong>Szakdolgozat: <\/strong><a href=\"https:\/\/semmelweis.hu\/patologia2\/files\/2023\/11\/Meghirdetett-szakdolgozat-cimek-2023-24.pdf\"><strong>Meghirdetett szakdolgozat c\u00edmek<\/strong><\/a><\/li>\n<li><strong>TDK-munka:<\/strong> a jelentkez\u00e9s felt\u00e9tele a hallgat\u00f3 \u00e1ltal el\u0151zetes k\u00e9relem beny\u00fajt\u00e1sa \u00e9s a t\u00e9mavezet\u0151 \u00e1ltali befogad\u00e1s (T\u00e1rgyfelel\u0151s: Prof. Lotz G\u00e1bor &#8211; <a href=\"mailto:lotz.gabor@semmelweis.hu\">lotz.gabor@semmelweis.hu<\/a>)\u00a0<\/li>\n<\/ul>\n<p>&nbsp;<\/p>\n<p><a href=\"https:\/\/semmelweis.hu\/patologia2\/files\/2026\/03\/omhv-2026-magyar-piboi-patologia.pdf\">OMHV int\u00e9zked\u00e9si terv 2025\/26-os tan\u00e9v \u0151szi szemeszter<\/a><\/p>\n","protected":false},"excerpt":{"rendered":"<p>Az aktu\u00e1lis tananyagok az <a href=\"https:\/\/itc.semmelweis.hu\/moodle\/\"> egyetemi E-learning rendszerben<\/a> \u00e9rhet\u0151ek el. <a href=\"https:\/\/unisemmelweis-my.sharepoint.com\/:x:\/g\/personal\/zsisko_andrea_magdolna_semmelweis_hu\/EXGDs-PtQRxGqPJyKbgN_Y0BoPTQQ-Xud5LDZ-8yT39-ug?e=A9C0W2\">El\u0151ad\u00e1stematika \u00e9s gyakorlati beoszt\u00e1s &#8211; k\u00fcl\u00f6n f\u00fcleken<\/a> (A hozz\u00e1f\u00e9r\u00e9shez egyetemi e-mail c\u00edm sz\u00fcks\u00e9ges.) <a href=\"https:\/\/semmelweis.hu\/patologia2\/files\/2025\/09\/pat1magyar.pdf\">K\u00f6vetelm\u00e9nyrendszer: 1. f\u00e9l\u00e9v, \u0151szi szemeszter <\/a> (Tartalmazza az \u00e9vk\u00f6zi \u00e9s a f\u00e9l\u00e9v v\u00e9gi sz\u00e1monk\u00e9r\u00e9s szab\u00e1lyait.) <a href=\"https:\/\/semmelweis.hu\/patologia2\/files\/2025\/09\/pat2-magyar.pdf\">K\u00f6vetelm\u00e9nyrendszer: 2. f\u00e9l\u00e9v, tavaszi szemeszter <\/a> (R\u00e9szletesen tartalmazza a szigorlat szab\u00e1lyait.)\u00a0 El\u00e9rhet\u0151s\u00e9g:\u00a0 Tanulm\u00e1nyi felel\u0151s: Dr. Pencz Bianka ( <a href=\"mailto:pencz.bianka@semmelweis.hu\">pencz.bianka@semmelweis.hu<\/a> ) Tanulm\u00e1nyi \u00fcgyint\u00e9z\u0151: Zsisk\u00f3 Andrea ( <a href=\"mailto:zsisko.andrea.magdolna@semmelweis.hu\">zsisko.andrea.magdolna@semmelweis.hu<\/a> ) \u00c1ltal\u00e1nos seg\u00e9dletek: <a href=\"https:\/\/semmelweis.hu\/patologia2\/files\/2025\/11\/definiciok2025.docx\">Defin\u00edci\u00f3k<\/a> <a href=\"https:\/\/semmelweis.hu\/patologia2\/files\/2024\/09\/SZERVLEIRAS_2023.pdf\">Szervle\u00edr\u00e1s<\/a> <a href=\"https:\/\/semmelweis.hu\/patologia2\/files\/2019\/09\/t\u00e9telsor_harmonia_final.pdf\" target=\"_blank\" rel=\"noopener noreferrer\">Szigorlati t\u00e9telek<\/a> Online metszett\u00e1r: <a href=\"https:\/\/slidecenter.semmelweis.hu\">https:\/\/slidecenter.semmelweis.hu (felhaszn\u00e1l\u00f3n\u00e9v \u00e9s jelsz\u00f3: student)<\/a> HARMAD\u00c9V UT\u00c1N &#8230;.\u00a0 Hatod\u00e9ves 6 hetes, v\u00e1laszthat\u00f3 gyakorlat Klinikopatol\u00f3gia kurzus (k\u00f6telez\u0151en &hellip;<\/p>\n","protected":false},"author":294,"featured_media":0,"parent":12,"menu_order":1,"comment_status":"closed","ping_status":"closed","template":"","meta":{"_acf_changed":false,"footnotes":""},"categories":[],"tags":[],"class_list":["post-454","page","type-page","status-publish","hentry"],"acf":[],"_links":{"self":[{"href":"https:\/\/semmelweis.hu\/patologia2\/wp-json\/wp\/v2\/pages\/454","targetHints":{"allow":["GET"]}}],"collection":[{"href":"https:\/\/semmelweis.hu\/patologia2\/wp-json\/wp\/v2\/pages"}],"about":[{"href":"https:\/\/semmelweis.hu\/patologia2\/wp-json\/wp\/v2\/types\/page"}],"author":[{"embeddable":true,"href":"https:\/\/semmelweis.hu\/patologia2\/wp-json\/wp\/v2\/users\/294"}],"replies":[{"embeddable":true,"href":"https:\/\/semmelweis.hu\/patologia2\/wp-json\/wp\/v2\/comments?post=454"}],"version-history":[{"count":17,"href":"https:\/\/semmelweis.hu\/patologia2\/wp-json\/wp\/v2\/pages\/454\/revisions"}],"predecessor-version":[{"id":5383,"href":"https:\/\/semmelweis.hu\/patologia2\/wp-json\/wp\/v2\/pages\/454\/revisions\/5383"}],"up":[{"embeddable":true,"href":"https:\/\/semmelweis.hu\/patologia2\/wp-json\/wp\/v2\/pages\/12"}],"wp:attachment":[{"href":"https:\/\/semmelweis.hu\/patologia2\/wp-json\/wp\/v2\/media?parent=454"}],"wp:term":[{"taxonomy":"category","embeddable":true,"href":"https:\/\/semmelweis.hu\/patologia2\/wp-json\/wp\/v2\/categories?post=454"},{"taxonomy":"post_tag","embeddable":true,"href":"https:\/\/semmelweis.hu\/patologia2\/wp-json\/wp\/v2\/tags?post=454"}],"curies":[{"name":"wp","href":"https:\/\/api.w.org\/{rel}","templated":true}]}}