{"id":4285,"date":"2021-12-13T18:24:35","date_gmt":"2021-12-13T17:24:35","guid":{"rendered":"https:\/\/semmelweis.hu\/patologia2\/?page_id=4285"},"modified":"2025-12-29T15:30:32","modified_gmt":"2025-12-29T14:30:32","slug":"szakvizsga-elokeszito-tanfolyam","status":"publish","type":"page","link":"https:\/\/semmelweis.hu\/patologia2\/oktatas\/szakvizsga-elokeszito-tanfolyam\/","title":{"rendered":"Szakvizsga el\u0151k\u00e9sz\u00edt\u0151 tanfolyam"},"content":{"rendered":"<p><strong>Patol\u00f3gia szakvizsga el\u0151k\u00e9sz\u00edt\u0151 tanfolyam (4 h\u00e9t)<\/strong><\/p>\n<p>Id\u0151pont: 2026. janu\u00e1r 06 \u2013 2026. janu\u00e1r 30.<\/p>\n<p>Helysz\u00edn: Semmelweis Egyetem, Patol\u00f3giai, Igazs\u00e1g\u00fcgyi \u00e9s Biztos\u00edt\u00e1si Orvostani Int\u00e9zet<\/p>\n<p>Jelentkez\u00e9s az OFTEX port\u00e1lon, k\u00f3dsz\u00e1m: SE-SZTOK\/2026.I.\/00437<\/p>\n<p><a href=\"https:\/\/semmelweis.hu\/patologia2\/files\/2025\/12\/Szakvizsga-elokeszito-program_2026_V3_honlapra.pdf\">A tanfolyam programja ide kattintva el\u00e9rhet\u0151!<\/a><\/p>\n","protected":false},"excerpt":{"rendered":"<p>Patol\u00f3gia szakvizsga el\u0151k\u00e9sz\u00edt\u0151 tanfolyam (4 h\u00e9t)<br \/>\nId\u0151pont: 2026. janu\u00e1r 06 \u2013 2026. janu\u00e1r 30.<br \/>\nHelysz\u00edn: Semmelweis Egyetem, Patol\u00f3giai, Igazs\u00e1g\u00fcgyi \u00e9s Biztos\u00edt\u00e1si Orvostani Int\u00e9zet<br \/>\nJelentkez\u00e9s az OFTEX port\u00e1lon, k\u00f3dsz\u00e1m: SE-SZTOK\/2026.I.\/00437<br \/>\n<a href=\"https:\/\/semmelweis.hu\/patologia2\/files\/2025\/12\/Szakvizsga-elokeszito-program_2026_V3_honlapra.pdf\">A tanfolyam programja ide kattintva el\u00e9rhet\u0151!<\/a><\/p>\n","protected":false},"author":102007,"featured_media":0,"parent":12,"menu_order":6,"comment_status":"closed","ping_status":"closed","template":"","meta":{"_acf_changed":false,"footnotes":""},"categories":[],"tags":[],"class_list":["post-4285","page","type-page","status-publish","hentry"],"acf":[],"_links":{"self":[{"href":"https:\/\/semmelweis.hu\/patologia2\/wp-json\/wp\/v2\/pages\/4285","targetHints":{"allow":["GET"]}}],"collection":[{"href":"https:\/\/semmelweis.hu\/patologia2\/wp-json\/wp\/v2\/pages"}],"about":[{"href":"https:\/\/semmelweis.hu\/patologia2\/wp-json\/wp\/v2\/types\/page"}],"author":[{"embeddable":true,"href":"https:\/\/semmelweis.hu\/patologia2\/wp-json\/wp\/v2\/users\/102007"}],"replies":[{"embeddable":true,"href":"https:\/\/semmelweis.hu\/patologia2\/wp-json\/wp\/v2\/comments?post=4285"}],"version-history":[{"count":10,"href":"https:\/\/semmelweis.hu\/patologia2\/wp-json\/wp\/v2\/pages\/4285\/revisions"}],"predecessor-version":[{"id":5344,"href":"https:\/\/semmelweis.hu\/patologia2\/wp-json\/wp\/v2\/pages\/4285\/revisions\/5344"}],"up":[{"embeddable":true,"href":"https:\/\/semmelweis.hu\/patologia2\/wp-json\/wp\/v2\/pages\/12"}],"wp:attachment":[{"href":"https:\/\/semmelweis.hu\/patologia2\/wp-json\/wp\/v2\/media?parent=4285"}],"wp:term":[{"taxonomy":"category","embeddable":true,"href":"https:\/\/semmelweis.hu\/patologia2\/wp-json\/wp\/v2\/categories?post=4285"},{"taxonomy":"post_tag","embeddable":true,"href":"https:\/\/semmelweis.hu\/patologia2\/wp-json\/wp\/v2\/tags?post=4285"}],"curies":[{"name":"wp","href":"https:\/\/api.w.org\/{rel}","templated":true}]}}