{"id":4021,"date":"2021-06-24T14:37:18","date_gmt":"2021-06-24T12:37:18","guid":{"rendered":"https:\/\/semmelweis.hu\/patologia2\/?page_id=4021"},"modified":"2025-08-15T12:13:21","modified_gmt":"2025-08-15T10:13:21","slug":"contacts","status":"publish","type":"page","link":"https:\/\/semmelweis.hu\/patologia2\/en\/contacts\/","title":{"rendered":"Contacts"},"content":{"rendered":"<p><strong>Address<br \/>\n<\/strong>H-1091 Budapest, \u00dcll\u0151i \u00fat 93.<br \/>\nTel: (+36-1) 215-69-21; 215-7300, ext. 53400<br \/>\nFax: (+36-1) 215-6921<br \/>\nEmail:\u00a0<a href=\"mailto:titkarsag.pat2@med.semmelweis-univ.hu\">titkarsag.piboi@semmelweis.hu\u00a0<\/a><\/p>\n<p><strong>Head of Department<\/strong><br \/>\nProf. Andr\u00e1s Kiss, M.D., Ph.D., D.Sc.<\/p>\n<p><strong>Study management<\/strong><br \/>\nBianka Pencz, M.D.<br \/>\nresponsible tutor for English Program<br \/>\ne-mail: pencz.bianka@semmelweis.hu<\/p>\n\n<!-- iframe plugin v.4.9 wordpress.org\/plugins\/iframe\/ -->\n<iframe loading=\"lazy\" src=\"https:\/\/www.google.com\/maps\/embed?pb=!1m18!1m12!1m3!1d2696.4113389554755!2d19.078263315516583!3d47.481899604577315!2m3!1f0!2f0!3f0!3m2!1i1024!2i768!4f13.1!3m3!1m2!1s0x4741dcfaf8496c45%3A0xc0ad3546ab9a2a9e!2zQnVkYXBlc3QsIMOcbGzFkWkgw7p0IDkzLCAxMDkx!5e0!3m2!1shu!2shu!4v1505909945411\" width=\"100%\" height=\"350\" frameborder=\"0\" style=\"border:0\" 0=\"allowfullscreen\" scrolling=\"yes\" class=\"iframe-class\"><\/iframe>\n\n","protected":false},"excerpt":{"rendered":"<p>Address<br \/>\nH-1091 Budapest, \u00dcll\u0151i \u00fat 93.<br \/>\nTel: (+36-1) 215-69-21; 215-7300, ext. 53400<br \/>\nFax: (+36-1) 215-6921<br \/>\nEmail:\u00a0<a href=\"mailto:titkarsag.pat2@med.semmelweis-univ.hu\">titkarsag.piboi@semmelweis.hu\u00a0<\/a><br \/>\nHead of Department<br \/>\nProf. Andr\u00e1s Kiss, M.D., Ph.D., D.Sc.<br \/>\nStudy management<br \/>\nBianka Pencz, M.D.<br \/>\nresponsible tutor for English Program<br \/>\ne-mail: pencz.bianka@semmelweis.hu<\/p>\n","protected":false},"author":12,"featured_media":0,"parent":0,"menu_order":8,"comment_status":"closed","ping_status":"closed","template":"","meta":{"_acf_changed":false,"footnotes":""},"categories":[],"tags":[],"class_list":["post-4021","page","type-page","status-publish","hentry"],"acf":[],"_links":{"self":[{"href":"https:\/\/semmelweis.hu\/patologia2\/wp-json\/wp\/v2\/pages\/4021","targetHints":{"allow":["GET"]}}],"collection":[{"href":"https:\/\/semmelweis.hu\/patologia2\/wp-json\/wp\/v2\/pages"}],"about":[{"href":"https:\/\/semmelweis.hu\/patologia2\/wp-json\/wp\/v2\/types\/page"}],"author":[{"embeddable":true,"href":"https:\/\/semmelweis.hu\/patologia2\/wp-json\/wp\/v2\/users\/12"}],"replies":[{"embeddable":true,"href":"https:\/\/semmelweis.hu\/patologia2\/wp-json\/wp\/v2\/comments?post=4021"}],"version-history":[{"count":9,"href":"https:\/\/semmelweis.hu\/patologia2\/wp-json\/wp\/v2\/pages\/4021\/revisions"}],"predecessor-version":[{"id":5295,"href":"https:\/\/semmelweis.hu\/patologia2\/wp-json\/wp\/v2\/pages\/4021\/revisions\/5295"}],"wp:attachment":[{"href":"https:\/\/semmelweis.hu\/patologia2\/wp-json\/wp\/v2\/media?parent=4021"}],"wp:term":[{"taxonomy":"category","embeddable":true,"href":"https:\/\/semmelweis.hu\/patologia2\/wp-json\/wp\/v2\/categories?post=4021"},{"taxonomy":"post_tag","embeddable":true,"href":"https:\/\/semmelweis.hu\/patologia2\/wp-json\/wp\/v2\/tags?post=4021"}],"curies":[{"name":"wp","href":"https:\/\/api.w.org\/{rel}","templated":true}]}}