{"id":3995,"date":"2021-06-16T10:45:38","date_gmt":"2021-06-16T08:45:38","guid":{"rendered":"https:\/\/semmelweis.hu\/patologia2\/?page_id=3995"},"modified":"2021-11-19T17:04:38","modified_gmt":"2021-11-19T16:04:38","slug":"unser-institut","status":"publish","type":"page","link":"https:\/\/semmelweis.hu\/patologia2\/de\/unser-institut\/","title":{"rendered":"Unser Institut"},"content":{"rendered":"<p style=\"text-align: justify\">\u00dcber das Institut<\/p>\n<p style=\"text-align: justify\">Das II. Institut f\u00fcr Pathologie besteht seit 1895, im Jahr 2020 feierten wir das 125-j\u00e4hrige Jubil\u00e4um der Gr\u00fcndung unseres Instituts. Der Erstbeschreiber des Basalzellkarzinoms, \u00d6d\u00f6n v. Krompecher leitete <span style=\"font-size: 1rem\">zwichen 1913-1926<\/span><span style=\"font-size: 1rem\">\u00a0das zu dieser Zeit als II. Institut f\u00fcr pathologische Anatomie bezeichnete Einrichtung, die bis heute Lehr-, Diagnose- und Forschungsaufgaben auf dem Gebiet der Pathologie ausf\u00fchrt. Das Institut verf\u00fcgt \u00fcber einen modernen Seziersaal und ein histologisches Diagnoselabor sowie \u00fcber eine moderne molekularpathologische Diagnoseeinheit. Unser Seziersaal wurde im Jahr 2020 renoviert und das Umbau des histopathologischen Diagnoselabors begann im Jahre 2021.<\/span><\/p>\n<p style=\"text-align: justify\">Die leitenden Lehrer des Instituts spielen eine f\u00fchrende Rolle in Berufsverb\u00e4nden und -organisationen, darunter Prof. Dr. Andr\u00e1s Kiss, der derzeitige Institutsleiter und Pr\u00e4sident des Pathologischen Berufskollegs, sowie Dr. Tibor Glasz, stellvertretender Direktor des Instituts, Pr\u00e4sident der Ungarischen Gesellschaft f\u00fcr Pathologie und Landeshauptarzt f\u00fcr Fachinspektion Fach Pathologie. Prof. Dr. Janina Kulka ist die Pr\u00e4sidentin der Ungarischen Division der Internationalen Akademie f\u00fcr Pathologie, Dr. Lilla Madaras ist die Sekret\u00e4rin und Dr. Ildik\u00f3 Illy\u00e9s ist die Schatzmeisterin der Division.<\/p>\n<p style=\"text-align: justify\">Graduierten- und Postgraduiertenausbildung<\/p>\n<p style=\"text-align: justify\">Das Institut unterrichtet Pathologie im dritten Studienjahr der Fakult\u00e4t f\u00fcr Allgemeinmedizin. Die H\u00e4lfte des ungarischen und des englischen Jahrgangs sowie der gesamte deutsche Jahrgang studieren hier Pathologie, die einen klinisch-pathologischen Ansatz widerspiegelt und moderne Diagnostik einschlie\u00dft. F\u00fcr besonders interessierte Studenten des 4. und 5. Studienjahres bieten wir als Wahlpflichtfach einen Klinikopathologiekurs in allen drei Sprachen an, und viele Studenten sind als Mitglied eines wissenschaftlichen Studentenkreises an der wissenschaftlichen und diagnostischen Arbeit unseres Instituts beteiligt.<\/p>\n<p style=\"text-align: justify\">Seit 1993 hat das Institut mehrere akkreditierte Promotionsprogramme durchgef\u00fchrt. Derzeit k\u00f6nnen Doktoranden an den von Prof. Dr. Andr\u00e1s Kiss, Direktor, und Prof. Dr. J\u00f3zsef T\u00edm\u00e1r geleiteten Programmen teilnehmen, in denen die pathomorphologischen und molekulargenetischen Hintergr\u00fcnde von Tumoren und Herz-Kreislauf-Erkrankungen untersucht werden.<\/p>\n<p style=\"text-align: justify\">Im Rahmen der Postgraduiertenausbildung werden an unserem Institut laufend Pathologen ausgebildet. Jedes Jahr im Januar veranstalten wir einen vierw\u00f6chigen Pr\u00fcfungskurs f\u00fcr Assistenz\u00e4rzte in der Pathologie, bei dem renommierte Pathologen aus dem ganzen Land ihr Wissen an die n\u00e4chste Generation weitergeben.<\/p>\n<p style=\"text-align: justify\">Die \u201eLandesversammlung f\u00fcr Lehrserien der pathologischen Alltagsdiagnostik\u201c wird jedes Jahr im Rahmen der Facharztweiterbildung organisiert. An der dreimal im Jahr stattfindenden Tagung werden interessante und lehrreiche F\u00e4lle aus verschiedenen pathologischen Abteilungen des Landes dargestellt.<\/p>\n<p style=\"text-align: justify\">Diagnostik<\/p>\n<p style=\"text-align: justify\">Das Institut erh\u00e4lt Biopsie- und Operationsmaterial zur histologischen Untersuchung vor allem aus den Kliniken des \u00c4u\u00dferen Klinikblocks, aber auch von anderen Einrichtungen werden Anfragen f\u00fcr Konsultationen und molekulare Diagnostik empfangen. Die histologische Diagnostik wird durch die Labors f\u00fcr Immunhistochemie, Virendiagnostik und Molekularpathologie unterst\u00fctzt. Die Infrastruktur f\u00fcr die elektronenmikroskopische Diagnostik wird durch das Institut f\u00fcr Anatomie, Histologie und Embryologie der Universit\u00e4t bereitgestellt. Am Institut werden zahlreiche zytologische Untersuchungen durchgef\u00fchrt, unsere aspirationszytologische Praxen sind an der I. Klinik f\u00fcr Chirurgie und der Klinik f\u00fcr Medizinische Bildgebung erreichbar. Zu unseren diagnostischen Spezialgebieten geh\u00f6ren unter anderem Gastroenterologie, Hepatologie, Pankreatologie, Endokrinologie, Pathologie von Nierenerkrankungen, Nieren- und Herztransplantation, Augenerkrankungen und perinatale L\u00e4sionen. Unsere Spezialisten nehmen regelm\u00e4\u00dfig an allgemeinen und tumorspezifischen multidisziplin\u00e4ren Onkoteams teil.<\/p>\n<p style=\"text-align: justify\">Forschung<\/p>\n<p style=\"text-align: justify\">Die internationale Anerkennung der Ergebnisse der jahrzehntelangen Grundlagenforschung auf dem Gebiet der Gef\u00e4\u00dfpathologie, die am Institut unter der Leitung von Professor Harry Jellinek und Professorin Anna K\u00e1d\u00e1r durchgef\u00fchrt wurde, zeigt sich in der Teilnahme des Instituts an der von der WHO koordinierten zehnj\u00e4hrigen internationalen Studie \u00fcber die pathologischen Faktoren der Arteriosklerose bei Jugendlichen. Seit dem Jahr 2000 wurden im Rahmen umfangreicher internationaler Kooperationen wichtige Forschungsarbeiten in der Human- und experimentellen Hepatologie initiiert, vor allem in den Bereichen Virendiagnostik und Tumorerkrankungen. Auch unsere internationalen Forschungskooperationen im Bereich Brustkrebs sind von gro\u00dfer Bedeutung.<\/p>\n<p style=\"text-align: justify\">Die Forschungsaktivit\u00e4ten des Instituts werden derzeit durch mehrere wissenschaftliche Preisausschreiben unterst\u00fctzt, unter anderem durch den Zuschuss vom Nationalen Amt f\u00fcr Forschung, Entwicklung und Innovation. Zu den wichtigsten angewandten Forschungsbereichen geh\u00f6ren Leber-, Brust- und Bauchspeicheldr\u00fcsenerkrankungen, sowie Grundlagenforschungen werden zu Angiogenese, Tumormetastasen und Melanomen durchgef\u00fchrt. Neben der praktischen Anwendung der digitalen Pathologie sind wir an einer Reihe von Kooperationen im In- und Ausland beteiligt, um moderne Methoden zu entwickeln, die in Ausbildung, Diagnostik und Forschung eingesetzt werden k\u00f6nnen.<\/p>\n","protected":false},"excerpt":{"rendered":"<p>\u00dcber das Institut Das II. Institut f\u00fcr Pathologie besteht seit 1895, im Jahr 2020 feierten wir das 125-j\u00e4hrige Jubil\u00e4um der Gr\u00fcndung unseres Instituts. Der Erstbeschreiber des Basalzellkarzinoms, \u00d6d\u00f6n v. Krompecher leitete zwichen 1913-1926\u00a0das zu dieser Zeit als II. Institut f\u00fcr pathologische Anatomie bezeichnete Einrichtung, die bis heute Lehr-, Diagnose- und Forschungsaufgaben auf dem Gebiet der &hellip;<\/p>\n","protected":false},"author":101629,"featured_media":3574,"parent":0,"menu_order":0,"comment_status":"closed","ping_status":"closed","template":"","meta":{"_acf_changed":false,"footnotes":""},"categories":[],"tags":[],"class_list":["post-3995","page","type-page","status-publish","has-post-thumbnail","hentry"],"acf":[],"_links":{"self":[{"href":"https:\/\/semmelweis.hu\/patologia2\/wp-json\/wp\/v2\/pages\/3995","targetHints":{"allow":["GET"]}}],"collection":[{"href":"https:\/\/semmelweis.hu\/patologia2\/wp-json\/wp\/v2\/pages"}],"about":[{"href":"https:\/\/semmelweis.hu\/patologia2\/wp-json\/wp\/v2\/types\/page"}],"author":[{"embeddable":true,"href":"https:\/\/semmelweis.hu\/patologia2\/wp-json\/wp\/v2\/users\/101629"}],"replies":[{"embeddable":true,"href":"https:\/\/semmelweis.hu\/patologia2\/wp-json\/wp\/v2\/comments?post=3995"}],"version-history":[{"count":10,"href":"https:\/\/semmelweis.hu\/patologia2\/wp-json\/wp\/v2\/pages\/3995\/revisions"}],"predecessor-version":[{"id":4193,"href":"https:\/\/semmelweis.hu\/patologia2\/wp-json\/wp\/v2\/pages\/3995\/revisions\/4193"}],"wp:featuredmedia":[{"embeddable":true,"href":"https:\/\/semmelweis.hu\/patologia2\/wp-json\/wp\/v2\/media\/3574"}],"wp:attachment":[{"href":"https:\/\/semmelweis.hu\/patologia2\/wp-json\/wp\/v2\/media?parent=3995"}],"wp:term":[{"taxonomy":"category","embeddable":true,"href":"https:\/\/semmelweis.hu\/patologia2\/wp-json\/wp\/v2\/categories?post=3995"},{"taxonomy":"post_tag","embeddable":true,"href":"https:\/\/semmelweis.hu\/patologia2\/wp-json\/wp\/v2\/tags?post=3995"}],"curies":[{"name":"wp","href":"https:\/\/api.w.org\/{rel}","templated":true}]}}