{"id":3990,"date":"2021-06-08T12:15:14","date_gmt":"2021-06-08T10:15:14","guid":{"rendered":"https:\/\/semmelweis.hu\/patologia2\/?page_id=3990"},"modified":"2026-03-19T19:12:09","modified_gmt":"2026-03-19T18:12:09","slug":"betegek-reszere","status":"publish","type":"page","link":"https:\/\/semmelweis.hu\/patologia2\/diagnosztika\/betegek-reszere\/","title":{"rendered":"Betegek r\u00e9sz\u00e9re"},"content":{"rendered":"<h3><strong><span style=\"font-family: 'pt serif'\">Aspir\u00e1ci\u00f3s citol\u00f3giai szakrendel\u00e9s<\/span><\/strong><\/h3>\n<p>A rendel\u00e9s beutal\u00f3 k\u00f6teles!<\/p>\n<p><strong>A rendel\u00e9s helysz\u00edne:<\/strong>\u00a01082 Budapest, \u00dcll\u0151i \u00fat 78. Semmelweis Egyetem, Seb\u00e9szeti, Transzplant\u00e1ci\u00f3s \u00e9s Gasztroenterol\u00f3giai Klinika (ST\u00e9G), magasf\u00f6ldszint, ultrahang vizsg\u00e1l\u00f3.<\/p>\n<div class=\"fontos_div w-100\">\n<p><strong>A rendel\u00e9sek id\u0151pontjai:<\/strong><\/p>\n<p>&nbsp;<\/p>\n<p>h\u00e9tf\u0151 14:30-t\u00f3l,<\/p>\n<p>kedd 14:00-t\u00f3l,<\/p>\n<p>cs\u00fct\u00f6rt\u00f6k 14:00-t\u00f3l.<\/p>\n<\/div>\n<p><strong><br \/>\nId\u0151pontfoglal\u00e1s k\u00f6telez\u0151!<\/strong><\/p>\n<p>Id\u0151pontfoglal\u00e1s az EESZT-n \u00e1t lehets\u00e9ges. (E-beutal\u00f3: online EESZT port\u00e1lon kereszt\u00fcl, vagy 1812-es telefonsz\u00e1mon.)<\/p>\n<p>Esetleges egy\u00e9b felmer\u00fcl\u0151 k\u00e9rd\u00e9s eset\u00e9n: e-mail:\u00a0<a href=\"mailto:titkarsag.piboi@semmelweis.hu\">titkarsag.piboi@semmelweis.hu<\/a>, telefon:\u00a0+36 20 825 9662.<\/p>\n<p>Szakmak\u00f3d 5403,\u00a0NNGYK 001088491<\/p>\n<p>Aspir\u00e1ci\u00f3s citol\u00f3giai munkacsoportunk ultrahang vez\u00e9relt v\u00e9konyt\u0171 biopszi\u00e1s mintav\u00e9tel sor\u00e1n nyert mint\u00e1k diagnosztik\u00e1j\u00e1val foglalkozik. A beavatkoz\u00e1s igen v\u00e9kony t\u0171vel, \u00fan. minim\u00e1lisan invaz\u00edv technik\u00e1val t\u00f6rt\u00e9nik, ultrahang k\u00e9p vez\u00e9rl\u00e9se mellett.<\/p>\n<p>Int\u00e9zet\u00fcnk a fentiek mellett m\u00e1s int\u00e9zm\u00e9nyekb\u0151l be\u00e9rkez\u0151 aspir\u00e1ci\u00f3s citol\u00f3giai mint\u00e1k diagnosztik\u00e1j\u00e1t is v\u00e9gzi.<\/p>\n<p>Munkat\u00e1rsaink n\u0151gy\u00f3gy\u00e1szati citol\u00f3giai kenetek el\u0151sz\u0171r\u00e9s\u00e9t \u00e9s diagnosztik\u00e1j\u00e1t is folytatj\u00e1k.<\/p>\n","protected":false},"excerpt":{"rendered":"<p>Aspir\u00e1ci\u00f3s citol\u00f3giai szakrendel\u00e9s A rendel\u00e9s beutal\u00f3 k\u00f6teles! A rendel\u00e9s helysz\u00edne:\u00a01082 Budapest, \u00dcll\u0151i \u00fat 78. Semmelweis Egyetem, Seb\u00e9szeti, Transzplant\u00e1ci\u00f3s \u00e9s Gasztroenterol\u00f3giai Klinika (ST\u00e9G), magasf\u00f6ldszint, ultrahang vizsg\u00e1l\u00f3. A rendel\u00e9sek id\u0151pontjai: &nbsp; h\u00e9tf\u0151 14:30-t\u00f3l, kedd 14:00-t\u00f3l, cs\u00fct\u00f6rt\u00f6k 14:00-t\u00f3l. Id\u0151pontfoglal\u00e1s k\u00f6telez\u0151! Id\u0151pontfoglal\u00e1s az EESZT-n \u00e1t lehets\u00e9ges. (E-beutal\u00f3: online EESZT port\u00e1lon kereszt\u00fcl, vagy 1812-es telefonsz\u00e1mon.) Esetleges egy\u00e9b felmer\u00fcl\u0151 k\u00e9rd\u00e9s eset\u00e9n: &hellip;<\/p>\n","protected":false},"author":101629,"featured_media":0,"parent":14,"menu_order":0,"comment_status":"closed","ping_status":"closed","template":"","meta":{"_acf_changed":false,"footnotes":""},"categories":[],"tags":[],"class_list":["post-3990","page","type-page","status-publish","hentry"],"acf":[],"_links":{"self":[{"href":"https:\/\/semmelweis.hu\/patologia2\/wp-json\/wp\/v2\/pages\/3990","targetHints":{"allow":["GET"]}}],"collection":[{"href":"https:\/\/semmelweis.hu\/patologia2\/wp-json\/wp\/v2\/pages"}],"about":[{"href":"https:\/\/semmelweis.hu\/patologia2\/wp-json\/wp\/v2\/types\/page"}],"author":[{"embeddable":true,"href":"https:\/\/semmelweis.hu\/patologia2\/wp-json\/wp\/v2\/users\/101629"}],"replies":[{"embeddable":true,"href":"https:\/\/semmelweis.hu\/patologia2\/wp-json\/wp\/v2\/comments?post=3990"}],"version-history":[{"count":8,"href":"https:\/\/semmelweis.hu\/patologia2\/wp-json\/wp\/v2\/pages\/3990\/revisions"}],"predecessor-version":[{"id":5379,"href":"https:\/\/semmelweis.hu\/patologia2\/wp-json\/wp\/v2\/pages\/3990\/revisions\/5379"}],"up":[{"embeddable":true,"href":"https:\/\/semmelweis.hu\/patologia2\/wp-json\/wp\/v2\/pages\/14"}],"wp:attachment":[{"href":"https:\/\/semmelweis.hu\/patologia2\/wp-json\/wp\/v2\/media?parent=3990"}],"wp:term":[{"taxonomy":"category","embeddable":true,"href":"https:\/\/semmelweis.hu\/patologia2\/wp-json\/wp\/v2\/categories?post=3990"},{"taxonomy":"post_tag","embeddable":true,"href":"https:\/\/semmelweis.hu\/patologia2\/wp-json\/wp\/v2\/tags?post=3990"}],"curies":[{"name":"wp","href":"https:\/\/api.w.org\/{rel}","templated":true}]}}