{"id":3943,"date":"2021-05-31T11:37:40","date_gmt":"2021-05-31T09:37:40","guid":{"rendered":"https:\/\/semmelweis.hu\/patologia2\/?page_id=3943"},"modified":"2021-05-31T11:37:40","modified_gmt":"2021-05-31T09:37:40","slug":"felso-tapcsatornai-es-molekularis-daganatpatologiai-munkacsoport","status":"publish","type":"page","link":"https:\/\/semmelweis.hu\/patologia2\/kutatas\/felso-tapcsatornai-es-molekularis-daganatpatologiai-munkacsoport\/","title":{"rendered":"Fels\u0151 t\u00e1pcsatornai \u00e9s molekul\u00e1ris daganatpatol\u00f3giai munkacsoport"},"content":{"rendered":"<p>Munkacsoportunk d\u00f6nt\u0151en molekul\u00e1ris patol\u00f3giai m\u00f3dszerekkel vizsg\u00e1lja k\u00fcl\u00f6nb\u00f6z\u0151 daganatos \u00e9s gyullad\u00e1sos k\u00f3rk\u00e9pek pathomechanizmus\u00e1t, illetve diagnosztikus \u00e9s prognosztikus jellemz\u0151it. Vizsg\u00e1lataink els\u0151sorban a gyomor-, az urogenit\u00e1lis szervek-, eml\u0151-, illetve t\u00fcd\u0151 betegs\u00e9geire f\u00f3kusz\u00e1lnak. A csoport kiemelt kutat\u00e1si ter\u00fclete a fels\u0151 t\u00e1pcsatornai gyullad\u00e1sos \u00e9s daganatos megbeteged\u00e9sek, ezek k\u00f6z\u00fcl is els\u0151sorban a <em>Helicobacter pylori<\/em> fert\u0151z\u00e9s \u00e9s a gyomor daganatai patogenezis\u00e9nek valamint diagnosztikus, prognosztikus \u00e9s predikt\u00edv t\u00e9nyez\u0151inek tanulm\u00e1nyoz\u00e1sa.<\/p>\n<p>A <em>Helicobacter pylori (H. pylori)<\/em> fert\u0151z\u00e9s, kezel\u00e9s n\u00e9lk\u00fcl, \u00e9lethosszig tart. Hossz\u00fat\u00e1von a bakt\u00e9rium a gyomorny\u00e1lkah\u00e1rtya sorvad\u00e1s\u00e1val j\u00e1r\u00f3 gyullad\u00e1s\u00e1t, peptikus fek\u00e9lyek kialakul\u00e1s\u00e1t, gyomorr\u00e1k \u00e9s -limf\u00f3ma kialakul\u00e1s\u00e1t okozhatja. A fert\u0151z\u00e9s kezel\u00e9s\u00e9ben leggyakrabban alkalmazott els\u0151vonalbeli h\u00e1rmas ter\u00e1pia clarithromycint tartalmaz \u00e9s hat\u00e9konys\u00e1ga els\u0151sorban az e gy\u00f3gyszer ellen kialakul\u00f3 rezisztencia miatt nem kiel\u00e9g\u00edt\u0151. Int\u00e9zet\u00fcnkben a <em>H. pylori<\/em> pozit\u00edvnak bizonyul\u00f3 gyomorbiopszi\u00e1s mint\u00e1k a k\u00f3rokoz\u00f3 clarithromycin-\u00e9rz\u00e9kenys\u00e9g\u00e9nek meghat\u00e1roz\u00e1s\u00e1ra fluoreszcens in situ hibridiz\u00e1ci\u00f3s (FISH) vizsg\u00e1laton esnek \u00e1t. Ennek sor\u00e1n a fajspecifikus pr\u00f3ba a <em>H. pylori<\/em> bakt\u00e9riumok ribosz\u00f3m\u00e1inak kis alegys\u00e9g\u00e9ben tal\u00e1lhat\u00f3 rRNS egy szakasz\u00e1hoz k\u00f6t\u0151dik. A clarithromycin rezisztenci\u00e1\u00e9rt a ribosz\u00f3m\u00e1k nagy alegys\u00e9g\u00e9ben a 23S rRNS peptidil transzfer\u00e1z centrum\u00e1nak pontmut\u00e1ci\u00f3i felel\u0151sek, melyekhez &#8211; jelenl\u00e9t\u00fck eset\u00e9n &#8211; az erre specifikus pr\u00f3b\u00e1k k\u00f6t\u0151dnek. A teszt eredm\u00e9nyek\u00e9nt a clarithromycin \u00e9rz\u00e9keny <em>H. pylori<\/em> bakt\u00e9riumok z\u00f6lden, a rezisztensek pedig z\u00f6lden \u00e9s v\u00f6r\u00f6sen is fluoreszk\u00e1lnak a fluoreszcens mikroszk\u00f3pos vizsg\u00e1lat sor\u00e1n. Ez\u00e9rt a sz\u00edncsatorn\u00e1k egyes\u00edt\u00e9s\u00e9vel k\u00e9sz\u00fclt k\u00e9peken a rezisztens bakt\u00e9riumok s\u00e1rg\u00e1n t\u0171nnek fel. \u00a0<\/p>\n<p><a href=\"https:\/\/semmelweis.hu\/patologia2\/files\/2021\/03\/helico2.jpg\"><img loading=\"lazy\" decoding=\"async\" class=\"alignnone size-medium wp-image-3832\" src=\"https:\/\/semmelweis.hu\/patologia2\/files\/2021\/03\/helico2-300x216.jpg\" alt=\"\" width=\"300\" height=\"216\" srcset=\"https:\/\/semmelweis.hu\/patologia2\/files\/2021\/03\/helico2-300x216.jpg 300w, https:\/\/semmelweis.hu\/patologia2\/files\/2021\/03\/helico2-768x552.jpg 768w, https:\/\/semmelweis.hu\/patologia2\/files\/2021\/03\/helico2-417x300.jpg 417w, https:\/\/semmelweis.hu\/patologia2\/files\/2021\/03\/helico2.jpg 996w\" sizes=\"auto, (max-width: 300px) 100vw, 300px\" \/><\/a><\/p>\n<p>A m\u00f3dszer kit\u0171n\u0151 \u00e9rz\u00e9kenys\u00e9g\u00e9t munkacsoportunk is igazolta [Kocsm\u00e1r \u00c9. \u00e9s mtsai, 2017]. A technika egyik nagy el\u0151nye, hogy a rezisztens \u00e9s \u00e9rz\u00e9keny bakt\u00e9riumok egy\u00fcttes megjelen\u00edt\u00e9s\u00e9vel kevert rezisztencia st\u00e1tusz\u00fa fert\u0151z\u00e9s diagn\u00f3zisa is fel\u00e1ll\u00edthat\u00f3. R\u00f6st Gergellyel, az SZTE Bolyai Int\u00e9zet matematikus\u00e1val a clarithromycin rezisztencia popul\u00e1ci\u00f3s terjed\u00e9s\u00e9nek matematikai modellez\u00e9s\u00e9t v\u00e9gezt\u00fck, mely a primer rezisztens esetek (clarithromycin rezisztencia el\u0151zetes makrolid fogyaszt\u00e1s n\u00e9lk\u00fcl) eredet\u00e9re is f\u00e9nyt der\u00edtett, \u00e9s a rangos Nature Communications lapban k\u00f6z\u00f6lt\u00fck [Kocsm\u00e1r \u00c9. \u00e9s mtsai, 2021]. Jelenlegi tanulm\u00e1nyaink a kevert rezisztens fert\u0151z\u00e9s kialakul\u00e1s\u00e1nak h\u00e1tter\u00e9re, valamint kezel\u00e9si lehet\u0151s\u00e9geire f\u00f3kusz\u00e1lnak.<\/p>\n<p>Emellett munkacsoportunk a gyomor daganatos megbeteged\u00e9seinek prognosztikus \u00e9s predikt\u00edv faktorait vizsg\u00e1lja formalinnal fix\u00e1lt, paraffinba \u00e1gyazott sz\u00f6vetmint\u00e1kon. A leggyakrabban el\u0151fordul\u00f3 gyomorr\u00e1k mellett vizsg\u00e1lataink kiterjednek a gyakran adenocarcinom\u00e1val asszoci\u00e1ltan megjelen\u0151 gastrointestinalis stromalis tumorokra (GIST) is.<\/p>\n<p>A munkacsoport foglalkozik tov\u00e1bb\u00e1 uroonkol\u00f3giai kutat\u00e1sokkal [Kocsm\u00e1r I. \u00e9s mtsai, 2020], azon bel\u00fcl is kiemelten a nem-izominvaz\u00edv h\u00f3lyagr\u00e1koknak a sokkal rosszabb progn\u00f3zis\u00fa, a h\u00fagyh\u00f3lyag izomfal\u00e1t besz\u0171r\u0151, \u00fan. izominvaz\u00edv form\u00e1ba \u00e1tmenet\u00e9t el\u0151rejelz\u0151 molekul\u00e1ris markerek vizsg\u00e1lat\u00e1val. Emellett a munkacsoport vizsg\u00e1lja a t\u00fcd\u0151r\u00e1kok egyes, FISH m\u00f3dszerrel detekt\u00e1lhat\u00f3 molekul\u00e1ris elt\u00e9r\u00e9seinek diagnosztikus probl\u00e9m\u00e1it is, tov\u00e1bb\u00e1 a CUP (Cancer of Unknown Primary origin) szindr\u00f3ma klinikopatol\u00f3giai jellemz\u0151it.<\/p>\n<p>&nbsp;<\/p>\n<p><strong>A munkacsoport tagjai: <\/strong><\/p>\n<p><a href=\"https:\/\/semmelweis.hu\/telefonkonyv\/?emp_id=4041\">Dr. Lotz G\u00e1bor PhD, egyetemi docens, vezet\u0151 kutat\u00f3<\/a><\/p>\n<p><a href=\"https:\/\/semmelweis.hu\/telefonkonyv\/?emp_id=15019\">Dr. Kocsm\u00e1r \u00c9va, PhD-\u00f6szt\u00f6nd\u00edjas<\/a><\/p>\n<p><a href=\"https:\/\/semmelweis.hu\/telefonkonyv\/?emp_id=15018\">Dr. Kocsm\u00e1r Ildik\u00f3, PhD-\u00f6szt\u00f6nd\u00edjas<\/a><\/p>\n<p><a href=\"https:\/\/semmelweis.hu\/telefonkonyv\/?emp_id=8480\">Dr. Szirtes Ildik\u00f3, klinikai szakorvos<\/a><\/p>\n<p>Dr. Szalai Luca, rezidens (Orsz\u00e1gos Onkol\u00f3giai Int\u00e9zet)<\/p>\n<p>Kurucz Anita, molekul\u00e1ris biol\u00f3gus<\/p>\n<p>Jakab \u00c1kos, TDK-hallgat\u00f3<\/p>\n<p>Kim Ju Ea, TDK-hallgat\u00f3<\/p>\n<p>&nbsp;<\/p>\n<p><strong>Kiemelt k\u00f6zlem\u00e9nyek:<\/strong><\/p>\n<p>Kocsm\u00e1r \u00c9, Buz\u00e1s GM, Szirtes I, Kocsm\u00e1r I, Kramer Z, Szij\u00e1rt\u00f3 A, Fadgyas-Freyler P, Sz\u00e9n\u00e1s K, Rugge M, Fassan M, Kiss A, Schaff Z, R\u00f6st G, Lotz G.<\/p>\n<p>Primary and secondary clarithromycin resistance in Helicobacter pylori and mathematical modeling of the role of macrolides.<\/p>\n<p><em>Nat Commun.<\/em> 2021 Apr 15;12(1):2255. doi: 10.1038\/s41467-021-22557-7. PMID: 33859206; PMCID: PMC8050269.<\/p>\n<p>&nbsp;<\/p>\n<p>Kocsm\u00e1r \u00c9, Kocsm\u00e1r I, Szalai L, Lendvai G, Szij\u00e1rt\u00f3 A, Schaff Z, Kiss A, Kovalszky I, Papp G, Lotz G.<\/p>\n<p>Cross-testing of major molecular markers indicates distinct pathways of tumorigenesis in gastric adenocarcinomas and synchronous gastrointestinal stromal tumors.<\/p>\n<p><em>Sci Rep.<\/em> 2020 Dec 17;10(1):22212. doi: 10.1038\/s41598-020-78232-2. PMID: 33335133; PMCID: PMC7747598.<\/p>\n<p>&nbsp;<\/p>\n<p>Smuk G, Pajor G, Szuhai K, Morreau H, Kocsm\u00e1r I, Kocsm\u00e1r \u00c9, Pajor L, Kajt\u00e1r B, S\u00e1rosi V, Lotz G, Torn\u00f3czky T.<\/p>\n<p>Attenuated isolated 3&#8242; signal: A highly challenging therapy relevant ALK FISH pattern in NSCLC.<\/p>\n<p><em>Lung Cancer.<\/em> 2020 May;143:80-85. doi: 10.1016\/j.lungcan.2020.03.007. Epub 2020 Mar 10. PMID: 32272316.<\/p>\n<p>&nbsp;<\/p>\n<p>Kocsm\u00e1r \u00c9, Kocsm\u00e1r I, Buz\u00e1s GM, Szirtes I, Wacha J, Tak\u00e1ts A, Hritz I, Schaff Z, Rugge M, Fassan M, Kiss A, Lotz G.<\/p>\n<p>Helicobacter pylori heteroresistance to clarithromycin in adults-New data by in situ detection and improved concept.<\/p>\n<p><em>Helicobacter.<\/em> 2020 Feb;25(1):e12670. doi: 10.1111\/hel.12670. Epub 2019 Nov 8. PMID: 31701608.<\/p>\n<p>&nbsp;<\/p>\n<p>Kocsm\u00e1r I, Pajor G, Gy\u00f6ngy\u00f6si B, Sz\u00e9kely E, Varga M, Kocsm\u00e1r \u00c9, Kenessey I, Be\u00f6the T, S\u00fcle N, Majoros A, Szendr\u0151i A, Ny\u00edr\u00e1dy P, Kiss A, Riesz P, Lotz G.<\/p>\n<p>Development and Initial Testing of a Modified UroVysion-Based Fluorescence In Situ Hybridization Score for Prediction of Progression in Bladder Cancer.<\/p>\n<p><em>Am J Clin Pathol.<\/em> 2020 Jan 2;153(2):274-284. doi: 10.1093\/ajcp\/aqz165. PMID: 31732739.<\/p>\n<p>&nbsp;<\/p>\n<p>Kocsm\u00e1r \u00c9, Szirtes I, Kramer Z, Szij\u00e1rt\u00f3 A, Bene L, Buz\u00e1s GM, Kenessey I, Bronsert P, Csanadi A, Lutz L, Werner M, Wellner UF, Kiss A, Schaff Z, Lotz G.<\/p>\n<p>Sensitivity of Helicobacter pylori detection by Giemsa staining is poor in comparison with immunohistochemistry and fluorescent in situ hybridization and strongly depends on inflammatory activity.<\/p>\n<p><em>Helicobacter.<\/em> 2017 Aug;22(4). doi: 10.1111\/hel.12387. Epub 2017 Apr 12. PMID: 28402048.<\/p>\n","protected":false},"excerpt":{"rendered":"<p>Munkacsoportunk d\u00f6nt\u0151en molekul\u00e1ris patol\u00f3giai m\u00f3dszerekkel vizsg\u00e1lja k\u00fcl\u00f6nb\u00f6z\u0151 daganatos \u00e9s gyullad\u00e1sos k\u00f3rk\u00e9pek pathomechanizmus\u00e1t, illetve diagnosztikus \u00e9s prognosztikus jellemz\u0151it. Vizsg\u00e1lataink els\u0151sorban a gyomor-, az urogenit\u00e1lis szervek-, eml\u0151-, illetve t\u00fcd\u0151 betegs\u00e9geire f\u00f3kusz\u00e1lnak. A csoport kiemelt kutat\u00e1si ter\u00fclete a fels\u0151 t\u00e1pcsatornai gyullad\u00e1sos \u00e9s daganatos megbeteged\u00e9sek, ezek k\u00f6z\u00fcl is els\u0151sorban a Helicobacter pylori fert\u0151z\u00e9s \u00e9s a gyomor daganatai patogenezis\u00e9nek valamint &hellip;<\/p>\n","protected":false},"author":101629,"featured_media":0,"parent":13,"menu_order":0,"comment_status":"closed","ping_status":"closed","template":"","meta":{"_acf_changed":false,"footnotes":""},"categories":[],"tags":[],"class_list":["post-3943","page","type-page","status-publish","hentry"],"acf":[],"_links":{"self":[{"href":"https:\/\/semmelweis.hu\/patologia2\/wp-json\/wp\/v2\/pages\/3943","targetHints":{"allow":["GET"]}}],"collection":[{"href":"https:\/\/semmelweis.hu\/patologia2\/wp-json\/wp\/v2\/pages"}],"about":[{"href":"https:\/\/semmelweis.hu\/patologia2\/wp-json\/wp\/v2\/types\/page"}],"author":[{"embeddable":true,"href":"https:\/\/semmelweis.hu\/patologia2\/wp-json\/wp\/v2\/users\/101629"}],"replies":[{"embeddable":true,"href":"https:\/\/semmelweis.hu\/patologia2\/wp-json\/wp\/v2\/comments?post=3943"}],"version-history":[{"count":1,"href":"https:\/\/semmelweis.hu\/patologia2\/wp-json\/wp\/v2\/pages\/3943\/revisions"}],"predecessor-version":[{"id":3944,"href":"https:\/\/semmelweis.hu\/patologia2\/wp-json\/wp\/v2\/pages\/3943\/revisions\/3944"}],"up":[{"embeddable":true,"href":"https:\/\/semmelweis.hu\/patologia2\/wp-json\/wp\/v2\/pages\/13"}],"wp:attachment":[{"href":"https:\/\/semmelweis.hu\/patologia2\/wp-json\/wp\/v2\/media?parent=3943"}],"wp:term":[{"taxonomy":"category","embeddable":true,"href":"https:\/\/semmelweis.hu\/patologia2\/wp-json\/wp\/v2\/categories?post=3943"},{"taxonomy":"post_tag","embeddable":true,"href":"https:\/\/semmelweis.hu\/patologia2\/wp-json\/wp\/v2\/tags?post=3943"}],"curies":[{"name":"wp","href":"https:\/\/api.w.org\/{rel}","templated":true}]}}