{"id":3798,"date":"2021-04-08T08:55:32","date_gmt":"2021-04-08T06:55:32","guid":{"rendered":"https:\/\/semmelweis.hu\/patologia2\/?page_id=3798"},"modified":"2026-03-27T14:05:27","modified_gmt":"2026-03-27T13:05:27","slug":"uropatologia","status":"publish","type":"page","link":"https:\/\/semmelweis.hu\/patologia2\/diagnosztika\/uropatologia\/","title":{"rendered":"Uropatol\u00f3gia"},"content":{"rendered":"<p><strong>Diagnosztika<\/strong><\/p>\n<p>Az orsz\u00e1g vezet\u0151 urol\u00f3giai centrum\u00e1nak, a Semmelweis Egyetem Urol\u00f3giai Klinik\u00e1j\u00e1nak teljes sz\u00f6vettani \u00e9s molekul\u00e1ris patol\u00f3giai diagnosztik\u00e1j\u00e1t Int\u00e9zet\u00fcnk szolg\u00e1lja ki. Munkacsoportunk \u00e9vente k\u00f6zel 2600 mint\u00e1t dolgoz fel, mely lefedi az uropatol\u00f3gia teljes diagnosztikus spektrum\u00e1t: a vizelet\u00fcled\u00e9k citol\u00f3giai vizsg\u00e1lat\u00e1t, a here, a p\u00e9nisz, a prosztata, a h\u00fagyutak, valamint a vese d\u00f6nt\u0151en tumoros elv\u00e1ltoz\u00e1sainak biopszi\u00e1s \u00e9s seb\u00e9szi elt\u00e1vol\u00edt\u00e1s ut\u00e1ni \u00e9rt\u00e9kel\u00e9s\u00e9t, tov\u00e1bb\u00e1 a f\u00e9rfi medd\u0151s\u00e9g kivizsg\u00e1l\u00e1sa sor\u00e1n vett herebiopt\u00e1tumok elemz\u00e9s\u00e9t. Az urol\u00f3gus koll\u00e9g\u00e1kkal a szakmai kapcsolatot az urol\u00f3giai onkoteam mellett a ritka k\u00f3rk\u00e9pek rendszeres klinikopatol\u00f3giai megbesz\u00e9l\u00e9sein kereszt\u00fcl tartjuk.<\/p>\n<p><strong>Vizsg\u00e1l\u00f3m\u00f3dszerek<\/strong><\/p>\n<p>Int\u00e9zet\u00fcnkben a k\u00fcl\u00f6nb\u00f6z\u0151 urol\u00f3giai tumorok diagnosztik\u00e1j\u00e1ra, tov\u00e1bb\u00e1 k\u00f3rj\u00f3slatuk \u00e9s ter\u00e1pi\u00e1s v\u00e1laszk\u00e9szs\u00e9g\u00fck meg\u00edt\u00e9l\u00e9s\u00e9re a rutin sz\u00f6vettani vizsg\u00e1lat mellett kieg\u00e9sz\u00edt\u0151 immunhisztok\u00e9miai \u00e9s molekul\u00e1ris patol\u00f3giai vizsg\u00e1latokat is v\u00e9gz\u00fcnk az eur\u00f3pai \u00e9s \u00e9szak-amerikai ir\u00e1nyelvekkel \u00f6sszhangban.<\/p>\n<p><strong>K\u00e9pz\u00e9s<\/strong><\/p>\n<p>A gradu\u00e1lis orvosk\u00e9pz\u00e9s mellett az SE II. sz Patol\u00f3giai Int\u00e9zet orsz\u00e1gos k\u00f6telez\u0151 szakvizsg\u00e1ra el\u0151k\u00e9sz\u00edt\u0151 tanfolyam\u00e1n patol\u00f3gus rezidenseknek az uropatol\u00f3gia alapjait oktatja Dr. Sz\u00e9kely Eszter docens asszony.<\/p>\n<p><strong><a href=\"https:\/\/semmelweis.hu\/patologia2\/vizsgalatkeres\/\">Vizsg\u00e1latk\u00e9r\u0151lapok<\/a><\/strong><\/p>\n<p><strong>MUNKAT\u00c1RSAK<br \/>\n<\/strong><br \/>\n<span style=\"font-size: 10.0pt;font-family: 'Helvetica',sans-serif;color: #1d2228\"><a href=\"https:\/\/semmelweis.hu\/telefonkonyv\/?emp_id=4036\"><strong><span style=\"font-size: 12pt\">Dr. Borka Katalin<\/span><\/strong><span style=\"font-size: 12pt\"> egyetemi docens<\/span><\/a><br \/>\n<\/span><span style=\"font-size: 12pt\"><span style=\"font-family: Helvetica, sans-serif;color: #1d2228\"><a href=\"https:\/\/semmelweis.hu\/telefonkonyv\/?emp_id=16278\"><strong>Dr. Dobi Dej\u00e1n<\/strong> egyetemi adjunktus<\/a><br \/>\n<a href=\"https:\/\/semmelweis.hu\/telefonkonyv\/?emp_id=14984\"><strong>Dr. Gy\u00f6ngy\u00f6si Benedek<\/strong> egyetemi tan\u00e1rseg\u00e9d<\/a><br \/>\n<\/span><\/span><span style=\"font-size: 12pt\"><span style=\"font-family: Helvetica, sans-serif;color: #1d2228\"><a href=\"https:\/\/semmelweis.hu\/telefonkonyv\/?emp_id=6211\"><strong>Dr. Hal\u00e1sz Judit<\/strong> egyetemi adjunktus<\/a><\/span><span style=\"font-family: Helvetica, sans-serif;color: #1d2228\"><br \/>\n<\/span><span style=\"font-family: Helvetica, sans-serif;color: #1d2228\"><a href=\"https:\/\/semmelweis.hu\/telefonkonyv\/?emp_id=14991\"><strong>Dr. Illy\u00e9s Ildik\u00f3<\/strong> klinikai szakorvos<\/a><br \/>\n<\/span><span style=\"font-family: Helvetica, sans-serif;color: #1d2228\"><a href=\"https:\/\/semmelweis.hu\/telefonkonyv\/?emp_id=4032\"><strong>Dr. Ist\u00f3k Roland<\/strong> klinikai f\u0151orvos<\/a><\/span><span style=\"font-family: Helvetica, sans-serif;color: #1d2228\"><br \/>\n<\/span><span style=\"font-family: Helvetica, sans-serif;color: #1d2228\"><a href=\"https:\/\/semmelweis.hu\/telefonkonyv\/?emp_id=6213\"><strong>Dr. Kov\u00e1cs Attila<\/strong> egyetemi adjunktus<\/a><\/span><span style=\"font-family: Helvetica, sans-serif;color: #1d2228\"><br \/>\n<\/span><span style=\"font-family: Helvetica, sans-serif;color: #1d2228\"><a href=\"https:\/\/semmelweis.hu\/telefonkonyv\/?emp_id=6212\"><strong>Dr. Madaras Lilla<\/strong> egyetemi docens<\/a><\/span><span style=\"color: #1d2228;font-family: Helvetica, sans-serif\"><br \/>\n<\/span><span style=\"font-family: Helvetica, sans-serif;color: #1d2228\"><a href=\"https:\/\/semmelweis.hu\/telefonkonyv\/?emp_id=4037\"><strong>Dr. Sz\u00e9kely Eszter<\/strong> egyetemi docens<\/a><\/span><span style=\"font-family: Helvetica, sans-serif;color: #1d2228\"><br \/>\n<\/span><a href=\"https:\/\/semmelweis.hu\/telefonkonyv\/?emp_id=14989\"><span style=\"font-family: Helvetica, sans-serif;color: #1d2228\"><strong>Dr. V\u00e1rkonyi Tibor<\/strong> egyetemi adjunktus<\/span><\/a><\/span><\/p>\n","protected":false},"excerpt":{"rendered":"<p>Diagnosztika Az orsz\u00e1g vezet\u0151 urol\u00f3giai centrum\u00e1nak, a Semmelweis Egyetem Urol\u00f3giai Klinik\u00e1j\u00e1nak teljes sz\u00f6vettani \u00e9s molekul\u00e1ris patol\u00f3giai diagnosztik\u00e1j\u00e1t Int\u00e9zet\u00fcnk szolg\u00e1lja ki. Munkacsoportunk \u00e9vente k\u00f6zel 2600 mint\u00e1t dolgoz fel, mely lefedi az uropatol\u00f3gia teljes diagnosztikus spektrum\u00e1t: a vizelet\u00fcled\u00e9k citol\u00f3giai vizsg\u00e1lat\u00e1t, a here, a p\u00e9nisz, a prosztata, a h\u00fagyutak, valamint a vese d\u00f6nt\u0151en tumoros elv\u00e1ltoz\u00e1sainak biopszi\u00e1s \u00e9s seb\u00e9szi &hellip;<\/p>\n","protected":false},"author":101629,"featured_media":0,"parent":14,"menu_order":0,"comment_status":"closed","ping_status":"closed","template":"","meta":{"_acf_changed":false,"footnotes":""},"categories":[],"tags":[],"class_list":["post-3798","page","type-page","status-publish","hentry"],"acf":[],"_links":{"self":[{"href":"https:\/\/semmelweis.hu\/patologia2\/wp-json\/wp\/v2\/pages\/3798","targetHints":{"allow":["GET"]}}],"collection":[{"href":"https:\/\/semmelweis.hu\/patologia2\/wp-json\/wp\/v2\/pages"}],"about":[{"href":"https:\/\/semmelweis.hu\/patologia2\/wp-json\/wp\/v2\/types\/page"}],"author":[{"embeddable":true,"href":"https:\/\/semmelweis.hu\/patologia2\/wp-json\/wp\/v2\/users\/101629"}],"replies":[{"embeddable":true,"href":"https:\/\/semmelweis.hu\/patologia2\/wp-json\/wp\/v2\/comments?post=3798"}],"version-history":[{"count":11,"href":"https:\/\/semmelweis.hu\/patologia2\/wp-json\/wp\/v2\/pages\/3798\/revisions"}],"predecessor-version":[{"id":5428,"href":"https:\/\/semmelweis.hu\/patologia2\/wp-json\/wp\/v2\/pages\/3798\/revisions\/5428"}],"up":[{"embeddable":true,"href":"https:\/\/semmelweis.hu\/patologia2\/wp-json\/wp\/v2\/pages\/14"}],"wp:attachment":[{"href":"https:\/\/semmelweis.hu\/patologia2\/wp-json\/wp\/v2\/media?parent=3798"}],"wp:term":[{"taxonomy":"category","embeddable":true,"href":"https:\/\/semmelweis.hu\/patologia2\/wp-json\/wp\/v2\/categories?post=3798"},{"taxonomy":"post_tag","embeddable":true,"href":"https:\/\/semmelweis.hu\/patologia2\/wp-json\/wp\/v2\/tags?post=3798"}],"curies":[{"name":"wp","href":"https:\/\/api.w.org\/{rel}","templated":true}]}}