{"id":3795,"date":"2021-04-07T20:37:18","date_gmt":"2021-04-07T18:37:18","guid":{"rendered":"https:\/\/semmelweis.hu\/patologia2\/?page_id=3795"},"modified":"2025-08-15T11:51:46","modified_gmt":"2025-08-15T09:51:46","slug":"szemeszeti-patologia","status":"publish","type":"page","link":"https:\/\/semmelweis.hu\/patologia2\/diagnosztika\/szemeszeti-patologia\/","title":{"rendered":"Szem\u00e9szeti patol\u00f3gia"},"content":{"rendered":"<p>A szem\u00e9szeti patol\u00f3gia t\u00e1rgya a szem \u00e9s adnexumok: orbita, szemh\u00e9jak, conjunctiva \u00e9s k\u00f6nnyszervek (k\u00f6nnymirigy \u00e9s k\u00f6nnyelvezet\u0151 utak) sokr\u00e9t\u0171 betegs\u00e9geinek diagnosztik\u00e1ja.<\/p>\n<p>Az int\u00e9zet 2007-ben vette \u00e1t az addig az I. sz. Szemklinik\u00e1n m\u0171k\u00f6d\u0151, \u00e1tszervez\u00e9s miatt \u00e1thelyezett oftalmopatol\u00f3giai laborat\u00f3riumot.<\/p>\n<p>A szem\u00e9szeti patol\u00f3gia par excellence kliniko-patol\u00f3giai diszcipl\u00edna, amely nem csak a szem\u00e9szet klinikai probl\u00e9m\u00e1it koordin\u00e1lja a patol\u00f3gia \u00e1ltal\u00e1nos szakmai elveivel, hanem sz\u00e1mos t\u00e1rsszakm\u00e1val m\u0171k\u00f6dik szoros kapcsolatban (neurol\u00f3gia, f\u00fcl-orr-g\u00e9g\u00e9szet, fej-nyak seb\u00e9szet, b\u0151rgy\u00f3gy\u00e1szat, hematol\u00f3gia, onkol\u00f3gia).<\/p>\n<p>\u00c9vente k\u00f6zel ezer vizsg\u00e1lati minta ker\u00fcl feldolgoz\u00e1sra, amelyek daganatos m\u0171t\u00e9ti prepar\u00e1tumok (szemh\u00e9j, conjunctiva \u00e9s intraocularis tumorok) mellett citol\u00f3giai mint\u00e1kat is magukba foglalnak (cornea, conjunctiva, csarnokv\u00edz \u00e9s \u00fcvegtest). A f\u00e9nymikroszk\u00f3pos vizsg\u00e1latokat sz\u00fcks\u00e9g szerint immunhisztok\u00e9miai \u00e9s immuncitol\u00f3giai vizsg\u00e1latokkal eg\u00e9sz\u00edtj\u00fck ki.<\/p>\n<p>K\u00e9pz\u00e9s<\/p>\n<p>\u00c9vente egyhetes szakvizsga el\u0151k\u00e9sz\u00edt\u0151 szem\u00e9szeti klinikopatol\u00f3giai tanfolyamot tartunk szem\u00e9sz rezidenseknek.<\/p>\n<p><strong>MUNKAT\u00c1RSAK<\/strong><\/p>\n<p><a href=\"https:\/\/semmelweis.hu\/telefonkonyv\/?emp_id=14997\">Dr. T\u00f3th Jeannette patol\u00f3gus \u00e9s szem\u00e9sz szakorvos<\/a><\/p>\n<p><a href=\"https:\/\/semmelweis.hu\/telefonkonyv\/?emp_id=14986\">Dr. Pencz Bianka patol\u00f3gus szakorvos<\/a><\/p>\n","protected":false},"excerpt":{"rendered":"<p>A szem\u00e9szeti patol\u00f3gia t\u00e1rgya a szem \u00e9s adnexumok: orbita, szemh\u00e9jak, conjunctiva \u00e9s k\u00f6nnyszervek (k\u00f6nnymirigy \u00e9s k\u00f6nnyelvezet\u0151 utak) sokr\u00e9t\u0171 betegs\u00e9geinek diagnosztik\u00e1ja. Az int\u00e9zet 2007-ben vette \u00e1t az addig az I. sz. Szemklinik\u00e1n m\u0171k\u00f6d\u0151, \u00e1tszervez\u00e9s miatt \u00e1thelyezett oftalmopatol\u00f3giai laborat\u00f3riumot. A szem\u00e9szeti patol\u00f3gia par excellence kliniko-patol\u00f3giai diszcipl\u00edna, amely nem csak a szem\u00e9szet klinikai probl\u00e9m\u00e1it koordin\u00e1lja a patol\u00f3gia \u00e1ltal\u00e1nos &hellip;<\/p>\n","protected":false},"author":101629,"featured_media":0,"parent":14,"menu_order":0,"comment_status":"closed","ping_status":"closed","template":"","meta":{"_acf_changed":false,"footnotes":""},"categories":[],"tags":[],"class_list":["post-3795","page","type-page","status-publish","hentry"],"acf":[],"_links":{"self":[{"href":"https:\/\/semmelweis.hu\/patologia2\/wp-json\/wp\/v2\/pages\/3795","targetHints":{"allow":["GET"]}}],"collection":[{"href":"https:\/\/semmelweis.hu\/patologia2\/wp-json\/wp\/v2\/pages"}],"about":[{"href":"https:\/\/semmelweis.hu\/patologia2\/wp-json\/wp\/v2\/types\/page"}],"author":[{"embeddable":true,"href":"https:\/\/semmelweis.hu\/patologia2\/wp-json\/wp\/v2\/users\/101629"}],"replies":[{"embeddable":true,"href":"https:\/\/semmelweis.hu\/patologia2\/wp-json\/wp\/v2\/comments?post=3795"}],"version-history":[{"count":4,"href":"https:\/\/semmelweis.hu\/patologia2\/wp-json\/wp\/v2\/pages\/3795\/revisions"}],"predecessor-version":[{"id":5290,"href":"https:\/\/semmelweis.hu\/patologia2\/wp-json\/wp\/v2\/pages\/3795\/revisions\/5290"}],"up":[{"embeddable":true,"href":"https:\/\/semmelweis.hu\/patologia2\/wp-json\/wp\/v2\/pages\/14"}],"wp:attachment":[{"href":"https:\/\/semmelweis.hu\/patologia2\/wp-json\/wp\/v2\/media?parent=3795"}],"wp:term":[{"taxonomy":"category","embeddable":true,"href":"https:\/\/semmelweis.hu\/patologia2\/wp-json\/wp\/v2\/categories?post=3795"},{"taxonomy":"post_tag","embeddable":true,"href":"https:\/\/semmelweis.hu\/patologia2\/wp-json\/wp\/v2\/tags?post=3795"}],"curies":[{"name":"wp","href":"https:\/\/api.w.org\/{rel}","templated":true}]}}