{"id":3791,"date":"2021-04-07T15:30:13","date_gmt":"2021-04-07T13:30:13","guid":{"rendered":"https:\/\/semmelweis.hu\/patologia2\/?page_id=3791"},"modified":"2026-03-27T14:00:23","modified_gmt":"2026-03-27T13:00:23","slug":"nogyogyaszati-patologia","status":"publish","type":"page","link":"https:\/\/semmelweis.hu\/patologia2\/diagnosztika\/nogyogyaszati-patologia\/","title":{"rendered":"N\u0151gy\u00f3gy\u00e1szati patol\u00f3gia"},"content":{"rendered":"<p>A Sz\u00fcl\u00e9szeti \u00e9s N\u0151gy\u00f3gy\u00e1szati Klinika \u00dcll\u0151i \u00fati R\u00e9szleg\u00e9vel egy\u00fctt m\u0171k\u00f6dve int\u00e9zet\u00fcnkben t\u00f6rt\u00e9nik a n\u0151gy\u00f3gy\u00e1szati m\u0171t\u00e9ti anyagok feldolgoz\u00e1sa, sz\u00f6vettani diagnosztik\u00e1ja, melynek eredm\u00e9nye a sz\u00f6vettani lelet. A prepar\u00e1tumok sz\u00e1rmazhatnak laparoscopi\u00e1b\u00f3l, hysteroscopi\u00e1b\u00f3l, a k\u00fcls\u0151 genit\u00e1li\u00e1kat \u00e9rint\u0151\/kismedencei\/hasi m\u0171t\u00e9tekb\u0151l, lehetnek curettage-b\u00f3l, conisatio-b\u00f3l sz\u00e1rmaz\u00f3ak \u00e9s lehetnek biopszi\u00e1s mint\u00e1k.<\/p>\n<p>A n\u0151gy\u00f3gy\u00e1szati daganatseb\u00e9sz, onkol\u00f3gus koll\u00e9g\u00e1kkal egy teamet alkotva t\u00f6rt\u00e9nik a vulva, vagina, cervix, uterus, ovarium, tuba uterina \u00e9s peritoneum daganatainak diagnosztik\u00e1ja, melyhez kapcsol\u00f3dnak a Tumorprogresszi\u00f3s Labor \u00e1ltal v\u00e9gzett, a diagnosztikai munk\u00e1t kieg\u00e9sz\u00edt\u0151 molekul\u00e1ris genetikai vizsg\u00e1latok is. Dr. Madaras Lilla egyetemi docens szoros egy\u00fcttm\u0171k\u00f6d\u00e9sben a n\u0151gy\u00f3gy\u00e1szati daganatseb\u00e9szekkel, \u00e1lland\u00f3 tagja a Semmelweis Egyetemen m\u0171k\u00f6d\u0151 N\u0151gy\u00f3gy\u00e1szati Onkobizotts\u00e1gnak, ahol a n\u0151gy\u00f3gy\u00e1sz daganatseb\u00e9sz koll\u00e9g\u00e1k mellett sug\u00e1rterapeuta, onkol\u00f3gus is seg\u00edti a ter\u00e1pi\u00e1s terv kialak\u00edt\u00e1s\u00e1t, melynek alapj\u00e1t k\u00e9pezi a sz\u00f6vettani \u00e9s molekul\u00e1ris patol\u00f3giai lelet.<\/p>\n<p>&nbsp;<\/p>\n<p><a href=\"https:\/\/semmelweis.hu\/patologia2\/vizsgalatkeres\/\"><strong>Vizsg\u00e1latk\u00e9r\u0151lapok<\/strong><\/a><\/p>\n<p>&nbsp;<\/p>\n<p><strong>Szakdolgozat t\u00e9m\u00e1k- N\u0151gy\u00f3gy\u00e1szati patol\u00f3gia <\/strong>(T\u00e9mavezet\u0151: Dr. Madaras Lilla)<\/p>\n<p>Az endometrium carcinom\u00e1k molekul\u00e1ris patol\u00f3gi\u00e1ja<\/p>\n<p>Az endometriosis- \u00e9s annak talaj\u00e1n kialakul\u00f3 daganatok klinikopatol\u00f3giai jellegzetess\u00e9gei\u00a0<\/p>\n<p>\u00d6r\u00f6kl\u00f6tt n\u0151gy\u00f3gy\u00e1szati daganat szindr\u00f3m\u00e1k<\/p>\n<p><strong>\u00a0<\/strong><\/p>\n<p><strong>TDK hallgat\u00f3k \u00e9s t\u00e9m\u00e1k:<\/strong><\/p>\n<p>Jakab Fl\u00f3ra \u00c1OK VI. (t\u00e9mavezet\u0151: Dr. Madaras Lilla) &#8211; Az endometrium carcinom\u00e1k klinikopatol\u00f3gi\u00e1ja \u00e9s molekul\u00e1ris patol\u00f3giai jellegzetess\u00e9gei<\/p>\n<p><strong>MUNKAT\u00c1RSAK<\/strong><\/p>\n<p><span style=\"font-size: 10.0pt;font-family: 'Helvetica',sans-serif;color: #1d2228\"><a href=\"https:\/\/semmelweis.hu\/telefonkonyv\/?emp_id=4036\"><strong><span style=\"font-size: 12pt\">Dr. Borka Katalin<\/span><\/strong><span style=\"font-size: 12pt\"> egyetemi docens<\/span><\/a><br \/>\n<\/span><span style=\"font-size: 12pt\"><span style=\"font-family: Helvetica, sans-serif;color: #1d2228\"><a href=\"https:\/\/semmelweis.hu\/telefonkonyv\/?emp_id=16278\"><strong>Dr. Dobi Dej\u00e1n<\/strong> egyetemi adjunktus<\/a><br \/>\n<a href=\"https:\/\/semmelweis.hu\/telefonkonyv\/?emp_id=14984\"><strong>Dr. Gy\u00f6ngy\u00f6si Benedek<\/strong> egyetemi tan\u00e1rseg\u00e9d<\/a><br \/>\n<\/span><\/span><span style=\"font-size: 12pt\"><span style=\"font-family: Helvetica, sans-serif;color: #1d2228\"><a href=\"https:\/\/semmelweis.hu\/telefonkonyv\/?emp_id=6211\"><strong>Dr. Hal\u00e1sz Judit<\/strong> egyetemi adjunktus<\/a><\/span><span style=\"font-family: Helvetica, sans-serif;color: #1d2228\"><br \/>\n<\/span><span style=\"font-family: Helvetica, sans-serif;color: #1d2228\"><a href=\"https:\/\/semmelweis.hu\/telefonkonyv\/?emp_id=14991\"><strong>Dr. Illy\u00e9s Ildik\u00f3<\/strong> klinikai szakorvos<\/a><br \/>\n<\/span><span style=\"font-family: Helvetica, sans-serif;color: #1d2228\"><a href=\"https:\/\/semmelweis.hu\/telefonkonyv\/?emp_id=4032\"><strong>Dr. Ist\u00f3k Roland<\/strong> klinikai f\u0151orvos<\/a><\/span><span style=\"font-family: Helvetica, sans-serif;color: #1d2228\"><br \/>\n<\/span><span style=\"font-family: Helvetica, sans-serif;color: #1d2228\"><a href=\"https:\/\/semmelweis.hu\/telefonkonyv\/?emp_id=6213\"><strong>Dr. Kov\u00e1cs Attila<\/strong> egyetemi adjunktus<\/a><\/span><span style=\"font-family: Helvetica, sans-serif;color: #1d2228\"><br \/>\n<\/span><span style=\"font-family: Helvetica, sans-serif;color: #1d2228\"><a href=\"https:\/\/semmelweis.hu\/telefonkonyv\/?emp_id=15038\"><strong>Dr. Kulka Janina<\/strong> egyetemi tan\u00e1r<\/a><br \/>\n<\/span><span style=\"font-family: Helvetica, sans-serif;color: #1d2228\"><a href=\"https:\/\/semmelweis.hu\/telefonkonyv\/?emp_id=6212\"><strong>Dr. Madaras Lilla<\/strong> egyetemi docens<\/a><\/span><span style=\"color: #1d2228;font-family: Helvetica, sans-serif\"><br \/>\n<\/span><span style=\"font-family: Helvetica, sans-serif;color: #1d2228\"><a href=\"https:\/\/semmelweis.hu\/telefonkonyv\/?emp_id=4037\"><strong>Dr. Sz\u00e9kely Eszter<\/strong> egyetemi docens<\/a><\/span><span style=\"font-family: Helvetica, sans-serif;color: #1d2228\"><br \/>\n<\/span><span style=\"color: #3366ff\"><a href=\"https:\/\/semmelweis.hu\/telefonkonyv\/?emp_id=14989\"><span style=\"font-family: Helvetica, sans-serif\"><strong>Dr. V\u00e1rkonyi Tibor<\/strong> egyetemi adjunktus<\/span><\/a><\/span><\/span><\/p>\n","protected":false},"excerpt":{"rendered":"<p>A Sz\u00fcl\u00e9szeti \u00e9s N\u0151gy\u00f3gy\u00e1szati Klinika \u00dcll\u0151i \u00fati R\u00e9szleg\u00e9vel egy\u00fctt m\u0171k\u00f6dve int\u00e9zet\u00fcnkben t\u00f6rt\u00e9nik a n\u0151gy\u00f3gy\u00e1szati m\u0171t\u00e9ti anyagok feldolgoz\u00e1sa, sz\u00f6vettani diagnosztik\u00e1ja, melynek eredm\u00e9nye a sz\u00f6vettani lelet. A prepar\u00e1tumok sz\u00e1rmazhatnak laparoscopi\u00e1b\u00f3l, hysteroscopi\u00e1b\u00f3l, a k\u00fcls\u0151 genit\u00e1li\u00e1kat \u00e9rint\u0151\/kismedencei\/hasi m\u0171t\u00e9tekb\u0151l, lehetnek curettage-b\u00f3l, conisatio-b\u00f3l sz\u00e1rmaz\u00f3ak \u00e9s lehetnek biopszi\u00e1s mint\u00e1k. A n\u0151gy\u00f3gy\u00e1szati daganatseb\u00e9sz, onkol\u00f3gus koll\u00e9g\u00e1kkal egy teamet alkotva t\u00f6rt\u00e9nik a vulva, vagina, cervix, &hellip;<\/p>\n","protected":false},"author":101629,"featured_media":0,"parent":14,"menu_order":0,"comment_status":"closed","ping_status":"closed","template":"","meta":{"_acf_changed":false,"footnotes":""},"categories":[],"tags":[],"class_list":["post-3791","page","type-page","status-publish","hentry"],"acf":[],"_links":{"self":[{"href":"https:\/\/semmelweis.hu\/patologia2\/wp-json\/wp\/v2\/pages\/3791","targetHints":{"allow":["GET"]}}],"collection":[{"href":"https:\/\/semmelweis.hu\/patologia2\/wp-json\/wp\/v2\/pages"}],"about":[{"href":"https:\/\/semmelweis.hu\/patologia2\/wp-json\/wp\/v2\/types\/page"}],"author":[{"embeddable":true,"href":"https:\/\/semmelweis.hu\/patologia2\/wp-json\/wp\/v2\/users\/101629"}],"replies":[{"embeddable":true,"href":"https:\/\/semmelweis.hu\/patologia2\/wp-json\/wp\/v2\/comments?post=3791"}],"version-history":[{"count":10,"href":"https:\/\/semmelweis.hu\/patologia2\/wp-json\/wp\/v2\/pages\/3791\/revisions"}],"predecessor-version":[{"id":5424,"href":"https:\/\/semmelweis.hu\/patologia2\/wp-json\/wp\/v2\/pages\/3791\/revisions\/5424"}],"up":[{"embeddable":true,"href":"https:\/\/semmelweis.hu\/patologia2\/wp-json\/wp\/v2\/pages\/14"}],"wp:attachment":[{"href":"https:\/\/semmelweis.hu\/patologia2\/wp-json\/wp\/v2\/media?parent=3791"}],"wp:term":[{"taxonomy":"category","embeddable":true,"href":"https:\/\/semmelweis.hu\/patologia2\/wp-json\/wp\/v2\/categories?post=3791"},{"taxonomy":"post_tag","embeddable":true,"href":"https:\/\/semmelweis.hu\/patologia2\/wp-json\/wp\/v2\/tags?post=3791"}],"curies":[{"name":"wp","href":"https:\/\/api.w.org\/{rel}","templated":true}]}}