{"id":3751,"date":"2021-04-06T08:42:41","date_gmt":"2021-04-06T06:42:41","guid":{"rendered":"https:\/\/semmelweis.hu\/patologia2\/?page_id=3751"},"modified":"2021-10-12T10:48:17","modified_gmt":"2021-10-12T08:48:17","slug":"vesepatologia-munkacsoport","status":"publish","type":"page","link":"https:\/\/semmelweis.hu\/patologia2\/kutatas\/vesepatologia-munkacsoport\/","title":{"rendered":"Vesepatol\u00f3gia munkacsoport"},"content":{"rendered":"<p>Az orsz\u00e1g egyik legnagyobb nefropatol\u00f3giai laborat\u00f3riumak\u00e9nt \u00e9vi 250-300 vesebiopszi\u00e1s mint\u00e1t leletez\u00fcnk (2019: 275 db) melyeket a budapesti \u00e9s \u00e9szaknyugat-magyarorsz\u00e1gi gyermek-, \u00e9s feln\u0151tt vesebetegeket kezel\u0151 szakorvosok k\u00fcldenek hozz\u00e1nk. Mind a saj\u00e1t ves\u00e9ben, mind a be\u00fcltetett ves\u00e9ben kialakul\u00f3 belgy\u00f3gy\u00e1szati betegs\u00e9gek diagnosztik\u00e1j\u00e1t v\u00e9gezz\u00fck, f\u00e9nymikroszk\u00f3pos, immunhisztok\u00e9miai, valamint elektronmikroszk\u00f3pos m\u00f3dszerekkel. A kezel\u0151orvost a biopszi\u00e1s minta be\u00e9rkez\u00e9s\u00e9t\u0151l sz\u00e1m\u00edtott 24 \u00f3r\u00e1n bel\u00fcl telefonon \u00e9rtes\u00edtj\u00fck az el\u0151zetes sz\u00f6vettani diagn\u00f3zisr\u00f3l, valamint rendszeres esetmegbesz\u00e9l\u00e9seket tartunk.<\/p>\n<p><em>Vizsg\u00e1l\u00f3m\u00f3dszerek<\/em><\/p>\n<ol>\n<li>F\u00e9nymikroszk\u00f3pos vizsg\u00e1lat<\/li>\n<\/ol>\n<p>Hematoxylin \u00e9s eosin fest\u00e9s, perj\u00f3dsavas Schiff reakci\u00f3, Masson\/Crossmon-f\u00e9le trikr\u00f3m fest\u00e9s, Jones-f\u00e9le ez\u00fcst\u00f6z\u00e9s, Kong\u00f3v\u00f6r\u00f6s, Hart van Gieson)<\/p>\n<ol start=\"2\">\n<li>Immunfluoreszcens vizsg\u00e1lat<\/li>\n<\/ol>\n<p>IgG, IgG aloszt\u00e1lyok (IgG1, IgG2, IgG3, IgG4), IgA, IgM, C1q, C3c, Kappa k\u00f6nny\u0171l\u00e1nc, Lambda k\u00f6nny\u0171l\u00e1nc, fibrinogen, Collag\u00e9nIV alfa3 \u00e9s alfa5 l\u00e1nc (Alport nephropathia diagn\u00f3zis\u00e1hoz), PLA2-R (primer membranosus nephropathia diagn\u00f3zis\u00e1hoz), C4d, SV40, CD45, CD3, CD20, CD68, CD31<\/p>\n<ol start=\"3\">\n<li>Elektronmikroszk\u00f3pos vizsg\u00e1lat<\/li>\n<\/ol>\n<p><strong>Kutat\u00e1s\/TDK\/szakdolgozat t\u00e9m\u00e1k<\/strong><\/p>\n<div>A be\u00fcltetett ves\u00e9ben kialakul\u00f3 sz\u00f6vettani elv\u00e1ltoz\u00e1sok klinikai jelent\u0151s\u00e9ge<\/div>\n<div>Lupus nephritis sz\u00f6veti elv\u00e1ltoz\u00e1sainak klinikai jelent\u0151s\u00e9ge<\/div>\n<div>\u00a0<\/div>\n<p><strong>A munkacsoport tagjai:<\/strong><\/p>\n<p><a href=\"https:\/\/semmelweis.hu\/telefonkonyv\/?emp_id=16278\">Dr. Dobi Dej\u00e1n egyetemi adjunktus<\/a><\/p>\n<p><a href=\"https:\/\/semmelweis.hu\/telefonkonyv\/?emp_id=4050\">Dr. Kardos Magdolna klinikai f\u0151orvos<\/a><\/p>\n<p>&nbsp;<\/p>\n","protected":false},"excerpt":{"rendered":"<p>Az orsz\u00e1g egyik legnagyobb nefropatol\u00f3giai laborat\u00f3riumak\u00e9nt \u00e9vi 250-300 vesebiopszi\u00e1s mint\u00e1t leletez\u00fcnk (2019: 275 db) melyeket a budapesti \u00e9s \u00e9szaknyugat-magyarorsz\u00e1gi gyermek-, \u00e9s feln\u0151tt vesebetegeket kezel\u0151 szakorvosok k\u00fcldenek hozz\u00e1nk. Mind a saj\u00e1t ves\u00e9ben, mind a be\u00fcltetett ves\u00e9ben kialakul\u00f3 belgy\u00f3gy\u00e1szati betegs\u00e9gek diagnosztik\u00e1j\u00e1t v\u00e9gezz\u00fck, f\u00e9nymikroszk\u00f3pos, immunhisztok\u00e9miai, valamint elektronmikroszk\u00f3pos m\u00f3dszerekkel. A kezel\u0151orvost a biopszi\u00e1s minta be\u00e9rkez\u00e9s\u00e9t\u0151l sz\u00e1m\u00edtott 24 \u00f3r\u00e1n bel\u00fcl &hellip;<\/p>\n","protected":false},"author":101629,"featured_media":0,"parent":13,"menu_order":0,"comment_status":"closed","ping_status":"closed","template":"","meta":{"_acf_changed":false,"footnotes":""},"categories":[],"tags":[],"class_list":["post-3751","page","type-page","status-publish","hentry"],"acf":[],"_links":{"self":[{"href":"https:\/\/semmelweis.hu\/patologia2\/wp-json\/wp\/v2\/pages\/3751","targetHints":{"allow":["GET"]}}],"collection":[{"href":"https:\/\/semmelweis.hu\/patologia2\/wp-json\/wp\/v2\/pages"}],"about":[{"href":"https:\/\/semmelweis.hu\/patologia2\/wp-json\/wp\/v2\/types\/page"}],"author":[{"embeddable":true,"href":"https:\/\/semmelweis.hu\/patologia2\/wp-json\/wp\/v2\/users\/101629"}],"replies":[{"embeddable":true,"href":"https:\/\/semmelweis.hu\/patologia2\/wp-json\/wp\/v2\/comments?post=3751"}],"version-history":[{"count":4,"href":"https:\/\/semmelweis.hu\/patologia2\/wp-json\/wp\/v2\/pages\/3751\/revisions"}],"predecessor-version":[{"id":4151,"href":"https:\/\/semmelweis.hu\/patologia2\/wp-json\/wp\/v2\/pages\/3751\/revisions\/4151"}],"up":[{"embeddable":true,"href":"https:\/\/semmelweis.hu\/patologia2\/wp-json\/wp\/v2\/pages\/13"}],"wp:attachment":[{"href":"https:\/\/semmelweis.hu\/patologia2\/wp-json\/wp\/v2\/media?parent=3751"}],"wp:term":[{"taxonomy":"category","embeddable":true,"href":"https:\/\/semmelweis.hu\/patologia2\/wp-json\/wp\/v2\/categories?post=3751"},{"taxonomy":"post_tag","embeddable":true,"href":"https:\/\/semmelweis.hu\/patologia2\/wp-json\/wp\/v2\/tags?post=3751"}],"curies":[{"name":"wp","href":"https:\/\/api.w.org\/{rel}","templated":true}]}}