{"id":3749,"date":"2021-04-06T08:41:25","date_gmt":"2021-04-06T06:41:25","guid":{"rendered":"https:\/\/semmelweis.hu\/patologia2\/?page_id=3749"},"modified":"2026-03-27T13:10:35","modified_gmt":"2026-03-27T12:10:35","slug":"vesepatologia","status":"publish","type":"page","link":"https:\/\/semmelweis.hu\/patologia2\/diagnosztika\/vesepatologia\/","title":{"rendered":"Vesepatol\u00f3gia"},"content":{"rendered":"<p><strong>Diagnosztika<\/strong><\/p>\n<p>Az orsz\u00e1g egyik legnagyobb nefropatol\u00f3giai laborat\u00f3riumak\u00e9nt \u00e9vi 250-300 vesebiopszi\u00e1s mint\u00e1t leletez\u00fcnk (2019: 275 db), melyeket a budapesti \u00e9s \u00e9szaknyugat-magyarorsz\u00e1gi gyermek- \u00e9s feln\u0151tt vesebetegeket kezel\u0151 szakorvosok k\u00fcldenek hozz\u00e1nk. Mind a saj\u00e1t ves\u00e9ben, mind a be\u00fcltetett ves\u00e9ben kialakul\u00f3 belgy\u00f3gy\u00e1szati betegs\u00e9gek diagnosztik\u00e1j\u00e1t v\u00e9gezz\u00fck, f\u00e9nymikroszk\u00f3pos, immunhisztok\u00e9miai, valamint elektronmikroszk\u00f3pos m\u00f3dszerekkel. A kezel\u0151orvost a biopszi\u00e1s minta be\u00e9rkez\u00e9s\u00e9t\u0151l sz\u00e1m\u00edtott 24 \u00f3r\u00e1n bel\u00fcl telefonon \u00e9rtes\u00edtj\u00fck az el\u0151zetes sz\u00f6vettani diagn\u00f3zisr\u00f3l, valamint rendszeres esetmegbesz\u00e9l\u00e9seket tartunk.<\/p>\n<p><em>Vizsg\u00e1l\u00f3m\u00f3dszerek<\/em><\/p>\n<ol>\n<li>F\u00e9nymikroszk\u00f3pos vizsg\u00e1lat<\/li>\n<\/ol>\n<p>Hematoxylin \u00e9s eosin fest\u00e9s, perj\u00f3dsavas Schiff reakci\u00f3, Masson\/Crossmon-f\u00e9le trikr\u00f3m fest\u00e9s, Jones-f\u00e9le ez\u00fcst\u00f6z\u00e9s, Kong\u00f3v\u00f6r\u00f6s, Hart van Gieson)<\/p>\n<ol start=\"2\">\n<li>Immunfluoreszcens vizsg\u00e1lat<\/li>\n<\/ol>\n<p>IgG, IgG aloszt\u00e1lyok (IgG1, IgG2, IgG3, IgG4), IgA, IgM, C1q, C3c, Kappa k\u00f6nny\u0171l\u00e1nc, Lambda k\u00f6nny\u0171l\u00e1nc, fibrinogen, Collag\u00e9nIV alfa3 \u00e9s alfa5 l\u00e1nc (Alport nephropathia diagn\u00f3zis\u00e1hoz), PLA2-R (primer membranosus nephropathia diagn\u00f3zis\u00e1hoz), C4d, SV40, CD45, CD3, CD20, CD68, CD31<\/p>\n<ol start=\"3\">\n<li>Elektronmikroszk\u00f3pos vizsg\u00e1lat<\/li>\n<\/ol>\n<p>&nbsp;<\/p>\n<p><strong>K\u00e9pz\u00e9s<\/strong><\/p>\n<p>A gradu\u00e1lis orvosk\u00e9pz\u00e9sben a belgy\u00f3gy\u00e1szati vesebetegs\u00e9gek patol\u00f3giai vonatkoz\u00e1sait oktatjuk magyar \u00e9s angol nyelven.<\/p>\n<p>Az SE II. sz Patol\u00f3giai Int\u00e9zet k\u00f6telez\u0151 szakvizsg\u00e1ra el\u0151k\u00e9sz\u00edt\u0151 tanfolyam\u00e1n patol\u00f3gus szakorvosjel\u00f6lteknek a belgy\u00f3gy\u00e1szati vesebetegs\u00e9gek patol\u00f3giai vonatkoz\u00e1sait, valamint az immun- \u00e9s transzplant\u00e1ci\u00f3s patol\u00f3gia alapjait oktatjuk.<\/p>\n<p>Minden h\u00f3nap m\u00e1sodik cs\u00fct\u00f6rt\u00f6k\u00e9n Nefropatol\u00f3giai Esetmegbesz\u00e9l\u00e9seket szervez\u00fcnk (2021. j\u00falius\u00e1t\u00f3l OFTEX akkredit\u00e1lt \u2013 nefrol\u00f3gia, klinikai immunol\u00f3gia, csecsem\u0151-, \u00e9s gyermekgy\u00f3gy\u00e1szat, patol\u00f3gia).<\/p>\n<p>2021\/22-es szemeszterben el\u0151sz\u00f6r szervezz\u00fck meg a Nefropatol\u00f3gia Alapjai tov\u00e1bbk\u00e9pz\u00e9st (OFTEX akkredit\u00e1lt)<\/p>\n<p>A kurzusokkal kapcsolatban Dr. Dobi Dej\u00e1n tud b\u0151vebb felvil\u00e1gos\u00edt\u00e1st adni.<\/p>\n<p>&nbsp;<\/p>\n<p><a href=\"https:\/\/semmelweis.hu\/patologia2\/vizsgalatkeres\/\"><strong>Vizsg\u00e1latk\u00e9r\u0151lapok<\/strong><\/a><\/p>\n<p>&nbsp;<\/p>\n<p><strong>MUNKAT\u00c1RSAK<\/strong><\/p>\n<p><a href=\"https:\/\/semmelweis.hu\/telefonkonyv\/?emp_id=16278\">Dr. Dobi Dej\u00e1n egyetemi adjunktus<\/a><\/p>\n","protected":false},"excerpt":{"rendered":"<p>Diagnosztika Az orsz\u00e1g egyik legnagyobb nefropatol\u00f3giai laborat\u00f3riumak\u00e9nt \u00e9vi 250-300 vesebiopszi\u00e1s mint\u00e1t leletez\u00fcnk (2019: 275 db), melyeket a budapesti \u00e9s \u00e9szaknyugat-magyarorsz\u00e1gi gyermek- \u00e9s feln\u0151tt vesebetegeket kezel\u0151 szakorvosok k\u00fcldenek hozz\u00e1nk. Mind a saj\u00e1t ves\u00e9ben, mind a be\u00fcltetett ves\u00e9ben kialakul\u00f3 belgy\u00f3gy\u00e1szati betegs\u00e9gek diagnosztik\u00e1j\u00e1t v\u00e9gezz\u00fck, f\u00e9nymikroszk\u00f3pos, immunhisztok\u00e9miai, valamint elektronmikroszk\u00f3pos m\u00f3dszerekkel. A kezel\u0151orvost a biopszi\u00e1s minta be\u00e9rkez\u00e9s\u00e9t\u0151l sz\u00e1m\u00edtott 24 \u00f3r\u00e1n &hellip;<\/p>\n","protected":false},"author":101629,"featured_media":0,"parent":14,"menu_order":0,"comment_status":"closed","ping_status":"closed","template":"","meta":{"_acf_changed":false,"footnotes":""},"categories":[],"tags":[],"class_list":["post-3749","page","type-page","status-publish","hentry"],"acf":[],"_links":{"self":[{"href":"https:\/\/semmelweis.hu\/patologia2\/wp-json\/wp\/v2\/pages\/3749","targetHints":{"allow":["GET"]}}],"collection":[{"href":"https:\/\/semmelweis.hu\/patologia2\/wp-json\/wp\/v2\/pages"}],"about":[{"href":"https:\/\/semmelweis.hu\/patologia2\/wp-json\/wp\/v2\/types\/page"}],"author":[{"embeddable":true,"href":"https:\/\/semmelweis.hu\/patologia2\/wp-json\/wp\/v2\/users\/101629"}],"replies":[{"embeddable":true,"href":"https:\/\/semmelweis.hu\/patologia2\/wp-json\/wp\/v2\/comments?post=3749"}],"version-history":[{"count":7,"href":"https:\/\/semmelweis.hu\/patologia2\/wp-json\/wp\/v2\/pages\/3749\/revisions"}],"predecessor-version":[{"id":5416,"href":"https:\/\/semmelweis.hu\/patologia2\/wp-json\/wp\/v2\/pages\/3749\/revisions\/5416"}],"up":[{"embeddable":true,"href":"https:\/\/semmelweis.hu\/patologia2\/wp-json\/wp\/v2\/pages\/14"}],"wp:attachment":[{"href":"https:\/\/semmelweis.hu\/patologia2\/wp-json\/wp\/v2\/media?parent=3749"}],"wp:term":[{"taxonomy":"category","embeddable":true,"href":"https:\/\/semmelweis.hu\/patologia2\/wp-json\/wp\/v2\/categories?post=3749"},{"taxonomy":"post_tag","embeddable":true,"href":"https:\/\/semmelweis.hu\/patologia2\/wp-json\/wp\/v2\/tags?post=3749"}],"curies":[{"name":"wp","href":"https:\/\/api.w.org\/{rel}","templated":true}]}}