{"id":3735,"date":"2021-05-04T12:29:24","date_gmt":"2021-05-04T10:29:24","guid":{"rendered":"https:\/\/semmelweis.hu\/patologia2\/?page_id=3735"},"modified":"2021-05-04T12:29:24","modified_gmt":"2021-05-04T10:29:24","slug":"digitalis-patologia","status":"publish","type":"page","link":"https:\/\/semmelweis.hu\/patologia2\/rolunk\/digitalis-patologia\/","title":{"rendered":"Digit\u00e1lis patol\u00f3gia"},"content":{"rendered":"<p class=\"yiv5834265922MsoNormal\">Napjainkban zajlik az a paradigmav\u00e1lt\u00e1s, mely a radiol\u00f3gi\u00e1ban a 2000-es \u00e9vekben indult be. A t\u00e1rhelyek \u00e1r\u00e1nak cs\u00f6kken\u00e9se \u00e9s a k\u00fcl\u00f6nb\u00f6z\u0151 g\u00e9pi tanul\u00e1si (mesters\u00e9ges intelligencia) algoritmusok elterjed\u00e9se egyszerre gyors\u00edtja a patol\u00f3gia digitaliz\u00e1ci\u00f3j\u00e1t. A k\u00f3rh\u00e1zi \u00e9s labor informatikai rendszerek elterjed\u00e9s\u00e9vel az anyagok \u00e9s az int\u00e9zeten bel\u00fcli labork\u00e9r\u00e9sek m\u00e1r most is komplex vonalk\u00f3dos \u00e9s leletez\u00e9si rendszerben t\u00f6rt\u00e9nnek meg.<\/p>\n<p class=\"yiv5834265922MsoNormal\">Int\u00e9zet\u00fcnkben a hazai 3DHistech Kft. term\u00e9kei tal\u00e1lhat\u00f3ak meg. H\u00e1rom elt\u00e9r\u0151 kapacit\u00e1s\u00fa, brightfield metszetszkenner \u00e9s egy konfok\u00e1lis szkenner seg\u00edti a kutat\u00e1st \u00e9s a diagnosztik\u00e1t. A sz\u00f6vettani metszetek szkennel\u00e9st k\u00f6vet\u0151en az int\u00e9zet metszetszerver\u00e9re ker\u00fclnek. Az orvostanhallgat\u00f3k sz\u00f6vettani oktat\u00e1sa m\u00e1r t\u00f6bb mint 10 \u00e9ve ilyen m\u00f3don t\u00f6rt\u00e9nik, \u00edgy a medikusok otthonr\u00f3l is el tudj\u00e1k \u00e9rni a k\u00e9peket. Hazai \u00e9s nemzetk\u00f6zi tov\u00e1bbk\u00e9pz\u00e9sek, \u00fagynevezett metszetkonzult\u00e1ci\u00f3k megszervez\u00e9se is m\u00e1r digit\u00e1lis form\u00e1ban t\u00f6rt\u00e9nik. Bizonyos esetekben a diagnosztika, azon bel\u00fcl a m\u00e1sodv\u00e9lem\u00e9nyhez sz\u00fcks\u00e9ges egyeztet\u00e9s is \u00edgy a leggyorsabb m\u00e1r napjainkban. Kor\u00e1bban az eseteket szem\u00e9lyesen konzult\u00e1lt\u00e1k meg a koll\u00e9g\u00e1k, vagy post\u00e1val k\u00fcldt\u00e9k ki k\u00fclf\u00f6ldi szaktekint\u00e9lyeknek. A COVID-19 j\u00e1rv\u00e1ny els\u0151 hull\u00e1m\u00e1ban a karant\u00e9nba szorult munkat\u00e1rsainkkal m\u00e1r \u00e9lesben is lehet\u0151s\u00e9g\u00fcnk ny\u00edlt kipr\u00f3b\u00e1lni a t\u00e1vleletez\u00e9st. Ez a patol\u00f3giai centraliz\u00e1ci\u00f3j\u00e1val egyre jobban kibontakozand\u00f3ban van. A II. sz. Patol\u00f3giai Int\u00e9zet sz\u00e1mos mesters\u00e9ges intelligencia fejleszt\u00e9sben vesz r\u00e9szt. Egy\u00fcttm\u0171k\u00f6d\u00fcnk a stockholmi Karolinska Int\u00e9zettel, illetve haz\u00e1nkban az ELTE Komplex Rendszerek Fizik\u00e1ja Tansz\u00e9k adja sz\u00e1munkra az adattudom\u00e1nyi h\u00e1tteret t\u00f6bb kooper\u00e1ci\u00f3ban is. Jelenlegi kiemelt projekt\u00fcnk a vastagb\u00e9lr\u00e1k sz\u0171r\u00e9shez kapcsol\u00f3d\u00f3 d\u00f6nt\u00e9st\u00e1mogat\u00e1s fejleszt\u00e9se.<\/p>\n","protected":false},"excerpt":{"rendered":"<p>Napjainkban zajlik az a paradigmav\u00e1lt\u00e1s, mely a radiol\u00f3gi\u00e1ban a 2000-es \u00e9vekben indult be. A t\u00e1rhelyek \u00e1r\u00e1nak cs\u00f6kken\u00e9se \u00e9s a k\u00fcl\u00f6nb\u00f6z\u0151 g\u00e9pi tanul\u00e1si (mesters\u00e9ges intelligencia) algoritmusok elterjed\u00e9se egyszerre gyors\u00edtja a patol\u00f3gia digitaliz\u00e1ci\u00f3j\u00e1t. A k\u00f3rh\u00e1zi \u00e9s labor informatikai rendszerek elterjed\u00e9s\u00e9vel az anyagok \u00e9s az int\u00e9zeten bel\u00fcli labork\u00e9r\u00e9sek m\u00e1r most is komplex vonalk\u00f3dos \u00e9s leletez\u00e9si rendszerben t\u00f6rt\u00e9nnek meg. &hellip;<\/p>\n","protected":false},"author":101629,"featured_media":0,"parent":11,"menu_order":0,"comment_status":"closed","ping_status":"closed","template":"","meta":{"_acf_changed":false,"footnotes":""},"categories":[],"tags":[],"class_list":["post-3735","page","type-page","status-publish","hentry"],"acf":[],"_links":{"self":[{"href":"https:\/\/semmelweis.hu\/patologia2\/wp-json\/wp\/v2\/pages\/3735","targetHints":{"allow":["GET"]}}],"collection":[{"href":"https:\/\/semmelweis.hu\/patologia2\/wp-json\/wp\/v2\/pages"}],"about":[{"href":"https:\/\/semmelweis.hu\/patologia2\/wp-json\/wp\/v2\/types\/page"}],"author":[{"embeddable":true,"href":"https:\/\/semmelweis.hu\/patologia2\/wp-json\/wp\/v2\/users\/101629"}],"replies":[{"embeddable":true,"href":"https:\/\/semmelweis.hu\/patologia2\/wp-json\/wp\/v2\/comments?post=3735"}],"version-history":[{"count":3,"href":"https:\/\/semmelweis.hu\/patologia2\/wp-json\/wp\/v2\/pages\/3735\/revisions"}],"predecessor-version":[{"id":3778,"href":"https:\/\/semmelweis.hu\/patologia2\/wp-json\/wp\/v2\/pages\/3735\/revisions\/3778"}],"up":[{"embeddable":true,"href":"https:\/\/semmelweis.hu\/patologia2\/wp-json\/wp\/v2\/pages\/11"}],"wp:attachment":[{"href":"https:\/\/semmelweis.hu\/patologia2\/wp-json\/wp\/v2\/media?parent=3735"}],"wp:term":[{"taxonomy":"category","embeddable":true,"href":"https:\/\/semmelweis.hu\/patologia2\/wp-json\/wp\/v2\/categories?post=3735"},{"taxonomy":"post_tag","embeddable":true,"href":"https:\/\/semmelweis.hu\/patologia2\/wp-json\/wp\/v2\/tags?post=3735"}],"curies":[{"name":"wp","href":"https:\/\/api.w.org\/{rel}","templated":true}]}}