{"id":3732,"date":"2021-04-01T23:12:51","date_gmt":"2021-04-01T21:12:51","guid":{"rendered":"https:\/\/semmelweis.hu\/patologia2\/?page_id=3732"},"modified":"2026-03-27T13:47:42","modified_gmt":"2026-03-27T12:47:42","slug":"majpatologia","status":"publish","type":"page","link":"https:\/\/semmelweis.hu\/patologia2\/diagnosztika\/majpatologia\/","title":{"rendered":"M\u00e1jpatol\u00f3gia"},"content":{"rendered":"<p>A m\u00e1jbetegs\u00e9gek diagnosztik\u00e1ja kiemelt helyet foglal el a II. sz. Patol\u00f3giai Int\u00e9zetben. Int\u00e9zet\u00fcnk a m\u00e1j daganatos elv\u00e1ltoz\u00e1sai miatt oper\u00e1lt (primer \u00e9s secunder m\u00e1jdaganatok) m\u0171t\u00e9ti prepar\u00e1tumok mellett igen jelent\u0151s sz\u00e1m\u00fa vastagt\u0171 biopszi\u00e1s mint\u00e1t kap vizsg\u00e1latra, melyek egy r\u00e9sze az orsz\u00e1g sz\u00e1mos eg\u00e9szs\u00e9g\u00fcgyi int\u00e9zm\u00e9ny\u00e9b\u0151l k\u00fcld\u00f6tt konz\u00edliumi anyag. Int\u00e9zet\u00fcnkben kiemelt helyen foglalkozunk a gyermekkori m\u00e1jbetegs\u00e9gek patol\u00f3gi\u00e1j\u00e1val.<\/p>\n<p>Mindezek alapjait <strong>Prof. Schaff Zsuzsa<\/strong> Sz\u00e9chenyi-\u00e9s Batthy\u00e1ny-Strattmann L\u00e1szl\u00f3-d\u00edjas patol\u00f3gus, egyetemi tan\u00e1r, a II. sz. Patol\u00f3giai Int\u00e9zet volt igazgat\u00f3ja (2000-2008), a Magyar Tudom\u00e1nyos Akad\u00e9mia rendes tagja \u00e9s a Magyar \u00c9rdemrend k\u00f6z\u00e9pkeresztje kit\u00fcntetettje, a nemzetk\u00f6zi szinten kiemelten elismert \u00e9s a hazai m\u00e1jpatol\u00f3gia egyik legkiemelked\u0151bb alakja fektette le. A m\u00e1jr\u00e1kok ter\u00fclet\u00e9re vonatkoz\u00f3 patol\u00f3giai feloszt\u00e1sai a nemzetk\u00f6zi k\u00e9zik\u00f6nyvekben alapirodalomk\u00e9nt szerepelnek. F\u0151 \u00e9rdekl\u0151d\u00e9si ter\u00fclete a v\u00edrus-sejt k\u00f6lcs\u00f6nhat\u00e1s, ezen bel\u00fcl kiemelten a m\u00e1jgyullad\u00e1st okoz\u00f3 v\u00edrusok, \u00edgy a hepatitis-B \u00e9s hepatitis-C v\u00edrus, \u00e9s k\u00fcl\u00f6n\u00f6sen ezek m\u00e1jr\u00e1kot okoz\u00f3 hat\u00e1sa.<\/p>\n<p>A munkacsoport kiemelked\u0151 tagja <strong>Prof. Kiss Andr\u00e1s <\/strong>a II. sz. Patol\u00f3giai Int\u00e9zet jelenlegi igazgat\u00f3ja (2017-), az MTA doktora, akinek f\u0151 kutat\u00e1si ter\u00fclete a m\u00e1jr\u00e1kok molekul\u00e1ris patol\u00f3gi\u00e1ja. Sz\u00e1mos kutat\u00f3csoport \u00e9s PhD. hallgat\u00f3 munk\u00e1j\u00e1t seg\u00edti els\u0151sorban a m\u00e1jdaganatokkal kapcsolatos kutat\u00e1sok ter\u00fclet\u00e9n, emellett sz\u00e1mos m\u00e1s kutat\u00e1si ter\u00fclet molekul\u00e1ris patol\u00f3giai munk\u00e1j\u00e1ban vesz r\u00e9szt, k\u00fclf\u00f6ldi tudom\u00e1nyos egy\u00fcttm\u0171k\u00f6d\u00e9sei jelent\u0151sek.<\/p>\n<p>A munkacsoport tagja <strong>Dr. Lotz G\u00e1bor<\/strong> egyetemi docens, akinek f\u0151 \u00e9rdekl\u0151d\u00e9si ter\u00fclete a molekul\u00e1ris genetikai \u00e9s az in situ hibridiz\u00e1ci\u00f3 alap\u00fa DNS\/RNS diagnosztika. A molekul\u00e1ris patol\u00f3giai laborat\u00f3rium vezet\u0151je. \u00c9rdekl\u0151d\u00e9si ter\u00fclete a v\u00edrus hepatitisek patogenezise \u00e9s a m\u00e1jdaganatok molekul\u00e1ris patol\u00f3gi\u00e1ja, emellett a daganatos \u00e9s nem daganatos m\u00e1jbetegs\u00e9gek rutin patol\u00f3giai diagnosztik\u00e1j\u00e1ban is r\u00e9szt vesz.<\/p>\n<p><strong>Dr. Hal\u00e1sz Judit<\/strong>, egyetemi adjunktus, aki a rutin patol\u00f3giai diagnosztikus munka mellett a m\u00e1jbetegs\u00e9gek \u2013 k\u00fcl\u00f6n\u00f6s \u00e9rdekl\u0151d\u00e9ssel a nem daganatos m\u00e1jbetegs\u00e9gek \u2013 diagnosztik\u00e1j\u00e1val is foglalkozik. A daganatokat illet\u0151en f\u0151 \u00e9rdekl\u0151d\u00e9si ter\u00fclete a hepatoblastoma patol\u00f3gi\u00e1ja.<\/p>\n<p>A munkacsoport munk\u00e1j\u00e1ban az elm\u00falt \u00e9vekben sikeres PhD. fokozatot szerzett koll\u00e9g\u00e1k, \u00e9s a TDK konferenci\u00e1kon eredm\u00e9nyesen szerepl\u0151 di\u00e1kk\u00f6r\u00f6s hallgat\u00f3k vesznek r\u00e9szt.<\/p>\n<p><strong><a href=\"https:\/\/semmelweis.hu\/patologia2\/vizsgalatkeres\/\">Vizsg\u00e1latk\u00e9r\u0151lapok<\/a><\/strong><\/p>\n<p><strong>MUNKAT\u00c1RSAK<\/strong><\/p>\n<p><a href=\"https:\/\/semmelweis.hu\/telefonkonyv\/?emp_id=4040\">Prof. Kiss Andr\u00e1s int\u00e9zetvezet\u0151 egyetemi tan\u00e1r<\/a><\/p>\n<p><a href=\"https:\/\/semmelweis.hu\/telefonkonyv\/?emp_id=4041\">Dr. Lotz G\u00e1bor egyetemi tan\u00e1r<\/a><\/p>\n<p><a href=\"https:\/\/semmelweis.hu\/telefonkonyv\/?emp_id=6211\">Dr. Hal\u00e1sz Judit egyetemi adjunktus<\/a><\/p>\n","protected":false},"excerpt":{"rendered":"<p>A m\u00e1jbetegs\u00e9gek diagnosztik\u00e1ja kiemelt helyet foglal el a II. sz. Patol\u00f3giai Int\u00e9zetben. Int\u00e9zet\u00fcnk a m\u00e1j daganatos elv\u00e1ltoz\u00e1sai miatt oper\u00e1lt (primer \u00e9s secunder m\u00e1jdaganatok) m\u0171t\u00e9ti prepar\u00e1tumok mellett igen jelent\u0151s sz\u00e1m\u00fa vastagt\u0171 biopszi\u00e1s mint\u00e1t kap vizsg\u00e1latra, melyek egy r\u00e9sze az orsz\u00e1g sz\u00e1mos eg\u00e9szs\u00e9g\u00fcgyi int\u00e9zm\u00e9ny\u00e9b\u0151l k\u00fcld\u00f6tt konz\u00edliumi anyag. Int\u00e9zet\u00fcnkben kiemelt helyen foglalkozunk a gyermekkori m\u00e1jbetegs\u00e9gek patol\u00f3gi\u00e1j\u00e1val. Mindezek alapjait &hellip;<\/p>\n","protected":false},"author":101629,"featured_media":0,"parent":14,"menu_order":0,"comment_status":"closed","ping_status":"closed","template":"","meta":{"_acf_changed":false,"footnotes":""},"categories":[],"tags":[],"class_list":["post-3732","page","type-page","status-publish","hentry"],"acf":[],"_links":{"self":[{"href":"https:\/\/semmelweis.hu\/patologia2\/wp-json\/wp\/v2\/pages\/3732","targetHints":{"allow":["GET"]}}],"collection":[{"href":"https:\/\/semmelweis.hu\/patologia2\/wp-json\/wp\/v2\/pages"}],"about":[{"href":"https:\/\/semmelweis.hu\/patologia2\/wp-json\/wp\/v2\/types\/page"}],"author":[{"embeddable":true,"href":"https:\/\/semmelweis.hu\/patologia2\/wp-json\/wp\/v2\/users\/101629"}],"replies":[{"embeddable":true,"href":"https:\/\/semmelweis.hu\/patologia2\/wp-json\/wp\/v2\/comments?post=3732"}],"version-history":[{"count":6,"href":"https:\/\/semmelweis.hu\/patologia2\/wp-json\/wp\/v2\/pages\/3732\/revisions"}],"predecessor-version":[{"id":5423,"href":"https:\/\/semmelweis.hu\/patologia2\/wp-json\/wp\/v2\/pages\/3732\/revisions\/5423"}],"up":[{"embeddable":true,"href":"https:\/\/semmelweis.hu\/patologia2\/wp-json\/wp\/v2\/pages\/14"}],"wp:attachment":[{"href":"https:\/\/semmelweis.hu\/patologia2\/wp-json\/wp\/v2\/media?parent=3732"}],"wp:term":[{"taxonomy":"category","embeddable":true,"href":"https:\/\/semmelweis.hu\/patologia2\/wp-json\/wp\/v2\/categories?post=3732"},{"taxonomy":"post_tag","embeddable":true,"href":"https:\/\/semmelweis.hu\/patologia2\/wp-json\/wp\/v2\/tags?post=3732"}],"curies":[{"name":"wp","href":"https:\/\/api.w.org\/{rel}","templated":true}]}}