{"id":3724,"date":"2021-04-01T19:58:57","date_gmt":"2021-04-01T17:58:57","guid":{"rendered":"https:\/\/semmelweis.hu\/patologia2\/?page_id=3724"},"modified":"2021-04-01T19:58:57","modified_gmt":"2021-04-01T17:58:57","slug":"tomegspektrometria-munkacsoport","status":"publish","type":"page","link":"https:\/\/semmelweis.hu\/patologia2\/kutatas\/tomegspektrometria-munkacsoport\/","title":{"rendered":"T\u00f6megspektrometria munkacsoport"},"content":{"rendered":"<p>Munkacsoportunk a Waters Research Centerrel egy\u00fcttm\u0171k\u00f6dve hum\u00e1n daganatos \u00e9s nem daganatos sz\u00f6vetmint\u00e1k molekul\u00e1ris mint\u00e1zat\u00e1t vizsg\u00e1lja, t\u00f6megspektrometriai m\u00f3dszerekkel.<\/p>\n<p>Az 1990-es \u00e9vek v\u00e9g\u00e9t\u0151l nyilv\u00e1nval\u00f3v\u00e1 v\u00e1lt, hogy a k\u00fcl\u00f6nb\u00f6z\u0151 sz\u00f6vetek t\u00f6megspektrometri\u00e1s vizsg\u00e1lata sor\u00e1n nyert adatok az adott sz\u00f6vetre nagym\u00e9rt\u00e9kben jellemz\u0151, specifikus mint\u00e1zatot mutatnak. 2013-ban egy \u00faj gener\u00e1ci\u00f3s t\u00f6megspektrom\u00e9terrel egy olyan onkok\u00e9snek nevezett innovat\u00edv technol\u00f3giai m\u00f3dszert fejlesztettek ki kutat\u00f3k, amellyel \u00faj szintre emelt\u00e9k a t\u00f6megspektrometria szerep\u00e9t a medicin\u00e1ban. A m\u00f3dszer alapja, hogy a rosszindulat\u00fa tumoros elv\u00e1ltoz\u00e1sok a k\u00f6rnyez\u0151 eg\u00e9szs\u00e9ges sz\u00f6vett\u0151l nagym\u00e9rt\u00e9kben k\u00fcl\u00f6nb\u00f6z\u0151 spektrumot adnak, illetve a rosszindulat\u00fa sejtburj\u00e1nz\u00e1sokra jellemz\u0151 specifikus lipidprofil seg\u00edts\u00e9g\u00e9vel m\u00e1r az igen kis m\u00e9rt\u00e9kben infiltr\u00e1lt sz\u00f6vetekben is detekt\u00e1lhat\u00f3 a tumorsejtek jelenl\u00e9te.<\/p>\n<p>A folyamat sor\u00e1n a vizsg\u00e1lt sz\u00f6veti strukt\u00far\u00e1t gyors energiak\u00f6zl\u00e9ssel vaporiz\u00e1ljuk, majd az \u00edgy mobiliz\u00e1lt mint\u00e1t a t\u00f6megspektrom\u00e9ter atmoszf\u00e9rikus interf\u00e9sz\u00e9ben forr\u00f3 fel\u00fcleten val\u00f3 \u00fctk\u00f6ztet\u00e9ssel sz\u00e9trobbantjuk ez\u00e1ltal ionokat felszabad\u00edtva bel\u0151le. A keletkezett ionokat a t\u00f6megspektrom\u00e9ter regisztr\u00e1lja, az \u00edgy kapott molekul\u00e1ris ujjlenyomat pedig reprezent\u00e1lja a sz\u00f6veti strukt\u00far\u00e1ra jellemz\u0151 k\u00e9miai \u00f6sszet\u00e9telt, ami \u00f6sszef\u00fcgg\u00e9sben van a minta funkcion\u00e1lis \u00e1llapot\u00e1val. Az ioniz\u00e1ci\u00f3s m\u00f3dszer saj\u00e1toss\u00e1gai k\u00f6vetkezt\u00e9ben a molekul\u00e1ris profil inform\u00e1ci\u00f3hordoz\u00f3 komponensei f\u0151leg a lipid \u00e9s zs\u00edrsav csoportba tartoz\u00f3 vegy\u00fcletek, b\u00e1r kisebb metabolitok is tal\u00e1lhat\u00f3ak a t\u00f6megspektrumban. A m\u00f3dszert sikeresen alkalmazt\u00e1k m\u00e1r norm\u00e1l, illetve tumorsz\u00f6vet elk\u00fcl\u00f6n\u00edt\u00e9s\u00e9re agy, petef\u00e9szek, m\u00e9hnyak, t\u00fcd\u0151, eml\u0151 \u00e9s vastagb\u00e9l tumorok eset\u00e9ben.<\/p>\n<p>Ezen projekt keretei k\u00f6z\u00f6tt egy olyan tumorspecifikus t\u00f6megspektrometriai adatbank fel\u00e9p\u00edt\u00e9s\u00e9t tervezz\u00fck, amely egy \u00faj, innovat\u00edv patol\u00f3giai diagnosztik\u00e1t seg\u00edt el\u0151. C\u00e9lunk a k\u00fcl\u00f6nb\u00f6z\u0151 entit\u00e1s\u00fa daganatok molekul\u00e1ris-t\u00f6megspektrometri\u00e1s profilj\u00e1nak felt\u00e9rk\u00e9pez\u00e9se, jellemz\u00e9se. A m\u00f3dszer \u00edgy alkalmass\u00e1 tehet\u0151 a k\u00fcl\u00f6nb\u00f6z\u0151 reszekci\u00f3s, biopszi\u00e1s, citol\u00f3giai prepar\u00e1tumok diagnosztik\u00e1j\u00e1ra, a rutin diagnosztika t\u00e1mogat\u00e1s\u00e1ra, a tumorsejtekre jellemz\u0151 mint\u00e1zat felismer\u00e9s\u00e9vel.<\/p>\n<p>A kutat\u00e1s hozz\u00e1j\u00e1rulhat ahhoz, hogy a tumordiagnosztikai l\u00e9p\u00e9sek gyorsabbak, objekt\u00edvabbak legyenek, \u00edgy a tumoros betegs\u00e9gek ter\u00e1pi\u00e1j\u00e1ban kulcsfontoss\u00e1g\u00fa szerepl\u0151v\u00e9 v\u00e1ljon.<\/p>\n<p><strong>A munkacsoport tagjai:<\/strong><\/p>\n<p><a href=\"https:\/\/semmelweis.hu\/telefonkonyv\/?emp_id=14984\"><strong>Dr. Gy\u00f6ngy\u00f6si Benedek<\/strong> Ph.D. (SE II. sz. Patol\u00f3giai Int\u00e9zet)<\/a><\/p>\n<p><a href=\"https:\/\/semmelweis.hu\/telefonkonyv\/?emp_id=17116\"><strong>Dr. De\u00e1k B\u00e1lint<\/strong> (SE II. sz. Patol\u00f3giai Int\u00e9zet)<\/a><\/p>\n<p>Horkovics Gabriel (Waters Research Center)<\/p>\n<p>Balog J\u00falia Ph.D. (Waters Research Center)<\/p>\n<p>Karancsi Tam\u00e1s Ph.D. (Waters Research Center)<\/p>\n","protected":false},"excerpt":{"rendered":"<p>Munkacsoportunk a Waters Research Centerrel egy\u00fcttm\u0171k\u00f6dve hum\u00e1n daganatos \u00e9s nem daganatos sz\u00f6vetmint\u00e1k molekul\u00e1ris mint\u00e1zat\u00e1t vizsg\u00e1lja, t\u00f6megspektrometriai m\u00f3dszerekkel. Az 1990-es \u00e9vek v\u00e9g\u00e9t\u0151l nyilv\u00e1nval\u00f3v\u00e1 v\u00e1lt, hogy a k\u00fcl\u00f6nb\u00f6z\u0151 sz\u00f6vetek t\u00f6megspektrometri\u00e1s vizsg\u00e1lata sor\u00e1n nyert adatok az adott sz\u00f6vetre nagym\u00e9rt\u00e9kben jellemz\u0151, specifikus mint\u00e1zatot mutatnak. 2013-ban egy \u00faj gener\u00e1ci\u00f3s t\u00f6megspektrom\u00e9terrel egy olyan onkok\u00e9snek nevezett innovat\u00edv technol\u00f3giai m\u00f3dszert fejlesztettek ki kutat\u00f3k, &hellip;<\/p>\n","protected":false},"author":101629,"featured_media":0,"parent":13,"menu_order":0,"comment_status":"closed","ping_status":"closed","template":"","meta":{"_acf_changed":false,"footnotes":""},"categories":[],"tags":[],"class_list":["post-3724","page","type-page","status-publish","hentry"],"acf":[],"_links":{"self":[{"href":"https:\/\/semmelweis.hu\/patologia2\/wp-json\/wp\/v2\/pages\/3724","targetHints":{"allow":["GET"]}}],"collection":[{"href":"https:\/\/semmelweis.hu\/patologia2\/wp-json\/wp\/v2\/pages"}],"about":[{"href":"https:\/\/semmelweis.hu\/patologia2\/wp-json\/wp\/v2\/types\/page"}],"author":[{"embeddable":true,"href":"https:\/\/semmelweis.hu\/patologia2\/wp-json\/wp\/v2\/users\/101629"}],"replies":[{"embeddable":true,"href":"https:\/\/semmelweis.hu\/patologia2\/wp-json\/wp\/v2\/comments?post=3724"}],"version-history":[{"count":1,"href":"https:\/\/semmelweis.hu\/patologia2\/wp-json\/wp\/v2\/pages\/3724\/revisions"}],"predecessor-version":[{"id":3725,"href":"https:\/\/semmelweis.hu\/patologia2\/wp-json\/wp\/v2\/pages\/3724\/revisions\/3725"}],"up":[{"embeddable":true,"href":"https:\/\/semmelweis.hu\/patologia2\/wp-json\/wp\/v2\/pages\/13"}],"wp:attachment":[{"href":"https:\/\/semmelweis.hu\/patologia2\/wp-json\/wp\/v2\/media?parent=3724"}],"wp:term":[{"taxonomy":"category","embeddable":true,"href":"https:\/\/semmelweis.hu\/patologia2\/wp-json\/wp\/v2\/categories?post=3724"},{"taxonomy":"post_tag","embeddable":true,"href":"https:\/\/semmelweis.hu\/patologia2\/wp-json\/wp\/v2\/tags?post=3724"}],"curies":[{"name":"wp","href":"https:\/\/api.w.org\/{rel}","templated":true}]}}