{"id":3716,"date":"2021-04-01T19:19:17","date_gmt":"2021-04-01T17:19:17","guid":{"rendered":"https:\/\/semmelweis.hu\/patologia2\/?page_id=3716"},"modified":"2026-03-27T12:13:47","modified_gmt":"2026-03-27T11:13:47","slug":"vizsgalatkeres","status":"publish","type":"page","link":"https:\/\/semmelweis.hu\/patologia2\/vizsgalatkeres\/","title":{"rendered":"Vizsg\u00e1latk\u00e9r\u00e9s"},"content":{"rendered":"<p><span style=\"font-size: 14pt\"><strong>Vizsg\u00e1latk\u00e9r\u0151lapok:<\/strong><\/span><\/p>\n<ul>\n<li><a href=\"https:\/\/semmelweis.hu\/patologia2\/files\/2021\/04\/vizsg\u00e1latk\u00e9r\u0151_fin.pdf\">Patol\u00f3giai m\u00e1sodv\u00e9lem\u00e9ny \/ kieg\u00e9sz\u00edt\u0151 immunhisztok\u00e9miai vizsg\u00e1latokhoz<\/a><\/li>\n<li><a href=\"https:\/\/semmelweis.hu\/patologia2\/files\/2026\/03\/SE_PIBOI_MOLEKULARIS_VIZSGALATKERO.docx\">Molekul\u00e1ris patol\u00f3giai vizsg\u00e1latokhoz<\/a><\/li>\n<li><a href=\"https:\/\/semmelweis.hu\/patologia2\/files\/2021\/04\/vizsg\u00e1latk\u00e9r\u0151_vese_fin.pdf\">Vesebiopszi\u00e1s mint\u00e1hoz<\/a><\/li>\n<li><a href=\"https:\/\/semmelweis.hu\/patologia2\/files\/2021\/04\/vizsg\u00e1latk\u00e9r\u0151_sz\u00edv_fin.pdf\">Nat\u00edv sz\u00edvbiopszi\u00e1hoz<\/a><\/li>\n<li><a href=\"https:\/\/semmelweis.hu\/patologia2\/files\/2021\/04\/vizsg\u00e1latk\u00e9r\u0151_sz\u00edv_transplant_fin.pdf\">Transzplant\u00e1lt sz\u00edvbiopszi\u00e1hoz<\/a><\/li>\n<\/ul>\n<h3>\u00a0<\/h3>\n<h3><span style=\"font-family: 'pt serif';font-size: 14pt\">ASPIR\u00c1CI\u00d3S CITOL\u00d3GIAI RENDEL\u00c9S\u00dcNK (FNAB)<\/span><\/h3>\n<p>A rendel\u00e9s beutal\u00f3 k\u00f6teles!<\/p>\n<p><strong>A rendel\u00e9s helysz\u00edne:<\/strong> 1082 Budapest, \u00dcll\u0151i \u00fat 78. Semmelweis Egyetem, Seb\u00e9szeti, Transzplant\u00e1ci\u00f3s \u00e9s Gasztroenterol\u00f3giai Klinika (ST\u00e9G), magasf\u00f6ldszint, ultrahang vizsg\u00e1l\u00f3.<\/p>\n<div class=\"fontos_div w-100\">\n<p style=\"text-align: left\"><strong><span style=\"font-family: 'pt serif'\">A rendel\u00e9sek id\u0151pontjai:<\/span><\/strong><\/p>\n<p>&nbsp;<\/p>\n<p style=\"text-align: left\"><span style=\"font-family: 'pt serif'\">h\u00e9tf\u0151 14:30-t\u00f3l,<\/span><\/p>\n<p style=\"text-align: left\"><span style=\"font-family: 'pt serif'\">kedd 14:00-t\u00f3l,<\/span><\/p>\n<p style=\"text-align: left\"><span style=\"font-family: 'pt serif'\">cs\u00fct\u00f6rt\u00f6k 14:00-t\u00f3l.<\/span><\/p>\n<\/div>\n<p><strong><br \/>\nId\u0151pontfoglal\u00e1s k\u00f6telez\u0151!<\/strong><\/p>\n<p>Id\u0151pontfoglal\u00e1s az EESZT-n \u00e1t lehets\u00e9ges. (E-beutal\u00f3: online EESZT port\u00e1lon kereszt\u00fcl, vagy 1812-es telefonsz\u00e1mon.)<\/p>\n<p>Esetleges egy\u00e9b felmer\u00fcl\u0151 k\u00e9rd\u00e9s eset\u00e9n: e-mail: <a href=\"mailto:titkarsag.piboi@semmelweis.hu\">titkarsag.piboi@semmelweis.hu<\/a>, telefon:\u00a0+36 20 825 9662.<\/p>\n<p>Szakmak\u00f3d 5403,\u00a0NNGYK 001088491<\/p>\n","protected":false},"excerpt":{"rendered":"<p>Vizsg\u00e1latk\u00e9r\u0151lapok: <a href=\"https:\/\/semmelweis.hu\/patologia2\/files\/2021\/04\/vizsg\u00e1latk\u00e9r\u0151_fin.pdf\">Patol\u00f3giai m\u00e1sodv\u00e9lem\u00e9ny \/ kieg\u00e9sz\u00edt\u0151 immunhisztok\u00e9miai vizsg\u00e1latokhoz<\/a> <a href=\"https:\/\/semmelweis.hu\/patologia2\/files\/2026\/03\/SE_PIBOI_MOLEKULARIS_VIZSGALATKERO.docx\">Molekul\u00e1ris patol\u00f3giai vizsg\u00e1latokhoz<\/a> <a href=\"https:\/\/semmelweis.hu\/patologia2\/files\/2021\/04\/vizsg\u00e1latk\u00e9r\u0151_vese_fin.pdf\">Vesebiopszi\u00e1s mint\u00e1hoz<\/a> <a href=\"https:\/\/semmelweis.hu\/patologia2\/files\/2021\/04\/vizsg\u00e1latk\u00e9r\u0151_sz\u00edv_fin.pdf\">Nat\u00edv sz\u00edvbiopszi\u00e1hoz<\/a> <a href=\"https:\/\/semmelweis.hu\/patologia2\/files\/2021\/04\/vizsg\u00e1latk\u00e9r\u0151_sz\u00edv_transplant_fin.pdf\">Transzplant\u00e1lt sz\u00edvbiopszi\u00e1hoz<\/a> \u00a0 ASPIR\u00c1CI\u00d3S CITOL\u00d3GIAI RENDEL\u00c9S\u00dcNK (FNAB) A rendel\u00e9s beutal\u00f3 k\u00f6teles! A rendel\u00e9s helysz\u00edne: 1082 Budapest, \u00dcll\u0151i \u00fat 78. Semmelweis Egyetem, Seb\u00e9szeti, Transzplant\u00e1ci\u00f3s \u00e9s Gasztroenterol\u00f3giai Klinika (ST\u00e9G), magasf\u00f6ldszint, ultrahang vizsg\u00e1l\u00f3. A rendel\u00e9sek id\u0151pontjai: &nbsp; h\u00e9tf\u0151 14:30-t\u00f3l, kedd 14:00-t\u00f3l, cs\u00fct\u00f6rt\u00f6k 14:00-t\u00f3l. Id\u0151pontfoglal\u00e1s k\u00f6telez\u0151! Id\u0151pontfoglal\u00e1s az EESZT-n \u00e1t lehets\u00e9ges. (E-beutal\u00f3: online EESZT port\u00e1lon kereszt\u00fcl, vagy 1812-es telefonsz\u00e1mon.) Esetleges &hellip;<\/p>\n","protected":false},"author":101629,"featured_media":0,"parent":0,"menu_order":0,"comment_status":"closed","ping_status":"closed","template":"","meta":{"_acf_changed":false,"footnotes":""},"categories":[],"tags":[],"class_list":["post-3716","page","type-page","status-publish","hentry"],"acf":[],"_links":{"self":[{"href":"https:\/\/semmelweis.hu\/patologia2\/wp-json\/wp\/v2\/pages\/3716","targetHints":{"allow":["GET"]}}],"collection":[{"href":"https:\/\/semmelweis.hu\/patologia2\/wp-json\/wp\/v2\/pages"}],"about":[{"href":"https:\/\/semmelweis.hu\/patologia2\/wp-json\/wp\/v2\/types\/page"}],"author":[{"embeddable":true,"href":"https:\/\/semmelweis.hu\/patologia2\/wp-json\/wp\/v2\/users\/101629"}],"replies":[{"embeddable":true,"href":"https:\/\/semmelweis.hu\/patologia2\/wp-json\/wp\/v2\/comments?post=3716"}],"version-history":[{"count":10,"href":"https:\/\/semmelweis.hu\/patologia2\/wp-json\/wp\/v2\/pages\/3716\/revisions"}],"predecessor-version":[{"id":5387,"href":"https:\/\/semmelweis.hu\/patologia2\/wp-json\/wp\/v2\/pages\/3716\/revisions\/5387"}],"wp:attachment":[{"href":"https:\/\/semmelweis.hu\/patologia2\/wp-json\/wp\/v2\/media?parent=3716"}],"wp:term":[{"taxonomy":"category","embeddable":true,"href":"https:\/\/semmelweis.hu\/patologia2\/wp-json\/wp\/v2\/categories?post=3716"},{"taxonomy":"post_tag","embeddable":true,"href":"https:\/\/semmelweis.hu\/patologia2\/wp-json\/wp\/v2\/tags?post=3716"}],"curies":[{"name":"wp","href":"https:\/\/api.w.org\/{rel}","templated":true}]}}