{"id":3687,"date":"2021-04-01T18:50:52","date_gmt":"2021-04-01T16:50:52","guid":{"rendered":"https:\/\/semmelweis.hu\/patologia2\/?page_id=3687"},"modified":"2026-03-27T12:45:27","modified_gmt":"2026-03-27T11:45:27","slug":"tumorprogresszios-laboratorium","status":"publish","type":"page","link":"https:\/\/semmelweis.hu\/patologia2\/diagnosztika\/tumorprogresszios-laboratorium\/","title":{"rendered":"Tumorprogresszi\u00f3s Laborat\u00f3rium &#8211; Molekul\u00e1ris patol\u00f3gia"},"content":{"rendered":"<p><strong>A TPL (Tumorprogresszi\u00f3s Laborat\u00f3rium) molekul\u00e1ris diagnosztikai tev\u00e9kenys\u00e9ge sor\u00e1n <\/strong>d\u00f6nt\u0151 h\u00e1nyad\u00e1ban a daganatok szem\u00e9lyre szabott c\u00e9lzott ter\u00e1pi\u00e1j\u00e1t megalapoz\u00f3 vizsg\u00e1latokat v\u00e9gez molekul\u00e1ris biol\u00f3gia technik\u00e1kat alkalmazva nukleinsav (DNS, RNS) \u00e9s feh\u00e9rje szintj\u00e9n egyar\u00e1nt. Ugyanakkor egyre ink\u00e1bb feladat\u00e1nak tekinti a patol\u00f3giai (differenci\u00e1l) diagnosztika t\u00e1mogat\u00e1s\u00e1t k\u00fcl\u00f6nb\u00f6z\u0151 eredet\u0171 hum\u00e1n elv\u00e1ltoz\u00e1sok (daganatok, fert\u0151z\u0151 \u00e9s \u00f6r\u00f6kletes betegs\u00e9gek) eset\u00e9n is.<\/p>\n<p><strong><a href=\"https:\/\/semmelweis.hu\/patologia2\/files\/2026\/03\/SE_PIBOI_MOLEKULARIS_VIZSGALATKERO.docx\"><span style=\"font-size: 14pt\">Molekul\u00e1ris patol\u00f3giai vizsg\u00e1latk\u00e9r\u0151lap<\/span><\/a><\/strong><\/p>\n<p><strong>Rutin molekul\u00e1ris diagnosztikai vizsg\u00e1latok gyakoribb betegs\u00e9gcsoportonk\u00e9nt<\/strong><\/p>\n<p><a href=\"https:\/\/semmelweis.hu\/patologia2\/files\/2021\/04\/table1.png\"><img loading=\"lazy\" decoding=\"async\" class=\"wp-image-3688 size-full aligncenter\" src=\"https:\/\/semmelweis.hu\/patologia2\/files\/2021\/04\/table1.png\" alt=\"\" width=\"655\" height=\"322\" srcset=\"https:\/\/semmelweis.hu\/patologia2\/files\/2021\/04\/table1.png 655w, https:\/\/semmelweis.hu\/patologia2\/files\/2021\/04\/table1-300x147.png 300w, https:\/\/semmelweis.hu\/patologia2\/files\/2021\/04\/table1-580x285.png 580w\" sizes=\"auto, (max-width: 655px) 100vw, 655px\" \/><\/a><\/p>\n<p><strong>T\u00f6bb betegs\u00e9gcsoportot \u00e9rint\u0151 rutin molekul\u00e1ris diagnosztikai vizsg\u00e1latok 1<\/strong><\/p>\n<p><a href=\"https:\/\/semmelweis.hu\/patologia2\/files\/2021\/04\/table2.png\"><img loading=\"lazy\" decoding=\"async\" class=\"wp-image-3689 size-full aligncenter\" src=\"https:\/\/semmelweis.hu\/patologia2\/files\/2021\/04\/table2.png\" alt=\"\" width=\"668\" height=\"601\" srcset=\"https:\/\/semmelweis.hu\/patologia2\/files\/2021\/04\/table2.png 668w, https:\/\/semmelweis.hu\/patologia2\/files\/2021\/04\/table2-300x270.png 300w, https:\/\/semmelweis.hu\/patologia2\/files\/2021\/04\/table2-333x300.png 333w\" sizes=\"auto, (max-width: 668px) 100vw, 668px\" \/><\/a><\/p>\n<p>&nbsp;<\/p>\n<p><strong>T\u00f6bb betegs\u00e9gcsoportot \u00e9rint\u0151 rutin molekul\u00e1ris diagnosztikai vizsg\u00e1latok 2<\/strong><\/p>\n<p><a href=\"https:\/\/semmelweis.hu\/patologia2\/files\/2021\/04\/table3.png\"><img loading=\"lazy\" decoding=\"async\" class=\"aligncenter wp-image-3690 size-full\" src=\"https:\/\/semmelweis.hu\/patologia2\/files\/2021\/04\/table3.png\" alt=\"\" width=\"674\" height=\"591\" srcset=\"https:\/\/semmelweis.hu\/patologia2\/files\/2021\/04\/table3.png 674w, https:\/\/semmelweis.hu\/patologia2\/files\/2021\/04\/table3-300x263.png 300w, https:\/\/semmelweis.hu\/patologia2\/files\/2021\/04\/table3-342x300.png 342w\" sizes=\"auto, (max-width: 674px) 100vw, 674px\" \/><\/a><\/p>\n<p>&nbsp;<\/p>\n<p><strong>Egy\u00e9b, k\u00fcl\u00f6n k\u00e9r\u00e9sre v\u00e9gezhet\u0151 vizsg\u00e1latok<\/strong><\/p>\n<p><a href=\"https:\/\/semmelweis.hu\/patologia2\/files\/2021\/04\/table4.png\"><img loading=\"lazy\" decoding=\"async\" class=\"wp-image-3691 size-full aligncenter\" src=\"https:\/\/semmelweis.hu\/patologia2\/files\/2021\/04\/table4.png\" alt=\"\" width=\"787\" height=\"436\" srcset=\"https:\/\/semmelweis.hu\/patologia2\/files\/2021\/04\/table4.png 787w, https:\/\/semmelweis.hu\/patologia2\/files\/2021\/04\/table4-300x166.png 300w, https:\/\/semmelweis.hu\/patologia2\/files\/2021\/04\/table4-768x425.png 768w, https:\/\/semmelweis.hu\/patologia2\/files\/2021\/04\/table4-542x300.png 542w\" sizes=\"auto, (max-width: 787px) 100vw, 787px\" \/><\/a><\/p>\n<p><a href=\"https:\/\/semmelweis.hu\/patologia2\/files\/2021\/04\/table5.png\"><img loading=\"lazy\" decoding=\"async\" class=\"wp-image-3692 size-full aligncenter\" src=\"https:\/\/semmelweis.hu\/patologia2\/files\/2021\/04\/table5.png\" alt=\"\" width=\"784\" height=\"625\" srcset=\"https:\/\/semmelweis.hu\/patologia2\/files\/2021\/04\/table5.png 784w, https:\/\/semmelweis.hu\/patologia2\/files\/2021\/04\/table5-300x239.png 300w, https:\/\/semmelweis.hu\/patologia2\/files\/2021\/04\/table5-768x612.png 768w, https:\/\/semmelweis.hu\/patologia2\/files\/2021\/04\/table5-376x300.png 376w\" sizes=\"auto, (max-width: 784px) 100vw, 784px\" \/><\/a><a href=\"https:\/\/semmelweis.hu\/patologia2\/files\/2021\/04\/table6.png\"><img loading=\"lazy\" decoding=\"async\" class=\"wp-image-3693 size-full aligncenter\" src=\"https:\/\/semmelweis.hu\/patologia2\/files\/2021\/04\/table6.png\" alt=\"\" width=\"772\" height=\"510\" srcset=\"https:\/\/semmelweis.hu\/patologia2\/files\/2021\/04\/table6.png 772w, https:\/\/semmelweis.hu\/patologia2\/files\/2021\/04\/table6-300x198.png 300w, https:\/\/semmelweis.hu\/patologia2\/files\/2021\/04\/table6-768x507.png 768w, https:\/\/semmelweis.hu\/patologia2\/files\/2021\/04\/table6-454x300.png 454w\" sizes=\"auto, (max-width: 772px) 100vw, 772px\" \/><\/a><a href=\"https:\/\/semmelweis.hu\/patologia2\/files\/2021\/04\/table7.png\"><img loading=\"lazy\" decoding=\"async\" class=\"wp-image-3694 size-full aligncenter\" src=\"https:\/\/semmelweis.hu\/patologia2\/files\/2021\/04\/table7.png\" alt=\"\" width=\"779\" height=\"263\" srcset=\"https:\/\/semmelweis.hu\/patologia2\/files\/2021\/04\/table7.png 779w, https:\/\/semmelweis.hu\/patologia2\/files\/2021\/04\/table7-300x101.png 300w, https:\/\/semmelweis.hu\/patologia2\/files\/2021\/04\/table7-768x259.png 768w, https:\/\/semmelweis.hu\/patologia2\/files\/2021\/04\/table7-580x196.png 580w\" sizes=\"auto, (max-width: 779px) 100vw, 779px\" \/><\/a><\/p>\n<p>&nbsp;<\/p>\n<p><strong>MUNKAT\u00c1RSAK<\/strong><strong>\u00a0<\/strong><\/p>\n<p><a href=\"https:\/\/semmelweis.hu\/telefonkonyv\/?emp_id=4040\"><strong>Prof. Dr. Kiss Andr\u00e1s\u00a0\u00a0<\/strong>int\u00e9zetvezet\u0151 egyetemi tan\u00e1r<strong>\u00a0<\/strong><\/a><\/p>\n<p><a href=\"https:\/\/semmelweis.hu\/telefonkonyv\/?emp_id=6210\"><strong>Prof. Dr. T\u00edm\u00e1r J\u00f3zsef\u00a0 <\/strong>egyetemi tan\u00e1r<strong>\u00a0<\/strong><\/a><\/p>\n<p><a href=\"https:\/\/semmelweis.hu\/telefonkonyv\/?emp_id=14990\"><strong>Dr. Barbai Tam\u00e1s\u00a0<\/strong>tudom\u00e1nyos munkat\u00e1rs<\/a><\/p>\n<p><a href=\"https:\/\/semmelweis.hu\/telefonkonyv\/?emp_id=26705\"><strong>M\u00e1ty\u00e1si Barbara<\/strong> biol\u00f3gus<\/a><\/p>\n<p><a href=\"https:\/\/semmelweis.hu\/telefonkonyv\/?emp_id=26706\"><strong>Nagy Babett Edit<\/strong> biol\u00f3gus<\/a><\/p>\n<p><a href=\"https:\/\/semmelweis.hu\/telefonkonyv\/?emp_id=26707\"><strong>Szab\u00f3-Bilics Vikt\u00f3ria<\/strong> biol\u00f3gus\u00a0<\/a><\/p>\n<p><a href=\"https:\/\/semmelweis.hu\/telefonkonyv\/?emp_id=15011\"><strong>Piurk\u00f3 Violetta <\/strong>orvosanalitikus\u00a0<\/a><\/p>\n<p><a href=\"https:\/\/semmelweis.hu\/telefonkonyv\/?emp_id=14998\"><strong>Kun S\u00e1ndor <\/strong>asszisztens<\/a><\/p>\n","protected":false},"excerpt":{"rendered":"<p>A TPL (Tumorprogresszi\u00f3s Laborat\u00f3rium) molekul\u00e1ris diagnosztikai tev\u00e9kenys\u00e9ge sor\u00e1n d\u00f6nt\u0151 h\u00e1nyad\u00e1ban a daganatok szem\u00e9lyre szabott c\u00e9lzott ter\u00e1pi\u00e1j\u00e1t megalapoz\u00f3 vizsg\u00e1latokat v\u00e9gez molekul\u00e1ris biol\u00f3gia technik\u00e1kat alkalmazva nukleinsav (DNS, RNS) \u00e9s feh\u00e9rje szintj\u00e9n egyar\u00e1nt. Ugyanakkor egyre ink\u00e1bb feladat\u00e1nak tekinti a patol\u00f3giai (differenci\u00e1l) diagnosztika t\u00e1mogat\u00e1s\u00e1t k\u00fcl\u00f6nb\u00f6z\u0151 eredet\u0171 hum\u00e1n elv\u00e1ltoz\u00e1sok (daganatok, fert\u0151z\u0151 \u00e9s \u00f6r\u00f6kletes betegs\u00e9gek) eset\u00e9n is. <a href=\"https:\/\/semmelweis.hu\/patologia2\/files\/2026\/03\/SE_PIBOI_MOLEKULARIS_VIZSGALATKERO.docx\">Molekul\u00e1ris patol\u00f3giai vizsg\u00e1latk\u00e9r\u0151lap<\/a> Rutin molekul\u00e1ris diagnosztikai vizsg\u00e1latok &hellip;<\/p>\n","protected":false},"author":101629,"featured_media":0,"parent":14,"menu_order":0,"comment_status":"closed","ping_status":"closed","template":"","meta":{"_acf_changed":false,"footnotes":""},"categories":[],"tags":[],"class_list":["post-3687","page","type-page","status-publish","hentry"],"acf":[],"_links":{"self":[{"href":"https:\/\/semmelweis.hu\/patologia2\/wp-json\/wp\/v2\/pages\/3687","targetHints":{"allow":["GET"]}}],"collection":[{"href":"https:\/\/semmelweis.hu\/patologia2\/wp-json\/wp\/v2\/pages"}],"about":[{"href":"https:\/\/semmelweis.hu\/patologia2\/wp-json\/wp\/v2\/types\/page"}],"author":[{"embeddable":true,"href":"https:\/\/semmelweis.hu\/patologia2\/wp-json\/wp\/v2\/users\/101629"}],"replies":[{"embeddable":true,"href":"https:\/\/semmelweis.hu\/patologia2\/wp-json\/wp\/v2\/comments?post=3687"}],"version-history":[{"count":10,"href":"https:\/\/semmelweis.hu\/patologia2\/wp-json\/wp\/v2\/pages\/3687\/revisions"}],"predecessor-version":[{"id":5399,"href":"https:\/\/semmelweis.hu\/patologia2\/wp-json\/wp\/v2\/pages\/3687\/revisions\/5399"}],"up":[{"embeddable":true,"href":"https:\/\/semmelweis.hu\/patologia2\/wp-json\/wp\/v2\/pages\/14"}],"wp:attachment":[{"href":"https:\/\/semmelweis.hu\/patologia2\/wp-json\/wp\/v2\/media?parent=3687"}],"wp:term":[{"taxonomy":"category","embeddable":true,"href":"https:\/\/semmelweis.hu\/patologia2\/wp-json\/wp\/v2\/categories?post=3687"},{"taxonomy":"post_tag","embeddable":true,"href":"https:\/\/semmelweis.hu\/patologia2\/wp-json\/wp\/v2\/tags?post=3687"}],"curies":[{"name":"wp","href":"https:\/\/api.w.org\/{rel}","templated":true}]}}